{"id":1714,"date":"2021-11-28T17:03:47","date_gmt":"2021-11-28T17:03:47","guid":{"rendered":"http:\/\/www.lctouroperator.com\/pt\/?page_id=1714"},"modified":"2023-03-23T19:53:58","modified_gmt":"2023-03-23T19:53:58","slug":"quem-somos","status":"publish","type":"page","link":"https:\/\/www.lctouroperator.com\/pt\/quem-somos\/","title":{"rendered":"Quem somos"},"content":{"rendered":"<div style=\"height:65px\" aria-hidden=\"true\" class=\"wp-block-spacer\"><\/div><section class=\"wp-block-uagb-section uagb-section__wrap uagb-section__background-color uagb-block-e047b55b\"><div class=\"uagb-section__overlay\"><\/div><div class=\"uagb-section__inner-wrap\"><h1 class=\"has-ast-global-color-1-color has-text-color wp-block-heading\">Quem somos<\/h1>\n\n<p>Somos uma empresa formada por um grupo de profissionais com mais de 27 anos de experi\u00eancia no setor de turismo.<br>Trabalhar em equipe \u00e9 a nossa for\u00e7a; responsabilidade, honestidade e profissionalismo \u00e9 o nosso maior patrim\u00f4nio.<\/p>\n\n<p>Especializados em destinos da Am\u00e9rica Latina, da Europa e do Oriente M\u00e9dio, n\u00f3s oferecemos roteiros personalizados para grupos em viagens culturais e de espiritualidade.<\/p>\n\n<p>LC, \u201cLIFE AND CULTURE\u201d, que se traduz por Vida e Cultura, s\u00e3o os pilares e a motiva\u00e7\u00e3o do nosso trabalho.<br>Buscamos realizar sonhos que muitas vezes mudam vidas atrav\u00e9s de experi\u00eancias \u00fanicas, bagagens cultural e espiritual que ficam na mem\u00f3ria e alegram o viver de cada dia.<\/p>\n\n<p>Oferecemos assist\u00eancia personalizada para criar o melhor roteiro para o seu grupo com dicas \u00fateis de quando e para onde viajar sem desperd\u00edcio de dinheiro ou do seu tempo. Trabalhamos por voc\u00ea!<\/p>\n\n<p>Solicite \u00e0 sua ag\u00eancia ou agente de viagens de confian\u00e7a, os pacotes personalizados da Assessor Viagem de LC Tour Operator Brasil Ltda, presente no Brasil desde 2012.<\/p>\n\n<p>Em colabora\u00e7\u00e3o com prestigiados hot\u00e9is, fornecedores locais escolhidos e conhecidos pela nossa equipe, a LC Tour Operator Brasil Ltda oferece servi\u00e7os impec\u00e1veis para tornar cada viagem uma experi\u00eancia \u00fanica e inesquec\u00edvel.<br>Entre em contato conosco!<\/p>\n\n<p><strong>Assessor Viagem de LC Tour Operator Brasil Ltda.\u00a0<\/strong><\/p>\n\n<p>Rua Maria Trevisan Tortato 355-Novo Mundo \u2013 CEP 81020-010&nbsp;<br>Tel.+55 41 3327-3000 WP +55 41 999990141 Curitiba \u2013 Paran\u00e1 (Brasil)&nbsp;<\/p>\n\n<p><br><a href=\"mailto:reservas@lctouroperator.com\">reservas<\/a>@lctouroperator.com<br><a href=\"mailto:reservasbrasil@gmail.com\" class=\"ek-link\">reservasbrasil@gmail.com<\/a><br><a href=\"http:\/\/www.lctouroperator.com\" class=\"ek-link\">www.lctouroperator.com<\/a><\/p>\n\n<p><strong>LC Tour Operator Brasil Ltda by Madrigal Experience\u00a0<\/strong><br>Via Cavour 32D \u2013 Vigonza \u2013 PD \u2013 CAP35010 Padova (Italia)<br>Tel. + 0039 347 364 3673<br><a href=\"mailto:carlod.lctour@gmail.com\">carlod.lctour@gmail.com<\/a><\/p><\/div><\/section>","protected":false},"excerpt":{"rendered":"","protected":false},"author":1,"featured_media":0,"parent":0,"menu_order":0,"comment_status":"closed","ping_status":"closed","template":"","meta":{"_editorskit_title_hidden":false,"_editorskit_reading_time":1,"_editorskit_is_block_options_detached":false,"_editorskit_block_options_position":"{}","_uag_custom_page_level_css":"","site-sidebar-layout":"no-sidebar","site-content-layout":"","ast-site-content-layout":"","site-content-style":"default","site-sidebar-style":"default","ast-global-header-display":"","ast-banner-title-visibility":"","ast-main-header-display":"","ast-hfb-above-header-display":"","ast-hfb-below-header-display":"","ast-hfb-mobile-header-display":"","site-post-title":"disabled","ast-breadcrumbs-content":"disabled","ast-featured-img":"disabled","footer-sml-layout":"disabled","theme-transparent-header-meta":"","adv-header-id-meta":"","stick-header-meta":"","header-above-stick-meta":"","header-main-stick-meta":"","header-below-stick-meta":"","astra-migrate-meta-layouts":"default","ast-page-background-enabled":"default","ast-page-background-meta":{"desktop":{"background-color":"","background-image":"","background-repeat":"repeat","background-position":"center center","background-size":"auto","background-attachment":"scroll","background-type":"","background-media":"","overlay-type":"","overlay-color":"","overlay-opacity":"","overlay-gradient":""},"tablet":{"background-color":"","background-image":"","background-repeat":"repeat","background-position":"center center","background-size":"auto","background-attachment":"scroll","background-type":"","background-media":"","overlay-type":"","overlay-color":"","overlay-opacity":"","overlay-gradient":""},"mobile":{"background-color":"","background-image":"","background-repeat":"repeat","background-position":"center center","background-size":"auto","background-attachment":"scroll","background-type":"","background-media":"","overlay-type":"","overlay-color":"","overlay-opacity":"","overlay-gradient":""}},"ast-content-background-meta":{"desktop":{"background-color":"var(--ast-global-color-5)","background-image":"","background-repeat":"repeat","background-position":"center center","background-size":"auto","background-attachment":"scroll","background-type":"","background-media":"","overlay-type":"","overlay-color":"","overlay-opacity":"","overlay-gradient":""},"tablet":{"background-color":"var(--ast-global-color-5)","background-image":"","background-repeat":"repeat","background-position":"center center","background-size":"auto","background-attachment":"scroll","background-type":"","background-media":"","overlay-type":"","overlay-color":"","overlay-opacity":"","overlay-gradient":""},"mobile":{"background-color":"var(--ast-global-color-5)","background-image":"","background-repeat":"repeat","background-position":"center center","background-size":"auto","background-attachment":"scroll","background-type":"","background-media":"","overlay-type":"","overlay-color":"","overlay-opacity":"","overlay-gradient":""}},"footnotes":""},"class_list":["post-1714","page","type-page","status-publish","hentry"],"uagb_featured_image_src":{"full":false,"thumbnail":false,"medium":false,"medium_large":false,"large":false,"1536x1536":false,"2048x2048":false,"woocommerce_thumbnail":false,"woocommerce_single":false,"woocommerce_gallery_thumbnail":false},"uagb_author_info":{"display_name":"webmaster17","author_link":"https:\/\/www.lctouroperator.com\/pt\/author\/webmaster17\/"},"uagb_comment_info":0,"uagb_excerpt":null,"_links":{"self":[{"href":"https:\/\/www.lctouroperator.com\/pt\/wp-json\/wp\/v2\/pages\/1714","targetHints":{"allow":["GET"]}}],"collection":[{"href":"https:\/\/www.lctouroperator.com\/pt\/wp-json\/wp\/v2\/pages"}],"about":[{"href":"https:\/\/www.lctouroperator.com\/pt\/wp-json\/wp\/v2\/types\/page"}],"author":[{"embeddable":true,"href":"https:\/\/www.lctouroperator.com\/pt\/wp-json\/wp\/v2\/users\/1"}],"replies":[{"embeddable":true,"href":"https:\/\/www.lctouroperator.com\/pt\/wp-json\/wp\/v2\/comments?post=1714"}],"version-history":[{"count":9,"href":"https:\/\/www.lctouroperator.com\/pt\/wp-json\/wp\/v2\/pages\/1714\/revisions"}],"predecessor-version":[{"id":1854,"href":"https:\/\/www.lctouroperator.com\/pt\/wp-json\/wp\/v2\/pages\/1714\/revisions\/1854"}],"wp:attachment":[{"href":"https:\/\/www.lctouroperator.com\/pt\/wp-json\/wp\/v2\/media?parent=1714"}],"curies":[{"name":"wp","href":"https:\/\/api.w.org\/{rel}","templated":true}]}}