{"id":1520,"date":"2021-09-15T21:27:09","date_gmt":"2021-09-15T21:27:09","guid":{"rendered":"http:\/\/www.lctouroperator.com\/pt\/?page_id=1520"},"modified":"2023-01-09T21:33:14","modified_gmt":"2023-01-09T21:33:14","slug":"experiencias-mediterraneas","status":"publish","type":"page","link":"https:\/\/www.lctouroperator.com\/pt\/experiencias-mediterraneas\/","title":{"rendered":"Experiencias mediterraneas"},"content":{"rendered":"<div class=\"wp-block-cover is-light editorskit-no-desktop editorskit-no-tablet has-mobile-text-align-center has-ek-typography\" style=\"min-height:800px;--ek-font-family:&apos;Abril Fatface&apos;, cursive;aspect-ratio:unset;\"><span aria-hidden=\"true\" class=\"has-background-dim-30 wp-block-cover__gradient-background has-background-dim\"><\/span><video class=\"wp-block-cover__video-background intrinsic-ignore\" autoplay muted loop playsinline src=\"http:\/\/www.lctouroperator.com\/pt\/wp-content\/uploads\/2021\/09\/mediterraneo1.mp4\" data-object-fit=\"cover\"><\/video><div class=\"wp-block-cover__inner-container is-layout-flow wp-block-cover-is-layout-flow\">\n<p class=\"has-text-align-center has-text-color has-ek-typography\" style=\"color:#ffffff;font-size:45px;--ek-font-family:'Raleway', sans-serif;--ek-font-weight:700\"><strong>Experi\u00eancias <\/strong><br><strong>Mediterr\u00e2neas<\/strong><\/p>\n<\/div><\/div><div class=\"wp-block-cover is-light editorskit-no-mobile has-mobile-text-align-center has-ek-typography\" style=\"min-height:800px;--ek-font-family:&apos;Abril Fatface&apos;, cursive;aspect-ratio:unset;\"><span aria-hidden=\"true\" class=\"has-background-dim-30 wp-block-cover__gradient-background has-background-dim\"><\/span><video class=\"wp-block-cover__video-background intrinsic-ignore\" autoplay muted loop playsinline src=\"http:\/\/www.lctouroperator.com\/pt\/wp-content\/uploads\/2021\/11\/MediterraneoDESKTOP.mp4\" data-object-fit=\"cover\"><\/video><div class=\"wp-block-cover__inner-container is-layout-flow wp-block-cover-is-layout-flow\">\n<p class=\"has-text-align-center has-text-color has-ek-typography\" style=\"color:#ffffff;font-size:45px;--ek-font-family:'Raleway', sans-serif;--ek-font-weight:700\"><strong>Experi\u00eancias Mediterr\u00e2neas<\/strong><\/p>\n<\/div><\/div><section class=\"wp-block-uagb-section uagb-section__wrap uagb-section__background-color uagb-block-00c878c4\"><div class=\"uagb-section__overlay\"><\/div><div class=\"uagb-section__inner-wrap\"><h4 class=\"wp-block-heading\"><strong>Incr\u00edveis e v\u00e1rias s\u00e3o as possibilidades de roteiro que percorrem os pa\u00edses ao redor deste hist\u00f3rico, m\u00edtico e m\u00edstico Mar Mediterr\u00e2neo. Aqui se apresentam, sobretudo, itiner\u00e1rios para peregrina\u00e7\u00f5es que resgatam a riqueza dos testemunhos de mir\u00edades de crist\u00e3os que atrav\u00e9s da arte, da arquitetura e da hist\u00f3ria, plasmaram suas experi\u00eancias seguindo a Cristo. Um convite para renovar a viv\u00eancia humana e crist\u00e3 atrav\u00e9s de riquezas culturais das cidades, das belezas das catedrais e bas\u00edlicas num panorama incompar\u00e1vel de vales, lagoas, mares e montanhas.<\/strong><\/h4>\n\n<p><\/p><\/div><\/section><section class=\"wp-block-uagb-columns uagb-columns__wrap uagb-columns__background-color uagb-columns__stack-mobile uagb-columns__valign- uagb-columns__gap-10 align uagb-block-bacf8e14 uagb-columns__columns-4 uagb-columns__max_width-theme\"><div class=\"uagb-columns__overlay\"><\/div><div class=\"uagb-columns__inner-wrap uagb-columns__columns-4\"><div class=\"wp-block-uagb-column uagb-column__wrap uagb-column__background-color uagb-block-7eafb593\"><div class=\"uagb-column__overlay\"><\/div><div class=\"wp-block-uagb-info-box uagb-block-13ac4fcc uagb-infobox__content-wrap  uagb-infobox_cta-type-all uagb-infobox-icon-above-title uagb-infobox-image-valign-top\"><a href=\"http:\/\/www.lctouroperator.com\/pt\/wp-content\/uploads\/2023\/01\/Italia-Franc\u0327a.pdf\" class=\"uagb-infobox-link-wrap uagb-infbox__link-to-all\" target=\"_blank\" aria-label=\"Infobox Link\" rel=\"noopener noreferrer\"><\/a><div class=\"uagb-ifb-content\"><div class=\"uagb-ifb-image-content\"><img decoding=\"async\" src=\"http:\/\/www.lctouroperator.com\/pt\/wp-content\/uploads\/2022\/12\/francia-italia.jpg\" alt=\"\" width=\"600\" height=\"400\" loading=\"lazy\"\/><\/div><div class=\"uagb-ifb-separator\"><\/div><div class=\"uagb-ifb-title-wrap\"><span class=\"uagb-ifb-title-prefix\"><strong>It\u00e1lia &amp; Fran\u00e7a<\/strong><\/span><h4 class=\"uagb-ifb-title\"> <strong> 15 dias<\/strong><\/h4><\/div><p class=\"uagb-ifb-desc\">It\u00e1lia e Fran\u00e7a, dois pa\u00edses emblem\u00e1ticos da Europa de imensa riqueza na arte, na hist\u00f3ria, na literatura, nos in\u00fameros testemunhos de santos e m\u00e1rtires e nos v\u00e1rios milagres eucar\u00edsticos acontecidos nestes dois pa\u00edses, patrim\u00f4nio de toda a cristandade. Um percurso \u00fanico de roteiro terrestre atravessando cidades circundadas por uma natureza de incr\u00edvel beleza.<\/p><div class=\"uagb-ifb-button-wrapper wp-block-button\"><\/div><\/div><\/div>\n\n<p><\/p><\/div>\n\n<div class=\"wp-block-uagb-column uagb-column__wrap uagb-column__background-color uagb-block-ac6a07b3\"><div class=\"uagb-column__overlay\"><\/div><div class=\"wp-block-uagb-info-box uagb-block-919a345b uagb-infobox__content-wrap  uagb-infobox_cta-type-all uagb-infobox-icon-above-title uagb-infobox-image-valign-top\"><a href=\"http:\/\/www.lctouroperator.com\/pt\/wp-content\/uploads\/2023\/01\/As-7-igrejas-do-Apocalipse-BRIEF-2301Av01.pdf\" class=\"uagb-infobox-link-wrap uagb-infbox__link-to-all\" target=\"_blank\" aria-label=\"Infobox Link\" rel=\"noopener noreferrer\"><\/a><div class=\"uagb-ifb-content\"><div class=\"uagb-ifb-image-content\"><img decoding=\"async\" src=\"http:\/\/www.lctouroperator.com\/pt\/wp-content\/uploads\/2022\/12\/7-iglesias-apocalipsis.jpg\" alt=\"\" width=\"600\" height=\"400\" loading=\"lazy\"\/><\/div><div class=\"uagb-ifb-separator\"><\/div><div class=\"uagb-ifb-title-wrap\"><span class=\"uagb-ifb-title-prefix\"><strong>As Sete Igrejas do Apocalipse<\/strong><\/span><h4 class=\"uagb-ifb-title\"> <strong>16 dias<\/strong><\/h4><\/div><p class=\"uagb-ifb-desc\">As Sete Igrejas do Apocalipse, um circuito repleto de mist\u00e9rios entremeado por belezas naturais e lugares emblem\u00e1ticos do cristianismo. Experi\u00eancias inesquec\u00edveis em uma proposta de peregrina\u00e7\u00e3o que se inicia na espl\u00eandida capital Istambul que une miticamente dois continentes, a Europa e a \u00c1sia. O percurso se encerra num Cruzeiro dos sonhos visitando as ilhas gregas de Patmos, Santorini, Creta, Mykonos e o ber\u00e7o da civiliza\u00e7\u00e3o, Atenas.<\/p><div class=\"uagb-ifb-button-wrapper wp-block-button\"><\/div><\/div><\/div>\n\n<p><\/p><\/div>\n\n<div class=\"wp-block-uagb-column uagb-column__wrap uagb-column__background-color uagb-block-4a96753b\"><div class=\"uagb-column__overlay\"><\/div><div class=\"wp-block-uagb-info-box uagb-block-2ff04a18 uagb-infobox__content-wrap  uagb-infobox_cta-type-all uagb-infobox-icon-above-title uagb-infobox-image-valign-top\"><a href=\"http:\/\/www.lctouroperator.com\/pt\/wp-content\/uploads\/2023\/01\/Imperdivel-Terra-Santa.pdf\" class=\"uagb-infobox-link-wrap uagb-infbox__link-to-all\" target=\"_blank\" aria-label=\"Infobox Link\" rel=\"noopener noreferrer\"><\/a><div class=\"uagb-ifb-content\"><div class=\"uagb-ifb-image-content\"><img decoding=\"async\" src=\"http:\/\/www.lctouroperator.com\/pt\/wp-content\/uploads\/2022\/12\/imperdibel-terra-santa.jpg\" alt=\"\" width=\"600\" height=\"400\" loading=\"lazy\"\/><\/div><div class=\"uagb-ifb-separator\"><\/div><div class=\"uagb-ifb-title-wrap\"><span class=\"uagb-ifb-title-prefix\"><strong>Imperd\u00edvel Terra Santa<\/strong><\/span><h4 class=\"uagb-ifb-title\"> <strong>11 dias<\/strong><\/h4><\/div><p class=\"uagb-ifb-desc\">Terra Santa, Palestina e Israel, lugar de contrastes onde uma luz potente, que surgiu h\u00e1 mais de dois mil anos, ainda hoje expande seus raios de esperan\u00e7a e beleza trazendo sentido \u00e0 vida humana. Um lugar privilegiado para peregrinar e meditar que traz aos crist\u00e3os e a todos que se colocam diante da possibilidade de renovar a pr\u00f3pria vida, uma surpreendente e bela experi\u00eancia: encontrar-se com o Homem-Deus que trouxe \u00e0 Terra a mais simples e revolucion\u00e1ria das leis, o amor.<\/p><div class=\"uagb-ifb-button-wrapper wp-block-button\"><\/div><\/div><\/div>\n\n<p><\/p><\/div>\n\n<div class=\"wp-block-uagb-column uagb-column__wrap uagb-column__background-color uagb-block-54a76c51\"><div class=\"uagb-column__overlay\"><\/div><div class=\"wp-block-uagb-info-box uagb-block-691c20c4 uagb-infobox__content-wrap  uagb-infobox_cta-type-all uagb-infobox-icon-above-title uagb-infobox-image-valign-top\"><a href=\"http:\/\/www.lctouroperator.com\/pt\/wp-content\/uploads\/2023\/01\/Caminhos-de-Sa\u0303o-Paulo.pdf\" class=\"uagb-infobox-link-wrap uagb-infbox__link-to-all\" target=\"_self\" aria-label=\"Infobox Link\" rel=\"noopener noreferrer\"><\/a><div class=\"uagb-ifb-content\"><div class=\"uagb-ifb-image-content\"><img decoding=\"async\" src=\"http:\/\/www.lctouroperator.com\/pt\/wp-content\/uploads\/2022\/12\/caminos-de-san-pablo.jpg\" alt=\"\" width=\"600\" height=\"400\" loading=\"lazy\"\/><\/div><div class=\"uagb-ifb-separator\"><\/div><div class=\"uagb-ifb-title-wrap\"><span class=\"uagb-ifb-title-prefix\"><strong>Caminhos de S\u00e3o Paulo na Turquia<\/strong><\/span><h4 class=\"uagb-ifb-title\"><strong>12 dias<\/strong><\/h4><\/div><p class=\"uagb-ifb-desc\">Nascido em Tarso, cidade da Turquia, Paulo sabia qual linguagem utilizar para seu apostolado nestes lugares cujas belezas s\u00e3o incr\u00edveis. Percorra os caminhos onde ainda hoje ressoam as revolucion\u00e1rias palavras do judeu convertido a ap\u00f3stolo de Cristo. Escolhido por Jesus, a prega\u00e7\u00e3o de Paulo \u00e9 sempre atual e capaz de transformar a vida de qualquer cora\u00e7\u00e3o que se abre a escut\u00e1-lo. Uma peregrina\u00e7\u00e3o marcada por belezas naturais, arte, hist\u00f3ria, espiritualidade e lazer atrav\u00e9s da imperd\u00edvel experi\u00eancia voando em bal\u00f5es na Capad\u00f3cia.<\/p><div class=\"uagb-ifb-button-wrapper wp-block-button\"><\/div><\/div><\/div><\/div><\/div><\/section><section class=\"wp-block-uagb-columns uagb-columns__wrap uagb-columns__background-color uagb-columns__stack-mobile uagb-columns__valign- uagb-columns__gap-10 align uagb-block-8a705918 uagb-columns__columns-4 uagb-columns__max_width-theme\"><div class=\"uagb-columns__overlay\"><\/div><div class=\"uagb-columns__inner-wrap uagb-columns__columns-4\"><div class=\"wp-block-uagb-column uagb-column__wrap uagb-column__background-color uagb-block-73abe4cb\"><div class=\"uagb-column__overlay\"><\/div><div class=\"wp-block-uagb-info-box uagb-block-e8b6a884 uagb-infobox__content-wrap  uagb-infobox_cta-type-all uagb-infobox-icon-above-title uagb-infobox-image-valign-top\"><a href=\"http:\/\/www.lctouroperator.com\/pt\/wp-content\/uploads\/2023\/01\/Italia-Terra.pdf\" class=\"uagb-infobox-link-wrap uagb-infbox__link-to-all\" target=\"_blank\" aria-label=\"Infobox Link\" rel=\"noopener noreferrer\"><\/a><div class=\"uagb-ifb-content\"><div class=\"uagb-ifb-image-content\"><img decoding=\"async\" src=\"http:\/\/www.lctouroperator.com\/pt\/wp-content\/uploads\/2023\/01\/italia-terra-santa.jpg\" alt=\"\" width=\"600\" height=\"400\" loading=\"lazy\"\/><\/div><div class=\"uagb-ifb-separator\"><\/div><div class=\"uagb-ifb-title-wrap\"><span class=\"uagb-ifb-title-prefix\"><strong>It\u00e1lia &amp; Terra Santa<\/strong><\/span><h4 class=\"uagb-ifb-title\"> 17 dias<\/h4><\/div><p class=\"uagb-ifb-desc\">Desde o atual cora\u00e7\u00e3o do mundo cat\u00f3lico, Roma com Floren\u00e7a e Assis, emblem\u00e1ticas cidades italianas testemunham a vida dos santos e os milagres plasmados na arquitetura, na arte, na hist\u00f3ria e at\u00e9 mesmo nas ruas medievais que enchem o ambiente de m\u00edstica e alegria. Iniciando na It\u00e1lia, com a possibilidade de encontro com o Papa, e continuando at\u00e9 ber\u00e7o do cristianismo, a antiga Palestina, a t\u00e3o sonhada Terra Santa. Esta peregrina\u00e7\u00e3o prop\u00f5e uma experi\u00eancia que promete renova\u00e7\u00e3o da f\u00e9 e dias inesquec\u00edveis para acrescentar alegria e esperan\u00e7a \u00e0 vida de cada peregrino.<\/p><div class=\"uagb-ifb-button-wrapper wp-block-button\"><\/div><\/div><\/div>\n\n<p><\/p><\/div>\n\n<div class=\"wp-block-uagb-column uagb-column__wrap uagb-column__background-color uagb-block-c4184f30\"><div class=\"uagb-column__overlay\"><\/div><div class=\"wp-block-uagb-info-box uagb-block-bec948f5 uagb-infobox__content-wrap  uagb-infobox_cta-type-all uagb-infobox-icon-above-title uagb-infobox-image-valign-top\"><a href=\"http:\/\/www.lctouroperator.com\/pt\/wp-content\/uploads\/2023\/01\/SinaiMonte-Nebo-Terra-Santa.pdf\" class=\"uagb-infobox-link-wrap uagb-infbox__link-to-all\" target=\"_blank\" aria-label=\"Infobox Link\" rel=\"noopener noreferrer\"><\/a><div class=\"uagb-ifb-content\"><div class=\"uagb-ifb-image-content\"><img decoding=\"async\" src=\"http:\/\/www.lctouroperator.com\/pt\/wp-content\/uploads\/2022\/12\/terra-santa-jordania-egito.jpg\" alt=\"\" width=\"600\" height=\"400\" loading=\"lazy\"\/><\/div><div class=\"uagb-ifb-separator\"><\/div><div class=\"uagb-ifb-title-wrap\"><span class=\"uagb-ifb-title-prefix\"><strong>Terra Santa &#8211; Jord\u00e3nia &#8211; Sinai (Egito)<\/strong><\/span><h4 class=\"uagb-ifb-title\"> <strong>Sinai, Monte Nebo, Galileia, Judeia<\/strong> \/ 16 dias<\/h4><\/div><p class=\"uagb-ifb-desc\">Um percurso hist\u00f3rico da experi\u00eancia de Mois\u00e9s: Monte Sinai, com a incr\u00edvel sar\u00e7a ardente que n\u00e3o se consome, as t\u00e1buas da lei e a fascinante vista da Terra Prometida desde o Monte Nebo. Uma peregrina\u00e7\u00e3o extraordin\u00e1ria em contato com culturas milenares contemplando mares m\u00edticos, o Mar Vermelho e o Mar Morto. Dias inesquec\u00edveis seguindo os passos de Jesus na Galileia e na Judeia.<\/p><div class=\"uagb-ifb-button-wrapper wp-block-button\"><\/div><\/div><\/div>\n\n<p><\/p><\/div>\n\n<div class=\"wp-block-uagb-column uagb-column__wrap uagb-column__background-color uagb-block-f7289055\"><div class=\"uagb-column__overlay\"><\/div><div class=\"wp-block-uagb-info-box uagb-block-40fbd699 uagb-infobox__content-wrap  uagb-infobox_cta-type-all uagb-infobox-icon-above-title uagb-infobox-image-valign-top\"><a href=\"http:\/\/www.lctouroperator.com\/pt\/wp-content\/uploads\/2023\/01\/Santuarios-Marianos-na-Europa.pdf\" class=\"uagb-infobox-link-wrap uagb-infbox__link-to-all\" target=\"_blank\" aria-label=\"Infobox Link\" rel=\"noopener noreferrer\"><\/a><div class=\"uagb-ifb-content\"><div class=\"uagb-ifb-image-content\"><img decoding=\"async\" src=\"http:\/\/www.lctouroperator.com\/pt\/wp-content\/uploads\/2022\/12\/peregrinacion-mariana.jpg\" alt=\"\" width=\"600\" height=\"400\" loading=\"lazy\"\/><\/div><div class=\"uagb-ifb-separator\"><\/div><div class=\"uagb-ifb-title-wrap\"><span class=\"uagb-ifb-title-prefix\"><strong>Santu\u00e1rios Marianos na Europa<\/strong><\/span><h4 class=\"uagb-ifb-title\"> Portugal &#8211; Fran\u00e7a &#8211; It\u00e1lia \/ 13 dias<\/h4><\/div><p class=\"uagb-ifb-desc\">Presen\u00e7a sempre activa na Igreja, a M\u00e3e de Jesus nao deixa de vir a nosso auxilio: esta peregrina\u00e7\u00e3o quer ser uma homenagem, um agradecimento, uma prece para que possamos realizar plenamente aquele conselho que transforma agua em vinho mas tamb\u00e9m vidas inteiras \u00abFa\u00e7am tudo o que Ele vos disser\u00bb (Jo 2,5). Imperd\u00edvel oportunidade combinada com belas paisagens, cidades, vales e montanhas. Espiritualidade, arte, hist\u00f3ria e belezas naturais no cora\u00e7\u00e3o do continente europeu para uma experi\u00eancia inesquec\u00edvel.<\/p><div class=\"uagb-ifb-button-wrapper wp-block-button\"><\/div><\/div><\/div>\n\n<p><\/p><\/div>\n\n<div class=\"wp-block-uagb-column uagb-column__wrap uagb-column__background-color uagb-block-d8ec001d\"><div class=\"uagb-column__overlay\"><\/div><div class=\"wp-block-uagb-info-box uagb-block-2237771f uagb-infobox__content-wrap  uagb-infobox_cta-type-all uagb-infobox-icon-above-title uagb-infobox-image-valign-top\"><a href=\"http:\/\/www.lctouroperator.com\/pt\/wp-content\/uploads\/2023\/01\/Italia-para-sonhar.pdf\" class=\"uagb-infobox-link-wrap uagb-infbox__link-to-all\" target=\"_self\" aria-label=\"Infobox Link\" rel=\"noopener noreferrer\"><\/a><div class=\"uagb-ifb-content\"><div class=\"uagb-ifb-image-content\"><img decoding=\"async\" src=\"http:\/\/www.lctouroperator.com\/pt\/wp-content\/uploads\/2022\/12\/italia-para-sonhar.jpg\" alt=\"\" width=\"600\" height=\"400\" loading=\"lazy\"\/><\/div><div class=\"uagb-ifb-separator\"><\/div><div class=\"uagb-ifb-title-wrap\"><span class=\"uagb-ifb-title-prefix\"><strong>It\u00e1lia para sonhar<\/strong><\/span><h4 class=\"uagb-ifb-title\">13 dias<\/h4><\/div><p class=\"uagb-ifb-desc\">De norte a sul com Roma, o cora\u00e7\u00e3o da pen\u00ednsula it\u00e1lica e do mundo cat\u00f3lico, a It\u00e1lia \u00e9 toda beleza natural, art\u00edstica, arqueol\u00f3gica, hist\u00f3rica, rica em espiritualidade, em milagres eucar\u00edsticos e em catedrais milenares. Passando por cidades que s\u00e3o verdadeiras obras de arte como Veneza, Floren\u00e7a, Mil\u00e3o entre outras. Um percurso imperd\u00edvel que se inicia ao norte, com as incr\u00edveis montanhas que se apresentam vestidas com um manto branco de neve, passa pelos Alpes Italiano e Su\u00ed\u00e7o, chega at\u00e9 a charmosa St. Moritz na Su\u00ed\u00e7a e desce at\u00e9 o sul passando visita a Padre Pio e desfrutando das belezas \u00fanicas da Costa de Amalfi.<\/p><div class=\"uagb-ifb-button-wrapper wp-block-button\"><\/div><\/div><\/div><\/div><\/div><\/section>","protected":false},"excerpt":{"rendered":"","protected":false},"author":1,"featured_media":0,"parent":0,"menu_order":0,"comment_status":"closed","ping_status":"closed","template":"","meta":{"_editorskit_title_hidden":false,"_editorskit_reading_time":3,"_editorskit_is_block_options_detached":false,"_editorskit_block_options_position":"{}","_uag_custom_page_level_css":"","site-sidebar-layout":"no-sidebar","site-content-layout":"page-builder","ast-site-content-layout":"","site-content-style":"default","site-sidebar-style":"default","ast-global-header-display":"","ast-banner-title-visibility":"","ast-main-header-display":"","ast-hfb-above-header-display":"","ast-hfb-below-header-display":"","ast-hfb-mobile-header-display":"","site-post-title":"disabled","ast-breadcrumbs-content":"disabled","ast-featured-img":"","footer-sml-layout":"disabled","theme-transparent-header-meta":"default","adv-header-id-meta":"","stick-header-meta":"","header-above-stick-meta":"","header-main-stick-meta":"","header-below-stick-meta":"","astra-migrate-meta-layouts":"default","ast-page-background-enabled":"default","ast-page-background-meta":{"desktop":{"background-color":"","background-image":"","background-repeat":"repeat","background-position":"center center","background-size":"auto","background-attachment":"scroll","background-type":"","background-media":"","overlay-type":"","overlay-color":"","overlay-opacity":"","overlay-gradient":""},"tablet":{"background-color":"","background-image":"","background-repeat":"repeat","background-position":"center center","background-size":"auto","background-attachment":"scroll","background-type":"","background-media":"","overlay-type":"","overlay-color":"","overlay-opacity":"","overlay-gradient":""},"mobile":{"background-color":"","background-image":"","background-repeat":"repeat","background-position":"center center","background-size":"auto","background-attachment":"scroll","background-type":"","background-media":"","overlay-type":"","overlay-color":"","overlay-opacity":"","overlay-gradient":""}},"ast-content-background-meta":{"desktop":{"background-color":"var(--ast-global-color-5)","background-image":"","background-repeat":"repeat","background-position":"center center","background-size":"auto","background-attachment":"scroll","background-type":"","background-media":"","overlay-type":"","overlay-color":"","overlay-opacity":"","overlay-gradient":""},"tablet":{"background-color":"var(--ast-global-color-5)","background-image":"","background-repeat":"repeat","background-position":"center center","background-size":"auto","background-attachment":"scroll","background-type":"","background-media":"","overlay-type":"","overlay-color":"","overlay-opacity":"","overlay-gradient":""},"mobile":{"background-color":"var(--ast-global-color-5)","background-image":"","background-repeat":"repeat","background-position":"center center","background-size":"auto","background-attachment":"scroll","background-type":"","background-media":"","overlay-type":"","overlay-color":"","overlay-opacity":"","overlay-gradient":""}},"footnotes":""},"class_list":["post-1520","page","type-page","status-publish","hentry"],"uagb_featured_image_src":{"full":false,"thumbnail":false,"medium":false,"medium_large":false,"large":false,"1536x1536":false,"2048x2048":false,"woocommerce_thumbnail":false,"woocommerce_single":false,"woocommerce_gallery_thumbnail":false},"uagb_author_info":{"display_name":"webmaster17","author_link":"https:\/\/www.lctouroperator.com\/pt\/author\/webmaster17\/"},"uagb_comment_info":0,"uagb_excerpt":null,"_links":{"self":[{"href":"https:\/\/www.lctouroperator.com\/pt\/wp-json\/wp\/v2\/pages\/1520","targetHints":{"allow":["GET"]}}],"collection":[{"href":"https:\/\/www.lctouroperator.com\/pt\/wp-json\/wp\/v2\/pages"}],"about":[{"href":"https:\/\/www.lctouroperator.com\/pt\/wp-json\/wp\/v2\/types\/page"}],"author":[{"embeddable":true,"href":"https:\/\/www.lctouroperator.com\/pt\/wp-json\/wp\/v2\/users\/1"}],"replies":[{"embeddable":true,"href":"https:\/\/www.lctouroperator.com\/pt\/wp-json\/wp\/v2\/comments?post=1520"}],"version-history":[{"count":46,"href":"https:\/\/www.lctouroperator.com\/pt\/wp-json\/wp\/v2\/pages\/1520\/revisions"}],"predecessor-version":[{"id":1850,"href":"https:\/\/www.lctouroperator.com\/pt\/wp-json\/wp\/v2\/pages\/1520\/revisions\/1850"}],"wp:attachment":[{"href":"https:\/\/www.lctouroperator.com\/pt\/wp-json\/wp\/v2\/media?parent=1520"}],"curies":[{"name":"wp","href":"https:\/\/api.w.org\/{rel}","templated":true}]}}