{"id":85,"date":"2013-09-27T14:31:27","date_gmt":"2013-09-27T17:31:27","guid":{"rendered":"http:\/\/www.lctouroperator.com\/it\/?product=buenos-aires-express"},"modified":"2020-10-21T10:45:54","modified_gmt":"2020-10-21T13:45:54","slug":"mendoza-la-culla-del-vino","status":"publish","type":"product","link":"https:\/\/www.lctouroperator.com\/it\/producto\/mendoza-la-culla-del-vino\/","title":{"rendered":"Mendoza, la culla del vino"},"content":{"rendered":"<p><!--:es--><\/p>\n<div class=\"row\">\n<div class=\"nine columns\">\n<h2>Tra i vini pi\u00f9 celebrati al mondo, crocevia di diverse culture etnologiche e vitivinicoli\u00a0 Mendoza ha tutti i fari dei professionisti del settore accesi su tutta la filiera di produzione di vini e champagne a partire dalla vigne fino al prodotto finale e, questo sicuramente per grandi imprenditori francesi, italiani, americani. Ma dove \u00e8 sempre pi\u00f9 regina, l\u00e0 dove arriva ad ogni amante del vino \u00e8 a tavola, dove l&#8217;eccellenza del vino spinge anche a creazioni di ristoranti sempre pi\u00f9 specializzati nel far vivere l&#8217;esperienza perfetta: lo sposalizio squisito tra vino e pietanze dalle pi\u00f9 semplici come uno snack di formaggi e salumi a piatti pi\u00f9 elaborati. Un invito difficile da rifiutare per un viaggio da sogno in Argentina<\/h2>\n<h3>Programma<\/h3>\n<table>\n<tbody>\n<tr>\n<td style=\"background-color: #ababab;\"><span style=\"color: #000000;\"><span style=\"color: #ff6600;\">\u27a4<\/span>1\u00ba Giorno: Arrivo a Mendoza<\/span><\/td>\n<\/tr>\n<tr class=\"alt\">\n<td>Trasferimento in hotel. Sistemazione nelle camere riservate. Tempo per una visita libera del piccolo centro dove in importanza spicca la Plaza Independencia, la Avenida Sarmiento, la via Bartolome\u00a0Mitre. Da non perdere durante i giorni dedicati a Mendoza la visita al Museo del Vino e alla casa-museo Casa Fader con pitture del famoso impressionista. Splendida la vista panoramica della citt\u00e0 dal cerro La Gloria. Cena libera Pernottamento.<\/td>\n<\/tr>\n<tr>\n<td style=\"background-color: #ababab;\"><span style=\"color: #000000;\"><span style=\"color: #ff6600;\">\u27a4<\/span>2\u00ba Giorno: Valle de Uco \/ Salentein<\/span><\/td>\n<\/tr>\n<tr class=\"alt\">\n<td>Prima colazione. Partenza per la Valle de Uco, la regione tra le pi\u00f9 rinomate per la qualit\u00e0 della produzione: immersi in paesaggi splendidi della cordigliera\u00a0delle Andes,\u00a0 tra\u00a0 montagne\u00a0 e vigneti il corridoio produttivo della Valle \u00e8 unico per bellezza e qualit\u00e0 dei vini. Visita ad una delle aziende vinicole\u00a0 rinomate: Salentein: tour per i vigneti, spazio culturale Kilka. Pranzo libero nel ristorante dell&#8217;hotel dell&#8217;azienda: opportunit\u00e0 per degustazione dei vini con la squisita tavola locale. Rientro in hotel. Cena libera.<\/td>\n<\/tr>\n<tr>\n<td style=\"background-color: #ababab;\"><span style=\"color: #000000;\"><span style=\"color: #ff6600;\">\u27a4<\/span>3\u00ba Giorno: Maip\u00fa \/ Luj\u00e1n de Cuyo<\/span><\/td>\n<\/tr>\n<tr class=\"alt\">\n<td>Prima colazione. Tour per la zona pi\u00f9 ricca di case vinicole ed olivetti con degustazione dei vini della zona. Visita al Museo del Vino nell&#8217;azienda La Rural. Un tuffo nella storia degli inizi della produzione di vini e olive in questa parte dell\u2019Argentina. Pranzo libero a base di cucina regionale. Tour panoramico por Luj\u00e1n de Cuyo, un\u2019 altra delle importanti aree vinicole di Mendoza. Visita all&#8217;azienda Weiner, con degustazione. Rientro in hotel. Cena in qualche rinomato ristorante nel centro. Pernottamento.<\/td>\n<\/tr>\n<tr>\n<td style=\"background-color: #ababab;\"><span style=\"color: #000000;\"><span style=\"color: #ff6600;\">\u27a4<\/span>4\u00ba Giorno: Tour\u00a0 di Alta Montagna<\/span><\/td>\n<\/tr>\n<tr class=\"alt\">\n<td>Prima colazione. Partenza per un tour guidato contemplando\u00a0 le vette pi\u00f9 alte della cordigliera delle Ande sudamericane, una festa per gli occhi e il cuore: Potrerillos, Valle di Uspallata, Los Penitentes, lo spettacolare Puente del Inca, il belvedere dell&#8217;Aconcagua. Tempo per un pic-nic. Continuazione per Laguna Horcones e visita al Cristo Redentore. Rientro in hotel a fine pomeriggio.<\/td>\n<\/tr>\n<tr class=\"alt\">\n<td style=\"background-color: #ababab;\"><span style=\"color: #000000;\"><span style=\"color: #ff6600;\">\u27a4<\/span>5\u00ba Giorno: Mendoza &#8211; Altra destinazione<\/span><\/td>\n<\/tr>\n<tr class=\"alt\">\n<td>Prima colazione. Partenza per altre destinazioni come: attraversando la cordigliera delle Ande, proseguimento in bus di linea per Santiago, capitale del Cile a 363 km da Mendoza. O continuazione del viaggio in volo verso altre destinazioni in Argentina o paesi sudamericani.<\/td>\n<\/tr>\n<\/tbody>\n<\/table>\n<h5><\/h5>\n<\/div>\n<\/div>\n<p><!--:--><\/p>\n","protected":false},"excerpt":{"rendered":"<p>Argentina<br \/>\n5 Giorni \/ 4 Notti<\/p>\n","protected":false},"featured_media":2875,"comment_status":"closed","ping_status":"closed","template":"","meta":{"dwc-title":[""],"dwc-content":["<img class=\"size-full wp-image-2872 aligncenter\" src=\"http:\/\/www.lctouroperator.com\/it\/wp-content\/uploads\/2013\/09\/Argentina-07-2010Gv71.jpg\" alt=\"\" width=\"274\" height=\"420\" \/>"]},"product_cat":[13],"product_tag":[],"class_list":{"0":"post-85","1":"product","2":"type-product","3":"status-publish","4":"has-post-thumbnail","6":"product_cat-argentina","8":"first","9":"instock","10":"shipping-taxable","11":"product-type-simple"},"_links":{"self":[{"href":"https:\/\/www.lctouroperator.com\/it\/wp-json\/wp\/v2\/product\/85"}],"collection":[{"href":"https:\/\/www.lctouroperator.com\/it\/wp-json\/wp\/v2\/product"}],"about":[{"href":"https:\/\/www.lctouroperator.com\/it\/wp-json\/wp\/v2\/types\/product"}],"replies":[{"embeddable":true,"href":"https:\/\/www.lctouroperator.com\/it\/wp-json\/wp\/v2\/comments?post=85"}],"wp:featuredmedia":[{"embeddable":true,"href":"https:\/\/www.lctouroperator.com\/it\/wp-json\/wp\/v2\/media\/2875"}],"wp:attachment":[{"href":"https:\/\/www.lctouroperator.com\/it\/wp-json\/wp\/v2\/media?parent=85"}],"wp:term":[{"taxonomy":"product_cat","embeddable":true,"href":"https:\/\/www.lctouroperator.com\/it\/wp-json\/wp\/v2\/product_cat?post=85"},{"taxonomy":"product_tag","embeddable":true,"href":"https:\/\/www.lctouroperator.com\/it\/wp-json\/wp\/v2\/product_tag?post=85"}],"curies":[{"name":"wp","href":"https:\/\/api.w.org\/{rel}","templated":true}]}}