{"id":681,"date":"2013-10-12T17:00:29","date_gmt":"2013-10-12T20:00:29","guid":{"rendered":"http:\/\/www.lctouroperator.com\/it\/prog\/tour-costa-rica\/"},"modified":"2021-01-11T11:42:07","modified_gmt":"2021-01-11T14:42:07","slug":"tour-costa-rica","status":"publish","type":"product","link":"https:\/\/www.lctouroperator.com\/it\/producto\/tour-costa-rica\/","title":{"rendered":"Tour Costa Rica"},"content":{"rendered":"<p><!--:es--><\/p>\n<div class=\"row\">\n<div class=\"nine columns\">\n<h2><em>8 giorni di tour per un\u2019incredibile esperienza\u2026 ecco quanto necessario per un primo assaggio delle ricchezze naturali di questo splendido paese.<\/em><\/h2>\n<h3>Programma<\/h3>\n<table style=\"height: 804px;\">\n<tbody>\n<tr style=\"height: 24px;\">\n<td style=\"background-color: #ababab; height: 24px;\"><span style=\"color: #000000;\"><span style=\"color: #ff6600;\">\u27a4<\/span>Giorno 1: Aeroporto Internazionale di San Jos\u00e9<\/span><\/td>\n<\/tr>\n<tr class=\"alt\" style=\"height: 24px;\">\n<td style=\"height: 24px;\">Arrivo e trasferimento in hotel a San Jos\u00e9. Sistemazione.<\/td>\n<\/tr>\n<tr style=\"height: 24px;\">\n<td style=\"background-color: #ababab; height: 24px;\"><span style=\"color: #000000;\"><span style=\"color: #ff6600;\">\u27a4<\/span>Giorno \u00a02: San Jos\u00e9 \/ Tortuguero<\/span><\/td>\n<\/tr>\n<tr class=\"alt\" style=\"height: 120px;\">\n<td style=\"height: 120px;\">Partenza molto presto verso il Tortuguero per l&#8217;autostrada Braulio Carrillo, attraverso un maestoso ambiente naturale. Pausa a Gua\u0301piles per una gustosa prima colazione, e poi di nuovo in viaggio fino all&#8217;imbarcadero, dove inizier\u00e0 l&#8217;avventura in barca durante il quale si potr\u00e0 ammirare una grande variet\u00e0 di flora e fauna della zona nella fitta foresta tropicale fino ad affacciarsi sul mare dei caraibi. Pranzo nel Tortuga Lodge. Nel pomeriggio, visita al paesino di Tortuguero, con i suoi negozietti colmi di prodotti locali di artigianato. Cena in hotel.<\/td>\n<\/tr>\n<tr style=\"height: 24px;\">\n<td style=\"background-color: #ababab; height: 24px;\"><span style=\"color: #000000;\"><span style=\"color: #ff6600;\">\u27a4<\/span>Giorno \u00a03: Canali di Tortuguero<\/span><\/td>\n<\/tr>\n<tr class=\"alt\" style=\"height: 72px;\">\n<td style=\"height: 72px;\">Prima colazione nel Lodge. Una giornata dedicata ad un vero safari acquatico che inizia con una passeggiata in mezzo all&#8217;esuberante Selva Tropicale, dove sar\u00e0 possibile osservare molte specie di uccelli, mammiferi e rettili. Pranzo. Nel pomeriggio si continuer\u00e0 ad ammirare le meraviglie dei Caraibi nel percorso per i Canali di Tortuguero in batello: si avr\u00e0 modo di scoprire che il mare e la sabbia dei caraibi in questa zona non ha certo i colori mozzafiato che \u00e8 solito trovare sulla costa atlantica dei caraibi ma il luogo \u00e8 famoso soprattutto perch\u00e9 le tartarughe carey e caguama vengono a deporre le uova soprattutto nei mesi tra maggio ed ottobre. Per cogliere l\u2019attimo perfetto della schiusa e dei piccoli che cercano di raggiungere il mare bisognerebbe visitarlo nel periodo di luna piena.<\/td>\n<\/tr>\n<tr style=\"height: 24px;\">\n<td style=\"background-color: #ababab; height: 24px;\"><span style=\"color: #000000;\"><span style=\"color: #ff6600;\">\u27a4<\/span>Giorno \u00a04: Tortuguero \/ Arenal<\/span><\/td>\n<\/tr>\n<tr class=\"alt\" style=\"height: 48px;\">\n<td style=\"height: 48px;\">Parteza verso il Vulcano Arenal: prima tratta in barca per poi continuare il percorso in pullman fino al ristorante dove \u00e8 previsto il pranzo. Da l\u00ec, connessione col transfer verso la zona nord del Paese, a La Fortuna de San Carlos, che ospita l&#8217;imponente Vulcano Arenal. Sistemazione nelle camere riservate. Tempo e cena libera.<\/td>\n<\/tr>\n<tr class=\"alt\" style=\"height: 24px;\">\n<td style=\"background-color: #ababab; height: 24px;\"><span style=\"color: #000000;\"><span style=\"color: #ff6600;\">\u27a4<\/span>Giorno \u00a05: Arenal<\/span><\/td>\n<\/tr>\n<tr class=\"alt\" style=\"height: 96px;\">\n<td style=\"height: 96px;\">Colazione. Vetta del Vulcano Arenal (1.670 m slm). Il suo attuale periodo di attivit\u00e0 cominci\u00f2 nell&#8217;anno 1968. Da quella data emette in forma costante gas e vapori, con alcune esplosioni di materiali piroclastici e, in alcune occasioni, forti rimbombi. Siamo sul vulcano pi\u00f9 attivo del Costa Rica. Giorno libero per realizzare attivit\u00e0 nella zona, come un\u2019escursione nelle vicinanze oppure approfittare delle belle terme in zona. Alloggio ad Arenal.<\/td>\n<\/tr>\n<tr class=\"alt\" style=\"height: 24px;\">\n<td style=\"background-color: #ababab; text-align: left; height: 24px;\"><span style=\"color: #000000;\"><span style=\"color: #ff6600;\">\u27a4<\/span>Giorno \u00a06: Vulcano Arenal \/ Riserva Biologica Monteverde<br \/>\n<\/span><\/td>\n<\/tr>\n<tr class=\"alt\" style=\"height: 108px;\">\n<td style=\"height: 108px;\">\n<div dir=\"ltr\">Prima colazione. In mattinata trasferimento alla Riserva Biologica Monteverde. Ca. tre ore di viaggio che prevede una breve navigazione immersi in una natura di incredibile bellezza. All&#8217;arrivo sistemazione nella camera riservata e tempo libero per attivit\u00e0 facoltative. L\u2019area di Monteverde \u00e8 famosa a livello mondiale per il suo particolare bioma, chiamato \u00abbosco nuvoloso\u00bb o \u00abmuschioso\u00bb. Si possono visitare: la Galleria dei Colibr\u00ec, il Giardino delle Farfalle, la \u00abFinca\u00bb degli Uccelli, oltre a altre aree della riserva come tour guidato ai Ponti Sospesi (Puentes Colgantes). L\u2019escursione consiste in 8 ponti di diversa lunghezza e altezze, per un totale di circa 3 km. Questo tour offre il modo pi\u00f9 sicuro e spettacolare di vivere il bosco da una prospettiva molto interessante. Pernottamento.<\/div>\n<\/td>\n<\/tr>\n<tr class=\"alt\" style=\"height: 24px;\">\n<td style=\"background-color: #ababab; height: 24px;\"><span style=\"color: #000000;\"><span style=\"color: #ff6600;\">\u27a4<\/span>Giorno \u00a07: Monteverde \/ San Jos\u00e9<br \/>\n<\/span><\/td>\n<\/tr>\n<tr class=\"alt\" style=\"height: 72px;\">\n<td style=\"height: 72px;\">Prima colazione. All\u2019ora prevista, trasferimento alla citt\u00e0 di San Jos\u00e9. Arrivo e pomeriggio a disposizione per una visita libera alla capitale della Costa Rica con interessanti palazzi: Piazza della Democrazia, Museo e Teatro Nazionale, i Tribunali, gli Yoses, il Mall San Pedro, la Fuente de la Hispanidad e la Sede Rodrigo Facio dell\u2019Universit\u00e0. Esiste inoltre un Museo dell\u2019Oro Precolombiano. Pernottamento a San Jos\u00e9.<\/td>\n<\/tr>\n<tr class=\"alt\" style=\"height: 24px;\">\n<td style=\"background-color: #ababab; height: 24px;\"><span style=\"color: #000000;\"><span style=\"color: #ff6600;\">\u27a4<\/span>Giorno \u00a08: San Jos\u00e9<\/span><\/td>\n<\/tr>\n<tr class=\"alt\" style=\"height: 24px;\">\n<td style=\"height: 24px;\">Prima colazione. All&#8217;ora indicata, trasferimento all&#8217;Aeroporto Internazionale Juan Santamar\u00eda di San Jos\u00e9 per il volo di ritorno o per la seguente destinazione.<\/td>\n<\/tr>\n<\/tbody>\n<\/table>\n<div class=\"Notti\"><\/div>\n<\/div>\n<\/div>\n<div class=\"row\"><\/div>\n<div class=\"row\"><\/div>\n<p><!--:--><\/p>\n","protected":false},"excerpt":{"rendered":"<p>Costa Rica<br \/>\n8 Giorni \/ 7 Notti<\/p>\n","protected":false},"featured_media":2615,"comment_status":"closed","ping_status":"closed","template":"","meta":{"dwc-title":[""],"dwc-content":["<img class=\"wp-image-2558 aligncenter\" src=\"http:\/\/www.lctouroperator.com\/it\/wp-content\/uploads\/2013\/10\/mapa-tour-costa-rica.jpg\" alt=\"\" width=\"254\" height=\"389\" \/>"]},"product_cat":[34],"product_tag":[],"class_list":{"0":"post-681","1":"product","2":"type-product","3":"status-publish","4":"has-post-thumbnail","6":"product_cat-costa-rica","8":"first","9":"instock","10":"shipping-taxable","11":"product-type-simple"},"_links":{"self":[{"href":"https:\/\/www.lctouroperator.com\/it\/wp-json\/wp\/v2\/product\/681"}],"collection":[{"href":"https:\/\/www.lctouroperator.com\/it\/wp-json\/wp\/v2\/product"}],"about":[{"href":"https:\/\/www.lctouroperator.com\/it\/wp-json\/wp\/v2\/types\/product"}],"replies":[{"embeddable":true,"href":"https:\/\/www.lctouroperator.com\/it\/wp-json\/wp\/v2\/comments?post=681"}],"wp:featuredmedia":[{"embeddable":true,"href":"https:\/\/www.lctouroperator.com\/it\/wp-json\/wp\/v2\/media\/2615"}],"wp:attachment":[{"href":"https:\/\/www.lctouroperator.com\/it\/wp-json\/wp\/v2\/media?parent=681"}],"wp:term":[{"taxonomy":"product_cat","embeddable":true,"href":"https:\/\/www.lctouroperator.com\/it\/wp-json\/wp\/v2\/product_cat?post=681"},{"taxonomy":"product_tag","embeddable":true,"href":"https:\/\/www.lctouroperator.com\/it\/wp-json\/wp\/v2\/product_tag?post=681"}],"curies":[{"name":"wp","href":"https:\/\/api.w.org\/{rel}","templated":true}]}}