{"id":3152,"date":"2021-07-19T11:45:35","date_gmt":"2021-07-19T14:45:35","guid":{"rendered":"https:\/\/www.lctouroperator.com\/it\/?post_type=product&#038;p=3152"},"modified":"2021-07-19T12:50:37","modified_gmt":"2021-07-19T15:50:37","slug":"discovering-paraguay-and-iguazu-falls","status":"publish","type":"product","link":"https:\/\/www.lctouroperator.com\/it\/producto\/discovering-paraguay-and-iguazu-falls\/","title":{"rendered":"Discovering Paraguay and Iguazu Falls"},"content":{"rendered":"<h2>An unmissable combination of culture, art, faith and gastronomy that begins in Asunci\u00f3n, the capital of Paraguay and continues in the different surrounding towns. Here, in fact, we find products of ancient artisan traditions, such as goldsmithing, ceramics and fine cotton thread embroidery. Opportunity to visit the famous vestiges of the 16th century Jesuit Missions, now a UNESCO World Heritage Site, and the magnificent and exuberant Iguazu Falls near the mythical triple border.<\/h2>\n<p>Validity: All year round.<\/p>\n<h3>Day by day<\/h3>\n<table style=\"height: auto\">\n<tbody>\n<tr style=\"height: auto\">\n<td style=\"background-color: #ababab;height: auto\"><span style=\"color: #000000\"><span style=\"color: #ff6600\">\u27a4<span style=\"color: #000000\">Day 1: Asunci\u00f3n<\/span><\/span><\/span><\/td>\n<\/tr>\n<tr style=\"height: auto\">\n<td style=\"height: auto\">Arrival at Asunci\u00f3n airport. Transfer to the hotel. Accommodation. Free time to rest from the trip. In the early afternoon, walking tour of the center of Asunci\u00f3n: built on the hills of the Paraguay River, it preserves colonial vestiges with beautiful parks and exuberant vegetation: free visit to the historic center with the Cathedral, the Cabildo, the famous Palma street , etc. Dinner. Overnight stay.<\/td>\n<\/tr>\n<tr style=\"height: auto\">\n<td style=\"background-color: #ababab;height: auto\"><span style=\"color: #000000\"><span style=\"color: #ff6600\">\u27a4<\/span>Day 2: Caacup\u00e9 \u2013 El Fort\u00edn (Piribebuy) \u2013 Ciudad del Este<\/span><\/td>\n<\/tr>\n<tr style=\"height: auto\">\n<td style=\"height: auto\">Breakfast. Departure to Ciudad del Este, visiting the Basilica of Our Lady of Caacup\u00e9 on the way. Visit to the El Fort\u00edn rum factory. It&#8217;s time to learn about the making and tasting of the long-standing exquisite rum. During the journey, tasting of the famous Paraguayan chipa (chip\u00e1). Lunch. According to the schedule of the GT bus to Ciudad del Este transfer to the bus terminal (320 kilometers). Arrival in Ciudad del Este after about 5 hours of travel. Private transfer to the hotel.\u00a0 Dinner. Overnight stay.<\/td>\n<\/tr>\n<tr style=\"height: auto\">\n<td style=\"background-color: #ababab;height: auto\"><span style=\"color: #000000\"><span style=\"color: #ff6600\">\u27a4<\/span>Day 3: Saltos del Monday (paraguayan falls) \u2013 Museum Mois\u00e9s Bertoni<\/span><\/td>\n<\/tr>\n<tr style=\"height: auto\">\n<td style=\"height: auto\">Breakfast at the hotel. Visit to the Paraguayan \u201cMonday Falls\u201d, waterfalls that are born in the river of the same name: immersed in the subtropical forest of the three banks, the imposing Iguaz\u00fa Falls are one of the most majestic spectacles in the world: the contrast between the colors of the sky , the vegetation and the red earth, act as a backdrop for the local multiethnic cultures. Lunch during the excursion. If it does not rain, visit the house-museum of the Swiss naturalist Mos\u00e8 Bertoni, nestled in a true paradise of Paraguayan flora and also from distant lands, brought to the banks of the Paran\u00e1 by Bertoni himself, who discovered stevia rebaudiana, a natural sweetener, 300 times sweeter than sugar. Back to the hotel. Dinner. Overnight stay.<\/td>\n<\/tr>\n<tr style=\"height: auto\">\n<td style=\"background-color: #ababab;height: auto\"><span style=\"color: #000000\"><span style=\"color: #ff6600\">\u27a4<\/span>Day 4: Triple border &#8211; Optional: Iguazu Falls &#8211; Argentine side<\/span><\/td>\n<\/tr>\n<tr style=\"height: auto\">\n<td style=\"height: auto\">Breakfast at the hotel. At 7.15 am departure to observe the \u00abtriple frontier\u00bb and the meeting of the Paran\u00e1 and Iguaz\u00fa rivers from above: they meet but do not mix due to the different temperatures of the water, stubbornly preserving their colors in their rapid journey.<br \/>\n<span style=\"font-family: inherit;font-size: inherit\">Important: From the small port of Presidente Franco, navigating the Paran\u00e1 River for less than an hour, it is possible to reach the Argentine side of the Iguaz\u00fa Falls (except Sundays), this optional visit must be booked in advance. Duration of the visit approx. 7\/8 hours round trip, depending on the time required for migration between Paraguay and Argentina. Return to the hotel in Ciudad del Este.<\/span><\/td>\n<\/tr>\n<tr style=\"height: auto\">\n<td style=\"background-color: #ababab;height: auto\"><span style=\"color: #000000\"><span style=\"color: #ff6600\">\u27a4<\/span>Day 5: Yerba mate \u2013 Jesuit Ruins of Jes\u00fas de Tavarangue and Trinidad<br \/>\n<\/span><\/td>\n<\/tr>\n<tr style=\"height: auto\">\n<td style=\"height: auto\">Breakfast. At 6 am departure with driver and guide to the city of Encarnaci\u00f3n. Breakfast during the trip and visit to a Yerba Mate factory, the herb that the Guarani exchanged with Peru to obtain weapons with which to defend their \u00abreductions\u00bb. Hotel accommodation in Bella Vista or Encarnaci\u00f3n. Lunch. Around 5 pm, visit to the unfinished mission church \u00abJes\u00fas de Tavarangue\u00bb, built by the architect Antonio Forcada and designed by his brother Jos\u00e9 Grimau, with evident traces of the Arab influence on Jesuit art (year 1759). At dusk (8.15pm in summer) visit the most complete of the \u00abreductions\u00bb, the work of the Italian Giovanni Battista Primoli: Trinidad. The beauty of Guaran\u00ed architecture, the fruit of a deep encounter with Italian masters, is masterfully expressed in all these buildings that bear witness to the immense work of the Jesuits together with the Guaran\u00ed indigenous people. Night visit \u00abof lights and sounds\u00bb, a true contemplation of the illuminated ruins: the acoustics of the church are perfect. Back to the hotel. Overnight stay.<\/td>\n<\/tr>\n<tr style=\"height: auto\">\n<td style=\"background-color: #ababab;height: auto\"><span style=\"color: #000000\"><span style=\"color: #ff6600\">\u27a4<\/span>Day 6: The Hispano-Guarani Baroque &#8211; San Cosme y Dami\u00e1n \u2013 Yaguar\u00f3n<\/span><\/td>\n<\/tr>\n<tr style=\"height: auto\">\n<td style=\"height: auto\">Breakfast. At 7.30, continuation of the trip to return to Asunci\u00f3n with private transport to have the possibility to visit interesting Jesuit museums on the way: such as a visit to the church-museum of San Cosme and Dami\u00e1n and the small Planetarium to discover the sky in this part of the planet. Visit to the San Ignacio Guaz\u00fa museum that preserves true treasures of Hispanic-indigenous art. Lunch during the excursion. In Yaguar\u00f3n, visit the splendid Baroque-style Franciscan colonial church whose altars are carved out of wood. Arrival in Asunci\u00f3n. Eventually, depending on the interest and the time available, it is possible to return directly to Asunci\u00f3n from the City of Encarnaci\u00f3n in about 5 hours of travel. Check-in at the hotel. Dinner. Overnight stay.<\/td>\n<\/tr>\n<tr style=\"height: auto\">\n<td style=\"background-color: #ababab;height: auto\"><span style=\"color: #000000\"><span style=\"color: #ff6600\">\u27a4<\/span>Day 7: Asunci\u00f3n<\/span><\/td>\n<\/tr>\n<tr style=\"height: auto\">\n<td style=\"height: auto\">Breakfast. Free time in Asunci\u00f3n for last visits or shopping in the city. Transfer to the airport to start the trip back to the country of origin or continue the trip to other destinations in Latin America.<\/td>\n<\/tr>\n<\/tbody>\n<\/table>\n<p>&nbsp;<\/p>\n","protected":false},"excerpt":{"rendered":"<p>Paraguay<br \/>\n7 days \/ 6 nignts<\/p>\n","protected":false},"featured_media":3169,"comment_status":"closed","ping_status":"closed","template":"","meta":{"dwc-title":[""],"dwc-content":["<img class=\"size-full wp-image-2906 aligncenter\" src=\"http:\/\/www.lctouroperator.com\/it\/wp-content\/uploads\/2017\/02\/Paraguay-08-2011v01.jpg\" alt=\"\" width=\"274\" height=\"420\" \/>"]},"product_cat":[65],"product_tag":[],"class_list":{"0":"post-3152","1":"product","2":"type-product","3":"status-publish","4":"has-post-thumbnail","6":"product_cat-noveltypy","8":"first","9":"instock","10":"shipping-taxable","11":"product-type-simple"},"_links":{"self":[{"href":"https:\/\/www.lctouroperator.com\/it\/wp-json\/wp\/v2\/product\/3152"}],"collection":[{"href":"https:\/\/www.lctouroperator.com\/it\/wp-json\/wp\/v2\/product"}],"about":[{"href":"https:\/\/www.lctouroperator.com\/it\/wp-json\/wp\/v2\/types\/product"}],"replies":[{"embeddable":true,"href":"https:\/\/www.lctouroperator.com\/it\/wp-json\/wp\/v2\/comments?post=3152"}],"wp:featuredmedia":[{"embeddable":true,"href":"https:\/\/www.lctouroperator.com\/it\/wp-json\/wp\/v2\/media\/3169"}],"wp:attachment":[{"href":"https:\/\/www.lctouroperator.com\/it\/wp-json\/wp\/v2\/media?parent=3152"}],"wp:term":[{"taxonomy":"product_cat","embeddable":true,"href":"https:\/\/www.lctouroperator.com\/it\/wp-json\/wp\/v2\/product_cat?post=3152"},{"taxonomy":"product_tag","embeddable":true,"href":"https:\/\/www.lctouroperator.com\/it\/wp-json\/wp\/v2\/product_tag?post=3152"}],"curies":[{"name":"wp","href":"https:\/\/api.w.org\/{rel}","templated":true}]}}