{"id":3071,"date":"2021-05-14T10:45:09","date_gmt":"2021-05-14T13:45:09","guid":{"rendered":"https:\/\/www.lctouroperator.com\/it\/?post_type=product&#038;p=3071"},"modified":"2021-05-20T11:34:30","modified_gmt":"2021-05-20T14:34:30","slug":"mitiche-ande-e-galapagos","status":"publish","type":"product","link":"https:\/\/www.lctouroperator.com\/it\/producto\/mitiche-ande-e-galapagos\/","title":{"rendered":"Mitiche Ande e Galapagos"},"content":{"rendered":"<h2 align=\"left\">L\u00b4Ecuador, regina delle Ande, culla di vulcani,\u00a0 campionario di popoli etnici fieri di tradizioni millenarie, un inno perenne alla natura. In questa proposta Quito e dintorni, a 2800 mslm la citt\u00e0 coloniale pi\u00f9 curata dell&#8217;America Latina, e piccole localit\u00e0, vulcani, laghi, isole.. l\u00e0 dove si trova la mitica e immaginaria linea della met\u00e0 del mondo fino alle incantevoli Isole Galapagos.<\/h2>\n<h2 align=\"left\"><span style=\"color: #ff6600\">Programma<\/span><\/h2>\n<table class=\" alignleft\" style=\"height: 1892px\">\n<tbody>\n<tr style=\"height: auto\">\n<td style=\"background-color: #ababab;width: auto;height: auto\"><span style=\"color: #000000\"><span style=\"color: #ff6600\">\u27a4<\/span>Giorno 1: Arrivo a QUITO (Ecuador)<br \/>\n<\/span><\/td>\n<\/tr>\n<tr class=\"alt\" style=\"height: auto\">\n<td style=\"width: auto;height: auto\">Arrivo alla citt\u00e0 coloniale pi\u00f9 bella del Sudamerica: circondata di vulcani e montagne, a 2.850 m slm. Trasferimento in hotel. Tempo per riposarsi dal viaggio. Cena di benvenuto in hotel. Pernottamento<\/td>\n<\/tr>\n<tr style=\"height: 24px\">\n<td style=\"background-color: #ababab;width: auto;height: auto\"><span style=\"color: #000000\"><span style=\"color: #ff6600\">\u27a4<\/span>Giorno 2: CENTRO STORICO QUITO<br \/>\n<\/span><\/td>\n<\/tr>\n<tr class=\"alt\" style=\"height: auto\">\n<td style=\"width: auto;height: auto\">Prima colazione. Giornata dedicata alla visita guidata di questa splendida citt\u00e0 che oltre ad essere la capitale del paese, il suo centro storico, patrimonio culturale dell\u2019Umanit\u00e0, \u00e8 una \u201cmostra\u201d permanente del passato coloniale, arricchita di splendide opere d\u2019arte. E\u2019 inoltre la citt\u00e0 coloniale conservata quasi intatta, mostrando cos\u00ec lo stile barocco in tutto il suo splendore. Visita al museo numismatico del Banco Central, un\u2019occasione per conoscere la storia del paese grazie a dei reperti dalla preistoria all&#8217;epoca coloniale. Splendida la sala dedicata all&#8217;oreficeria precolombiana. Visita alla Piazza dell\u2019Indipendenza o Plaza Grande circondata di bellissimi palazzi nonch\u00e9 la Cattedrale metropolitana. Visita alla splendida chiesa della Compagnia di Ges\u00f9, considerata un gioiello dell\u2019arte barocca ibero-americana. Tempo libero. Visite \u00a0facoltative: Museo Capilla del Monte e al Museo dell\u2019Acqua e alla famosa Plaza Foch. Pernottamento.<\/td>\n<\/tr>\n<tr style=\"height: auto\">\n<td style=\"background-color: #ababab;width: auto;height: auto\"><span style=\"color: #000000\"><span style=\"color: #ff6600\">\u27a4<\/span>Giorno 3: VULCANO PICHINCHA (4.690 mslm)<br \/>\n<\/span><\/td>\n<\/tr>\n<tr class=\"alt\" style=\"height: auto\">\n<td style=\"width: auto;height: auto\">Prima colazione. Partenza in teleferico da 3.117 m, sbarcando a Cruz Loma a 4.050 m, sul lato est del vulcano Pichincha. Arrivando sar\u00e0 possibile iniziare subito un trekking di ca. 4 ore fino alla vetta del Rucu Pichincha (Rucu=vecchio in quechua), ca. 650 m di salita in verticale che richiede innanzitutto una buon stato fisico e adattamento all&#8217;aria di montagna visto che in cima si superano i 4.500m. Se il trekking non \u00e8 l\u2019obiettivo arrivando allo sbarco a Cruz Loma sar\u00e0 possibile semplicemente godersi il paesaggio bevendo un buon caff\u00e8 nei locali che vi si trovano: se capita il clima adatto dalla cima \u00e8 possibile vedere il vulcano Cotopaxi, l\u2019Antisana, cosi come una splendida panoramica di diversi punti di Quito. Rientro in citt\u00e0 in teleferica.<\/td>\n<\/tr>\n<tr style=\"height: 24px\">\n<td style=\"background-color: #ababab;width: auto;height: auto\"><span style=\"color: #000000\"><span style=\"color: #ff6600\">\u27a4<\/span>Giorno 4: MERCATO DI OTAVALO (sabato) &#8211; LAGUNA CUICOCHA (Vulcano Cotacachi)<br \/>\n<\/span><\/td>\n<\/tr>\n<tr class=\"alt\" style=\"height: auto\">\n<td style=\"width: auto;height: auto\">Prima colazione in albergo e partenza verso il nord per raggiungere Otavalo, attraversando colorate vallate punteggiate di villaggi e dominate dall\u2019 imponente cordigliera delle Ande. Il mercato di Otavalo \u00e8 un microcosmo speciale, punto d\u2019 incontro di ecuadoriani dall\u2019abbigliamento elaborato e dai modi gentili. Continuazione del viaggio verso la Reserva Ecologica Cotacachi-Cayapas, presso il lago Cuicocha, cratere formatosi dall&#8217;eruzione del vulcano Cotacachi a 3.246 m slm. Tempo per una camminata. Al rientro a Quito fermata a Cotacachi, piccolo villaggio dedito al lavoro in cuoio: borse, giubbotti, stivali di ottima qualit\u00e0 e manifattura. Rientro a Quito. Pernottamento.<\/td>\n<\/tr>\n<tr class=\"alt\" style=\"height: 24px\">\n<td style=\"background-color: #ababab;width: auto;height: auto\"><span style=\"color: #000000\"><span style=\"color: #ff6600\">\u27a4<\/span>Giorno 5: MITAD DEL MUNDO &#8211; PANECILLO<br \/>\n<\/span><\/td>\n<\/tr>\n<tr class=\"alt\" style=\"height: auto\">\n<td style=\"width: auto;height: auto\">Prima colazione. Visita facoltativa al posto considerato \u201cla mitad del Mundo\u201d (latitude 0\u00b00\u201900\u2019\u2019, secondo una spedizione francese del XVIII secolo), passando per Panecillo antico luogo sacro inca da dove si ottiene una splendida vista su tutta Quito. Al rientro fermata alla Plaza de San Francisco, considerata la \u201cEscorial\u201d del nuovo mondo e alla Basilica del Voto Nazional, la pi\u00f9 importante in stile neo-gotico di tutta l\u2019America Latina. Cena libera nella Praza Foch, epicentro della vita notturna \u201cquitegna\u201d. Pernottamento.<\/td>\n<\/tr>\n<tr class=\"alt\" style=\"height: 24px\">\n<td style=\"background-color: #ababab;width: auto;height: auto\"><span style=\"color: #000000\"><span style=\"color: #ff6600\">\u27a4<\/span>Giorno 6: VULCANO COTOPAXI<br \/>\n<\/span><\/td>\n<\/tr>\n<tr class=\"alt\" style=\"height: auto\">\n<td style=\"width: auto;height: auto\">Prima colazione in albergo e partenza in direzione sud, verso il Parco Nazionale Cotopaxi, la cui principale attrattiva \u00e8 rappresentata dal pi\u00f9 alto vulcano attivo al mondo: l\u2019innevato Cotopaxi: possibilit\u00e0 di avvicinarsi e camminare per ca. un ora intorno al lago Limpiopungo a 3.800 m slm. Continuazione della salita in macchina fino alla base del parcheggio a 4.500 m slm. Questo parco conta, nonostante l\u2019elevata altitudine con numerose specie di piante ed uccelli. Tempo permettendo sar\u00e0 possibile osservare il Rifugio Jos\u00e8 Rivas e la cima del vulcano. Rientro a Quito. Pernottamento.<\/td>\n<\/tr>\n<tr class=\"alt\" style=\"height: auto\">\n<td style=\"background-color: #ababab;width: auto;height: auto\"><span style=\"color: #000000\"><span style=\"color: #ff6600\">\u27a4<\/span>Giorno 7: VULCANO COTOPAXI<\/span><\/td>\n<\/tr>\n<tr class=\"alt\" style=\"height: auto\">\n<td style=\"width: auto;height: auto\">Prima colazione Giornata a disposizione per ultime visite.<\/td>\n<\/tr>\n<tr class=\"alt\" style=\"height: 24px\">\n<td style=\"background-color: #ababab;width: auto;height: auto\"><span style=\"color: #000000\"><span style=\"color: #ff6600\">\u27a4<\/span>Giorno 8: QUITO \u2013 GALAPAGOS- BALTRA<br \/>\n<\/span><\/td>\n<\/tr>\n<tr class=\"alt\" style=\"height: auto\">\n<td style=\"width: auto;height: auto\">Partenza per l\u2019aeroporto con una valigetta di mano per proseguire viaggio verso le Galapagos. <span style=\"font-family: inherit;font-size: inherit\">All\u2019arrivo tempo per il disbrigo delle pratiche d\u2019ingresso all\u2019Isola. Trasferimento privato all\u2019Isola di Santa Cruz, visitando durante il percorso i crateri gemelli circondati da una natura lussureggiante e la finca El Chato, per un primo contatto con le tartarughe giganti. Pranzo libero nella finca. Dopo la visita continuazione fino a Santa Cruz. Sistemazione nelle camere riservate. Tempo per una passeggiata libera per il piccolo centro del paese. Pernottamento.<\/span><\/td>\n<\/tr>\n<tr class=\"alt\" style=\"height: auto\">\n<td style=\"background-color: #ababab;width: auto;height: auto\"><span style=\"color: #000000\"><span style=\"color: #ff6600\">\u27a4<\/span> Giorno 9: ISOLA SANTA CRUZ<\/span><\/td>\n<\/tr>\n<tr class=\"alt\" style=\"height: auto\">\n<td style=\"width: auto;height: auto\">Prima colazione in hotel. Visita libera al Centro di interpretazione nonch\u00e9 stazione scientifica Charles Darwin: un percorso libero a piedi che permette individuare ca. 11 sottospecie delle tartarughe giganti. In seguito \u00e8 possibile proseguire verso la spiaggia los Alemanes, una piccola baia di sabbia bianca in cui poter realizzare snorkeling e las Grietas, una formazione rocciosa di origine vulcanica la cui particolarit\u00e0 \u00e8 l\u2019incontro delle acque dolci(la parte profonda dove ci sono le scale per arrivarci e tuffarsi) con l\u2019acqua salata del mare che si trova man mano..luogo ideale bagni tipo piscina e un bello snorkeling. Tortuga Bay \u00e8 il posto ideale per gli amanti della spiaggia:e a Playa Mansa il luogo migliore per nuotare in tranquillit\u00e0 si pu\u00f2 arrivare da Puerto Ayora a piedi (ca. un\u2019oretta di camminata) o in piccole barche che partono da Puerto Ayora. Sempre da Puerto Ayora partono le escursioni giornaliere per altre Isole con proposte soprattutto di snorkeling molto interessanti come Isola Pinz\u00f3n, Isola Santa, Playa Escondida per le cui visite conviene pernottare altre notti a Santa Cruz. Da Santa Cruz partono anche le escursioni per la famosa Isola Bartolom\u00e8, splendida soprattutto dal punto di vista paesaggistico e l\u2019Isola Seymour, regno di specie autoctone.<\/td>\n<\/tr>\n<tr class=\"alt\" style=\"height: 24px\">\n<td style=\"background-color: #ababab;width: auto;height: auto\"><span style=\"color: #ff6600\">\u27a4<\/span> <span style=\"color: #000000\">Giorno 10: ISOLA ISABELA: FLAMINGOS E TINTORERAS<\/span><\/td>\n<\/tr>\n<tr class=\"alt\" style=\"height: auto\">\n<td style=\"width: auto;height: auto\">Prima colazione. Giornata dedicata alla visita dell\u2019Isola pi\u00f9 grande dell\u2019arcipelago: Isabela che occupa il 60% della superficie totale delle Galapagos. Vi si arriva navigando per ca. due ore e mezzo(barche veloci da prenotare in anticipo): Arrivo e sistemazione nelle camere riservate. Visita libera alla laguna dei fenicotteri, per osservare le specie di uccelli nel loro stato naturale. In seguito dopo una breve navigazione di 15 minuti di navigazione da Puerto Villamil visita alle Isolette Tintoreras per osservare colonie di iguane marine, pellicani, sule dai piedi blu. Tempo per fare di snorkeling. Rientro in hotel.<\/td>\n<\/tr>\n<tr>\n<td style=\"background-color: #ababab;width: auto;height: auto\"><span style=\"color: #ff6600\">\u27a4<\/span> <span style=\"color: #000000\">Giorno 11: FULL DAY ISABELA \u2013 SIERRA NEGRA<\/span><\/td>\n<\/tr>\n<tr>\n<td style=\"width: auto;height: auto\">Dopo colazione. Possibilit\u00e0 di visita alla Sierra Negra, la seconda caldera attiva pi\u00f9 grande del mondo. Camminata attraverso campi di lava perpetua, tempo per osservare posti impressionanti all&#8217;interno della pi\u00f9 grande isola dell\u2019arcipelago delle Galapagos. Prevedere pranzo in box lunch. Al pomeriggio rientro al Isola Santa Cruz. Sistemazione in hotel. Cena. Pernottamento.<\/td>\n<\/tr>\n<tr>\n<td style=\"background-color: #ababab;width: auto;height: auto\"><span style=\"color: #ff6600\">\u27a4<\/span> <span style=\"color: #000000\">Giorno 12: FULL DAY ISOLA SEYMOUR(da prenotare con molto anticipo)<\/span><\/td>\n<\/tr>\n<tr>\n<td style=\"width: auto;height: auto\">Prima colazione. Giornata libera per escursioni facoltative, tra cui spicca la visita alla bellissima Isola Seymour, circondata da alberi di Palo Santo, piqueros di zampa blue, gabbiani e numerosi uccelli: giornata dedicata al relax tra navigazione, camminate, nuoto e snorkeling. Pranzo nell&#8217;imbarcazione. Fine pomeriggio rientro in hotel.<\/td>\n<\/tr>\n<tr>\n<td style=\"background-color: #ababab;width: auto;height: auto\"><span style=\"color: #ff6600\">\u27a4<\/span> <span style=\"color: #000000\">Giorno 13\/14: SANTA CRUZ<\/span><\/td>\n<\/tr>\n<tr>\n<td style=\"width: auto;height: auto\">Prima colazione. Intere giornate libere per escursioni facoltative o un completo relax.<\/td>\n<\/tr>\n<\/tbody>\n<tbody>\n<tr>\n<td style=\"background-color: #ababab;width: auto;height: auto\"><span style=\"color: #ff6600\">\u27a4<\/span> <span style=\"color: #000000\">Giorno 15: BALTRA \u2013 QUITO<\/span><\/td>\n<\/tr>\n<tr>\n<td style=\"width: auto;height: auto\">Prima colazione. Trasferimento all&#8217;aeroporto di Baltra per\u00a0 iniziare per il viaggio di rientro a Quito nello stesso hotel precedente. Tempo libero. Pernottamento.<\/td>\n<\/tr>\n<\/tbody>\n<tbody>\n<tr>\n<td style=\"background-color: #ababab;width: auto;height: auto\"><span style=\"color: #ff6600\">\u27a4<\/span> <span style=\"color: #000000\">Giorno 16: QUITO &#8211; RIENTRO NEL PAESE D\u2019ORIGINE<\/span><\/td>\n<\/tr>\n<tr>\n<td style=\"width: auto;height: auto\">Prima colazione. In orario a seconda del volo internazionale trasferimento all&#8217;aeroporto.<\/td>\n<\/tr>\n<\/tbody>\n<\/table>\n<p>&nbsp;<\/p>\n","protected":false},"excerpt":{"rendered":"<p>Ecuador<br \/>\n16 giorni \/ 15 notti<\/p>\n","protected":false},"featured_media":3120,"comment_status":"closed","ping_status":"closed","template":"","meta":{"dwc-title":[""],"dwc-content":["<img class=\"size-full wp-image-3088 aligncenter\" src=\"https:\/\/www.lctouroperator.com\/it\/wp-content\/uploads\/2021\/05\/Ecuador-LCEC19-2105Ev51.jpg\" alt=\"\" width=\"274\" height=\"420\" \/>"]},"product_cat":[64,22],"product_tag":[],"class_list":{"0":"post-3071","1":"product","2":"type-product","3":"status-publish","4":"has-post-thumbnail","6":"product_cat-viaggi-di-nozze","7":"product_cat-gli-speciali","9":"first","10":"instock","11":"shipping-taxable","12":"product-type-simple"},"_links":{"self":[{"href":"https:\/\/www.lctouroperator.com\/it\/wp-json\/wp\/v2\/product\/3071"}],"collection":[{"href":"https:\/\/www.lctouroperator.com\/it\/wp-json\/wp\/v2\/product"}],"about":[{"href":"https:\/\/www.lctouroperator.com\/it\/wp-json\/wp\/v2\/types\/product"}],"replies":[{"embeddable":true,"href":"https:\/\/www.lctouroperator.com\/it\/wp-json\/wp\/v2\/comments?post=3071"}],"wp:featuredmedia":[{"embeddable":true,"href":"https:\/\/www.lctouroperator.com\/it\/wp-json\/wp\/v2\/media\/3120"}],"wp:attachment":[{"href":"https:\/\/www.lctouroperator.com\/it\/wp-json\/wp\/v2\/media?parent=3071"}],"wp:term":[{"taxonomy":"product_cat","embeddable":true,"href":"https:\/\/www.lctouroperator.com\/it\/wp-json\/wp\/v2\/product_cat?post=3071"},{"taxonomy":"product_tag","embeddable":true,"href":"https:\/\/www.lctouroperator.com\/it\/wp-json\/wp\/v2\/product_tag?post=3071"}],"curies":[{"name":"wp","href":"https:\/\/api.w.org\/{rel}","templated":true}]}}