{"id":3069,"date":"2021-05-14T10:41:12","date_gmt":"2021-05-14T13:41:12","guid":{"rendered":"https:\/\/www.lctouroperator.com\/it\/?post_type=product&#038;p=3069"},"modified":"2021-05-31T06:40:57","modified_gmt":"2021-05-31T09:40:57","slug":"il-grandioso-mondo-inca","status":"publish","type":"product","link":"https:\/\/www.lctouroperator.com\/it\/producto\/il-grandioso-mondo-inca\/","title":{"rendered":"Il grandioso mondo Inca"},"content":{"rendered":"<h2 class=\"nine columns\"><span style=\"color: #333333\">Per\u00f9, splendido e sorprendente in questa proposta sulle tracce di una civilt\u00e0 le cui vestigia dimostrano fastosit\u00e0, grande creativit\u00e0: un mondo pi\u00f9 che interessante da scoprire visitando i luoghi pi\u00f9 emblematici. Inoltre possibilit\u00e0 di entrare a contatto con una natura poco comune..un paesaggio desertico con i suo colori caratteristici che spiccano accanto al blue profondo dell\u2019immenso oceano Pacifico. <\/span><\/h2>\n<h3 class=\"nine columns\">Programma<\/h3>\n<table>\n<tbody>\n<tr>\n<td style=\"background-color: #ababab\"><span style=\"color: #000000\"><span style=\"color: #ff6600\">\u27a4<\/span>Giorno 1: Cusco\u00a0<\/span><\/td>\n<\/tr>\n<tr class=\"alt\">\n<td>Arrivo alla citt\u00e0 di Cusco. Ricevimento e trasferimento in hotel. Tempo per riposarsi dal viaggio. Breve passeggiata nei dintorni dell\u00b4hotel. Si suggerisce pasti leggeri ed evitare le bevande alcoliche. Pernottamento.<\/td>\n<\/tr>\n<tr>\n<td style=\"background-color: #ababab\"><span style=\"color: #000000\"><span style=\"color: #ff6600\">\u27a4<\/span>Giorno 2: Lima &#8211; Cusco<\/span><\/td>\n<\/tr>\n<tr class=\"alt\">\n<td>Prima colazione. In mattinata visita guidata a piedi: Plaza de Armas, la Cattedrale la cattedrale con le sue meravigliose cappelle, gli altari barocchi e i dipinti della Scuola Cuzque\u00f1a. Visita al Tempio di Korikancha o Tempio del Sole, sulle cui rovine oggi si trova la basilica di San Domenico. Pranzo. Visita ai vicini resti archeologici: la fortezza di Sacsayhuaman, il Bagno Inca di Tambomachay, il Labirinto di Puca-Pucara e l\u2019Anfiteatro di Kenko. Rientro in albergo.<\/td>\n<\/tr>\n<tr>\n<td style=\"background-color: #ababab\"><span style=\"color: #000000\"><span style=\"color: #ff6600\">\u27a4<\/span>Giorno 3: Cusco &#8211; Valle Sacra degli Incas<\/span><\/td>\n<\/tr>\n<tr class=\"alt\">\n<td>Prima colazione. Visita guidata turistico attraverso la Valle Sacra degli Incas, in cui si trova il famoso e pittoresco mercato dell\u2019artigianato di Pisac. Si proseguir\u00e0 poi il viaggio fino a Urubamba, dove ci si fermer\u00e0 per un delizioso pranzo buffet. L\u2019itinerario continua poi fino a raggiungere il complesso archeologico di Ollantaytambo, di cui si visiteranno i templi, i passaggi e i settori amministrativi. Rientro a Cusco (se in privato pernottamento a Ollantaytambo).<\/td>\n<\/tr>\n<tr>\n<td style=\"background-color: #ababab\"><span style=\"color: #000000\"><span style=\"color: #ff6600\">\u27a4<\/span>Giorno 4: Machu Picchu &#8211; Aguas Calientes<\/span><\/td>\n<\/tr>\n<tr class=\"alt\">\n<td>Prima colazione. Trasferimento alla stazione ferroviaria: viaggio attraverso impressionanti paesaggi della Valle di Urubamba, seguito da altri 30 minuti in pullman turistico fino a raggiungere l\u2019incredibile \u201cCiudad Perdida de Los Incas\u201d: Machu Picchu. Visita guidata dei settori pi\u00f9 importanti della cittadella: il Mirador, la Piazza principale e il Tempio De las Tres Ventanas. Rientro in pullman turistico. Pranzo libero a Aguas Calientes. Rientro a Cusco.<\/td>\n<\/tr>\n<tr class=\"alt\">\n<td style=\"background-color: #ababab\"><span style=\"color: #000000\"><span style=\"color: #ff6600\">\u27a4<\/span>Giorno 5: Cusco<\/span><\/td>\n<\/tr>\n<tr class=\"alt\">\n<td>Prima colazione. Giornata libera a Cusco per le ultime visite come: i musei che contengo gli oggetti ritrovati in Machu Picchu ed altri che contengono l\u2019 eredit\u00e0 inca, visita al quartiere San Blas dove \u00e8 possibile acquistare i famosi specchi a forma di sole di tutte le misure, visita e pranzo libero al colorito mercato di Cusco. Cena facoltativa con show di danze tipiche. Rientro in hotel. Pernottamento.<\/td>\n<\/tr>\n<tr class=\"alt\">\n<td style=\"background-color: #ababab\"><span style=\"color: #000000\"><span style=\"color: #ff6600\">\u27a4<\/span>Giorno 6: Cusco &#8211; Paracas<\/span><\/td>\n<\/tr>\n<tr class=\"alt\">\n<td>Prima colazione. Continuazione del viaggio verso Paracas che permette un tuffo nella natura affascinate di questa costa Pacifica: deserto e mare, un mix interessante che permette contemplare paesaggi inediti. (volo diretto o via Lima. A seconda dell\u2019orario d\u2019arrivo visita al Centro d\u2019interpretazione per comprendere la ricchezza geo-ambientale de la zona.<\/td>\n<\/tr>\n<tr class=\"alt\">\n<td style=\"background-color: #ababab\"><span style=\"color: #000000\"><span style=\"color: #ff6600\">\u27a4<\/span>Giorno 7: Isola Ballestas \u2013 Il Candelabro \u2013 Facoltativo: sorvolo delle linee di Nazca da Pisco<\/span><\/td>\n<\/tr>\n<tr class=\"alt\">\n<td>Ben presto, dopo una leggera colazione per evitare il mar di mare,\u00a0 visita all\u2019Isola Ballestas che prevede una navigazione in lancia veloce, in ca. venti minuti si arriva all&#8217;isola dove, senza scendere dalla lancia si inizia a osservare quest\u2019Isola vero santuario di vita marina che grazie alla famosa \u201ccorrente fredda di Humbolt\u201d \u00e8 ricca in nutrienti permettendo che migliaia di uccelli, leoni marini, pinguini etc. popolini indisturbati quest\u2019 Isola di guano, un tempo di vitale importanza per l\u2019 economia peruviana. Al rientro fermata per contemplare \u201cil Candelabro\u201d una delle famose \u201clinee di Nazca\u201d un immenso geo-glifo tracciato sul pendio della collina la cui visione \u00e8 tra le pi\u00f9 chiare tra le misteriose linee di Nazca. Ca 200 metri di altezza che racchiude mistero e bellezza e permette diverse interpretazioni: Candelabro o Tre croci su di un piedistallo? o altro ancora?. Rientro al porto pieno di pellicani e cormorani. Tempo libero per godersi la piscina dell\u2019hotel sulla riva dell\u2019oceano. Pernottamento.<\/td>\n<\/tr>\n<tr class=\"alt\">\n<td style=\"background-color: #ababab\"><span style=\"color: #000000\"><span style=\"color: #ff6600\">\u27a4<\/span>Giorno 8: Linee di Nazca &#8211; Lima<\/span><\/td>\n<\/tr>\n<tr class=\"alt\">\n<td>Prima colazione. Importante: \u00e8 possibile realizzare il sorvolo sulle delle linee di Nazca dal piccolo aeroporto di Pisco a 20 chilometri da Paracas, evitando quasi 8 ore di viaggio tra andata e ritorno da Paracas.\u00a0\u00a0 Basta \u00a0prenotare con molto anticipo. Rientro a Lima dove l\u2019arrivo \u00e8 previsto dopo ca. 4 ore di viaggio. All&#8217;arrivo durante il trasferimento in hotel visita panoramica della citt\u00e0 dei Re, cuore del Virreinato nell&#8217;America coloniale. Sistemazione nelle camere riservate. In serata. Visita al Parco delle acque per ammirare le fontane che compongono \u201cil circuito magico delle acque\u201d. Cena libera in qualche famoso ristorante della citt\u00e0.<\/td>\n<\/tr>\n<tr class=\"alt\">\n<td style=\"background-color: #ababab\"><span style=\"color: #000000\"><span style=\"color: #ff6600\">\u27a4<\/span>Giorno 9: Lima<\/span><\/td>\n<\/tr>\n<tr class=\"alt\">\n<td>Prima colazione. Mattina libera. Tempo per visitare il famoso mercato locale e degustare piatti soprattutto a base di pesci e frutti di mare. Al pomeriggio visita guidata del Museo Larco Herrera, in cui si trova una collezione d\u2019arte peruviana precolombiano che comprende circa 45.000 pezzi d\u2019oro e d\u2019argento, ceramiche, articoli tessili. Rientro in hotel.<\/td>\n<\/tr>\n<tr class=\"alt\">\n<td style=\"background-color: #ababab\"><span style=\"color: #000000\"><span style=\"color: #ff6600\">\u27a4<\/span>Giorno 10: Lima &#8211; Estensione mare a Punta Cana (Repubblica Dominicana)<\/span><\/td>\n<\/tr>\n<tr class=\"alt\">\n<td>Prima colazione. A partire di questo giorno per una\u00a0 scelta di un soggiorno mare si apre un ventaglio di possibilit\u00e0 ma la proposta vincente \u00e8 nei Caraibi che si raggiunge a solo 5 ore di volo diretto da Lima: Punta Cana in Repubblica Dominicana dove diverse strutture all inclusive propongono giorni splendidi di mare.<\/td>\n<\/tr>\n<\/tbody>\n<\/table>\n<div class=\"row\"><\/div>\n<p><!--:--><\/p>\n","protected":false},"excerpt":{"rendered":"<p>Per\u00fa<br \/>\n10 giorni \/ 9 notti<\/p>\n","protected":false},"featured_media":3111,"comment_status":"closed","ping_status":"closed","template":"","meta":{"dwc-title":[""],"dwc-content":["<img class=\"size-full wp-image-3092 aligncenter\" src=\"https:\/\/www.lctouroperator.com\/it\/wp-content\/uploads\/2021\/05\/Peru-Dominicana-M01-2105Fv61.jpg\" alt=\"\" width=\"274\" height=\"420\" \/>"]},"product_cat":[64,22],"product_tag":[],"class_list":{"0":"post-3069","1":"product","2":"type-product","3":"status-publish","4":"has-post-thumbnail","6":"product_cat-viaggi-di-nozze","7":"product_cat-gli-speciali","9":"first","10":"instock","11":"shipping-taxable","12":"product-type-simple"},"_links":{"self":[{"href":"https:\/\/www.lctouroperator.com\/it\/wp-json\/wp\/v2\/product\/3069"}],"collection":[{"href":"https:\/\/www.lctouroperator.com\/it\/wp-json\/wp\/v2\/product"}],"about":[{"href":"https:\/\/www.lctouroperator.com\/it\/wp-json\/wp\/v2\/types\/product"}],"replies":[{"embeddable":true,"href":"https:\/\/www.lctouroperator.com\/it\/wp-json\/wp\/v2\/comments?post=3069"}],"wp:featuredmedia":[{"embeddable":true,"href":"https:\/\/www.lctouroperator.com\/it\/wp-json\/wp\/v2\/media\/3111"}],"wp:attachment":[{"href":"https:\/\/www.lctouroperator.com\/it\/wp-json\/wp\/v2\/media?parent=3069"}],"wp:term":[{"taxonomy":"product_cat","embeddable":true,"href":"https:\/\/www.lctouroperator.com\/it\/wp-json\/wp\/v2\/product_cat?post=3069"},{"taxonomy":"product_tag","embeddable":true,"href":"https:\/\/www.lctouroperator.com\/it\/wp-json\/wp\/v2\/product_tag?post=3069"}],"curies":[{"name":"wp","href":"https:\/\/api.w.org\/{rel}","templated":true}]}}