{"id":3068,"date":"2021-05-14T10:39:48","date_gmt":"2021-05-14T13:39:48","guid":{"rendered":"https:\/\/www.lctouroperator.com\/it\/?post_type=product&#038;p=3068"},"modified":"2021-05-20T11:35:14","modified_gmt":"2021-05-20T14:35:14","slug":"fascino-coloniale-e-riviera-maya","status":"publish","type":"product","link":"https:\/\/www.lctouroperator.com\/it\/producto\/fascino-coloniale-e-riviera-maya\/","title":{"rendered":"Fascino coloniale e Riviera Maya"},"content":{"rendered":"<p><!--:es--><\/p>\n<div class=\"row\">\n<h2 align=\"left\">Un Messico davvero pieno di fascino, storia, bellezze architettoniche coloniali, paesini divenuti citt\u00e0 moderne ma col cuore nel passato tanto sono amati y palazzi e i ricordi di tempi passasti spesso gloriosi. Tour sognati con imperdibile giorni di mare nella splendida Riviera Maya magari con qualche visita a monumentali vestigie maya.<\/h2>\n<h3 align=\"left\">Programma<\/h3>\n<table>\n<tbody>\n<tr>\n<td style=\"background-color: #ababab\"><span style=\"color: #000000\"><span style=\"color: #ff6600\">\u27a4<\/span>Giorno 1: Citt\u00e0 del Messico<\/span><\/td>\n<\/tr>\n<tr class=\"alt\">\n<td>Arrivo all&#8217;aeroporto internazionale. Assistenza e trasferimento in hotel. Tempo libero. Sistemazione.<\/td>\n<\/tr>\n<tr>\n<td style=\"background-color: #ababab\"><span style=\"color: #000000\"><span style=\"color: #ff6600\">\u27a4<\/span>Giorno 2: Centro storico \u00a0e museo antropologico<br \/>\n<\/span><\/td>\n<\/tr>\n<tr class=\"alt\">\n<td>Prima colazione. In mattinata, visita della citt\u00e0 cominciando dal centro storico, Z\u00f2calo, Cattedrale, Palacio Nacional, i Murales di Diego Rivera, Casa Azul, \u00a0Paseo de la Reforma e Chapultepec, fino ad arrivare al Museo Nazionale di Antropologia, uno dei pi\u00f9 importanti al mondo, per una breve visita. Si potr\u00e0 rimanere nel museo o essere trasferiti in hotel. Tempo libero. In serata facoltativo show di Mariacis nella Piazza Garibaldi.<\/td>\n<\/tr>\n<tr>\n<td style=\"background-color: #ababab\"><span style=\"color: #000000\"><span style=\"color: #ff6600\">\u27a4<\/span>Giorno 3: Basilica di Guadalupe \/- Piramidi di Teotihuac\u00e1n &#8211; Puebla<\/span><\/td>\n<\/tr>\n<tr class=\"alt\">\n<td>Prima colazione. Partenza\u00a0 verso la bella Puebla, visitando durante il percorso la Basilica di Guadalupe, il santuario mariano pi\u00f9 visitato al mondo per vedere il telo ancora intatto con la figura della madre di Ges\u00f9 apparso sulla veste dell\u2019indigena Juan Diego, il cui disegno e colori contengono tecniche inesistenti all&#8217;epoca. Si prosegue verso Teotihuac\u00e1n, \u201cdove gli uomini diventano dei\u201d. Si visiter\u00e0 il Tempio di Quetzalc\u00f3atl, la Calzada de los muertos, la Piramide del Sole, quella della Luna e il Tempio del Quetzal-Papalotl. Proseguimento verso Puebla. Arrivo e sistemazione in hotel. Tempo libero.<\/td>\n<\/tr>\n<tr>\n<td style=\"background-color: #ababab\"><span style=\"color: #000000\"><span style=\"color: #ff6600\">\u27a4<\/span>Giorno 4: Puebla<\/span><\/td>\n<\/tr>\n<tr class=\"alt\">\n<td>Prima colazione. Visita a Puebla de los Angeles, citt\u00e0 Patrimonio Mondiale, fondata nel 1531: la chiesa di Santo Domingo de Guzm\u00e1n con la cappella del Rosario, che per molti \u00e8 un capolavoro del barocco messicano, con una decorazione che da origine al detto locale: \u201ctutto ci\u00f2 che brilla \u00e8 oro\u201d. Possiede dettagli magistrali, come grandi tele, scudi domenicani, e riproduzioni di cherubini; decorazioni in gesso in cupole e tabernacoli della Madonna del Rosario. La luce che penetra attraverso le finestre della cupola illumina con i suoi riflessi le rifiniture in oro delle foglie. Pranzo. Visita alla cattedrale, una tra le pi\u00f9 belle d\u2019America. Puebla \u00e8 famosa per il suo centro storico, la Talavera, il dipinto in ceramica e la sua squisita gastronomia. Tempo libero.<\/td>\n<\/tr>\n<tr class=\"alt\">\n<td style=\"background-color: #ababab\"><span style=\"color: #000000\"><span style=\"color: #ff6600\">\u27a4<\/span>Giorno 5: Puebla &#8211; Queretaro &#8211; San Miguel de Allende<\/span><\/td>\n<\/tr>\n<tr class=\"alt\">\n<td>Prima colazione. Continuazione del viaggio verso San Miguel di Allende, la cittadina ideale da vivere per temperatura e aria pulita. Fermata a Queretaro, un gioiello coloniale con splendidi palazzi e chiese, citt\u00e0 Patrimonio Mondiale, visita panoramica pasando per l\u2019acquedotto, il centro storico e l\u2019ex Convento della Croce, dove cresce un albero con delle spine a forma di croce. Pranzo libero in corso del viaggio. Sistemazioni hotel a San Miguel de Allende che conta inoltre con un\u2019ampia variet\u00e0 di bar e ristoranti.<\/td>\n<\/tr>\n<tr class=\"alt\">\n<td style=\"background-color: #ababab\"><span style=\"color: #000000\"><span style=\"color: #ff6600\">\u27a4<\/span>Giorno 6: San Miguel de Allende<br \/>\n<\/span><\/td>\n<\/tr>\n<tr class=\"alt\">\n<td>Prima colazione. Visita a\u00a0 questa dolce citt\u00e0 dove ha vissuto il comico Cantinflas e luogo di residenza di artisti e intellettuali. In primo piano, come punti d\u2019interesse, la parrocchia di San Michele Arcangelo, la chiesa della Santa Casa, il Convento della Concezione, la chiesa di San Francisco e la Casa e Istituto Allende. Proseguimento verso \u00a0Guanajuato. Serata libera nella piazza principale di Guanajuato. Pernottamento.<\/td>\n<\/tr>\n<tr class=\"alt\">\n<td style=\"background-color: #ababab\"><span style=\"color: #000000\"><span style=\"color: #ff6600\">\u27a4<\/span>Giorno 7: Guanajuato<\/span><\/td>\n<\/tr>\n<tr class=\"alt\">\n<td>Prima colazione. Visita alla citt\u00e0 Patrimonio Mondiale, sede annuale del Festival Internazionale Cervantino e ricca di vicoli e piazze, che offre luoghi interessanti come l\u2019universit\u00e0, il Teatro Ju\u00e1rez, il Vicolo del Bacio, la casa-museo del <em>muralista <\/em>Diego Rivera, marito di Frida Kahlo. Le sue strade e vie sotterranee sono uniche nel paese. Opzione di passeggiata accompagnati da banda musicale o tuna valeriana. Pernottamento.<\/td>\n<\/tr>\n<tr class=\"alt\">\n<td style=\"background-color: #ababab\"><span style=\"color: #000000\"><span style=\"color: #ff6600\">\u27a4<\/span>Giorno 8: \u00a0Guadalajara<\/span><\/td>\n<\/tr>\n<tr class=\"alt\">\n<td>Prima colazione. Proseguimento per Guadalajara. Nel percorso visita ad una fabbrica di tequila. Tempo per la degustazione. Arrivo a Guadalajara. Sistemazione in hotel. Tempo libero.<\/td>\n<\/tr>\n<tr class=\"alt\">\n<td style=\"background-color: #ababab\"><span style=\"color: #000000\"><span style=\"color: #ff6600\">\u27a4<\/span>Giorno 9: Guadalajara\u00a0 &#8211; Tlaquepaque<br \/>\n<\/span><\/td>\n<\/tr>\n<tr class=\"alt\">\n<td>Prima colazione. Visita della citt\u00e0 capitale del Jalisco, culla dei mariacis: il Teatro Degollado, la Cattedrale, la Rotonda degli Uomini Illustri, il Palazzo del Governo con i suoi splendidi murales di Orozco, la Piazza Tapat\u00eca ed una vista panoramica dell\u2019Ospizio Caba\u00f1as.\u00a0 Tempo libero visite facoltative come ad una fabbrica di tequila, a Tlaquepaque, riconosciuta per la bellezza dell\u2019artigianato. Tempo per passeggiare per la via principale ricolma di artigianato rustico e lussuoso.<\/td>\n<\/tr>\n<tr class=\"alt\">\n<td style=\"background-color: #ababab\"><span style=\"color: #000000\"><span style=\"color: #ff6600\">\u27a4<\/span>Giorno 10: Morelia <\/span><\/td>\n<\/tr>\n<tr class=\"alt\">\n<td>Prima colazione. Proseguimento verso Morelia, citt\u00e0 Patrimonio Culturale dell\u2019Umanit\u00e0, conosciuta per il suo ambiente studentesco e per le sue magnifiche costruzioni in pietra rosa, per cui \u00e8 chiamata \u201cla Citt\u00e0 della Cantera (cava) Rosa\u201d: la Cattedrale, il Palazzo del Governo, il Palazzo Clavijero, la Plaza Mayor, il mercato dei dolci tipici, l\u2019acquedotto e il Tempio Gualupita nel convento di San Diego. La cattedrale di Morelia \u00e8 una delle pi\u00f9 belle del paese e all\u2019interno si trova il Santo Cristo de la sacristia. Tempo libero.<\/td>\n<\/tr>\n<tr class=\"alt\">\n<td style=\"background-color: #ababab\"><span style=\"color: #000000\"><span style=\"color: #ff6600\">\u27a4<\/span>Giorno 11: Morelia \/ Riviera Maya<\/span><\/td>\n<\/tr>\n<tr class=\"alt\">\n<td>Prima colazione. Trasferimento all\u2019aeroporto per iniziare il viaggio verso la Riviera Maya.<\/td>\n<\/tr>\n<tr class=\"alt\">\n<td style=\"background-color: #ababab\"><span style=\"color: #000000\"><span style=\"color: #ff6600\">\u27a4<\/span>Giorno 12, 13,14,15: Riviera Maya<\/span><\/td>\n<\/tr>\n<tr class=\"alt\">\n<td>Giorni di relax a disposizione in sistemazione all inclusive.<\/td>\n<\/tr>\n<tr class=\"alt\" style=\"height: 24px\">\n<td style=\"background-color: #ababab;height: 24px\"><span style=\"color: #000000\"><span style=\"color: #ff6600\">\u27a4<\/span>Giorno 16: Inizio del rientro al paese di origine<\/span><\/td>\n<\/tr>\n<tr class=\"alt\" style=\"height: 24px\">\n<td style=\"height: 24px\">Prima colazione. In orario a seconda del volo internazionale trasferimento all&#8217;aeroporto per iniziare il viaggio di rientro nel paese di origine. Fine dei servizi.<\/td>\n<\/tr>\n<\/tbody>\n<\/table>\n<\/div>\n<p><!--:--><\/p>\n","protected":false},"excerpt":{"rendered":"<p>Messico<br \/>\n16 giorni \/ \u00a015 notti<\/p>\n","protected":false},"featured_media":3107,"comment_status":"closed","ping_status":"closed","template":"","meta":{"dwc-title":[""],"dwc-content":["<img class=\"size-full wp-image-3093 aligncenter\" src=\"https:\/\/www.lctouroperator.com\/it\/wp-content\/uploads\/2021\/05\/Mexico-M8-2105Hv81.jpg\" alt=\"\" width=\"274\" height=\"420\" \/>"]},"product_cat":[64,22],"product_tag":[],"class_list":{"0":"post-3068","1":"product","2":"type-product","3":"status-publish","4":"has-post-thumbnail","6":"product_cat-viaggi-di-nozze","7":"product_cat-gli-speciali","9":"first","10":"instock","11":"shipping-taxable","12":"product-type-simple"},"_links":{"self":[{"href":"https:\/\/www.lctouroperator.com\/it\/wp-json\/wp\/v2\/product\/3068"}],"collection":[{"href":"https:\/\/www.lctouroperator.com\/it\/wp-json\/wp\/v2\/product"}],"about":[{"href":"https:\/\/www.lctouroperator.com\/it\/wp-json\/wp\/v2\/types\/product"}],"replies":[{"embeddable":true,"href":"https:\/\/www.lctouroperator.com\/it\/wp-json\/wp\/v2\/comments?post=3068"}],"wp:featuredmedia":[{"embeddable":true,"href":"https:\/\/www.lctouroperator.com\/it\/wp-json\/wp\/v2\/media\/3107"}],"wp:attachment":[{"href":"https:\/\/www.lctouroperator.com\/it\/wp-json\/wp\/v2\/media?parent=3068"}],"wp:term":[{"taxonomy":"product_cat","embeddable":true,"href":"https:\/\/www.lctouroperator.com\/it\/wp-json\/wp\/v2\/product_cat?post=3068"},{"taxonomy":"product_tag","embeddable":true,"href":"https:\/\/www.lctouroperator.com\/it\/wp-json\/wp\/v2\/product_tag?post=3068"}],"curies":[{"name":"wp","href":"https:\/\/api.w.org\/{rel}","templated":true}]}}