{"id":3067,"date":"2021-05-14T10:37:04","date_gmt":"2021-05-14T13:37:04","guid":{"rendered":"https:\/\/www.lctouroperator.com\/it\/?post_type=product&#038;p=3067"},"modified":"2021-05-20T11:35:36","modified_gmt":"2021-05-20T14:35:36","slug":"deserti-colorati-e-unisola-esotica","status":"publish","type":"product","link":"https:\/\/www.lctouroperator.com\/it\/producto\/deserti-colorati-e-unisola-esotica\/","title":{"rendered":"Deserti colorati e un&#8217;Isola esotica"},"content":{"rendered":"<h2>E\u2019 possibile ascoltare il silenzio, sentire il profumo dei colori, immedesimarsi con la natura, scoprire \u00a0bellezze \u00a0magari mai viste. Un percorso che conduce per il deserto di Atacama e quelli della Bolivia attraversando laghi di colori insoliti alcune abitate di migliaia di fenicotteri come la laguna Colorada in Bolivia fino al surreale e immenso Salar di Uyuni. Terra di Neruda che canta all&#8217;amore.. giorni all&#8217;insegna del bello e del nuovo fino alla lontana Isola di Pasqua dove\u00a0 il mistero che la percorre tutta si mescola con una natura selvaggia e mite. Un viaggio unico che rimarr\u00e0 per sempre negli occhi e nel cuore.<\/h2>\n<h2><span style=\"color: #ff6600\">Programma<\/span><\/h2>\n<table style=\"height: 864px\">\n<tbody>\n<tr style=\"height: 24px\">\n<td style=\"background-color: #ababab;height: 24px\"><span style=\"color: #000000\"><span style=\"color: #ff6600\">\u27a4<\/span>Giorno 1: Calama<br \/>\n<\/span><\/td>\n<\/tr>\n<tr style=\"height: 24px\">\n<td style=\"height: 24px\">Arrivo all&#8217;aeroporto di Calama. Trasferimento al Chiu Chiu o ritiro della macchina a noleggio. Sistemazione nel Murtra di Chiu Chiu. Cena di benvenuto.<\/td>\n<\/tr>\n<tr style=\"height: 24px\">\n<td style=\"background-color: #ababab;height: 24px\"><span style=\"color: #000000\"><span style=\"color: #ff6600\">\u27a4<\/span>Giorno 2: Chiu &#8211; Chiu (3.505 mslm)<br \/>\n<\/span><\/td>\n<\/tr>\n<tr style=\"height: 24px\">\n<td style=\"height: 24px\">Prima colazione. Avvolti nel clima del deserto..giornata dedicata alla scoperta del luoghi di Chiu Chiu e dintorni: petroglifi e archeologia, Pukara di Lasana, laguna Inca Coya.<\/td>\n<\/tr>\n<tr style=\"height: 24px\">\n<td style=\"background-color: #ababab;height: 24px\"><span style=\"color: #000000\"><span style=\"color: #ff6600\">\u27a4<\/span>Giorno 3: Geyser del Tatio &#8211; Caspana &#8211; Turi<br \/>\n<\/span><\/td>\n<\/tr>\n<tr style=\"height: 48px\">\n<td style=\"height: 48px\">Prima Colazione. Visita ai geyser del Tatio. Ben presto al mattino partenza verso il campo geotermico. Tempo per ammirare queste bellezze quasi surreali. Al rientro visita di Caspana, il paese quechua che si dedica all&#8217;agricoltura e all&#8217;allevamento, e alla realizzazione di artigianato in lana di alpaca e cactus.<\/td>\n<\/tr>\n<tr style=\"height: 24px\">\n<td style=\"background-color: #ababab;height: 24px\"><span style=\"color: #000000\"><span style=\"color: #ff6600\">\u27a4<\/span>Giorno 4: Chiu Chiu &#8211; Petroglifos de Yerbas Buenas &#8211; Rio Grande &#8211; San Pedro di Atacama<br \/>\n<\/span><\/td>\n<\/tr>\n<tr style=\"height: 48px\">\n<td style=\"height: 48px\">Partenza per San Pedro di Atacama, visitando durante il percorso i petroglifos de Yerbas Buenas: mescolati con l\u2019azzurro del cielo, la valle di Arco\u00edris (arcobaleno) \u00e8 di una bellezza incredibile. Tempo per ammirare nitidi petroglifi disegnati lungo i secoli da passanti..chiss\u00e0 da comunit\u00e0 che in questo modo comunicavano dei messaggi. Pernottamento a San Pedro di Atacama.<\/td>\n<\/tr>\n<tr style=\"height: 24px\">\n<td style=\"background-color: #ababab;height: 24px\"><span style=\"color: #000000\"><span style=\"color: #ff6600\">\u27a4<\/span>Giorno 5: Museo &#8211; Valle della Luna<br \/>\n<\/span><\/td>\n<\/tr>\n<tr style=\"height: 96px\">\n<td style=\"height: 96px\">Colazione. Mattina di relax. Passeggiata libera per scoprire il piccolo centro. Visita libera al museo archeologico P. Gustavo Le Paige che permette l\u2019avvicinamento alle culture e popolazioni storiche della zona. Al pomeriggio visita alla Valle della Luna nel Parco Nazionale dei Flamencos a 2.250 s.l.m.: a 43 km dal paese si arriva alla cordigliera del sale e le sue sculture rocciose fino ad affacciarsi sull&#8217;immensa distesa chiamata Valle della morte per la mancanza totale di vita di qualsiasi genere. Visita alle sculture chiamate le Tre Marie nella Valle della Luna cosi chiamata perch\u00e9 la grande duna assomiglia al paesaggio lunare. Tempo per ammirare il tramonto con dei colori splendidi che mano mano cala il sole mutano continuamente. Rientro al S.Pedro. Pernottamento.<\/td>\n<\/tr>\n<tr style=\"height: 24px\">\n<td style=\"background-color: #ababab;height: 24px\"><span style=\"color: #000000\"><span style=\"color: #ff6600\">\u27a4<\/span>Giorno 6: Salar de Atacama \/ Lagune a 4.150 m s.l.m.<br \/>\n<\/span><\/td>\n<\/tr>\n<tr style=\"height: 48px\">\n<td style=\"height: 48px\">Prima colazione in hotel. Escursione full-day al Gran Salar di Atacama. Si visiteranno i villaggi di Toconao, Camar e Socaire, arrivando fino alle lagune Miscanti e Miniques a 4.150 mslm. Box lunch. Ritorno a San Pedro, cena libera e pernottamento<\/td>\n<\/tr>\n<tr style=\"height: 24px\">\n<td style=\"background-color: #ababab;height: 24px\"><span style=\"color: #000000\"><span style=\"color: #ff6600\">\u27a4<\/span>Giorno 7: Hito Cajon &#8211; Deserto di Dali &#8211; Deserto di Siloli &#8211; Laguna Hedionda<br \/>\n<\/span><\/td>\n<\/tr>\n<tr style=\"height: 72px\">\n<td style=\"height: 72px\">Colazione in hotel. Alle ore 9 boliviani incontro col fuori strada e il guida locale per iniziare la visita partendo verso il Deserto di Dali, cos\u00ec chiamato per le vere opere d\u2019arte naturali che vi si trova: Laguna Verde, Laguna Bianca, le terme de Polques \u2013 dove sar\u00e0 possibile fare un energetico bagno termale \u2013 Sol de Ma\u00f1ana e la bellissima laguna Colorada, gi\u00e0 nel deserto di Siloli. Pranzo al sacco e continuazione del viaggio verso Laguna Hedionda, visitando durante il percorso l\u2019albero di Pietra. Arrivo e sistemazioni in hotel. Cena e pernottamento.<\/td>\n<\/tr>\n<tr style=\"height: 24px\">\n<td style=\"background-color: #ababab;height: 24px\"><span style=\"color: #000000\"><span style=\"color: #ff6600\">\u27a4<\/span>Giorno 8: Salar de Uyuni<br \/>\n<\/span><\/td>\n<\/tr>\n<tr style=\"height: 48px\">\n<td style=\"height: 48px\">Prima colazione. Partenza per il Salar di Uyuni: uno spettacolo inimmaginabile di questa immensa distesa desertica con un cielo di un azzurro intenso che contrasta con il bianco del sale, uno spettacolo senza paragoni. Percorso fino al cuore del Salar per visitare la Isla Pescado, formazione rocciosa rivestita da giganteschi cactus candelabro. Arrivo in serata al villaggio di Uyuni. Cena e pernottamento.<\/td>\n<\/tr>\n<tr style=\"height: 24px\">\n<td style=\"background-color: #ababab;height: 24px\"><span style=\"color: #000000\"><span style=\"color: #ff6600\">\u27a4<\/span>Giorno 9: Salar de Uyuni &#8211; rientro a San Pedro di Atacama (Cile)<br \/>\n<\/span><\/td>\n<\/tr>\n<tr style=\"height: 24px\">\n<td style=\"height: 24px\">Prima colazione. Ultime visite al Salar e rientro a San Pedro di Atacama. Cena libera. Pernottamento.<\/td>\n<\/tr>\n<tr style=\"height: 24px\">\n<td style=\"background-color: #ababab;height: 24px\"><span style=\"color: #000000\"><span style=\"color: #ff6600\">\u27a4<\/span>Giorno 10: Santiago, capitale del Cile<br \/>\n<\/span><\/td>\n<\/tr>\n<tr style=\"height: 72px\">\n<td style=\"height: 72px\">Prima colazione. Trasferimento all\u2019aeroporto per proseguire viaggio verso la capitale cilena. All&#8217;arrivo visita panoramica della citt\u00e0: Palazzo del Governo \u201cLa Moneda\u201d, visita del centro storico con la Plaza de Armas, la cattedrale, gli uffici centrali delle Poste, il Municipio, ecc. Proseguendo per il corso principale \u201cLa Alameda\u201d, il Parco Forestale del Colle San Crist\u00f3bal e il quartiere \u201cbohemien\u201d Bellavista. Si prosegue per le moderne zone residenziali e commerciali. Arrivo in hotel. Sistemazione. Tempo libero.<\/td>\n<\/tr>\n<tr style=\"height: 24px\">\n<td style=\"background-color: #ababab;height: 24px\"><span style=\"color: #ff6600\">\u27a4<\/span><span style=\"color: #000000\">Giorno 11: Vini e vigneti \u2013 Casablanca \u2013 Vi\u00f1a del Mar<\/span><\/td>\n<\/tr>\n<tr style=\"height: 96px\">\n<td style=\"height: 96px\">Prima colazione. Partenza\u00a0 verso il sud della citt\u00e0 in un percorso che attraversa la Valle del Maipo da nord a sud ai piedi della cordigliera delle Andes. Visita ad una cantina organica per conoscere la cultura del vino locale, la coltivazione, la vendemmia e la produzione.\u00a0 Pranzo in una delle famose cantine vinicole della zona di Casablanca, famose per i vini bianchi, tra cui spicca il Chardonnay. Possibilit\u00e0 di degustare il vino per uno sposalizio perfetto col piatto da scegliere.\u00a0 Proseguimento del\u00a0 viaggio verso Vi\u00f1a del Mar con una visita panoramica nel percorso fino all\u2019hotel. Sistemazione in hotel. Tempo libero per una passeggiata rilassante in riva al mare. Pernottamento.<\/td>\n<\/tr>\n<tr>\n<td style=\"background-color: #ababab\"><span style=\"color: #ff6600\">\u27a4<\/span><span style=\"color: #000000\">Giorno 12: Valparaiso \u2013 Isla Negra<\/span><\/td>\n<\/tr>\n<tr>\n<td>Prima colazione. Proseguendo verso l\u2019Oceano Pacifico visita a Valpara\u00edso: vivace, multicolore, considerato un museo a cielo aperto per i graffiti, alcuni dei veri capolavori, che riempiono di vita i muri della citt\u00e0. E\u2019 possibile visitarla con funicolare e muniti di scarpe comode per il continuo sali-scendi delle sue strade.\u00a0 Proseguimento\u00a0 verso Isla Negra, la casa al mare di Pablo Neruda, famosa per avere ospitato gli ultimi anni di vita del Premio Nobel. Rientro a Santiago. Tempo libero. Pernottamento.<\/td>\n<\/tr>\n<tr>\n<td style=\"background-color: #ababab\"><span style=\"color: #ff6600\">\u27a4<\/span><span style=\"color: #000000\">Giorno 13: Santiago &#8211; Isola di Pasqua<\/span><\/td>\n<\/tr>\n<tr>\n<td>In orario da confermare proseguimento del viaggio verso l\u2019Isola di Pasqua. Arrivo all&#8217;aeroporto MATAVERI ad Hanga Roa, localit\u00e0 che contiene quasi tutta la popolazione dell\u2019 Isola di circa 7.500 abitanti. Trasferimento all&#8217;hotel prescelto. Tempo libero per una passeggiata nei pressi dell\u2019albergo.<\/td>\n<\/tr>\n<tr>\n<td style=\"background-color: #ababab\"><span style=\"color: #ff6600\">\u27a4<\/span><span style=\"color: #000000\">Giorno 14: Moai \u2013 Vulcani<\/span><\/td>\n<\/tr>\n<tr>\n<td>Prima colazione in hotel. Escursione full day per diversi punti d\u2019interesse: partenza ben presto, clima permettendo, per vedere il sorgere del sole a AHU TONGARIKI proseguendo verso Anakena in cui si visiteranno lungo il percorso:\u00a0 RANO RARAKU (vulcano di 250 mt con una laguna nel suo cratere, punto interessante da dove si osservano 394 statue che si stavano costruendo), TE PITO KURA (il Moai pi\u00f9 grande trasportato, con un peso di 90 tonnellate insieme ad una pietra rotonda chiamata Te Pito Te Huena che sarebbe L\u2019OMBELICO DEL MONDO), AHU NGAU NGAU\u00a0 (tempio all&#8217;aperto dove si trovano gli occhi dei Moai, luogo di una grande scoperta archeologica, dove ci sono anche i Moai restaurati dall&#8217;archeologo Sergio Rapu). Si termina il tour alla spiaggia di Anakena. Tempo libero. Rientro in hotel.<\/td>\n<\/tr>\n<tr>\n<td style=\"background-color: #ababab\"><span style=\"color: #ff6600\">\u27a4<\/span><span style=\"color: #000000\">Giorno 15: Parco Nazionale Orongo \u2013 Vestigia Inca<\/span><\/td>\n<\/tr>\n<tr>\n<td>Prima colazione in hotel. Escursione half day a Orongo con entrata al Parco Nazionale omonimo. Si visiter\u00e0: RANOKAU (il vulcano pi\u00f9 bello dell\u2019 isola, ha un\u2019 altezza di 400 metri e nel suo cratere c\u2019\u00e8 una laguna di 700 mt di diametro; tutt&#8217;intorno ci sono piantagioni di ananas e uva), ORONGO (antico villaggio cerimoniale dove si racconta la storia di Tangata Manu, L\u2019Uomo Uccello), ANA KAI TANGATA (caverna dove si mangiava carne umana; sul soffitto e sulle pareti si trovano pitture e altri simboli), VINAPU (muro molto simile a quello del Per\u00f9, a MACHU PICCHU cultura Incas, con geroglifici). Pomeriggio libero.<\/td>\n<\/tr>\n<tr>\n<td style=\"background-color: #ababab\"><span style=\"color: #ff6600\">\u27a4<\/span><span style=\"color: #000000\">Giorno 16: I 7 Moai Fondatori \u2013 Caverne \u2013 Sport acquatici<\/span><\/td>\n<\/tr>\n<tr>\n<td>Prima colazione in hotel. Escursione half day a Ahu Akivi. Si visiter\u00e0: AHU AKIVI (7 Moai: unico tempio all&#8217;interno dell\u2019isola, i moai \u201cstanno guadando\u201d verso il mare in direzione di Tahiti), ANA TEPAHU (caverne con forma di tunnel create dalla natura e dalla lava dei vulcani; qui vivevano antichi guerrieri), CAVA DI PUNA PAU (montagna da cui estraevano il materiali di colore rosso per confezionare le acconciature e i capelli dei moai). Al pomeriggio per gli amanti degli sport acquatici \u00e8 possibile praticare surf, windsurf o kitesurf nella caletta di Hanga Roa e le spiagge di Val Uri, Tangaroa e Mataveri.<\/td>\n<\/tr>\n<tr>\n<td style=\"background-color: #ababab\"><span style=\"color: #ff6600\">\u27a4<\/span><span style=\"color: #000000\">Giorno 17: Museo \u2013 Spiaggia<\/span><\/td>\n<\/tr>\n<tr>\n<td>Prima colazione in hotel. Giornata libera. Si consiglia di visitare il villaggio ed il Museo archeologico Padre Sebastian Englert e godersi la spiaggia di Anakena. Pernottamento.<\/td>\n<\/tr>\n<tr>\n<td style=\"background-color: #ababab\"><span style=\"color: #ff6600\">\u27a4<\/span><span style=\"color: #000000\">Giorno 18: Inizio del viaggio di rientro nel paese d\u2019origine<\/span><\/td>\n<\/tr>\n<tr>\n<td>Prima colazione. In orario da indicare trasferimento all&#8217;aeroporto per iniziare il viaggio di rientro a Santiago. All&#8217;arrivo trasferimento in hotel vicino all&#8217;aeroporto o proseguimento verso altre destinazioni..<\/td>\n<\/tr>\n<\/tbody>\n<\/table>\n<p>&nbsp;<\/p>\n","protected":false},"excerpt":{"rendered":"<p>Cile \/ Bolivia<br \/>\n18 giorni \/ 17 notti<\/p>\n","protected":false},"featured_media":3101,"comment_status":"closed","ping_status":"closed","template":"","meta":{"dwc-title":[""],"dwc-content":["<img class=\"size-full wp-image-3091 aligncenter\" src=\"https:\/\/www.lctouroperator.com\/it\/wp-content\/uploads\/2021\/05\/BoliviaChile-03-2105Av11.jpg\" alt=\"\" width=\"274\" height=\"420\" \/>"]},"product_cat":[64,22],"product_tag":[],"class_list":{"0":"post-3067","1":"product","2":"type-product","3":"status-publish","4":"has-post-thumbnail","6":"product_cat-viaggi-di-nozze","7":"product_cat-gli-speciali","9":"first","10":"instock","11":"shipping-taxable","12":"product-type-simple"},"_links":{"self":[{"href":"https:\/\/www.lctouroperator.com\/it\/wp-json\/wp\/v2\/product\/3067"}],"collection":[{"href":"https:\/\/www.lctouroperator.com\/it\/wp-json\/wp\/v2\/product"}],"about":[{"href":"https:\/\/www.lctouroperator.com\/it\/wp-json\/wp\/v2\/types\/product"}],"replies":[{"embeddable":true,"href":"https:\/\/www.lctouroperator.com\/it\/wp-json\/wp\/v2\/comments?post=3067"}],"wp:featuredmedia":[{"embeddable":true,"href":"https:\/\/www.lctouroperator.com\/it\/wp-json\/wp\/v2\/media\/3101"}],"wp:attachment":[{"href":"https:\/\/www.lctouroperator.com\/it\/wp-json\/wp\/v2\/media?parent=3067"}],"wp:term":[{"taxonomy":"product_cat","embeddable":true,"href":"https:\/\/www.lctouroperator.com\/it\/wp-json\/wp\/v2\/product_cat?post=3067"},{"taxonomy":"product_tag","embeddable":true,"href":"https:\/\/www.lctouroperator.com\/it\/wp-json\/wp\/v2\/product_tag?post=3067"}],"curies":[{"name":"wp","href":"https:\/\/api.w.org\/{rel}","templated":true}]}}