{"id":3065,"date":"2021-05-14T10:29:39","date_gmt":"2021-05-14T13:29:39","guid":{"rendered":"https:\/\/www.lctouroperator.com\/it\/?post_type=product&#038;p=3065"},"modified":"2021-05-20T11:58:14","modified_gmt":"2021-05-20T14:58:14","slug":"cuore-maya-belize","status":"publish","type":"product","link":"https:\/\/www.lctouroperator.com\/it\/producto\/cuore-maya-belize\/","title":{"rendered":"Cuore Maya e Belize"},"content":{"rendered":"<p><!--:es--><\/p>\n<div class=\"row\">\n<h2 align=\"left\">Viaggio piacevole per esperienze nuove a contatto con una\u00a0 civilt\u00e0 antica ma cos\u00ec viva nelle\u00a0 tradizioni, lingua, costumi della sorprendente Guatemala abbinato alla vicina Belize.<\/h2>\n<h2 align=\"left\"><span style=\"color: #ff6600\">Programma<\/span><\/h2>\n<table style=\"height: 768px\">\n<tbody>\n<tr style=\"height: 24px\">\n<td style=\"background-color: #ababab;height: 24px\"><span style=\"color: #000000\"><span style=\"color: #ff6600\">\u27a4<\/span>Giorno 1: ARRIVO A CITT\u00c0 DEL GUATEMALA<br \/>\n<\/span><\/td>\n<\/tr>\n<tr class=\"alt\" style=\"height: 24px\">\n<td style=\"height: 24px\">Arrivo a Citt\u00e0 del Guatemala e trasferimento ad Antigua, l\u2019antica capitale coloniale del paese. Sistemazione nelle camere riservate. Tempo per riposarsi dal viaggio. Cena di benvenuto. \u00a0Pernottamento.<\/td>\n<\/tr>\n<tr style=\"height: 24px\">\n<td style=\"background-color: #ababab;height: 24px\"><span style=\"color: #000000\"><span style=\"color: #ff6600\">\u27a4<\/span>Giorno 2: ANTIGUA<br \/>\n<\/span><\/td>\n<\/tr>\n<tr class=\"alt\" style=\"height: 120px\">\n<td style=\"height: 120px\">Prima colazione in albergo. \u00a0Pranzo libero. Passeggiata libera nei dintorni dell\u2019hotel. Alle ore 14 incontro col guida locale per un walking tour per la citt\u00e0 dichiarata Patrimonio dell\u2019Umanit\u00e0 da parte dell\u2019Unesco. Antigua, l&#8217;antica capitale del Guatemala dominata dalla mole dalla sagoma dell&#8217;imponente vulcano Agua, \u00e8 una delle citt\u00e0 pi\u00f9 belle del Centro America, considerata un gioiello di arte coloniale.\u00a0 Conserva, nonostante la grande destruzione dei terremoti subiti, \u00a0il fascino e l\u2019atmosfera dei tempi passati: edifici coloniali, stradine e grandi piazze, mercati colorati e chiese, botteghe di artigiani e deliziosi locali. Durante la visita si potranno ammirare, in particolare, Plaza de Armas, la Cattedrale che risale al XVI secolo, il museo dell\u2019Universit\u00e0 di San Carlos, il Convento dei Cappuccini, la Chiesa de la Merced e di Santa Clara. Tempo a disposizione.<\/td>\n<\/tr>\n<tr style=\"height: 24px\">\n<td style=\"background-color: #ababab;height: 24px\"><span style=\"color: #000000\"><span style=\"color: #ff6600\">\u27a4<\/span>Giorno 3: ANTIGUA<br \/>\n<\/span><\/td>\n<\/tr>\n<tr class=\"alt\" style=\"height: 24px\">\n<td style=\"height: 24px\">Prima colazione in albergo.\u00a0 Giornata a disposizione per visite libere.<\/td>\n<\/tr>\n<tr style=\"height: 24px\">\n<td style=\"background-color: #ababab;height: 24px\"><span style=\"color: #000000\"><span style=\"color: #ff6600\">\u27a4<\/span>Giorno 4: ANTIGUA \u2013 LAGO ATITLAN &#8211; PANAJACHEL<br \/>\n<\/span><\/td>\n<\/tr>\n<tr class=\"alt\" style=\"height: 72px\">\n<td style=\"height: 72px\">Prima colazione in albergo e partenza per il Lago Atitlan. Di tutte le attrazioni naturali del Guatemala, le pi\u00f9 belle sono forse la caldera vulcanica del Lago Atitlan e le sue indimenticabili montagne che nel corso dei secoli hanno sedotto i viaggiatori. Questo lago \u00e8 circondato da tre vulcani sulle cui sponde si trovano molti villaggi Maya. Escursione in barca sul lago e visita alla comunit\u00e0 indigena di Santiago de Atitlan, importante centro della cultura Tzutuhil. Pranzo in corso di escursione. Arrivo in serata a Panajachel: sistemazione in albergo. Cena e\u00a0 pernottamento.<\/td>\n<\/tr>\n<tr class=\"alt\" style=\"height: 24px\">\n<td style=\"background-color: #ababab;height: 24px\"><span style=\"color: #000000\"><span style=\"color: #ff6600\">\u27a4<\/span>Giorno 5: PANAJACHEL &#8211;\u00a0 CHICHICASTENANGO (gioved\u00ec e domenica)<br \/>\n<\/span><\/td>\n<\/tr>\n<tr class=\"alt\" style=\"height: 96px\">\n<td style=\"height: 96px\">Prima colazione in albergo e partenza per Chichicastenango, uno dei paesini pi\u00f9 colorati e accessibili degli altipiani. Visita del suo tipico mercato che si svolge sul sagrato della Chiesa di Santo Tomas, dove si mescolano le usanze Maya e quelle Spagnole. Il gioved\u00ec e la domenica, giorni di mercato, il piccolo centro abitato si trasforma in un vero e proprio bazar di artigianato, dove si possono ammirare ed acquistare differenti tipi di tessuto, statue in legno intagliato e ceramiche. Nella chiesa di Santo Tomas, situata nella piazza principale, giungono i rappresentanti dei diversi villaggi limitrofi assegnati al culto dei vari santi. Pranzo libero in corso di escursione.<\/td>\n<\/tr>\n<tr class=\"alt\" style=\"height: 24px\">\n<td style=\"background-color: #ababab;height: 24px\"><span style=\"color: #000000\"><span style=\"color: #ff6600\">\u27a4<\/span>Giorno 6: GUATEMALA CITY<br \/>\n<\/span><\/td>\n<\/tr>\n<tr class=\"alt\" style=\"height: 48px\">\n<td style=\"height: 48px\">Prima colazione. In orario da indicare trasferimento alla capitale del paese: Guatemala City dove si arriva dopo ca 5 ore di viaggio. Visita panoramica all&#8217;arrivo che include visita al centro storico. Sistemazione in albergo Pernottamento.<\/td>\n<\/tr>\n<tr class=\"alt\" style=\"height: 24px\">\n<td style=\"background-color: #ababab;height: 24px\"><span style=\"color: #000000\"><span style=\"color: #ff6600\">\u27a4<\/span>Giorno 7: FLORES &#8211; TIKAL<br \/>\n<\/span><\/td>\n<\/tr>\n<tr class=\"alt\" style=\"height: 96px\">\n<td style=\"height: 96px\">Trasferimento all\u2019aeroporto per proseguire viaggio verso Flores, nel PetenProseguimento per la spettacolare zona archeologica di Tikal, la pi\u00f9 grande citt\u00e0 Maya del periodo classico. Tikal si trova al centro dell\u2019omonimo Parco Nazionale che si estende su un\u2019ampia zona al cui interno sono racchiusi migliaia di reperti archeologici, per la maggior parte ancora nascosti dalla fitta vegetazione. La citt\u00e0 di Tikal prosper\u00f2 per oltre un millennio commerciando e guerreggiando con le citt\u00e0 stato limitrofe ed esercitando una grossa influenza politica e commerciale. Molto interessanti sono il Tempio del Giaguaro, il Tempio delle Maschere e l\u2019Acropoli Centrale dove forse si svolgevano dei riti sacri. Arrivo e sistemazione in hotel a Flores.<\/td>\n<\/tr>\n<tr class=\"alt\" style=\"height: 24px\">\n<td style=\"background-color: #ababab;height: 24px\"><span style=\"color: #000000\"><span style=\"color: #ff6600\">\u27a4<\/span>Giorno 8: BELIZE CITY &#8211;\u00a0 AMBERGRIS CAYE<br \/>\n<\/span><\/td>\n<\/tr>\n<tr class=\"alt\" style=\"height: 96px\">\n<td style=\"height: 96px\">Prima colazione. Trasferimento all\u2019aeroporto per continare verso Belize, circa un ora di volo,\u00a0 per splendidi giorni di mare nei Caraibi che si vivono a pieno nei Cayes del Belize. All&#8217;arrivo continuazione verso San Pedro nel Cayo Ambergris. Sistemazione in hotel.<br \/>\nImportante! Volendo evitare\u00a0 volo di rientro passando dagli Stati Uniti bisognerebbe rientrare a Guatemala City.<\/td>\n<\/tr>\n<\/tbody>\n<\/table>\n<\/div>\n<p><!--:--><\/p>\n","protected":false},"excerpt":{"rendered":"<p>Guatemala<br \/>\n8 giorni \/ 7 notti<\/p>\n","protected":false},"featured_media":2376,"comment_status":"closed","ping_status":"closed","template":"","meta":{"dwc-title":[""],"dwc-content":["<img class=\"size-full wp-image-3087 aligncenter\" src=\"https:\/\/www.lctouroperator.com\/it\/wp-content\/uploads\/2021\/05\/Guatemala-LCGU11-2105Av01.jpg\" alt=\"\" width=\"274\" height=\"420\" \/>"]},"product_cat":[64,22],"product_tag":[55,56],"class_list":{"0":"post-3065","1":"product","2":"type-product","3":"status-publish","4":"has-post-thumbnail","6":"product_cat-viaggi-di-nozze","7":"product_cat-gli-speciali","8":"product_tag-antigua","9":"product_tag-santiago-atitlan","11":"first","12":"instock","13":"shipping-taxable","14":"product-type-simple"},"_links":{"self":[{"href":"https:\/\/www.lctouroperator.com\/it\/wp-json\/wp\/v2\/product\/3065"}],"collection":[{"href":"https:\/\/www.lctouroperator.com\/it\/wp-json\/wp\/v2\/product"}],"about":[{"href":"https:\/\/www.lctouroperator.com\/it\/wp-json\/wp\/v2\/types\/product"}],"replies":[{"embeddable":true,"href":"https:\/\/www.lctouroperator.com\/it\/wp-json\/wp\/v2\/comments?post=3065"}],"wp:featuredmedia":[{"embeddable":true,"href":"https:\/\/www.lctouroperator.com\/it\/wp-json\/wp\/v2\/media\/2376"}],"wp:attachment":[{"href":"https:\/\/www.lctouroperator.com\/it\/wp-json\/wp\/v2\/media?parent=3065"}],"wp:term":[{"taxonomy":"product_cat","embeddable":true,"href":"https:\/\/www.lctouroperator.com\/it\/wp-json\/wp\/v2\/product_cat?post=3065"},{"taxonomy":"product_tag","embeddable":true,"href":"https:\/\/www.lctouroperator.com\/it\/wp-json\/wp\/v2\/product_tag?post=3065"}],"curies":[{"name":"wp","href":"https:\/\/api.w.org\/{rel}","templated":true}]}}