{"id":3064,"date":"2021-05-14T10:27:06","date_gmt":"2021-05-14T13:27:06","guid":{"rendered":"https:\/\/www.lctouroperator.com\/it\/?post_type=product&#038;p=3064"},"modified":"2021-05-20T11:35:56","modified_gmt":"2021-05-20T14:35:56","slug":"costa-rica-da-amare","status":"publish","type":"product","link":"https:\/\/www.lctouroperator.com\/it\/producto\/costa-rica-da-amare\/","title":{"rendered":"Costa Rica da amare"},"content":{"rendered":"<p><!--:es--><\/p>\n<div class=\"row\">\n<h2 class=\"nine columns\">Come\u00a0 gioielli che abbagliano per tanta brillantezza e bellezza, la straordinaria biodiversit\u00e0 della \u00a0Costa Rica incanta e innamora. In tutto il territorio si sparpagliano vulcani, fiumi, boschi ricchi in diversit\u00e0 e innumerevoli parchi nazionali che\u00a0 custodiscono la flora e la fauna locale. Giorni\u00a0 rigeneranti e sereni\u00a0 immersi nella natura e\u00a0 contemplando da ogni dove celi nuovi cariche di stelle.<\/h2>\n<h2><span style=\"color: #ff6600\">Programma<\/span><\/h2>\n<table>\n<tbody>\n<tr>\n<td style=\"background-color: #ababab\"><span style=\"color: #000000\"><span style=\"color: #ff6600\">\u27a4<\/span>Giorno 1: San Jos\u00e9 de Costa Rica<br \/>\n<\/span><\/td>\n<\/tr>\n<tr class=\"alt\">\n<td>Arrivo all&#8217;aeroporto. Trasferimento all&#8217;hotel con guida locale. Sistemazione. Resto del giorno libero per riposarsi dal viaggio. Cena di benvenuto. Pernottamento.<\/td>\n<\/tr>\n<tr>\n<td style=\"background-color: #ababab\"><span style=\"color: #000000\"><span style=\"color: #ff6600\">\u27a4<\/span>Giorno 2: San Jos\u00e9 \/ Vulcano Iraz\u00fa, Valle di Oros\u00ed e Giardini Lankester<br \/>\n<\/span><\/td>\n<\/tr>\n<tr class=\"alt\">\n<td>Prima colazione. Giornata per una prima boccata d\u2019 aria pura: avviandosi per la Panamericana in direzione Sud si iniziare la salita al \u00abcolosso di Iraz\u00fa\u00bb Il cammino sinuoso attraversa le fertili terre coltivate, mentre si osserva un vasto panorama. In cima al vulcano si contemplano i principali crateri e, in giornate limpide, si possono avvistare gli oceani Atlantico e Pacifico. Nella discesa alla citt\u00e0 di Cartago si visita la Basilica della Madonna degli Angeli, tradizionale \u00e8 luogo di pellegrinaggio di molti credenti. La giornata continua ai Giardini Lankester, centro di ricerca dell\u2019Universit\u00e0 del Costa Rica che protegge pi\u00f9 di 800 specie di orchidee e bromeliacee, oltre ad altre numerose piante. Continuazione verso la Valle di Oros\u00ed dove si possono vedere panorami di bellezza ineguagliabile. Si potr\u00e0 visitare uno dei pochi templi coloniali e ci si fermer\u00e0 per il pranzo in un ristorante della zona. Durante il nostro percorso si potr\u00e0 osservare la rustica Casa del So\u00f1ador, esempio dell\u2019arte primitiva del Costa Rica. Pernottamento a San Jos\u00e9.<\/td>\n<\/tr>\n<tr>\n<td style=\"background-color: #ababab\"><span style=\"color: #000000\"><span style=\"color: #ff6600\">\u27a4<\/span>Giorno 3: Grecia \u2013 Sarchi &#8211; La Fortuna de San Carlos (Volc\u00e1n Arenal)<br \/>\n<\/span><\/td>\n<\/tr>\n<tr class=\"alt\">\n<td>Prima colazione. Parteza verso La Fortuna de San Carlos, che ospita l\u2019imponente Vulcano Arenal\u00a0 visitando durante il percorso visita a Grecia, bella cittadina considerata come \u00abla pi\u00f9 pulita dell\u2019America Latina\u00bb, dove si trova l\u2019unico tempio metallico del Centroamerica -monumento nazionale che inorgoglisce i suoi abitanti. Proseguendo fermata a Sarch\u00ed, citt\u00e0 culla dell\u2019artigianato, per l\u2019abbondanza di officine che lavorano fini legnami. Dopa ancora circa 2 ore di viaggio arrivo in hotel. \u00a0Sistemazione nelle camere riservate. Tempo libero per rilassarsi nelle acque termali delle piscine nei dintorni o nello stesso hotel, contemplando con fortuna tutto il vulcano <span style=\"color: #000000\">Arenal<\/span>. Cena libera. Pernottamento.<\/td>\n<\/tr>\n<tr>\n<td style=\"background-color: #ababab\"><span style=\"color: #000000\"><span style=\"color: #ff6600\">\u27a4<\/span>Giorno 4: Trekking a Rio Celeste<br \/>\n<\/span><\/td>\n<\/tr>\n<tr class=\"alt\">\n<td>Partenza alle 7:00 a.m. la prima colazione tipica \u00e8 prevista durante il percorso verso R\u00edo Celeste, situato nel Parco Nazionale Volca\u0301n Tenorio. All\u2019arrivo \u00e8 prevista una camminata di 7 km (circa 4 ore) attraverso il bosco pluviale. Visita al luogo chiamato \u201cLos Ten\u0303ideros\u201d, dove si incontrano due fiumi, creando delle sorgenti di acqua cristallina di color celeste, da cui il nome del posto. Pranzo in corso di escursione. Di ritorno, camminata lungo un sentiero dove si possono osservare le \u201cOllas\u201d (\u201cpentole\u201d), ovvero fumarole, gas che sgorgano dalla terra vulcanica, ad alte temperature. Si proseguir\u00e0 poi ancora a piedi fino ad arrivare a una bellissima cascata dalle acque celesti. Rientro in hotel.<\/td>\n<\/tr>\n<tr class=\"alt\">\n<td style=\"background-color: #ababab\"><span style=\"color: #000000\"><span style=\"color: #ff6600\">\u27a4<\/span>Giorno 5: Vulcano Arenal &#8211; Riserva Biologica Monteverde<br \/>\n<\/span><\/td>\n<\/tr>\n<tr class=\"alt\">\n<td>Prima colazione. Mattinata a disposizione. In orario da confirmare \u00a0trasferimento \u00a0a Monteverde: L\u2019area di Monteverde \u00e8 famosa a livello mondiale per il suo particolare bioma, chiamato \u00abbosco nuvoloso\u00bb o \u00abmuschioso\u00bb. Arrivo e sistemazione nelle camere riservate. Tempo libero. \u00a0Pernottamento a Monteverde.<\/td>\n<\/tr>\n<tr class=\"alt\">\n<td style=\"background-color: #ababab\"><span style=\"color: #000000\"><span style=\"color: #ff6600\">\u27a4<\/span>Giorno 6: Riserva Biologica Monteverde<br \/>\n<\/span><\/td>\n<\/tr>\n<tr class=\"alt\">\n<td>Prima colazione. Giornata dedicata a\u00a0 visite come: tour con guida ai Ponti Sospesi. L\u2019escursione consiste in 8 ponti di diversa lunghezza e altezze, per un totale di circa 3 km, \u00e9 \u00a0il modo pi\u00f9 sicuro e spettacolare di vivere il bosco da una prospettiva molto interessante. Inoltre magari al pomeriggio si possono visitare: la Galleria dei Colibr\u00ec, il Giardino delle Farfalle, la \u00abFinca\u00bb degli Uccelli, oltre a altre aree della riserva. Pernottamento a Monteverde.<\/td>\n<\/tr>\n<tr class=\"alt\">\n<td style=\"background-color: #ababab\"><span style=\"color: #000000\"><span style=\"color: #ff6600\">\u27a4<\/span>Giorno 7: Monteverde &#8211; Costa del Pacifico<br \/>\n<\/span><\/td>\n<\/tr>\n<tr class=\"alt\">\n<td>Colazione. In orario da definire partenza per la costa sul Pacifico, precisamente per Manuel Antonio. Sistemazione nelle camere riservate. Pernottamento.<\/td>\n<\/tr>\n<tr class=\"alt\">\n<td style=\"background-color: #ababab\"><span style=\"color: #000000\"><span style=\"color: #ff6600\">\u27a4<\/span>Giorno 8: Parco Nazionale Manuel Antonio \u2013 Pacifico Sur<br \/>\n<\/span><\/td>\n<\/tr>\n<tr class=\"alt\">\n<td>Prima colazione: Visita al magnifico Parco nazionale Manuel Antonio, a pochi passi dalla spiaggia \u00e8 un\u2019 esplosione di verde e un mondo variopinto di flora e fauna. Organizzato e pulito, il parco contiene nei suoi 682 ettari 184 specie di uccelli, 109 specie di mammiferi e una grande variet\u00e0 di flora. Nei pressi \u00e8 possibile praticare\u00a0 sport acquatici: kayak, canoa, stand up, immersioni, snorkeling, cavalcate, trekking per tutti i gusti.<\/td>\n<\/tr>\n<\/tbody>\n<tbody>\n<tr class=\"alt\" style=\"height: auto\">\n<td style=\"background-color: #ababab;width: 1383px;height: auto\"><span style=\"color: #000000\"><span style=\"color: #ff6600\">\u27a4<\/span>Giorno 9\/12: Giorni di relax<br \/>\n<\/span><\/td>\n<\/tr>\n<tr class=\"alt\" style=\"height: auto\">\n<td style=\"width: 1383px;height: auto\">Colazione. Trasferimento ad una struttura\u00a0 con servizi all inclusive nella zona di Guanacaste \u00a0per giorni di relax prima del rientro nel paese di origine<\/td>\n<\/tr>\n<tr class=\"alt\">\n<td style=\"background-color: #ababab;width: auto\"><span style=\"color: #000000\"><span style=\"color: #ff6600\">\u27a4<\/span>Giorno 13: San Jos\u00e9<br \/>\n<\/span><\/td>\n<\/tr>\n<tr class=\"alt\">\n<td style=\"width: 1379px\">Colazione. \u00a0Al pomeriggio rientro a San Jose per aprossimarsi\u00a0 all\u2019aeroporto di ripartenza. Sistemazione nelle\u00a0 camere riservate.<\/td>\n<\/tr>\n<\/tbody>\n<tbody>\n<tr class=\"alt\">\n<td style=\"background-color: #ababab;width: auto\"><span style=\"color: #000000\"><span style=\"color: #ff6600\">\u27a4<\/span>Giorno 14: San Jos\u00e9 \u2013 Aeroporto<br \/>\n<\/span><\/td>\n<\/tr>\n<tr class=\"alt\">\n<td style=\"width: auto\">Colazione. In orario a seconda del volo per il rientro al paese d\u2019origine, trasferimento all&#8217;aeroporto.<\/td>\n<\/tr>\n<\/tbody>\n<\/table>\n<\/div>\n","protected":false},"excerpt":{"rendered":"<p>Costa Rica<br \/>\n14 giorni \/ 13 notti<\/p>\n","protected":false},"featured_media":3084,"comment_status":"closed","ping_status":"closed","template":"","meta":{"dwc-title":[""],"dwc-content":["<img class=\"size-full wp-image-3089 aligncenter\" src=\"https:\/\/www.lctouroperator.com\/it\/wp-content\/uploads\/2021\/05\/Costa-Rica-H09-2105Hv91.jpg\" alt=\"\" width=\"274\" height=\"420\" \/>"]},"product_cat":[64,22],"product_tag":[40,41,43,42],"class_list":{"0":"post-3064","1":"product","2":"type-product","3":"status-publish","4":"has-post-thumbnail","6":"product_cat-viaggi-di-nozze","7":"product_cat-gli-speciali","8":"product_tag-costa-rica","9":"product_tag-costa-rica-natura","10":"product_tag-monteverde","11":"product_tag-vulcano-arenal","13":"first","14":"instock","15":"shipping-taxable","16":"product-type-simple"},"_links":{"self":[{"href":"https:\/\/www.lctouroperator.com\/it\/wp-json\/wp\/v2\/product\/3064"}],"collection":[{"href":"https:\/\/www.lctouroperator.com\/it\/wp-json\/wp\/v2\/product"}],"about":[{"href":"https:\/\/www.lctouroperator.com\/it\/wp-json\/wp\/v2\/types\/product"}],"replies":[{"embeddable":true,"href":"https:\/\/www.lctouroperator.com\/it\/wp-json\/wp\/v2\/comments?post=3064"}],"wp:featuredmedia":[{"embeddable":true,"href":"https:\/\/www.lctouroperator.com\/it\/wp-json\/wp\/v2\/media\/3084"}],"wp:attachment":[{"href":"https:\/\/www.lctouroperator.com\/it\/wp-json\/wp\/v2\/media?parent=3064"}],"wp:term":[{"taxonomy":"product_cat","embeddable":true,"href":"https:\/\/www.lctouroperator.com\/it\/wp-json\/wp\/v2\/product_cat?post=3064"},{"taxonomy":"product_tag","embeddable":true,"href":"https:\/\/www.lctouroperator.com\/it\/wp-json\/wp\/v2\/product_tag?post=3064"}],"curies":[{"name":"wp","href":"https:\/\/api.w.org\/{rel}","templated":true}]}}