{"id":2779,"date":"2020-09-29T09:59:53","date_gmt":"2020-09-29T12:59:53","guid":{"rendered":"http:\/\/www.lctouroperator.com\/it\/?post_type=product&#038;p=2779"},"modified":"2021-05-03T11:02:52","modified_gmt":"2021-05-03T14:02:52","slug":"guatemala-da-scoprire","status":"publish","type":"product","link":"https:\/\/www.lctouroperator.com\/it\/producto\/guatemala-da-scoprire\/","title":{"rendered":"Guatemala da scoprire"},"content":{"rendered":"<div class=\"row\">\n<h2>13 giorni per un percorso che transita per tutto il paese all&#8217;insegna della natura spesso lussureggiante e circondata ora da\u00a0 siti<\/h2>\n<h2>archeologici\u00a0secolari ora da citt\u00e0 coloniali e coloratissimi mercati ricchi di tradizione di etnie millenarie.<\/h2>\n<h2>Occasione unica per un contatto con la storia e la ricca cultura locale.<\/h2>\n<h2 align=\"left\"><span style=\"color: #ff6600\">Programma<\/span><\/h2>\n<table style=\"height: 1344px\">\n<tbody>\n<tr style=\"height: 24px\">\n<td style=\"background-color: #ababab;height: AUTO;width: AUTO\"><span style=\"color: #000000\"><span style=\"color: #ff6600\">\u27a4<\/span>Giorno 1: CITT\u00c0\u00a0 DEL GUATEMALA<br \/>\n<\/span><\/td>\n<\/tr>\n<tr class=\"alt\" style=\"height: auto\">\n<td style=\"height: auto\">Partenza dall&#8217;Italia in orario che spesso permette di arrivare lo stesso giorno nella capitale del Guatemala. \u00a0Dopo le formalit\u00e0 per l\u2019ingresso al Paese, \u00a0ritiro dei bagagli, incontro con la guida e trasferimento in albergo. Pernottamento.<\/td>\n<\/tr>\n<tr style=\"height: 24px\">\n<td style=\"background-color: #ababab;height: 24px\"><span style=\"color: #000000\"><span style=\"color: #ff6600\">\u27a4<\/span>Giorno 2: CITTA\u2019 DEL GUATEMALA<br \/>\n<\/span><\/td>\n<\/tr>\n<tr class=\"alt\" style=\"height: auto\">\n<td style=\"height: auto\">Prima colazione. Giornata a disposizione per una vista libera della citt\u00e0 capitale del paese: spostata dai piedi dei vulcani nel 1620 per metterla in salvo da terribili terremoti che distruggevano tutto, la data di nascita della citt\u00e0 \u00e8 nel 1776 ancora in periodo coloniale per cui non mancano dei palazzi e chiese che raccontano la sua sofferta storia. Colori e profumi invadono il mercato centrale che diventa inoltre un posto d&#8217;obbligo per un primo contatto con la cultura locale. Rientro in hotel. Pernottamento.<\/td>\n<\/tr>\n<tr style=\"height: auto\">\n<td style=\"background-color: #ababab;height: auto\"><span style=\"color: #000000\"><span style=\"color: #ff6600\">\u27a4<\/span>Giorno 3: QUIRIGUA &#8211; \u00a0LIVINGSTON<br \/>\n<\/span><\/td>\n<\/tr>\n<tr class=\"alt\" style=\"height: auto\">\n<td style=\"height: auto\">Prima colazione in albergo. Partenza per Livingston, visitando durante il tragitto il sito archeologico di Quirigu\u00e0, la zona archeologica famosa per le imponenti stelle, le pi\u00f9 alte del mondo Maya, che raffigurano i capi pi\u00f9 potenti di Quirigu\u00e0, primo tra tutti \u00a0il Cielo di Cauac, il pi\u00f9 influente della citt\u00e0. Diversi monumenti, coperti da interessanti figure zoomorfe, si ergono ancora tra i resti di un&#8217;acropoli e di strutture che sono state parzialmente restaurate. . Al termine trasferimento in barca da Puerto Barrios a Livingston. Sistemazione in albergo: Tempo per il relax e la\u00a0 visita libera al piccolo centro del paese ideale per entrare in contatto con la popolazione locale d&#8217;origine garifuna.\u00a0 Cena libera e pernottamento.<\/td>\n<\/tr>\n<tr style=\"height: auto\">\n<td style=\"background-color: #ababab;height: auto\"><span style=\"color: #000000\"><span style=\"color: #ff6600\">\u27a4<\/span>Giorno 4: NAVIGAZIONE RIO DULCE \u2013 TIKAL \u2013 FLORES<br \/>\n<\/span><\/td>\n<\/tr>\n<tr class=\"alt\" style=\"height: auto\">\n<td style=\"height: auto\">Prima colazione. Partenza per Flores \u00a0in battello fino a Rio Dulce, navigando\u00a0 lungo il fiume dello stesso nome \u00a0tra una natura esuberante e rigogliosa: pareti di montagna sempre ricchissime di vegetazione a strapiombo sul fiume che\u00a0 passa davanti al Castello di San Felipe, antica fortezza spagnola, edificato all\u2019ingresso del Lago Izabal, per difendere l&#8217;accesso al lago dai pirati, nel punto in cui si trovavano i depositi delle merci in arrivo e in partenza dalla Spagna.\u00a0 Sbarco e proseguimento il sito archeologico di Tikal dove \u00e8 prevista la\u00a0 visita al primo pomeriggio: l&#8217;antica citt\u00e0 di Tikal prosper\u00f2 per oltre un millennio commerciando e guerreggiando con le citt\u00e0 stato limitrofe ed esercitando una grossa influenza politica e commerciale. Molto interessanti sono il Tempio del Giaguaro, il Tempio delle Maschere e l&#8217;Acropoli Centrale dove forse si svolgevano dei riti sacri. Scalando una delle piramidi si possono vedere le cime di alcuni templi che sono ancora in attesa di essere liberati dalla foresta pluviale. Cena libera\u00a0 e pernottamento a Flores.<\/td>\n<\/tr>\n<tr class=\"alt\" style=\"height: 24px\">\n<td style=\"background-color: #ababab;height: 24px\"><span style=\"color: #000000\"><span style=\"color: #ff6600\">\u27a4<\/span>Giorno 5: FLORES &#8211; COBAN<br \/>\n<\/span><\/td>\n<\/tr>\n<tr class=\"alt\" style=\"height: auto\">\n<td style=\"height: auto\">Prima colazione. Breve visita alla cittadina di Flores e \u00a0partenza per Cob\u00e1n, soffermandosi a Chisec, tranquilla cittadina la cui popolazione \u00e8 quasi interamente Maya Q\u2019eqchi chisec, quekchi ossia indigeni di Guatemala e Belize.\u00a0 Arrivo a Cob\u00e1n e sistemazione in hotel. Tempo e cena libera. Pernottamento.<\/td>\n<\/tr>\n<tr class=\"alt\" style=\"height: 24px\">\n<td style=\"background-color: #ababab;height: 24px\"><span style=\"color: #000000\"><span style=\"color: #ff6600\">\u27a4<\/span>Giorno 6: ALTA VERAPAZ: Semuc Champey<br \/>\n<\/span><\/td>\n<\/tr>\n<tr class=\"alt\" style=\"height: auto\">\n<td style=\"height: auto\">Prima colazione. Partenza per Semuc Champey sulle rive del fiume Cahabon, un piccolo paradiso in una specie di canyon di roccia sedimentaria e calcare dove sar\u00e0 possibile fare del bagno\u00a0 nelle pozze poco profonde circondati da una vegetazione di incredibile bellezza. La fauna selvatica \u00e8 ricchissima: uccelli, mammiferi, crostacei di non meno di 20 sottospecie\u00a0 di ogni genere. Pernottamento a Coban.<\/td>\n<\/tr>\n<tr class=\"alt\" style=\"height: 24px\">\n<td style=\"background-color: #ababab;height: 24px\"><span style=\"color: #000000\"><span style=\"color: #ff6600\">\u27a4<\/span>Giorno 7: BIOTOPO DEL QUETZAL \u2013 ANTIGUA<br \/>\n<\/span><\/td>\n<\/tr>\n<tr class=\"alt\" style=\"height: auto\">\n<td style=\"height: auto\">Prima colazione. Ben presto partenza per Antigua, visitando la Riserva Nazionale Biotopo Quetzal Mario Dary Rivera, una floresta pluviale di grande importanza e bellezza il cui obbiettivo principale\u00a0 \u00e8 proteggere l\u2019uccello simbolo del Guatemala, il Quetzal in pericolo di estinsione.\u00a0 Con\u00a0 pi\u00f9 di 50 specie di alberi centenari dove alcuni raggiungono anche 120 piedi di altezza. Arrivando ben presto al mattino l\u2019avvistamento del Quetzal \u00e8 assicurato. Tempo per un breve trekkig osservando la flora mozzafiato e una fauna sorprendente come scoiattoli, conigli selvatici, scimmie ed altri. Continuazione del viaggio verso Antigua. Arrivo in hotel. Sistemazione e tempo libero.<\/td>\n<\/tr>\n<tr class=\"alt\" style=\"height: 24px\">\n<td style=\"background-color: #ababab;height: 24px\"><span style=\"color: #000000\"><span style=\"color: #ff6600\">\u27a4<\/span>Giorno 8: ANTIGUA<br \/>\n<\/span><\/td>\n<\/tr>\n<tr class=\"alt\" style=\"height: auto\">\n<td style=\"height: auto\">Prima colazione in albergo. Mattinata dedicata alla visita della citt\u00e0 dichiarata Patrimonio dell\u2019Umanit\u00e0 da parte dell\u2019Unesco. Antigua, l&#8217;antica capitale del Guatemala dominata dalla mole dalla sagoma dell&#8217;imponente vulcano Agua, \u00e8 una delle citt\u00e0 pi\u00f9 belle del Centro America, considerata un gioiello di arte coloniale, conserva il fascino e l\u2019atmosfera dei tempi passati: edifici coloniali, stradine e grandi piazze, mercati colorati e chiese, botteghe di artigiani e deliziosi locali. Durante la visita si potranno ammirare, in particolare, Plaza de Armas, la Cattedrale che risale al XVI secolo, il museo dell\u2019Universit\u00e0 di San Carlos, ecc. . Pranzo libero. Pomeriggio a disposizione. Pernottamento.<\/td>\n<\/tr>\n<tr class=\"alt\">\n<td style=\"background-color: #ababab\"><span style=\"color: #000000\"><span style=\"color: #ff6600\">\u27a4<\/span>Giorno 9: CHICHICASTENANGO (giovedi o domenica) &#8211; HUEHUETENANGO<br \/>\n<\/span><\/td>\n<\/tr>\n<tr class=\"alt\">\n<td>Prima colazione in albergo e partenza per Chichicastenango, uno dei paesini pi\u00f9 colorati e accessibili degli altipiani. Arrivo dopo circa 3 ore e mezzo di viaggio. \u00a0Visita del suo tipico mercato che si svolge sul sagrato della Chiesa di Santo Tomas, dove si mescolano le usanze Maya e quelle Spagnole. Il gioved\u00ec e la domenica, giorni di mercato, il piccolo centro abitato si trasforma in un vero e proprio bazar di artigianato, dove si possono ammirare ed acquistare differenti tipi di tessuto, statue in legno intagliato e ceramiche. Nella chiesa di <em>Santo Tomas<\/em>, situata nella piazza principale, giungono i rappresentanti dei diversi villaggi limitrofi assegnati al culto dei vari santi. Pranzo in corso di escursione. Continuazione del viaggio verso Huehuetenango. Arrivo in hotel. Pernottamento.<\/td>\n<\/tr>\n<\/tbody>\n<tbody>\n<tr class=\"alt\">\n<td style=\"background-color: #ababab\"><span style=\"color: #000000\"><span style=\"color: #ff6600\">\u27a4<\/span>Giorno 10: ROVINE DI ZACULEU (1900 m slm)- SAN ANDRES XECUL &#8211; QUETZALTENANGO (2333m slm)<br \/>\n<\/span><\/td>\n<\/tr>\n<tr class=\"alt\">\n<td>Prima colazione. Visita alle rovine di Zaculeu, sito molto interessante e ancora poco turistico. Centro dei maya Mam, la costruzione risale al secolo V del periodo post classico e l\u2019architettura ha un certo influsso dei luoghi cerimoniali di Teotihuacan. Tempo per la\u00a0 visita guidata. Proseguimento del viaggio verso Quetzaltenango,\u00a0 sosta a San Andres Xecul, villaggio alle falde del Monte Chuichul, famoso per la chiesa di fine Cinquecento (dichiarata Patrimonio Unesco)\u00a0 sulla cui facciata color giallo brillante, colore rappresentativo dei Maya Huipil, compare l\u2019effigie del Quetzal, l\u2019uccello nazionale. Arrivo a Quetzaltenango, \u201cXela\u201d per i locali, \u00e8 la seconda citt\u00e0 del paese in termini di dimensioni e di abitanti nonch\u00e9 il cuore della comunit\u00e0 Maya K\u2019ich\u00e8. \u00a0Sistemazione nelle camere riservate. Tempo libero per la visita de centro storico in stile neoclassico con dei veri tesori come la prima chiesa del centro-america, l\u2019eremita de La Concepcion, costruita nel 1524, il teatro nazionale, la cattedrale con la facciata del XVI secolo,\u00a0 il parque Centro America con il Palazzo Municipale. Interessante inoltre il museo naturale della citt\u00e0 che possiede inoltre una collezione di arte precolombiana. Cena libera. Pernottamento.<\/td>\n<\/tr>\n<tr class=\"alt\">\n<td style=\"background-color: #ababab\"><span style=\"color: #000000\"><span style=\"color: #ff6600\">\u27a4<\/span>Giorno 11: PANAJACHEL &#8211; LAGO ATITLAN<br \/>\n<\/span><\/td>\n<\/tr>\n<tr class=\"alt\">\n<td>Prima colazione. Ben presto partenza per il Lago Atitlan. Di tutte le attrazioni naturali del Guatemala, le pi\u00f9 belle sono forse la caldera vulcanica del Lago Atitlan e le sue indimenticabili montagne che nel corso dei secoli hanno sedotto i viaggiatori. Questo lago \u00e8 circondato da tre vulcani sulle cui sponde si trovano molti villaggi Maya. Escursione in barca sul lago e visita alla comunit\u00e0 indigena di Santiago de Atitlan, importante centro della cultura Tzutuhil. Arrivo in serata a Panajachel: sistemazione in albergo, cena libera e pernottamento.<\/td>\n<\/tr>\n<tr class=\"alt\">\n<td style=\"background-color: #ababab\"><span style=\"color: #000000\"><span style=\"color: #ff6600\">\u27a4<\/span>Giorno 12: ANTIGUA O CITT\u00c0 DEL GUATEMALA<br \/>\n<\/span><\/td>\n<\/tr>\n<tr class=\"alt\">\n<td>Prima colazione. Mattinata a disposizione. Partenza per Antigua o citt\u00e0 del Guatemala per un giorno di relax prima del rientro in Italia. Pernottamento.<\/td>\n<\/tr>\n<tr class=\"alt\">\n<td style=\"background-color: #ababab\"><span style=\"color: #000000\"><span style=\"color: #ff6600\">\u27a4<\/span>Giorno 13: CITTA\u2019 DEL GUATEMALA &#8211; EUROPA<br \/>\n<\/span><\/td>\n<\/tr>\n<tr class=\"alt\">\n<td>Prima colazione in albergo. Tempo a disposizione per relax o per lo shopping. Nel pomeriggio partenza per l\u2019aeroporto internazionale. Arrivo nel giorno 14.<\/td>\n<\/tr>\n<\/tbody>\n<\/table>\n<\/div>\n","protected":false},"excerpt":{"rendered":"<p>Guatemala<br \/>\n13 giorni \/ 12 notti<\/p>\n","protected":false},"featured_media":2791,"comment_status":"closed","ping_status":"closed","template":"","meta":{"dwc-title":[""],"dwc-content":["<img class=\"size-full wp-image-2796 aligncenter\" src=\"http:\/\/www.lctouroperator.com\/it\/wp-content\/uploads\/2020\/09\/Guatemala-LCGU09-2009Dv01.jpg\" alt=\"\" width=\"274\" height=\"420\" \/>"]},"product_cat":[53],"product_tag":[55,56],"class_list":{"0":"post-2779","1":"product","2":"type-product","3":"status-publish","4":"has-post-thumbnail","6":"product_cat-guatemala","7":"product_tag-antigua","8":"product_tag-santiago-atitlan","10":"first","11":"instock","12":"shipping-taxable","13":"product-type-simple"},"_links":{"self":[{"href":"https:\/\/www.lctouroperator.com\/it\/wp-json\/wp\/v2\/product\/2779"}],"collection":[{"href":"https:\/\/www.lctouroperator.com\/it\/wp-json\/wp\/v2\/product"}],"about":[{"href":"https:\/\/www.lctouroperator.com\/it\/wp-json\/wp\/v2\/types\/product"}],"replies":[{"embeddable":true,"href":"https:\/\/www.lctouroperator.com\/it\/wp-json\/wp\/v2\/comments?post=2779"}],"wp:featuredmedia":[{"embeddable":true,"href":"https:\/\/www.lctouroperator.com\/it\/wp-json\/wp\/v2\/media\/2791"}],"wp:attachment":[{"href":"https:\/\/www.lctouroperator.com\/it\/wp-json\/wp\/v2\/media?parent=2779"}],"wp:term":[{"taxonomy":"product_cat","embeddable":true,"href":"https:\/\/www.lctouroperator.com\/it\/wp-json\/wp\/v2\/product_cat?post=2779"},{"taxonomy":"product_tag","embeddable":true,"href":"https:\/\/www.lctouroperator.com\/it\/wp-json\/wp\/v2\/product_tag?post=2779"}],"curies":[{"name":"wp","href":"https:\/\/api.w.org\/{rel}","templated":true}]}}