{"id":2710,"date":"2020-08-04T10:33:43","date_gmt":"2020-08-04T13:33:43","guid":{"rendered":"http:\/\/www.lctouroperator.com\/it\/?post_type=product&#038;p=2710"},"modified":"2021-03-23T07:54:38","modified_gmt":"2021-03-23T10:54:38","slug":"bolivia-spettacolare-bol","status":"publish","type":"product","link":"https:\/\/www.lctouroperator.com\/it\/producto\/bolivia-spettacolare-bol\/","title":{"rendered":"Bolivia spettacolare"},"content":{"rendered":"<div class=\"row\">\n<div class=\"nine columns\">\n<h2>Un tour che racchiude i paesaggi pi\u00f9 spettacolari della Bolivia: dalle altezze della Paz alla splendida Isola del Sole con il lago Titicaca; dagli incredibili deserti di Siloli e Dal\u00ec \u201ccorone\u201d del Salar di Uyuni fino al cuore dello stesso salar alle\u00a0 citt\u00e0 patrimonio dell\u2019Umanit\u00e0 come Potosi e Sucre.<\/h2>\n<h2><span style=\"color: #ff6600;\">Programma<\/span><\/h2>\n<table style=\"height: 1896px;\">\n<tbody>\n<tr style=\"height: 24px;\">\n<td style=\"background-color: #ababab; height: 24px;\"><span style=\"color: #000000;\"><span style=\"color: #ff6600;\">\u27a4 <\/span>Giorno 1: La Paz (3.640 m slm)<\/span><\/td>\n<\/tr>\n<tr class=\"alt\" style=\"height: 24px;\">\n<td style=\"height: 24px;\">Arrivo e trasferimento in hotel. Tempo per riposarsi dal viaggio. Breve camminata nei dintorni dell&#8217;hotel per abituarsi alle altezze. Si raccomanda cena leggera senza bibite alcoliche. Pernottamento.<\/td>\n<\/tr>\n<tr style=\"height: 24px;\">\n<td style=\"background-color: #ababab; height: 24px;\"><span style=\"color: #000000;\"><span style=\"color: #ff6600;\">\u27a4 <\/span>Giorno 2:\u00a0 Centro Storico<\/span><\/td>\n<\/tr>\n<tr class=\"alt\" style=\"height: auto;\">\n<td style=\"height: auto;\">Colazione in hotel. Giornata\u00a0 dedicata alla visita di La Paz: immersa in un paesaggio di montagna innevate La Paz ha un suo fascino particolare, un mondo di colori negli abbigliamenti soprattutto delle donne, negozietti di artigianato, coloratissimi mercatini in cui \u00e8 possibile perdere delle ore osservando il viavai della gente soprattutto nel famoso\u00a0 Mercato delle Streghe\u00a0 (per comprendere gli aspetti mitici dei rituali e del pensiero andino). Sulla strada Jaen evidente ancora il passato coloniale della terza citt\u00e0 fondata dagli spagnoli nell&#8217;Alto Per\u00f9 come era chiamata la Bolivia nell&#8217;epoca della sua fondazione nel 1548. Alcuni dei posti da visitare\u00a0 chiesa di San Francesco, la Cattedrale Metropolitana,\u00a0 PLaza\u00a0 Murillo, il Museo di metalli preziosi precolombiano.\u00a0 Con la funivia si potr\u00e0 osservare un bel panorama della citt\u00e0.\u00a0 Rientro in hotel. Pernottamento.<\/td>\n<\/tr>\n<tr style=\"height: 24px;\">\n<td style=\"background-color: #ababab; height: 24px;\"><span style=\"color: #000000;\"><span style=\"color: #ff6600;\">\u27a4 <\/span>Giorno 3: Tiwanaku\u00a0 (3.855 m slm)<\/span><\/td>\n<\/tr>\n<tr class=\"alt\" style=\"height: auto;\">\n<td style=\"height: auto;\">Prima colazione.\u00a0 Parte della giornata\u00a0 dedicata alla visita del Complesso Archeologico Tiwanaku, antica citt\u00e0 del periodo preincaico dichiarata Patrimonio dell\u00b4Umanit\u00e0 dall\u00b4UNESCO. Si trova a 72 km da La Paz. Visita al Museo Cer\u00e1mico e a importanti templi come la Piramide di Akapana, il Tempietto Semisotterraneo, il Tempio di Kalasasay, il Monolito Ponce,\u00a0 la famosa Porta del Sole, uno dei pezzi archeologici pi\u00f9 importanti di questa enigmatica cultura preincaica. Pranzo tipico in corso di escursione. Rientro a La Paz. Tempo libero. Pernottamento.<\/td>\n<\/tr>\n<tr style=\"height: 24px;\">\n<td style=\"background-color: #ababab; height: 24px;\"><span style=\"color: #000000;\"><span style=\"color: #ff6600;\">\u27a4 <\/span>Giorno 4: Copacabana (3.841 m slm)\u00a0 \u2013 Isla del Sol: Lago Titicaca (8.500 m2)<\/span><\/td>\n<\/tr>\n<tr class=\"alt\" style=\"height: 192px;\">\n<td style=\"height: 192px;\">Prima colazione in hotel. Munito da uno zaino per passare fuori due notti,\u00a0 trasferimento verso Copacabana che si trova a 154 km da La Paz. Dopo ca. 3 ore e mezza si arriva al porticello dove\u00a0 si prender\u00e0 una barca a motore per attraversare\u00a0 lo stretto di Tiquina, di ca. 20 minuti di durata. E\u2019 la zona pi\u00fa stretta del lago Titicaca, che lo divide in lago Minore (Wi\u00f1aymarka) e lago Maggiore (Chucuito). Arrivo a Copacabana e trasferimento al porto per salire in motoscafo verso l\u00b4Isola del Sole: l&#8217;Isola sacra per gli Inca. Navigando il Lago Titicaca per ca. 45 minuti si arriva nella parte sud dell&#8217;Isola. All&#8217;arrivo e sistemazione in hotel. Pranzo con piatto tipico chiamato Apthapi, fatto con prodotti della terra e carni: patate, \u201cchu\u00f1o\u201d, fagioli, mote, formaggio freddo, banane, uovo fritto, fra gli altri ingredienti. Al pomeriggio\u00a0 camminata per Isola, scalinata Inca, tempio Pilkokaina, fonte di \u201clas tres aguas\u201d. Cena e pernottamento a Yumani, parte sud all&#8217;Isola del Sole. Attenzione: per gli amanti del trekking si consiglia arrivare in mattinata\u00a0 nella parte nord dell&#8217;Isola da dove sar\u00e0 possibile fare una camminata, difficolt\u00e0 media\u00a0 di ca. 3 ore percorrendo un antico camino inca e osservando i pi\u00f9 begli scorci che offre il lago oltre al fatto di poter visitare delle rovine inca, culla dei figli del dio\u00a0 Wiracocha: Manco Capac e Mama Oclio: la tradizione tramanda che qui all&#8217;Isola del sole nacque il che poi divent\u00f2 il grande impero Inca. Il pernottamento \u00e8 comunque previsto a Yumani, la parte sud pi\u00f9 attrezzata per accogliere i viaggiatori. In caso di scegliere questa modalit\u00e0 prenotare con molto anticipo e munirsi di indumenti adatti al trekking a basse temperature. Infatti nei mesi di luglio ed agosto mesi invernali in questo emisfero la temperatura potrebbe arrivare a qualche grado sotto zero.<\/td>\n<\/tr>\n<tr class=\"alt\" style=\"height: 24px;\">\n<td style=\"background-color: #ababab; height: 24px;\"><span style=\"color: #000000;\"><span style=\"color: #ff6600;\">\u27a4<\/span> Giorno 5: Isla del Sol &#8211; La Paz<\/span><\/td>\n<\/tr>\n<tr class=\"alt\" style=\"height: auto;\">\n<td style=\"height: auto;\">Prima colazione. In mattinata rientro a Copacabana: tempo per una visita al\u00a0 suo colorito mercato, la Basilica rinascimentale ed eclettica della miracolosa Virgen Morena, protettrice della Bolivia. Pranzo libero Al pomeriggio\u00a0 rientro a La Paz in\u00a0 trasporto privato.<\/td>\n<\/tr>\n<tr class=\"alt\" style=\"height: 24px;\">\n<td style=\"background-color: #ababab; height: 24px;\"><span style=\"color: #000000;\"><span style=\"color: #ff6600;\">\u27a4 <\/span>Giorno 6: La Paz &#8211; Uyuni &#8211; Deserto di Siloli (4.500m slm)<\/span><\/td>\n<\/tr>\n<tr class=\"alt\" style=\"height: 120px;\">\n<td style=\"height: 120px;\">A seconda dell&#8217;orario del primo volo per Uyuni, in genere ca, le ore 6.30 trasferimento all&#8217;aeroporto per partire verso la citt\u00e0 di Uyuni. Arrivo e incontro con il guida locale. In fuoristrada inizio della visita al Salar: partenza per Ojo de Perdiz, visitando nel percorso la chiesetta coloniale di San Cristobal, passando per Vila Alota, Villa Mar fino alla incredibile Laguna Colorada con bellissimi fenicotteri di tre specie differenti. Pernottamento a Ojo de Perdiz, nel deserto di Siloli.<\/td>\n<\/tr>\n<tr class=\"alt\" style=\"height: 24px;\">\n<td style=\"background-color: #ababab; height: 24px;\"><span style=\"color: #000000;\"><span style=\"color: #ff6600;\">\u27a4 <\/span>Giorno 7: Deserto di Dal\u00ec(4.300m slm)<\/span><\/td>\n<\/tr>\n<tr class=\"alt\" style=\"height: auto;\">\n<td style=\"height: auto;\">Prima colazione. Ca. le ore 6.30 del mattino inizio della lunga bellissima giornata: Avvio verso il deserto di Dal\u00ec: visitando le fumarole Sol de ma\u00f1ana, le sorgenti termali di Polques dove si potr\u00e0 godere della natura ed de un energetico bagno in mezzo al deserto. Continuazione del viaggio fino all\u2019 incredibile laguna Verde la gemma di questo deserto sotto \u201clo sguardo\u201d del vulcano Licancabur. Pranzo al sacco. Partenza verso l&#8217;hotel a Laguna Hedionda, visitando durante il percorso l&#8217;Albero di Pietra (formazione geomorfologica dovuta all&#8217;erosione del vento, in un insieme di rocce vulcaniche). Arrivo in hotel. Sistemazione. Cena e pernottamento.<\/td>\n<\/tr>\n<tr class=\"alt\" style=\"height: 24px;\">\n<td style=\"background-color: #ababab; height: 24px;\"><span style=\"color: #000000;\"><span style=\"color: #ff6600;\">\u27a4 <\/span>Giiorno 8: Salar de Uyuni \u2013 Isla Incahuasi \u2013 Colchani (3.600m slm)<\/span><\/td>\n<\/tr>\n<tr class=\"alt\" style=\"height: 120px;\">\n<td style=\"height: 120px;\">Prima colazione. Partenza per il Salar di Uyuni, passando per Colchani, visita ad un centro di artigianato tradizionale tutto di sale. Arrivo all\u2019Isola di Incahuasi attraversando buche naturali di acqua chiamati \u201cocchi d\u2019acqua\u201d dove il lago Tauca bolle sotto la superficie. Camminata nell\u2019Isola Incahuasi, tempo per le foto e per godersi il paesaggio surreale dell&#8217;immenso deserto del sale. Pranzo in corso della visita. Rientro a Colchani. Cena e pernottamento.<\/td>\n<\/tr>\n<tr style=\"height: 24px;\">\n<td style=\"background-color: #ababab; height: 24px;\"><span style=\"color: #ff6600;\">\u27a4 <\/span><span style=\"color: #000000;\">Giorno 9: Colchani &#8211; Potos\u00ec (4.067 m slm)<\/span><\/td>\n<\/tr>\n<tr style=\"height: 96px;\">\n<td style=\"height: 96px;\">Prima colazione. Trasferimento a Potos\u00ec a 205 km da Uyuni. Arrivo dopo ca. 3 ore di viaggio. Sistemazione in hotel. Nel pomeriggio visita guidata della citt\u00e0 patrimonio dell\u2019 Umanit\u00e0 con la famosa casa della moneta, dove ancora \u00e8 possibile intravedere il periodo di splendore della citt\u00e0 nel XVII secolo. Visita facoltativa alla miniera di Cerro Rico. Tempo libero. Pernottamento.<\/td>\n<\/tr>\n<tr style=\"height: 24px;\">\n<td style=\"background-color: #ababab; height: 24px;\"><span style=\"color: #ff6600;\">\u27a4<\/span> <span style=\"color: #000000;\">Giorno 10: Sucre (2.810 mslm)<\/span><\/td>\n<\/tr>\n<tr style=\"height: 144px;\">\n<td style=\"height: 144px;\">Prima colazione. \u00a0Continuazione del viaggio verso Sucre a 155 km da Potosi. Sucre \u00e8\u00a0 la capitale costituzionale del Paese, patrimonio dell&#8217;Umanit\u00e0 Unesco dal 2012: dal punto di vista architettonico \u00e8 la citt\u00e0 pi\u00f9 bella della Bolivia. Dopo ca. 2 ore\u00a0 e mezzo di viaggio arrivo e trasferimento in hotel. Tempo libero\u00a0 per godersi in clima di relax la visita libera a questa piacevole citt\u00e0 bianca. Numerosi i punti d&#8217;interesse: Plaza 25 de Mayo, Casa de La Libertad, splendido museo storico del paese, la Cattedrale, Oratorio San Felipe Neri, camminata per la calle Polanco fino al Mirador de la Recoleta. Imperdibile la visita al mercato.<\/td>\n<\/tr>\n<tr style=\"height: 24px;\">\n<td style=\"background-color: #ababab; height: 24px;\"><span style=\"color: #ff6600;\">\u27a4 <\/span><span style=\"color: #000000;\">Giorno 11: Sucre &#8211; Tarabuco (di domenica)<\/span><\/td>\n<\/tr>\n<tr style=\"height: 96px;\">\n<td style=\"height: 96px;\">Prima colazione. Continuazione della visita libera di Sucre. Di domenica \u00e8 possibile visitare il bellissimo mercato indigena di Tarabuco (a 60 km da Sucre), una sinfonia di autenticit\u00e0 etnologica, accompagnata di svariate lingue le cui cadenze sono quasi impossibili da decifrare, un mondo di colori nell&#8217;artigianato come nei vestiti indossati da donne e uomini. Rientro a Sucre. Pernottamento.<\/td>\n<\/tr>\n<tr style=\"height: 24px;\">\n<td style=\"background-color: #ababab; height: 24px;\"><span style=\"color: #ff6600;\">\u27a4 <\/span><span style=\"color: #000000;\">Giorno 12: Sucre &#8211; La Paz<\/span><\/td>\n<\/tr>\n<tr style=\"height: 48px;\">\n<td style=\"height: 48px;\">Prima colazione. Al pomeriggio, rientro La Paz. Sistemazione in hotel. Attenzione: si consiglia rientrare a La Paz un giorno prima del volo interno internazionale.<\/td>\n<\/tr>\n<tr style=\"height: 24px;\">\n<td style=\"background-color: #ababab; height: 24px;\"><span style=\"color: #ff6600;\">\u27a4<\/span> <span style=\"color: #000000;\">Giorno 13: La Paz<\/span><\/td>\n<\/tr>\n<tr style=\"height: 48px;\">\n<td style=\"height: 48px;\">Prima colazione. In orario a seconda del volo internazionale trasferimento all&#8217;aeroporto per iniziare il viaggio di rientro in Italia.<\/td>\n<\/tr>\n<\/tbody>\n<\/table>\n<\/div>\n<p>&nbsp;<\/p>\n<\/div>\n<p><!--:--><\/p>\n","protected":false},"excerpt":{"rendered":"<p>Bolivia<br \/>\n13 giorni \/ 12 notti<\/p>\n","protected":false},"featured_media":2425,"comment_status":"closed","ping_status":"closed","template":"","meta":{"dwc-title":[""],"dwc-content":["<img class=\"alignnone size-full wp-image-2711\" src=\"http:\/\/www.lctouroperator.com\/it\/wp-content\/uploads\/2020\/08\/Bolivia-01-Spetacolare-2008v01.jpg\" alt=\"\" width=\"274\" height=\"420\" \/>"]},"product_cat":[30],"product_tag":[],"class_list":{"0":"post-2710","1":"product","2":"type-product","3":"status-publish","4":"has-post-thumbnail","6":"product_cat-bolivia","8":"first","9":"instock","10":"shipping-taxable","11":"product-type-simple"},"_links":{"self":[{"href":"https:\/\/www.lctouroperator.com\/it\/wp-json\/wp\/v2\/product\/2710"}],"collection":[{"href":"https:\/\/www.lctouroperator.com\/it\/wp-json\/wp\/v2\/product"}],"about":[{"href":"https:\/\/www.lctouroperator.com\/it\/wp-json\/wp\/v2\/types\/product"}],"replies":[{"embeddable":true,"href":"https:\/\/www.lctouroperator.com\/it\/wp-json\/wp\/v2\/comments?post=2710"}],"wp:featuredmedia":[{"embeddable":true,"href":"https:\/\/www.lctouroperator.com\/it\/wp-json\/wp\/v2\/media\/2425"}],"wp:attachment":[{"href":"https:\/\/www.lctouroperator.com\/it\/wp-json\/wp\/v2\/media?parent=2710"}],"wp:term":[{"taxonomy":"product_cat","embeddable":true,"href":"https:\/\/www.lctouroperator.com\/it\/wp-json\/wp\/v2\/product_cat?post=2710"},{"taxonomy":"product_tag","embeddable":true,"href":"https:\/\/www.lctouroperator.com\/it\/wp-json\/wp\/v2\/product_tag?post=2710"}],"curies":[{"name":"wp","href":"https:\/\/api.w.org\/{rel}","templated":true}]}}