{"id":2676,"date":"2020-07-08T18:43:02","date_gmt":"2020-07-08T21:43:02","guid":{"rendered":"http:\/\/www.lctouroperator.com\/it\/?post_type=product&#038;p=2676"},"modified":"2021-03-31T13:24:48","modified_gmt":"2021-03-31T16:24:48","slug":"il-meglio-dell-ecuador","status":"publish","type":"product","link":"https:\/\/www.lctouroperator.com\/it\/producto\/il-meglio-dell-ecuador\/","title":{"rendered":"Il meglio dell&#8217;Ecuador"},"content":{"rendered":"<h2 align=\"left\">13 giorni da vivere intensamente tra montagne, la splendida capitale coloniale: Quito e i suoi dintorni colorati dai ponchos delle numerose etnie che conformano la ricca popolazione del paese fino a dei giorni imperdibili nelle splendide Galapagos.<\/h2>\n<h2 align=\"left\"><span style=\"color: #ff6600;\">Programma<\/span><\/h2>\n<table class=\" alignleft\" style=\"height: 1892px;\">\n<tbody>\n<tr style=\"height: 24px;\">\n<td style=\"background-color: #ababab; height: 24px;\"><span style=\"color: #000000;\"><span style=\"color: #ff6600;\">\u27a4<\/span>Giorno 1: Arrivo a QUITO (Ecuador)<br \/>\n<\/span><\/td>\n<\/tr>\n<tr class=\"alt\" style=\"height: 48px;\">\n<td style=\"height: 38px;\">Arrivo alla citt\u00e0 coloniale pi\u00f9 bella del Sudamerica: circondata di vulcani e montagne, a 2.850 m slm. Trasferimento in hotel. Tempo per riposarsi dal viaggio. Cena di benvenuto in hotel. Pernottamento.<\/td>\n<\/tr>\n<tr style=\"height: 24px;\">\n<td style=\"background-color: #ababab; height: 24px;\"><span style=\"color: #000000;\"><span style=\"color: #ff6600;\">\u27a4<\/span>Giorno 2: CENTRO STORICO QUITO<br \/>\n<\/span><\/td>\n<\/tr>\n<tr class=\"alt\" style=\"height: 188px;\">\n<td style=\"height: 188px;\">Prima colazione. Giornata dedicata alla visita guidata di questa splendida citt\u00e0 che oltre ad essere la capitale del paese, il suo centro storico, patrimonio culturale dell&#8217;Umanit\u00e0, \u00e8 una \u201cmostra\u201d permanente del passato coloniale, arricchita di splendide opere d\u2019arte. E\u2019 inoltre la citt\u00e0 coloniale conservata quasi intatta, mostrando cos\u00ec lo stile barocco in tutto il suo splendore. Visita al museo numismatico del Banco Central, un&#8217;occasione per conoscere la storia del paese grazie a dei reperti dalla preistoria all&#8217;epoca coloniale. Splendida la sala dedicata all&#8217;oreficeria precolombiana. Visita alla Piazza dell\u2019Indipendenza o Plaza Grande circondata di bellissimi palazzi nonch\u00e9 la Cattedrale metropolitana. Visita alla splendida chiesa della Compagnia di Ges\u00f9, considerata un gioiello dell&#8217;arte barocca ibero-americana. Al pomeriggio tempo libero per visite facoltative: Museo Capilla del Monte e al Museo dell\u2019Acqua. Facoltativo cena in qualche ristorante della famosa Plaza Foch. Rientro in hotel. Pernottamento.<\/td>\n<\/tr>\n<tr style=\"height: 24px;\">\n<td style=\"background-color: #ababab; height: 24px;\"><span style=\"color: #000000;\"><span style=\"color: #ff6600;\">\u27a4<\/span>Giorno 3: VULCANO PICHINCHA (4.690 mslm)<br \/>\n<\/span><\/td>\n<\/tr>\n<tr class=\"alt\" style=\"height: auto;\">\n<td style=\"height: 100px;\">Prima colazione. Partenza in teleferico da 3.117 m, sbarcando a Cruz Loma a 4.050 m, sul lato est del vulcano Pichincha. Arrivando sar\u00e0 possibile iniziare subito un trekking di ca. 4 ore fino alla vetta del Rucu Pichincha(Rucu=vecchio in quechua), ca. 650 m di salita in verticale che richiede innanzitutto una buon stato fisico e adattamento all&#8217;aria di montagna visto che in cima si superano i 4.500m. Se il trekking non \u00e8 l&#8217;obiettivo arrivando allo sbarco a Cruz Loma sar\u00e0 possibile semplicemente godersi il paesaggio bevendo un buon caff\u00e8 nei locali che vi si trovano: se capita il clima adatto dalla cima \u00e8 possibile vedere il vulcano Cotopaxi, l&#8217;Antisana, cosiccome una splendida panoramica di diversi punti di Quito. Rientro in citt\u00e0 in teleferico.<\/td>\n<\/tr>\n<tr style=\"height: 24px;\">\n<td style=\"background-color: #ababab; height: 24px;\"><span style=\"color: #000000;\"><span style=\"color: #ff6600;\">\u27a4<\/span>Giorno 4: MERCATO DI OTAVALO(sabato) &#8211; LAGUNA CUICOCHA(Vulcano Cotacachi)<br \/>\n<\/span><\/td>\n<\/tr>\n<tr class=\"alt\" style=\"height: 72px;\">\n<td style=\"height: 72px;\">Prima colazione in albergo e partenza verso il nord per raggiungere Otavalo, attraversando colorate vallate punteggiate di villaggi e dominate dall\u2019 imponente cordigliera delle Ande. Il mercato di Otavalo \u00e8 un microcosmo speciale, punto d\u2019 incontro di ecuadoriani dall&#8217;abbigliamento elaborato e dai modi gentili. Continuazione del viaggio verso la Reserva Ecologica Cotacachi-Cayapas, presso il lago Cuicocha, cratere formatosi dall&#8217;eruzione del vulcano Cotacachi a 3.246 m slm. Tempo per una camminata. Al rientro a Quito fermata a Cotacachi, piccolo villaggio dedito al lavoro in cuoio: borse, giubbotti, stivali di ottima qualit\u00e0 e manifattura. Rientro a Quito. Pernottamento.<\/td>\n<\/tr>\n<tr class=\"alt\" style=\"height: 24px;\">\n<td style=\"background-color: #ababab; height: 24px;\"><span style=\"color: #000000;\"><span style=\"color: #ff6600;\">\u27a4<\/span>Giorno 5: MITAD DEL MUNDO &#8211; PANECILLO<br \/>\n<\/span><\/td>\n<\/tr>\n<tr class=\"alt\" style=\"height: auto;\">\n<td style=\"height: 100px;\">Prima colazione. Visita facoltativa al posto considerato \u201cla mitad del Mundo\u201d (latitude 0\u00b00\u201900\u2019\u2019, secondo una spedizione francese del XVIII secolo), passando per Panecillo antico luogo sacro inca da dove si ottiene una splendida vista su tutta Quito. Al rientro fermata alla Plaza de San Francisco, considerata la \u201cEscorial\u201d del nuovo mondo e alla Basilica del Voto Nazional, la pi\u00f9 importante in stile neo-gotico di tutta l&#8217;America Latina. Cena libera nella Praza Foch, epicentro della vita notturna \u201cquitegna\u201d. Pernottamento.<\/td>\n<\/tr>\n<tr class=\"alt\" style=\"height: 24px;\">\n<td style=\"background-color: #ababab; height: 24px;\"><span style=\"color: #000000;\"><span style=\"color: #ff6600;\">\u27a4<\/span>Giorno 6: VULCANO COTOPAXI<br \/>\n<\/span><\/td>\n<\/tr>\n<tr class=\"alt\" style=\"height: 144px;\">\n<td style=\"height: 144px;\">\u00a0Prima colazione in albergo e partenza in direzione sud, verso il Parco Nazionale Cotopaxi, la cui principale attrattiva \u00e8 rappresentata dal pi\u00f9 alto vulcano attivo al mondo: l\u2019innevato Cotopaxi: possibilit\u00e0 di avvicinarsi e camminare per ca. un ora intorno al lago Limpiopungo a 3.800 m slm. Continuazione della salita in macchina fino alla base del parcheggio a 4.500 m slm. Questo parco conta, nonostante l&#8217;elevata altitudine con numerose specie di piante ed uccelli. Tempo permettendo sar\u00e0 possibile osservare il Rifugio Jos\u00e8 Rivas e la cima del vulcano. Rientro a Quito. Pernottamento.<\/td>\n<\/tr>\n<tr class=\"alt\" style=\"height: 24px;\">\n<td style=\"background-color: #ababab; height: 24px;\"><span style=\"color: #000000;\"><span style=\"color: #ff6600;\">\u27a4<\/span>Giorno 7: QUITO \u2013 GALAPAGOS- BALTRA<\/span><\/td>\n<\/tr>\n<tr class=\"alt\" style=\"height: auto;\">\n<td style=\"height: 100px;\">\u00a0In mattinata arrivo all&#8217;aeroporto di Baltra (procedenti da Quito o Guayaquil). Trasferimento privato all&#8217;Isola di Santa Cruz, visitando durante il percorso i crateri gemelli circondati da una natura lussureggiante e la finca El Chato, per un primo contatto con le tartarughe giganti. Pranzo libero nella finca. Dopo la visita continuazione fino a Santa Cruz. Sistemazione nelle camere riservate. Tempo per una passeggiata libera per il piccolo centro del paese. Pernottamento.<\/td>\n<\/tr>\n<tr class=\"alt\" style=\"height: 24px;\">\n<td style=\"background-color: #ababab; height: 24px;\"><span style=\"color: #000000;\"><span style=\"color: #ff6600;\">\u27a4<\/span>Giorno 8: ISOLA SANTA CRUZ<br \/>\n<\/span><\/td>\n<\/tr>\n<tr class=\"alt\" style=\"height: 192px;\">\n<td style=\"height: 192px;\">Prima colazione in hotel. Visita libera al Centro di interpretazione nonch\u00e9 stazione scientifica Charles Darwin: un percorso libero a piedi che permette individuare ca. 11 sottospecie delle tartarughe giganti. In seguito \u00e8 possibile proseguire verso la spiaggia los Alemanes, una piccola baia di sabbia bianca in cui poter realizzare snorkeling e las Grietas, una formazione rocciosa di origine vulcanica la cui particolarit\u00e0 \u00e8 l&#8217;incontro delle acque dolci(la parte profonda dove ci sono le scale per arrivarci e tuffarsi) con l&#8217;acqua salata del mare che si trova man mano..luogo ideale bagni tipo piscina e un bello snorkeling. Tortuga Bay \u00e8 il posto ideale per gli amanti della spiaggia:e a Playa Mansa il luogo migliore per nuotare in tranquillit\u00e0 si pu\u00f2 arrivare da Puerto Ayora a piedi (ca. un&#8217;oretta di camminata) o in piccole barche che partono da Puerto Ayora. Sempre da Puerto Ayora partono le escursioni giornaliere per altre Isole con proposte soprattutto di snorkeling molto interessanti come Isola Pinz\u00f3n, Isola Santa, Playa Escondida per le cui visite conviene pernottare altre notti a Santa Cruz. Da Santa Cruz partono anche le escursioni per la famosa Isola Bartolom\u00e8, splendida soprattutto dal punto di vista paesaggistico e l&#8217;Isola Seymour, regno di specie autoctone.<\/td>\n<\/tr>\n<tr class=\"alt\" style=\"height: 24px;\">\n<td style=\"background-color: #ababab; height: 24px;\"><span style=\"color: #000000;\"><span style=\"color: #ff6600;\">\u27a4<\/span> Giorno 9: ISOLA ISABELA: FLAMINGOS E TINTORERAS<\/span><\/td>\n<\/tr>\n<tr class=\"alt\" style=\"height: 120px;\">\n<td style=\"height: 120px;\">Prima colazione. Giornata dedicata alla visita dell&#8217;Isola pi\u00fa grande dell&#8217;arcipelago: Isabela che occupa il 60% della superficie totale delle Galapagos. Vi si arriva navigando per ca. due ore e mezzo(barche veloci da prenotare in anticipo): Arrivo e sistemazione nelle camere riservate. Visita libera alla laguna dei fenicotteri, per osservare le specie di uccelli nel loro stato naturale. In seguito dopo una breve navigazione di 15 minuti di navigazione da Puerto Villamil visita alle Isolette Tintoreras per osservare colonie di iguane marine, pellicani, sule dai piedi blu. Tempo per fare di snorkeling. Rientro in hotel.<\/td>\n<\/tr>\n<tr class=\"alt\" style=\"height: 24px;\">\n<td style=\"background-color: #ababab; height: 24px;\"><span style=\"color: #ff6600;\">\u27a4<\/span> Giorno 10: FULL DAY ISABELA \u2013 SIERRA NEGRA<\/td>\n<\/tr>\n<tr class=\"alt\" style=\"height: auto;\">\n<td style=\"height: 46px;\">Colazione.Visita libera alla Sierra Negra, uno dei crateri leggermente attivi pi\u00f9 grande del mondo. Dopo un breve trasferimento in trasporto privato fino alla base del promontorio, inizio di una camminata di ca. tre, quattro\u00a0 ore (tra andata e ritorno) osservando i campi di lava perpetua impressionanti.\u00a0 Rientro in hotel. Tempo per il pranzo libero e\u00a0\u00a0trasferimento al porto per iniziare la navigazione di rientro a Santa Cruz.\u00a0 Sistemazione in hotel. Cena e tempo libero.<\/td>\n<\/tr>\n<tr>\n<td style=\"background-color: #ababab; height: 24px;\"><span style=\"color: #ff6600;\">\u27a4<\/span> Giorno 11: FULL DAY ISOLA SEYMOUR(da prenotare con molto anticipo)<\/td>\n<\/tr>\n<tr>\n<td>Prima colazione. Giornata libera per escursioni facoltative, tra cui spicca la visita alla bellissima Isola Seymour, circondata da alberi di Palo Santo, piqueros di zampa blue, gabbiani e numerosi uccelli: giornata dedicata al relax tra navigazione, camminate, nuoto e snorkeling. Pranzo nell&#8217;imbarcazione. Fine pomeriggio rientro in hotel.<\/td>\n<\/tr>\n<tr>\n<td style=\"background-color: #ababab; height: 24px;\"><span style=\"color: #ff6600;\">\u27a4<\/span> Giorno 12: SANTA CRUZ<\/td>\n<\/tr>\n<tr>\n<td>Prima colazione. Intera giornata libera per escursioni facoltative o un completo relax.<\/td>\n<\/tr>\n<tr>\n<td style=\"background-color: #ababab; height: 24px;\"><span style=\"color: #ff6600;\">\u27a4<\/span> Giorno 13: BALTRA &#8211; QUITO o GUAYAQUIL<\/td>\n<\/tr>\n<tr>\n<td>Prima colazione. In orario da indicare trasferimento in aeroporto per continuare viaggio verso altre destinazioni.<\/td>\n<\/tr>\n<\/tbody>\n<\/table>\n<p>&nbsp;<\/p>\n","protected":false},"excerpt":{"rendered":"<p>Ecuador<br \/>\n13 giorni \/ 12 notti<\/p>\n","protected":false},"featured_media":2681,"comment_status":"closed","ping_status":"closed","template":"","meta":{"dwc-title":[""],"dwc-content":["<img class=\"size-full wp-image-2677 aligncenter\" src=\"http:\/\/www.lctouroperator.com\/it\/wp-content\/uploads\/2020\/07\/mapa-il-meglio-del-ecuador.jpg\" alt=\"\" width=\"274\" height=\"420\" \/>"]},"product_cat":[54],"product_tag":[],"class_list":{"0":"post-2676","1":"product","2":"type-product","3":"status-publish","4":"has-post-thumbnail","6":"product_cat-ecuador","8":"first","9":"instock","10":"shipping-taxable","11":"product-type-simple"},"_links":{"self":[{"href":"https:\/\/www.lctouroperator.com\/it\/wp-json\/wp\/v2\/product\/2676"}],"collection":[{"href":"https:\/\/www.lctouroperator.com\/it\/wp-json\/wp\/v2\/product"}],"about":[{"href":"https:\/\/www.lctouroperator.com\/it\/wp-json\/wp\/v2\/types\/product"}],"replies":[{"embeddable":true,"href":"https:\/\/www.lctouroperator.com\/it\/wp-json\/wp\/v2\/comments?post=2676"}],"wp:featuredmedia":[{"embeddable":true,"href":"https:\/\/www.lctouroperator.com\/it\/wp-json\/wp\/v2\/media\/2681"}],"wp:attachment":[{"href":"https:\/\/www.lctouroperator.com\/it\/wp-json\/wp\/v2\/media?parent=2676"}],"wp:term":[{"taxonomy":"product_cat","embeddable":true,"href":"https:\/\/www.lctouroperator.com\/it\/wp-json\/wp\/v2\/product_cat?post=2676"},{"taxonomy":"product_tag","embeddable":true,"href":"https:\/\/www.lctouroperator.com\/it\/wp-json\/wp\/v2\/product_tag?post=2676"}],"curies":[{"name":"wp","href":"https:\/\/api.w.org\/{rel}","templated":true}]}}