{"id":2645,"date":"2020-06-24T03:36:59","date_gmt":"2020-06-24T06:36:59","guid":{"rendered":"http:\/\/www.lctouroperator.com\/it\/?post_type=product&#038;p=2645"},"modified":"2020-06-25T12:01:21","modified_gmt":"2020-06-25T15:01:21","slug":"bogota-e-3-gioielli-dei-caraibi","status":"publish","type":"product","link":"https:\/\/www.lctouroperator.com\/it\/producto\/bogota-e-3-gioielli-dei-caraibi\/","title":{"rendered":"Bogota e 3 gioielli dei Caraibi"},"content":{"rendered":"<p><!--:es--><\/p>\n<div class=\"row\">\n<div class=\"nine columns\">\n<h2 align=\"left\">Bogot\u00e1, la capitale, Cartagena la Regina, Santa Cruz de Mompox sconosciuta e autentica e Santa Marta, porta d\u2019ingresso al Parco Nazionale Tayrona, ma essa stessa un gioiellino tutto da scoprire: un viaggio all\u2019insegna della cultura colombiana immersi in una natura rigogliosa.<\/h2>\n<h2 align=\"left\"><span style=\"color: #ff6600;\">Programma<\/span><\/h2>\n<\/div>\n<table style=\"height: 1368px;\">\n<tbody>\n<tr style=\"height: 24px;\">\n<td style=\"background-color: #ababab; height: 24px;\"><span style=\"color: #000000;\"><span style=\"color: #ff6600;\">\u27a4<\/span>Giorno 1: Bogot\u00e1<\/span><\/td>\n<\/tr>\n<tr class=\"alt\" style=\"height: 24px;\">\n<td style=\"height: 24px;\">Arrivo alla citt\u00e1 di Bogot\u00e1. Trasferimento in hotel. Pernottamento.<\/td>\n<\/tr>\n<tr style=\"height: 24px;\">\n<td style=\"background-color: #ababab; height: 24px;\"><span style=\"color: #000000;\"><span style=\"color: #ff6600;\">\u27a4<\/span>Giorno 2: Bogota: Candelaria &#8211; Museo dell\u2019oro<\/span><\/td>\n<\/tr>\n<tr class=\"alt\" style=\"height: 144px;\">\n<td style=\"height: 144px;\">Prima colazione. Mattinanta dedicata dedicata a Bogot\u00e1, il cuore pulsante della Colombia, una capitale coinvolgente e vivace, circondata dalle vette andine e pervasa da un\u2019atmosfera vivace. Walking tour per la Candelaria, il centro storico della citt\u00e0, che riunisce un insieme di antichi quartieri che contengono un importante patrimonio architettonico. Sosta per ammirare la rinomata Plaza Bolivar al centro della quale si trovano la statua del Libertador, la Capilla del Sagrario, in stile barocco, il Capitolio, edificio neoclassico sede del Parlamento, L\u2019Alcadia Mayor. Visita al museo dell\u2019Oro, considerata, nel suo genere, la collezione di oggetti in oro pi\u00f9 importante al mondo. Pranzo libero in corso di escursione. Visita al Museo di Botero, il pi\u00f9 famoso artista colombiano. Rientro in albergo. Pernottamento.<\/td>\n<\/tr>\n<tr style=\"height: 24px;\">\n<td style=\"background-color: #ababab; height: 24px;\"><span style=\"color: #000000;\"><span style=\"color: #ff6600;\">\u27a4<\/span>Giorno 3: Cattedrale del Sale &#8211; Monserrat<\/span><\/td>\n<\/tr>\n<tr class=\"alt\" style=\"height: 144px;\">\n<td style=\"height: 144px;\">Prima colazione. Giornata a disposizione a Bogot\u00e1. Si suggerisce la visita alla Cattedrale del Sale, fuori citt\u00e0 ma se la tematica interessa \u00e8 molto impressionante da vedere la grandiosa costruzione in una antica miniera del sale sebbene in parte ancora attiva: All\u2019interno del complesso si trova un lungo tunnel lungo il quale sono state allestite le quattordici stazioni della Via Crucis, le tre navate della Cattedrale, collegate tra loro da aperture che rappresentano la nascita e la morte di Cristo e l\u2019altare maggiore, con una croce di 16 metri.<br \/>\nAl pomeriggio \u00e8 possibile salire fino al Cerro Monserrat, s\u00edmbolo di Bogot\u00e1, su cui si trova il Santuario del Se\u00f1or Ca\u00eddo ed \u00e8 possibile ammirare una meravigliosa vista. Pernottamento.<\/td>\n<\/tr>\n<tr style=\"height: 24px;\">\n<td style=\"background-color: #ababab; height: 24px;\"><span style=\"color: #000000;\"><span style=\"color: #ff6600;\">\u27a4<\/span>Giorno 4: Partenza per Cartagena<\/span><\/td>\n<\/tr>\n<tr class=\"alt\" style=\"height: 96px;\">\n<td style=\"height: 96px;\">Prima colazione. In orario da indicare trasferimento all\u2019aeroporto per continuare viaggio verso la citt\u00e0 regina della costa caraibica della Colombia: Cartagena. All\u2019arrivo tour panoramico nel cui percorso si potr\u00e0 apprezzare Bocagrande, il molo De los Pegasos, los Zapatos Viejos, Castillo de San Felipe, Convento de la Candelaria (Cerro de la Popa), India Catalina e l recinto della Citt\u00e0 Murata. Arrivo in hotel. Sistemazione nelle camere riservata. Tempo libero<\/td>\n<\/tr>\n<tr class=\"alt\" style=\"height: 24px;\">\n<td style=\"background-color: #ababab; height: 24px;\"><span style=\"color: #000000;\"><span style=\"color: #ff6600;\">\u27a4<\/span>Giorno 5: Cartagena<\/span><\/td>\n<\/tr>\n<tr class=\"alt\" style=\"height: 168px;\">\n<td style=\"height: 168px;\">Colazione. Giornata a disposizione per una visita libera della centro storico dentro la citt\u00e0 murata: quartieri di El Centro, un tempo abitato dai membri della classe agiata e San Diego, dove viveva il ceto medio. Entrambi i quartieri sono ricchi di testimonianze perfettamente conservate dell\u2019epoca coloniale, tra cui chiese, monasteri, piazze, palazzi e residenze signorili abbellite da balconi e patios ombreggianti e traboccanti di fiori dai colori intensi.. Luoghi d\u2019interesse: Convento e Iglesia de San Pedro Claver, fondato dai Gesuiti nella prima met\u00e0 del XVII secolo e che ospit\u00f2 il monaco Pedro Claver, chiamato l\u2019Apostolo dei Neri, primo santo del Nuovo Mondo canonizzato nel 1888, Museo dell\u2019Oro, Palacio del la Inquisicion, uno degli edifici storici pi\u00f9 eleganti della citt\u00e0 che in passato ospitava al suo interno la sede dell\u2019Inquisizion, Iglesia de Santo Domingo, l\u2019edificio sacro pi\u00f9 antico della citt\u00e0. Bello anche il quartiere Getsemani subito fuori le mura ma facente parte del centro storico ecc.<\/td>\n<\/tr>\n<tr class=\"alt\" style=\"height: 24px;\">\n<td style=\"background-color: #ababab; height: 24px;\"><span style=\"color: #000000;\"><span style=\"color: #ff6600;\">\u27a4<\/span>Giorno 6: Arcipelago del Rosario<\/span><\/td>\n<\/tr>\n<tr class=\"alt\" style=\"height: 96px;\">\n<td style=\"height: 96px;\">Prima colazione in albergo. Giornata dedicata all\u2019arcipelago Islas del Rosario, un gruppo di isole, alcune piccolissime, di barriera corallina, acqua turchina e sabbia bianchissima, dichiarato Parco Nazionale Naturale. Imbarco dal porto di Cartagena e inizio della navigazione per uscire dalla baia ed arrivare in mare aperto, dove si navigher\u00e0 fra alcune isole fino a raggiungerne un paio tra le pi\u00f9 interessanti, dove si effettueranno soste per visite e relax. Pranzo in corso di escursione. Rientro a Cartagena. Cena in hotel. Pernottamento in albergo.<\/td>\n<\/tr>\n<tr class=\"alt\" style=\"height: 24px;\">\n<td style=\"background-color: #ababab; height: 24px;\"><span style=\"color: #000000;\"><span style=\"color: #ff6600;\">\u27a4<\/span>Giorno 7: Cartagena \u2013 Santa Cruz de Mompox* (San Basilio de Palenque)<\/span><\/td>\n<\/tr>\n<tr style=\"height: 144px;\">\n<td style=\"height: 144px;\">\n<p>Prima colazione. Partenza per la cittadina coloniale Mompox attraverso il novo ponte che permette di arrivarvi in meno di 5 ore. Durante il viaggio fermata facoltativa a San Basilio de Palenque, un villaggio fondato nel XVI secolo da una delle prime comunita\u0300 di schiavi fuggiti durante la colonizzazione spagnola, oggi Patrimonio Immateriale dell\u2019Umanita\u0300 UNESCO. Le venditrici di frutta, dai lineamenti africani e dagli abiti variopinti che si incontrano per le strade di Cartagena provengono da Palenque, impegnati inoltre nel mantenere le proprie tradizioni culturali cosi\u0300 come il Palenquero, una lingua spagnola di origine creola parlata secondo le stime da 2.500 persone. All\u2019arrivo a Mompox incontro col guida locale. Sistemazione in hotel e walking tour panoramico per il piccolo centro storico. Pernottamento.<\/p>\n<p>&nbsp;<\/p>\n<p><em>* Il nome Mompox deriva da Mompoj, l\u2019ultimo capo degli indigeni kimbay che popolavano la regione prima della conquista spagnola. Con gli spagnoli la cittadina divenne un importante centro commerciale e un attivo porto fluviale dal quale transitavano tutte le merci che in arrivo da Cartagena proseguivano verso l\u2019entroterra della colonia. Nel corso dei secoli Mompox continuo\u0300 a prosperare e vi vennero costruite numerose chiese e lussuose residenze. Verso la fine del XIX secolo la navigazione lungo il Rio Magdalena fu deviata sull\u2019altro braccio del fiume, segnando il declino della citta\u0300, che rimase isolata e inizio\u0300 a vivere di ricordi. Da allora ben poco e\u0300 cambiato. Mompox ha conservato il suo spiccato aspetto coloniale e l\u2019atmosfera dei tempi andati. Nel 1995 e\u0300 stata dichiarata Patrimonio dell\u2019Umanita\u0300 UNESCO. La citta\u0300 ha fatto da sfondo al romanzo \u201cCronaca di una morte annunciata\u201d di Gabriel Garci\u0300a Ma\u0300rquez. E\u2019 famosa inoltre per il suo modo secolare di celebrazine della Settmana Santa.<\/em><\/td>\n<\/tr>\n<tr class=\"alt\" style=\"height: 24px;\">\n<td style=\"background-color: #ababab; height: 24px;\"><span style=\"color: #000000;\"><span style=\"color: #ff6600;\">\u27a4<\/span>Giorno 8: Mompox<\/span><\/td>\n<\/tr>\n<tr style=\"height: 72px;\">\n<td style=\"height: 72px;\">Dopo la prima colazione visita alla cittadina di Mompox una miriade di splendide chiese e edifici coloniali, la cittadina e\u0300 pervasa da un\u2019atmosfera unica che non ha eguali in tutta la Colombia, visita al cimitero inclusa. Escursione in barca per la visita della Cienaga de Pijino con l\u2019osservazione di varie specie di uccelli e se fortunati scimmie e iguana. Cena libera. Pernottamento in hotel.<\/td>\n<\/tr>\n<tr class=\"alt\" style=\"height: 24px;\">\n<td style=\"background-color: #ababab; height: 24px;\"><span style=\"color: #000000;\"><span style=\"color: #ff6600;\">\u27a4<\/span>Giorno 9: Santa Marta &#8211; Aracataca<\/span><\/td>\n<\/tr>\n<tr style=\"height: 120px;\">\n<td style=\"height: 120px;\">Dopo la prima colazone, partenza in direzione nord per Santa Marta, un viaggio di ca. 6 ore che prevvede una sosta a Aracataca, paese natale di Gabriel Garci\u0300a Ma\u0300rquez, nonche\u0301 la Macondo del suo capolavoro \u201cCent\u2019anni di solitudine\u201d, il luogo dove e\u0300 nato il realismo magico. Tempo per il pranzo libero. Arrivo a Santa Marta e sistemazione in hotel. Posta sulla costa caraibica ai piedi della Sierra Nevada de Santa Marta, la piu\u0300 alta catena montuosa costiera del mondo, Santa Marta e\u0300 la piu\u0300 antica citta\u0300 del Sud America, nonche\u0301 la seconda citta\u0300 coloniale della costa caraibica colombiana. Cena libera. Pernottamento in hotel.<\/td>\n<\/tr>\n<tr class=\"alt\" style=\"height: 24px;\">\n<td style=\"background-color: #ababab; height: 24px;\"><span style=\"color: #000000;\"><span style=\"color: #ff6600;\">\u27a4<\/span>Giorno 10: Santa Marta &#8211; Parco Nazionale Tayrona\u00a0<\/span><\/td>\n<\/tr>\n<tr style=\"height: 24px;\">\n<td style=\"height: 24px;\"><span style=\"color: #000000;\">Colazione e partenza per il Parco nazionale naturale Tayrona<\/span>. ( N.B.: \u00e8 una passeggiata a livello intermedio) situato sulla costa caraibica al nord del paese, a circa 40 km dal Santa Marta, Il Parque Tayrona \u00e8 un vero e proprio gioiello che comprende giungla, spiagge da sogno, popolazioni indigene ed animali esotici. Grazie ai due ecosistemi posti tra mare e montagna \u00e8 infatti possibile incontrare una grande variet\u00e0 di animali (scimmie, iguane, lucertole e addirittura giaguari), oltre a piante e vegetazione tipiche di questa regione. Ritorno a S. Marta per il pernottamento.<\/td>\n<\/tr>\n<tr class=\"alt\" style=\"height: 24px;\">\n<td style=\"background-color: #ababab; height: 24px;\"><span style=\"color: #000000;\"><span style=\"color: #ff6600;\">\u27a4<\/span>Giorno 11: Santa Marta<\/span><\/td>\n<\/tr>\n<tr style=\"height: 24px;\">\n<td style=\"height: 24px;\">Colazione in hotel. Santa Marta \u00e8 la pi\u00f9 antica citt\u00e0 della Colombia e si affaccia sulle miti e cristalline acque del mar dei Caraibi. Tempo a disposizione prima di andare a vedere un fantastico tramonto nella bellissima spiaggia di El Rodadero. Rientro in Hotel per il pernottamento.<\/td>\n<\/tr>\n<tr class=\"alt\" style=\"height: 24px;\">\n<td style=\"background-color: #ababab; height: 24px;\"><span style=\"color: #000000;\"><span style=\"color: #ff6600;\">\u27a4<\/span>Giorno 12: Giornata libera in spiaggia &#8211; Rientro a Bogot\u00e0.<\/span><\/td>\n<\/tr>\n<tr style=\"height: 24px;\">\n<td style=\"height: 24px;\">Colazione in hotel. Mattinata libera. Trasferimento all&#8217;aeroporto per rientrare in volo a Bogot\u00e1. Arrivo alla capitale della Colombia. Trasferimento in hotel. Tempo libero.<\/td>\n<\/tr>\n<tr class=\"alt\" style=\"height: 24px;\">\n<td style=\"background-color: #ababab; height: 24px;\"><span style=\"color: #000000;\"><span style=\"color: #ff6600;\">\u27a4<\/span>Giorno 13: Volo di rientro in Italia<\/span><\/td>\n<\/tr>\n<tr style=\"height: 24px;\">\n<td style=\"height: 24px;\">Prima colazione. In orario da indicare trasferimento all&#8217;aeroporto per iniziare il volo di rientro in Italia.<\/td>\n<\/tr>\n<\/tbody>\n<\/table>\n<\/div>\n","protected":false},"excerpt":{"rendered":"<p>Colombia<br \/>\n13 giorni \/ 12 notti<\/p>\n","protected":false},"featured_media":2646,"comment_status":"closed","ping_status":"closed","template":"","meta":{"dwc-title":[""],"dwc-content":["<img class=\"size-full wp-image-2652 aligncenter\" src=\"http:\/\/www.lctouroperator.com\/it\/wp-content\/uploads\/2020\/06\/Colombia-M3-2006Av01.jpg\" alt=\"\" width=\"274\" height=\"420\" \/>"]},"product_cat":[31],"product_tag":[],"class_list":{"0":"post-2645","1":"product","2":"type-product","3":"status-publish","4":"has-post-thumbnail","6":"product_cat-colombia","8":"first","9":"instock","10":"shipping-taxable","11":"product-type-simple"},"_links":{"self":[{"href":"https:\/\/www.lctouroperator.com\/it\/wp-json\/wp\/v2\/product\/2645"}],"collection":[{"href":"https:\/\/www.lctouroperator.com\/it\/wp-json\/wp\/v2\/product"}],"about":[{"href":"https:\/\/www.lctouroperator.com\/it\/wp-json\/wp\/v2\/types\/product"}],"replies":[{"embeddable":true,"href":"https:\/\/www.lctouroperator.com\/it\/wp-json\/wp\/v2\/comments?post=2645"}],"wp:featuredmedia":[{"embeddable":true,"href":"https:\/\/www.lctouroperator.com\/it\/wp-json\/wp\/v2\/media\/2646"}],"wp:attachment":[{"href":"https:\/\/www.lctouroperator.com\/it\/wp-json\/wp\/v2\/media?parent=2645"}],"wp:term":[{"taxonomy":"product_cat","embeddable":true,"href":"https:\/\/www.lctouroperator.com\/it\/wp-json\/wp\/v2\/product_cat?post=2645"},{"taxonomy":"product_tag","embeddable":true,"href":"https:\/\/www.lctouroperator.com\/it\/wp-json\/wp\/v2\/product_tag?post=2645"}],"curies":[{"name":"wp","href":"https:\/\/api.w.org\/{rel}","templated":true}]}}