{"id":2598,"date":"2020-05-21T07:48:49","date_gmt":"2020-05-21T10:48:49","guid":{"rendered":"http:\/\/www.lctouroperator.com\/it\/?post_type=product&#038;p=2598"},"modified":"2021-03-29T04:09:02","modified_gmt":"2021-03-29T07:09:02","slug":"il-meglio-di-costa-rica","status":"publish","type":"product","link":"https:\/\/www.lctouroperator.com\/it\/producto\/il-meglio-di-costa-rica\/","title":{"rendered":"Il meglio del Costa Rica"},"content":{"rendered":"<p><!--:es--><\/p>\n<div class=\"row\">\n<div class=\"nine columns\">\n<h2 class=\"\" align=\"left\">Difficile racchiudere il meglio del paese in 14 giorni ma sicuramente questa proposta \u00e8 un ottimo avvicinamento alla scelta pi\u00f9 completa possibile per un\u2019esperienza da non dimenticare in questo paese cos\u00ec ricco e traboccante di ogni bellezza naturale.<\/h2>\n<h2><span style=\"color: #ff6600;\">Programma<\/span><\/h2>\n<table style=\"height: 864px;\">\n<tbody>\n<tr style=\"height: 24px;\">\n<td style=\"background-color: #ababab; height: 24px;\"><span style=\"color: #000000;\"><span style=\"color: #ff6600;\">\u27a4<\/span>Giorno 1: San Jos\u00e9<br \/>\n<\/span><\/td>\n<\/tr>\n<tr class=\"alt\" style=\"height: 24px;\">\n<td style=\"height: 24px;\">Arrivo a San Jose e trasferimento in hotel. Tempo libero per riposarsi dal viaggio. Pernottamento<\/td>\n<\/tr>\n<tr style=\"height: 24px;\">\n<td style=\"background-color: #ababab; height: 24px;\"><span style=\"color: #000000;\"><span style=\"color: #ff6600;\">\u27a4<\/span>Giorno 2: San Jos\u00e9 &#8211; Puerto Limon<br \/>\n<\/span><\/td>\n<\/tr>\n<tr class=\"alt\" style=\"height: auto;\">\n<td style=\"height: auto;\">Prima colazione. Partenza verso la zona caraibica della Costa Rica, ca. 3 ore di viaggio (163km). Sistemazione nelle camere riservate. Tempo libero per un riconoscimento di Puerto Limon, il molo, la spiaggia, i dintorni dell&#8217;alloggio. In questa costa caraibica del Paese si trova la pi\u00f9 grande barriera coralline della Costa Rica. Sar\u00e0 possibile praticare snorkeling, tra i migliori del Paese nel rifugio Gandoca-Manzanllo (a 71 k. da Limon) per le sue baie protette e barriere coralline poco profonde. O semplicemente camminare nella foresta pluviale del Parco Nazionale Cahuita per scoprire la fauna selvatica e tutta la bellezza di questo inusuale paesaggio caraibico. A 20 minuti in barca da Limon sar\u00e0 possibile arrivare a Isla Uvita..primo luogo di arrivo di Cristoforo Colombo nel 1502 il quale, ammirato per tanta bellezza e ricchezza diedi nome al oggi Costa Rica. Per amanti di immersioni questo \u00e8 un posto ideale. Pernottamento.<\/td>\n<\/tr>\n<tr style=\"height: 24px;\">\n<td style=\"background-color: #ababab; height: 24px;\"><span style=\"color: #000000;\"><span style=\"color: #ff6600;\">\u27a4<\/span>Giorno 3: PN Cahuita &#8211; Rifugio Gandoca-Manzanillo &#8211; Isla Uvita &#8211; Puerto Viejo de Talamanca<br \/>\n<\/span><\/td>\n<\/tr>\n<tr class=\"alt\" style=\"height: 24px;\">\n<td style=\"height: 24px;\">Prima colazione. Giornata dedicata alla visita o pratica sportiva di preferenza. Pernottamento.<\/td>\n<\/tr>\n<tr style=\"height: 24px;\">\n<td style=\"background-color: #ababab; height: 24px;\"><span style=\"color: #000000;\"><span style=\"color: #ff6600;\">\u27a4<\/span>Giorno 4: Puerto Lim\u00f3n \u2013 La Fortuna de Alajuela (Vulcano Arenal)<br \/>\n<\/span><\/td>\n<\/tr>\n<tr class=\"alt\" style=\"height: auto;\">\n<td style=\"height: auto;\">Prima colazione. In orario a seconda dell&#8217;attivit\u00e0 scelta per questo giorno trasferimento a La Fortuna, verso il vulcano Arenal.\u00a0 Pernottamento a La Fortuna di San Carlos.\u00a0 .<\/td>\n<\/tr>\n<tr class=\"alt\" style=\"height: 24px;\">\n<td style=\"background-color: #ababab; height: 24px;\"><span style=\"color: #000000;\"><span style=\"color: #ff6600;\">\u27a4<\/span>Giorno 5: Escursione R\u00edo Celeste &#8211; Trekking &#8211; Cascata La Fortuna<br \/>\n<\/span><\/td>\n<\/tr>\n<tr class=\"alt\" style=\"height: 24px;\">\n<td style=\"height: 24px;\">Prima colazione. Giornata a disposizione per attivit\u00e0 a scelta. Pernottamento.<\/td>\n<\/tr>\n<tr class=\"alt\" style=\"height: 24px;\">\n<td style=\"background-color: #ababab; height: 24px;\"><span style=\"color: #000000;\"><span style=\"color: #ff6600;\">\u27a4<\/span>Giorno 6: Parco Nazionale Rincon de la Vieja.<br \/>\n<\/span><\/td>\n<\/tr>\n<tr class=\"alt\" style=\"height: 168px;\">\n<td style=\"height: 168px;\">Prima colazione in hotel. Partenza per il Parco Nazionale Rincon de la Vieja: immerso nella natura selvaggia il vulcano Rincon de la Vieja \u00e8 caratterizzato da crateri, lagune, pozze di fango. Forse tra i pi\u00f9 belli, il trekking in mezzo alla foresta tra grande variet\u00e0 di fauna soprattutto di uccelli e mammiferi e una natura esuberante. Oltre a bagni rigeneranti nelle sorgenti calde del Rio Negro \u00e8 possibile nuotare nelle acque rinfrescanti della cascata Oropendola o cavalcare ammirando le bellezze di questo Parco dichiarato Patrimonio dell&#8217;Umanit\u00e0 Unesco. La flora \u00e8 ricca e varia tra cui l&#8217;orchidea \u00abguaria morada\u00bb uno dei simboli del Paese. Sistemazione nelle camere riservate. Tempo libero per attivit\u00e0 facoltative.<\/td>\n<\/tr>\n<tr class=\"alt\" style=\"height: 24px;\">\n<td style=\"background-color: #ababab; height: 24px;\"><span style=\"color: #000000;\"><span style=\"color: #ff6600;\">\u27a4<\/span>Giorno 7: Parco Nazionale Rincon de la Vieja &#8211; Monteverde<br \/>\n<\/span><\/td>\n<\/tr>\n<tr class=\"alt\" style=\"height: 48px;\">\n<td style=\"height: 48px;\">Prima colazione in hotel. Giornata a disposizione. A met\u00e0 pomeriggio trasferimento a Monteverde. Sistemazione nelle camere riservate. Pernottamento.<\/td>\n<\/tr>\n<tr class=\"alt\" style=\"height: 24px;\">\n<td style=\"background-color: #ababab; height: 24px;\"><span style=\"color: #000000;\"><span style=\"color: #ff6600;\">\u27a4<\/span>Giorno 8: Riserva Biologica Monteverde<br \/>\n<\/span><\/td>\n<\/tr>\n<tr class=\"alt\" style=\"height: 48px;\">\n<td style=\"height: 48px;\">Prima colazione. L\u2019area di Monteverde \u00e8 famosa a livello mondiale per il suo particolare bioma, chiamato \u00abbosco nuvoloso\u00bb o \u00abmuschioso\u00bb. Si possono visitare: la Galleria dei Colibr\u00ec, il Giardino delle Farfalle, la \u00abFinca\u00bb degli Uccelli, oltre a altre aree della riserva come tour guidato ai Ponti Sospesi (Puentes Colgantes). L\u2019escursione consiste in 8 ponti di diversa lunghezza e altezze, per un totale di circa 3 km. Questo tour offre il modo pi\u00f9 sicuro e spettacolare di vivere il bosco da una prospettiva molto interessante. E&#8217; possibile inoltre realizzare canopy..un percorso di un chilometro, un&#8217;esperienza incredibile per gli amanti di quest&#8217; attivit\u00e0. Pernottamento.<\/td>\n<\/tr>\n<tr>\n<td style=\"background-color: #ababab; height: 24px;\"><span style=\"color: #000000;\"><span style=\"color: #ff6600;\">\u27a4<\/span>Giorno 9: Parco Nazionale Marino Ballena (Uvita) &#8211; Visita PN Manuel Antonio<br \/>\n<\/span><\/td>\n<\/tr>\n<tr>\n<td>Prima colazione. Partenza verso il Parco Nazionale Marino Ballena, visitando durante il percorso il famoso PN Manuel Antonio: fermata per una visita a questo parco tra i pi\u00f9 famosi sebbene il pi\u00f9 piccolo del paese ma splendido per la spiaggia al suo interno oltre al percorso nei verdi e curati sentieri da dove \u00e8 possibile osservare ragni, uccelli, scimmie, iguane. Arrivo previsto a Uvita a fine pomeriggio. Sistemazione nelle camere riservate.<\/td>\n<\/tr>\n<tr>\n<td style=\"background-color: #ababab; height: 24px;\"><span style=\"color: #000000;\"><span style=\"color: #ff6600;\">\u27a4<\/span>Giorno 10,11, 12: Parco Nazionale Marino Ballena- PN El Corcovado<br \/>\n<\/span><\/td>\n<\/tr>\n<tr>\n<td>Prima colazione. Giorni disponibili per visitare questi due parchi dove la vita marina e silvestre \u00e8 meravigliosa. Da fine luglio ad ottobre sar\u00e0 possibile osservare le balene gobbe nelle acque del PN Marino Ballena, fare delle gite in barca nelle isole o semplicemente nuotare nelle sue belle spiagge di acqua tiepide. Per amanti di immersioni da Bahia Drake \u00e8 possibile raggiungere Isla Ca\u00f1o per un esperienza unica. Il PN Corcovado merita minimo un tour di una giornata che includa avvantaggio della vita notturna: un mondo da scoprire in questo parco consirato tra i pi\u00f9 vivi e intensi al mondo.<\/td>\n<\/tr>\n<tr>\n<td style=\"background-color: #ababab; height: 24px;\"><span style=\"color: #000000;\"><span style=\"color: #ff6600;\">\u27a4<\/span>Giorno 13: San Jos\u00e9<br \/>\n<\/span><\/td>\n<\/tr>\n<tr>\n<td>Colazione. In orario da definire partenza per San Jos\u00e9. Sistemazione nella camera riservata. Tempo a disposizione per una visita libera al centro storico della citt\u00e0 ed eventuale acquisti nei numerosi shopping. Pernottamento.<\/td>\n<\/tr>\n<tr>\n<td style=\"background-color: #ababab; height: 24px;\"><span style=\"color: #000000;\"><span style=\"color: #ff6600;\">\u27a4<\/span>Giorno 14: San Jos\u00e9 \u2013 Aeroporto<br \/>\n<\/span><\/td>\n<\/tr>\n<tr>\n<td>Colazione. In orario a seconda del volo per il rientro al paese d\u2019origine, trasferimento all&#8217;aeroporto.<\/td>\n<\/tr>\n<\/tbody>\n<\/table>\n<\/div>\n<\/div>\n","protected":false},"excerpt":{"rendered":"<p>Costa Rica<br \/>\n14 giorni \/ 13 notti<\/p>\n","protected":false},"featured_media":2617,"comment_status":"closed","ping_status":"closed","template":"","meta":{"dwc-title":[""],"dwc-content":["<img class=\"size-full wp-image-2605 aligncenter\" src=\"http:\/\/www.lctouroperator.com\/it\/wp-content\/uploads\/2020\/05\/il-meglio-di-costa-rica.jpg\" alt=\"\" width=\"274\" height=\"420\" \/>"]},"product_cat":[34],"product_tag":[40,41,43,42],"class_list":{"0":"post-2598","1":"product","2":"type-product","3":"status-publish","4":"has-post-thumbnail","6":"product_cat-costa-rica","7":"product_tag-costa-rica","8":"product_tag-costa-rica-natura","9":"product_tag-monteverde","10":"product_tag-vulcano-arenal","12":"first","13":"instock","14":"shipping-taxable","15":"product-type-simple"},"_links":{"self":[{"href":"https:\/\/www.lctouroperator.com\/it\/wp-json\/wp\/v2\/product\/2598"}],"collection":[{"href":"https:\/\/www.lctouroperator.com\/it\/wp-json\/wp\/v2\/product"}],"about":[{"href":"https:\/\/www.lctouroperator.com\/it\/wp-json\/wp\/v2\/types\/product"}],"replies":[{"embeddable":true,"href":"https:\/\/www.lctouroperator.com\/it\/wp-json\/wp\/v2\/comments?post=2598"}],"wp:featuredmedia":[{"embeddable":true,"href":"https:\/\/www.lctouroperator.com\/it\/wp-json\/wp\/v2\/media\/2617"}],"wp:attachment":[{"href":"https:\/\/www.lctouroperator.com\/it\/wp-json\/wp\/v2\/media?parent=2598"}],"wp:term":[{"taxonomy":"product_cat","embeddable":true,"href":"https:\/\/www.lctouroperator.com\/it\/wp-json\/wp\/v2\/product_cat?post=2598"},{"taxonomy":"product_tag","embeddable":true,"href":"https:\/\/www.lctouroperator.com\/it\/wp-json\/wp\/v2\/product_tag?post=2598"}],"curies":[{"name":"wp","href":"https:\/\/api.w.org\/{rel}","templated":true}]}}