{"id":2559,"date":"2020-05-04T20:24:22","date_gmt":"2020-05-04T23:24:22","guid":{"rendered":"http:\/\/www.lctouroperator.com\/it\/?post_type=product&#038;p=2559"},"modified":"2021-01-11T11:32:22","modified_gmt":"2021-01-11T14:32:22","slug":"citta-pittoresche-guanacaste","status":"publish","type":"product","link":"https:\/\/www.lctouroperator.com\/it\/producto\/citta-pittoresche-guanacaste\/","title":{"rendered":"Storia, Cultura e Natura"},"content":{"rendered":"<div class=\"\">\n<h2 class=\"\">Il Costa Rica, un paese splendidamente verde, delle pi\u00f9 svariate sfumature, \u00a0famosa e amata soprattutto per la sua grande biodiversit\u00e0, per i suoi numerosi parchi naturali, e le sue svariate spiagge \u00a0 \u00e8 anche ricca di storia: questo programma \u00e8 un invito ad incontrarsi con la sua gente allegra, cordiale \u00a0ed accogliente, \u00a0inoltrandosi nella loro \u00a0loro cultura, gustando la cucina locale e immergendosi nella natura incontaminata.<\/h2>\n<\/div>\n<div class=\"\"><\/div>\n<h3>Programma<\/h3>\n<table>\n<tbody>\n<tr style=\"height: 24px;\">\n<td style=\"background-color: #ababab; height: 24px;\"><span style=\"color: #000000;\"><span style=\"color: #ff6600;\">\u27a4<\/span>Giorno 1: San Jos\u00e9 de Costa Rica<br \/>\n<\/span><\/td>\n<\/tr>\n<tr style=\"height: auto;\">\n<td style=\"height: auto;\">Arrivo all&#8217;aeroporto. Trasferimento all&#8217;hotel con guida locale. Sistemazione. Resto del giorno libero per riposarsi dal viaggio. Cena di benvenuto. Pernottamento.<\/td>\n<\/tr>\n<tr style=\"height: 24px;\">\n<td style=\"background-color: #ababab; height: 24px;\"><span style=\"color: #000000;\"><span style=\"color: #ff6600;\">\u27a4<\/span>Giorno 2: San Jos\u00e9: Centro Storico<br \/>\n<\/span><\/td>\n<\/tr>\n<tr style=\"height: auto;\">\n<td style=\"height: auto;\">Prima colazione. Giornata dedicata alla visita della Capitale della Costa Rica: Piazza della Democrazia, Museo e Teatro Nazionale, i Tribunali. Il Museo precolombiano che raccoglie grande quantit\u00e0 di oggetti in oro. Visita alla Cattedrale. Pranzo in corso di escursione. Panoramica della capitale con il quartiere Barrio Amon e dintorni. Rientro in hotel. Cena e pernottamento.<\/td>\n<\/tr>\n<tr style=\"height: 24px;\">\n<td style=\"background-color: #ababab; height: 24px;\"><span style=\"color: #000000;\"><span style=\"color: #ff6600;\">\u27a4<\/span>Giorno 3: Quircot &#8211; Cartago &#8211; Cruz de Caravaca &#8211; Orosi<br \/>\n<\/span><\/td>\n<\/tr>\n<tr style=\"height: auto;\">\n<td style=\"height: auto;\">\u00a0Partenza per Orosi, cittadina dove nel 1570 ebbe inizio l&#8217;opera dei francescani in Costa Rica, rinforzando prima di tutto la cultura del lavoro incentrato nella piantagione del cacao e del tabacco. Dopo un periodi di devastazione della popolazione dovuto a diverse pandemie nel 1743 si fonda il primo convento francescano e nel 1753 la prima parrocchia, in adobe e canna tutt&#8217;ora in piedi nonostante devastanti terremoti in zona. Durante il viaggio verso Orosi, fermata a Quircot per visitare una chiesa costruita a met\u00e0 del XIX secolo con lo stile architettonico religioso dei francescano. Ne suo interno si trovano mobili e immagini del sec. XVI e XVII. Proseguimento per Cartago, capitale della Costa Rica dalla fondazione nel 1563 fino agli inizi del sec. XIX quando si capitale si trasferisce a San Jose. All&#8217;arrivo iniziando dalla Plaza Mayor il percorso prevede la visita a importanti palazzi e chiese quali: visita alla Chiesa Nuestra Se\u00f1ora de los Angeles continuando per le rovine della Chiesa di Santiago Apostolo, le prime scuole, il convento francescano e la scultura di San Francesco di Assisi, il mercato municipale, la croce di Caravaca, ecc. Pranzo in corso della visita e per ultimo visita a Orosi. Rientro a San Jose. Cena e pernottamento.<\/td>\n<\/tr>\n<tr style=\"height: 24px;\">\n<td style=\"background-color: #ababab; height: 24px;\"><span style=\"color: #000000;\"><span style=\"color: #ff6600;\">\u27a4<\/span>Giorno 4: Vulcano Poas &#8211; Grecia &#8211; Sarchi<br \/>\n<\/span><\/td>\n<\/tr>\n<tr style=\"height: auto;\">\n<td style=\"height: auto;\">\u00a0Prima colazione. Prima colazione. Si prende la strada Panamericana con destinazione alla citt\u00e0 di Alajuela, osservando il Monumento all&#8217;Agricoltore, il Monumento a Juan Santamar\u00eda e il famoso Parco dei Mongos. Nella salita al vulcano, fermata per una breve spiegazione sul \u00abgrano d\u2019oro\u00bb, il caff\u00e8. Continuazione del percorso attraverso coltivazioni di felci, fiori e fragole. Sul vulcano si avr\u00e0 tempo di osservare l\u2019impressionante cratere principale, con fumarole di zolfo. Poi, camminata fino alla bella Laguna Botos per conoscere i differenti ecosistemi del parco. Scendendo dal vulcano, tempo per pranzare in un ristorante tipico della zona. Immediatamente visita a Grecia, bella cittadina considerata come \u00abla pi\u00f9 pulita dell\u2019America Latina\u00bb, dove si trova l\u2019unico tempio metallico del Centroamerica -monumento nazionale che inorgoglisce i suoi abitanti-, oltre ad una visita al Mercato Centrale, emblematico della vita quotidiana dei costaricani. Poi, visita di Sarch\u00ed, citt\u00e0 culla dell\u2019artigianato, per l\u2019abbondanza di officine che lavorano fini legnami. Avremo il tempo necessario per osservare gli artigiani mentre lavorano.<\/td>\n<\/tr>\n<tr style=\"height: 24px;\">\n<td style=\"background-color: #ababab; height: 24px;\"><span style=\"color: #000000;\"><span style=\"color: #ff6600;\">\u27a4<\/span>Giorno 5: Vulcano Arenal<br \/>\n<\/span><\/td>\n<\/tr>\n<tr class=\"alt\" style=\"height: auto;\">\n<td style=\"height: auto;\">Parteza verso il Vulcano Arenal: prima tratta in barca per poi continuare il percorso in pullman fino al ristorante dove \u00e8 previsto il pranzo. Da l\u00ec, connessione col transfer verso la zona nord del Paese, a La Fortuna de San Carlos, che ospita l\u2019imponente Vulcano Arenal. Sistemazione nelle camere riservate. Tempo e cena libera<\/td>\n<\/tr>\n<tr style=\"height: 24px;\">\n<td style=\"background-color: #ababab; height: 24px;\"><span style=\"color: #000000;\"><span style=\"color: #ff6600;\">\u27a4<\/span>Giorno 6: Parco Nazionale Rincon de la Vieja<br \/>\n<\/span><\/td>\n<\/tr>\n<tr style=\"height: auto;\">\n<td style=\"height: auto;\">Prima colazione in hotel. Partenza per il Parco Nazionale Rincon de la Vieja: immerso nella natura selvaggia il vulcano Rincon de la Vieja \u00e8 caratterizzato da crateri, lagune, pozze di fango, cascate e fiumi. Forse qui \u00e8 il posto per i pi\u00f9 belli dei trekking in Costa Rica in mezzo alla foresta, tra grande variet\u00e0 di fauna soprattutto di uccelli e mammiferi e una natura esuberante. Oltre a bagni rigeneranti nelle sorgenti calde del Rio Negro \u00e8 possibile nuotare nelle acque rinfrescanti della cascata Oropendola o cavalcare ammirando le bellezze di questo Parco dichiarato Patrimonio dell&#8217;Umanit\u00e0 Unesco. La flora \u00e8 ricca e varia tra cui l&#8217;orchidea \u00abguaria morada\u00bb uno dei simboli del Paese. Sistemazione nelle camere riservate. Tempo libero per la scelta delle molteplici attivit\u00e0 facoltative che vengono proposte nella Hacienda dove si alloggia. Pernottamento.<\/td>\n<\/tr>\n<tr style=\"height: 24px;\">\n<td style=\"background-color: #ababab; height: 24px;\"><span style=\"color: #000000;\"><span style=\"color: #ff6600;\">\u27a4<\/span>Giorno 7: Parco Nazionale Rincon de la Vieja<br \/>\n<\/span><\/td>\n<\/tr>\n<tr style=\"height: auto;\">\n<td style=\"height: auto;\">Prima colazione in hotel. Intera giornata a disposizione per diverse attivit\u00e0 facoltative. Pernottamento.<\/td>\n<\/tr>\n<tr style=\"height: 24px;\">\n<td style=\"background-color: #ababab; height: 24px;\"><span style=\"color: #000000;\"><span style=\"color: #ff6600;\">\u27a4<\/span>Giorno 8: Riserva Biologica Monteverde<br \/>\n<\/span><\/td>\n<\/tr>\n<tr style=\"height: auto;\">\n<td style=\"height: auto;\">Prima colazione. In mattinata trasferimento a Monteverde per scoprire un altro tipo di bosco: la riserva di Monteverde \u00e8 mondialmente conosciuto per il suo particolare bioma, chiamato \u00abbosco nuvoloso\u00bb o \u00abmuschioso\u00bb. Arrivo dopo circa 3 ore. Tempo libero per diverse attivit\u00e0 possono visitare: la Galleria dei Colibr\u00ec, il Giardino delle Farfalle, la \u00abFinca\u00bb degli Uccelli, giro in gondola immerso nel bosco e altri pi\u00f9 avventurosi come camminata sui ponti sospesi (Puentes Colgantes). L\u2019escursione consiste in 8 ponti di diversa lunghezza e altezze, per un totale di circa 3 chilometri: in modo alquanto sicuro e spettacolare di vivere il bosco da una prospettiva molto interessante. E&#8217; possibile inoltre realizzare canopy..un percorso di un chilometro, un&#8217;esperienza incredibile per gli amanti di quest&#8217; attivit\u00e0. Pernottamento.<\/td>\n<\/tr>\n<tr style=\"height: 24px;\">\n<td style=\"background-color: #ababab; height: 24px;\"><span style=\"color: #000000;\"><span style=\"color: #ff6600;\">\u27a4<\/span>Giorno 9: Monteverde &#8211; San Jose<br \/>\n<\/span><\/td>\n<\/tr>\n<tr style=\"height: auto;\">\n<td style=\"height: auto;\">Prima colazione. Parte della giornata a disposzione. In orario da indicare trasferimento a San Jose. Pernottamento.<\/td>\n<\/tr>\n<tr style=\"height: 24px;\">\n<td style=\"background-color: #ababab; height: 24px;\"><span style=\"color: #000000;\"><span style=\"color: #ff6600;\">\u27a4<\/span>Giorno 10: San Jose &#8211; Aeroporto<br \/>\n<\/span><\/td>\n<\/tr>\n<tr style=\"height: auto;\">\n<td style=\"height: auto;\">Prima colazione. Mattinata a disposizione. A seconda dell&#8217;orario del volo internazionale trasferimento al aeroporto tre ore prima della partenza.<\/td>\n<\/tr>\n<\/tbody>\n<\/table>\n<p>&nbsp;<\/p>\n","protected":false},"excerpt":{"rendered":"<p>Costa Rica<br \/>\n10 Giorni \/ 9 Notti<\/p>\n","protected":false},"featured_media":2616,"comment_status":"closed","ping_status":"closed","template":"","meta":{"dwc-title":[""],"dwc-content":["<img class=\"size-full wp-image-2604 aligncenter\" src=\"http:\/\/www.lctouroperator.com\/it\/wp-content\/uploads\/2020\/05\/storia-natura-cultura.jpg\" alt=\"\" width=\"274\" height=\"420\" \/>"]},"product_cat":[34],"product_tag":[],"class_list":{"0":"post-2559","1":"product","2":"type-product","3":"status-publish","4":"has-post-thumbnail","6":"product_cat-costa-rica","8":"first","9":"instock","10":"shipping-taxable","11":"product-type-simple"},"_links":{"self":[{"href":"https:\/\/www.lctouroperator.com\/it\/wp-json\/wp\/v2\/product\/2559"}],"collection":[{"href":"https:\/\/www.lctouroperator.com\/it\/wp-json\/wp\/v2\/product"}],"about":[{"href":"https:\/\/www.lctouroperator.com\/it\/wp-json\/wp\/v2\/types\/product"}],"replies":[{"embeddable":true,"href":"https:\/\/www.lctouroperator.com\/it\/wp-json\/wp\/v2\/comments?post=2559"}],"wp:featuredmedia":[{"embeddable":true,"href":"https:\/\/www.lctouroperator.com\/it\/wp-json\/wp\/v2\/media\/2616"}],"wp:attachment":[{"href":"https:\/\/www.lctouroperator.com\/it\/wp-json\/wp\/v2\/media?parent=2559"}],"wp:term":[{"taxonomy":"product_cat","embeddable":true,"href":"https:\/\/www.lctouroperator.com\/it\/wp-json\/wp\/v2\/product_cat?post=2559"},{"taxonomy":"product_tag","embeddable":true,"href":"https:\/\/www.lctouroperator.com\/it\/wp-json\/wp\/v2\/product_tag?post=2559"}],"curies":[{"name":"wp","href":"https:\/\/api.w.org\/{rel}","templated":true}]}}