{"id":2542,"date":"2020-05-04T18:31:02","date_gmt":"2020-05-04T21:31:02","guid":{"rendered":"http:\/\/www.lctouroperator.com\/it\/?post_type=product&#038;p=2542"},"modified":"2020-05-19T05:55:53","modified_gmt":"2020-05-19T08:55:53","slug":"cuba-un-assaggio-fra-cultura-mare-e-natura","status":"publish","type":"product","link":"https:\/\/www.lctouroperator.com\/it\/producto\/cuba-un-assaggio-fra-cultura-mare-e-natura\/","title":{"rendered":"Cartoline da Cuba"},"content":{"rendered":"<h2><strong>Un fantastico arcipelago ricco di natura, storia e cultura. Gente con un passato duro e travagliato, ma che, con orgoglio e dignit\u00e0, ha sempre saputo affrontare qualsiasi sfida. La proposta di questo viaggio \u00e8 la scoperta di 3 citt\u00e0 Patrimonio dell\u2019Umanit\u00e0, un assaggio della natura rigogliosa dell\u2019isola e un po\u2019 di meritato riposo nel Mar dei Caraibi<\/strong><\/h2>\n<h2><em>L&#8217;Avana \u2013 Cienfuegos \u2013 Trinidad<\/em><\/h2>\n<p>Durata: 8 gg \u2013 7 notti \u2013 valido tutto l\u2019anno<\/p>\n<h2>Programma<\/h2>\n<table style=\"height: auto;\">\n<tbody>\n<tr style=\"height: 5px;\">\n<td style=\"background-color: #ababab; height: 5px;\"><span style=\"color: #000000;\"><span style=\"color: #ff6600;\">\u27a4<\/span>1\u00b0 Giorno: Partenza dall\u2019Italia<br \/>\n<\/span><\/td>\n<\/tr>\n<tr style=\"height: auto;\">\n<td style=\"height: auto;\">Arrivo all\u2019Avana, Cuba. Trasferimento in hotel. Cena di benvenuto. Pernottamento.<\/td>\n<\/tr>\n<tr style=\"height: 12px;\">\n<td style=\"background-color: #ababab; height: 12px;\"><span style=\"color: #000000;\"><span style=\"color: #ff6600;\">\u27a4<\/span>2\u00b0 Giorno: l&#8217;Avana<br \/>\n<\/span><\/td>\n<\/tr>\n<tr style=\"height: 10px;\">\n<td style=\"height: 10px;\">Prima colazione. Giornata dedicata alla visita dell\u2019Avana, citt\u00e0 capitale di Cuba, che conta con ca. tre milioni di abitanti. Patrimonio Mondiale dell\u2019Umanit\u00e0, \u00e8 la pi\u00f9 grande citt\u00e0 dei Caraibi. Vi si trova una sorprendente variet\u00e0 di fortezze, cattedrali, case coloniali e musei testimoni di un ricco patrimonio. Circa 3.500 edifici coloniali su 142 ettari, in parte ricostruiti a partire dal 1976, anche se resta ancora molto da fare. Walking tour fra le vie e le Piazze dell\u2019Avana Vecchia e dell&#8217;Avana Centro: Piazza della Cattedrale con visita alla Cattedrale, Piazza delle Armi con visita al Palazzo de los Capitanes, Piazza San Francesco d\u2019Assisi, Plaza Vieja, Plaza del Cristo e le vie, fra cui calle Marcaderes e calle Obispo, il Campidoglio, il Gran Teatro, Paseo del Prado (Paseo Mart\u00ed), Museo de la Revoluci\u00f3n.<br \/>\nVerso tardo pomeriggio, attraversando il \u201ctunel de la Habana\u201d visita al Cristo de La Habana e al Castillo de los Tres Reyes del Morro: due belvedere da dove si gode di un\u2019incredibile vista della citt\u00e0. Tempo per ammirare il tramonto. Rientro in hotel. Cena. Facoltativo: Visita alla Casa de la M\u00fasica, dove si presentano i gruppi di salsa pi\u00f9 famosi di Cuba. Pernottamento.<\/td>\n<\/tr>\n<tr style=\"height: 10px;\">\n<td style=\"background-color: #ababab; height: 10px;\"><span style=\"color: #000000;\"><span style=\"color: #ff6600;\">\u27a4<\/span>3\u00b0 Giorno: Cienfuegos \u2013 Trinidad<br \/>\n<\/span><\/td>\n<\/tr>\n<tr style=\"height: 184px;\">\n<td style=\"height: 184px;\">Prima colazione. Partenza per Cienfuegos, chiamata la Perla del Sud per possedere la baia pi\u00f9 bella del paese e un bel centro storico dichiarato Patrimonio mondiale dell\u2019Umanit\u00e0 nel 2005. Visita panoramica per conoscere la florida storia della cittadina di ca. 165.000 abitanti, rifondata dai francesi nel 1819. Pranzo in corso di escursione. Continuazione del viaggio fino a Trinidad. All\u2019arrivo visita al centro storico, Trinidad \u00e8 una delle prime citt\u00e0 fondate dagli spagnoli nel secolo XVI ed \u00e8 stata dichiarata dall\u2019UNESCO Patrimonio Mondiale dell\u2019Umanit\u00e0 nel 1988. Visita alla chiesa della Santisima Trinidad e al Palacio Brunet, ora Museo Romantico. Tempo libero per una passeggiata per il centro storico: la casa de la Musica, negozi di artigianato. Possibilit\u00e0 di prendere un aperitivo a \u00abLa Canchanchara\u00bb, locale divenuto famoso per la sua tipica bevanda a base di rum, miele e lime. Pernottamento.<\/td>\n<\/tr>\n<tr style=\"height: 10px;\">\n<td style=\"background-color: #ababab; height: 10px;\"><span style=\"color: #000000;\"><span style=\"color: #ff6600;\">\u27a4<\/span>4\u00b0 Giorno: Trinidad &#8211; Cayo Iguana<br \/>\n<\/span><\/td>\n<\/tr>\n<tr style=\"height: 78px;\">\n<td style=\"height: 78px;\">Prima colazione. Partenza per Cayo Iguana in catamarano, Cayo dove c\u2019\u00e8 la possibilit\u00e0 di snorkeling e naturalmente prendere il sole in compagnia di simpatiche iguane. Pranzo sulla spiaggia. Rientro verso met\u00e0 pomeriggio, tempo libero, per chi ha voglia di una camminata di trenta minuti, \u00e8 possibile salire al Cerro de la Vig\u00eca per ammirare il tramonto che spazia dalla Valle de Los Ingenios alla costa caraibica.<\/td>\n<\/tr>\n<tr style=\"height: 10px;\">\n<td style=\"background-color: #ababab; height: 10px;\"><span style=\"color: #000000;\"><span style=\"color: #ff6600;\">\u27a4<\/span>5\u00b0 Giorno: Trinidad- Parque Natural Topes de Collantes<br \/>\n<\/span><\/td>\n<\/tr>\n<tr style=\"height: auto;\">\n<td style=\"height: 70px;\">Prima colazione. Partenza per il Parco naturale Topes de Collantes, per ammirare la natura rigogliosa di questa isola. Visita al museo del caff\u00e8 e al Jardin de Variedades del Caf\u00e8, dove si scopriranno 25 variet\u00e0 diverse di caff\u00e8. Al termine partenza per l\u2019escursione al Salto del Caburn\u00ec. (cascata di 62 metri, dove \u00e8 possibile fare un rinfrescante bagno dopo la camminata \u2013 tempo di percorrenza circa 2,30 h A\/R \u2013 consigliate scarpe da trekking o da ginnastica per escursioni). Pranzo al rientro dalla camminata e durante il tragitto di ritorno fermata al belvedere.<br \/>\nPer chi desiderasse una giornata pi\u00f9 tranquilla, possibilit\u00e0 di passare la giornata a Playa Ancon, a pochi chilomentri da Trinidad oppure a Cayo Blanco, tramite imbarcazione.<\/td>\n<\/tr>\n<tr style=\"height: 16px;\">\n<td style=\"background-color: #ababab; height: 16px;\"><span style=\"color: #000000;\"><span style=\"color: #ff6600;\">\u27a4<\/span>6\u00ba Trinidad \u2013 Playa Ancon<br \/>\n<\/span><\/td>\n<\/tr>\n<tr style=\"height: 20px;\">\n<td style=\"height: 20px;\">Prima colazione &#8211; Relax a Playa Ancon, a pochi chilometri da Trinidad.<\/td>\n<\/tr>\n<tr style=\"height: 24px;\">\n<td style=\"background-color: #ababab; height: 24px;\"><span style=\"color: #000000;\"><span style=\"color: #ff6600;\">\u27a4<\/span>7\u00ba Giorno: Trinidad \u2013 L\u2019Avana<br \/>\n<\/span><\/td>\n<\/tr>\n<tr style=\"height: auto;\">\n<td style=\"height: 75px;\">Prima colazione. Visita alla Valle de Los Ingenios, dichiarata Patrimonio dell\u2019Umanit\u00e0 dall\u2019Unesco, dove si trovano i resti di decine di zuccherifici, piantagioni con case padronali e un tempo alloggi degli schiavi. Visita allo zuccherificio di San Isidro de lo Destiladeros e a Manaca Iznaga, piantagione fondata nel 1750 da Pedro Iznaga, diventato uno degli uomini pi\u00f9 ricchi di Cuba grazie alla tratta degli schiavi. Pranzo, viaggio di ritorno verso l\u2019Avana. Arrivo e sistemazione in hotel. Tempo libero. Cena di arrivederci. Pernottamento.<\/td>\n<\/tr>\n<tr style=\"height: 24px;\">\n<td style=\"background-color: #ababab; height: 24px;\"><span style=\"color: #000000;\"><span style=\"color: #ff6600;\">\u27a4<\/span>8\u00ba L\u2019Avana \u2013 viaggio di rientro<br \/>\n<\/span><\/td>\n<\/tr>\n<tr style=\"height: 48px;\">\n<td style=\"height: 10px;\">Prima colazione. A seconda dell\u2019orario del volo internazionale, trasferimento all\u2019aeroporto per iniziare il viaggio di rientro in Italia.<\/td>\n<\/tr>\n<\/tbody>\n<\/table>\n<p>&nbsp;<\/p>\n","protected":false},"excerpt":{"rendered":"<p style=\"text-align: center;\">Durata: 8 gg \u2013 7 notti<br \/>\nvalido tutto l\u2019anno<\/p>\n","protected":false},"featured_media":2582,"comment_status":"closed","ping_status":"closed","template":"","meta":{"dwc-title":[""],"dwc-content":["<img class=\"size-full wp-image-2547 aligncenter\" src=\"http:\/\/www.lctouroperator.com\/it\/wp-content\/uploads\/2020\/05\/HABANA-TRINIDAD.jpg\" alt=\"\" width=\"274\" height=\"420\" \/>"]},"product_cat":[62],"product_tag":[],"class_list":{"0":"post-2542","1":"product","2":"type-product","3":"status-publish","4":"has-post-thumbnail","6":"product_cat-cuba","8":"first","9":"instock","10":"shipping-taxable","11":"product-type-simple"},"_links":{"self":[{"href":"https:\/\/www.lctouroperator.com\/it\/wp-json\/wp\/v2\/product\/2542"}],"collection":[{"href":"https:\/\/www.lctouroperator.com\/it\/wp-json\/wp\/v2\/product"}],"about":[{"href":"https:\/\/www.lctouroperator.com\/it\/wp-json\/wp\/v2\/types\/product"}],"replies":[{"embeddable":true,"href":"https:\/\/www.lctouroperator.com\/it\/wp-json\/wp\/v2\/comments?post=2542"}],"wp:featuredmedia":[{"embeddable":true,"href":"https:\/\/www.lctouroperator.com\/it\/wp-json\/wp\/v2\/media\/2582"}],"wp:attachment":[{"href":"https:\/\/www.lctouroperator.com\/it\/wp-json\/wp\/v2\/media?parent=2542"}],"wp:term":[{"taxonomy":"product_cat","embeddable":true,"href":"https:\/\/www.lctouroperator.com\/it\/wp-json\/wp\/v2\/product_cat?post=2542"},{"taxonomy":"product_tag","embeddable":true,"href":"https:\/\/www.lctouroperator.com\/it\/wp-json\/wp\/v2\/product_tag?post=2542"}],"curies":[{"name":"wp","href":"https:\/\/api.w.org\/{rel}","templated":true}]}}