{"id":2541,"date":"2020-05-04T17:39:10","date_gmt":"2020-05-04T20:39:10","guid":{"rendered":"http:\/\/www.lctouroperator.com\/it\/?post_type=product&#038;p=2541"},"modified":"2021-03-09T10:50:47","modified_gmt":"2021-03-09T13:50:47","slug":"marea-verde-mare-2","status":"publish","type":"product","link":"https:\/\/www.lctouroperator.com\/it\/producto\/marea-verde-mare-2\/","title":{"rendered":"Marea verde &#038; mare"},"content":{"rendered":"<h2>Vegetazione lussureggiante in un\u2019immersione mozzafiato nella foresta tropicale, navigando placide acque. Flora e fauna variopinti a Tortuguero, regno delle tartarughe giganti che proprio qui, da luglio ad ottobre, depongono le loro uova nella sabbia. Tutto questo arricchito da tramonti spettacolari sulla costa del Mar dei Caraibi e dalle terme del vulcano Arenal al parco nazionale Manuel Antonio, sulle coste del pacifico, per infinite proposte di attivit\u00e0 sportive e naturalistiche, come l&#8217;osservazione della fauna tropicale tra cui le balene.<\/h2>\n<h3>Periodo migliore:<\/h3>\n<p>Validit\u00e0: Tutto l&#8217;anno &#8211; Controllare calendario per osservazione balene<\/p>\n<h3>Programma<\/h3>\n<div class=\"nine columns\">\n<table style=\"height: 325px;\">\n<tbody>\n<tr style=\"height: 24px;\">\n<td style=\"background-color: #ababab; height: 24px;\"><span style=\"color: #000000;\"><span style=\"color: #ff6600;\">\u27a4<\/span>Giorno 1: San Jos\u00e9, Costa Rica<\/span><\/td>\n<\/tr>\n<tr class=\"alt\" style=\"height: 48px;\">\n<td style=\"height: 48px;\">Arrivo all&#8217;aeroporto e trasferimento in hotel. Sistemazione nella camere riservate. Tempo libero per visita libera della citt\u00e0.<\/td>\n<\/tr>\n<tr style=\"height: 24px;\">\n<td style=\"background-color: #ababab; height: 24px;\"><span style=\"color: #000000;\"><span style=\"color: #ff6600;\">\u27a4<\/span>Giorno 2: San Jos\u00e9 \u2013 Tortuguero<br \/>\n<\/span><\/td>\n<\/tr>\n<tr class=\"alt\" style=\"height: 48px;\">\n<td style=\"height: 48px;\">Partenza sul presto verso Tortuguero attraverso l\u2019 autostrada Braulio Carrillo, in mezzo ad una splendida natura. Fermata per la colazione a Gu\u00e1piles. Arrivo al porticciolo per continuare il viaggio in un\u2019imbarcazione che permetter\u00e0 l&#8217;avvistamento di una grande variet\u00e0 di flora e fauna locale. Tempo per il pranzo. Nel pomeriggio visita al paese di Tortuguero dove si potr\u00e0 ammirare il lavoro degli artigiani locale. Sistemazione nelle camere riservate. Cena. Pernottamento.<\/td>\n<\/tr>\n<tr style=\"height: 24px;\">\n<td style=\"background-color: #ababab; height: 24px;\"><span style=\"color: #000000;\"><span style=\"color: #ff6600;\">\u27a4<\/span>Giorno 3: Tortuguero<br \/>\n<\/span><\/td>\n<\/tr>\n<tr class=\"alt\" style=\"height: 37px;\">\n<td style=\"height: 37px;\">Colazione. In mattinata trekking per l\u00b4esuberante selva tropicale: osservazione di diverse specie di uccelli, mammiferi e vipere. Pranzo. Al pomeriggio navigazione per i canali di Tortuguero: un\u2019altra occasione a contatto con le bellezze naturali sulla costa caraibica. Cena. Pernottamento.<\/td>\n<\/tr>\n<tr style=\"height: 24px;\">\n<td style=\"background-color: #ababab; height: 24px;\"><span style=\"color: #000000;\"><span style=\"color: #ff6600;\">\u27a4<\/span>Giorno 4: Vulcano Arenal<br \/>\n<\/span><\/td>\n<\/tr>\n<tr class=\"alt\" style=\"height: 48px;\">\n<td style=\"height: 48px;\">Colazione. In mattinata inizio del viaggio verso il Vulcano Arenal: navigazione fino alla stazione dei pullman. Tempo per il pranzo. Continuazione per La Fortuna de San Carlos nei pressi del vulcano Arenal. Sistemazione nelle camere riservate. Tempo libero per delle passeggiate in mezzo a variet\u00e0 di fiori tropicali e piante uniche e uccelli variopinti. Nelle pendici del vulcano ci sono delle terme sulfuree ideali per rilassarsi dal viaggio e curare la salute. Pernottamento.<\/td>\n<\/tr>\n<tr class=\"alt\" style=\"height: 24px;\">\n<td style=\"background-color: #ababab; height: 24px;\"><span style=\"color: #000000;\"><span style=\"color: #ff6600;\">\u27a4<\/span>Giorno 5: Vulcano Arenal &#8211; Costa del Pacifico<br \/>\n<\/span><\/td>\n<\/tr>\n<tr class=\"alt\" style=\"height: 24px;\">\n<td style=\"height: 24px;\">Colazione. In orario da definire partenza per la costa sul Pacifico, precisamente per Manuel Antonio. Sistemazione nelle camere riservate. Pernottamento.<\/td>\n<\/tr>\n<tr>\n<td style=\"background-color: #ababab; height: 24px;\"><span style=\"color: #000000;\"><span style=\"color: #ff6600;\">\u27a4<\/span>Giorno 6\/7\/8: Parco Nazionale Manuel Antonio &#8211; Pacifico Sur<br \/>\n<\/span><\/td>\n<\/tr>\n<tr>\n<td style=\"width: auto; height: auto;\">\n<p>Quattro giorni a disposizione per il relax in spiaggia e molteplici attivit\u00e0 dalla semplice camminata per i sentieri ben segnalati dentro al parco cosi come molteplici attivit\u00e0 sportive: Il Parco nazionale Manuel Antonio, a pochi passi dalla spiaggia \u00e8 un\u2019 esplosione di verde e un mondo variopinto di flora e fauna. Organizzato e pulito, il parco contiene nei suoi 682 ettari 184 specie di uccelli, 109 specie di mammiferi e una grande variet\u00e0 di flora . Nei pressi \u00e8 possibile praticare numerosi sport tra i quali: kayak, canoa, stand up, immersioni, snorkeling, cavalcate, trekking per tutti i gusti.<\/p>\n<p>Inoltre la vicinanza al Parco Nazionale <em style=\"font-family: inherit; font-size: inherit;\">Corcovado<\/em><span style=\"font-family: inherit; font-size: inherit;\"> e al Parco Nazionale marino <\/span><em style=\"font-family: inherit; font-size: inherit;\">Ballena<\/em><span style=\"font-family: inherit; font-size: inherit;\"> offre la possibilit\u00e0 di effettuare escursioni molto interessanti; per l\u2019avvistamento delle balene il periodo ideale va da dicembre a marzo. Questa zona protetta \u00e8 il sito prediletto dalle <\/span><strong style=\"font-family: inherit; font-size: inherit;\">Megattere<\/strong><span style=\"font-family: inherit; font-size: inherit;\"> (Balena Gobba) che, anche da giugno ad ottobre, arrivano qui per portare a termine il loro ciclo di riproduzione. Pernottamento in hotel.<\/span><\/td>\n<\/tr>\n<tr>\n<td style=\"background-color: #ababab; height: 24px;\"><span style=\"color: #000000;\"><span style=\"color: #ff6600;\">\u27a4<\/span>Giorno 9: San Jos\u00e9<br \/>\n<\/span><\/td>\n<\/tr>\n<tr>\n<td>Colazione. In orario da definire partenza per San Jos\u00e9. Sistemazione nella camera riservata. Tempo a disposizione per una visita libera al centro storico della citt\u00e0 ed eventuale acquisti nei numerosi shopping center. Pernottamento.<\/td>\n<\/tr>\n<tr>\n<td style=\"background-color: #ababab; height: 24px;\"><span style=\"color: #000000;\"><span style=\"color: #ff6600;\">\u27a4<\/span>Giorno 10: San Jos\u00e9 &#8211; Aeroporto<br \/>\n<\/span><\/td>\n<\/tr>\n<tr>\n<td>Colazione. In orario a seconda del volo per il rientro al paese d\u2019origine, trasferimento all&#8217;aeroporto.<\/td>\n<\/tr>\n<\/tbody>\n<\/table>\n<\/div>\n<p>&nbsp;<\/p>\n","protected":false},"excerpt":{"rendered":"<p>Costa Rica<br \/>\n10 giorni \/ 9 notti<\/p>\n","protected":false},"featured_media":1716,"comment_status":"closed","ping_status":"closed","template":"","meta":{"dwc-title":[""],"dwc-content":["<img class=\"wp-image-2556 aligncenter\" src=\"http:\/\/www.lctouroperator.com\/it\/wp-content\/uploads\/2020\/05\/mapa-marea-verde-y-mare.jpg\" alt=\"\" width=\"261\" height=\"399\" \/>"]},"product_cat":[34,22],"product_tag":[],"class_list":{"0":"post-2541","1":"product","2":"type-product","3":"status-publish","4":"has-post-thumbnail","6":"product_cat-costa-rica","7":"product_cat-gli-speciali","9":"first","10":"instock","11":"featured","12":"shipping-taxable","13":"product-type-simple"},"_links":{"self":[{"href":"https:\/\/www.lctouroperator.com\/it\/wp-json\/wp\/v2\/product\/2541"}],"collection":[{"href":"https:\/\/www.lctouroperator.com\/it\/wp-json\/wp\/v2\/product"}],"about":[{"href":"https:\/\/www.lctouroperator.com\/it\/wp-json\/wp\/v2\/types\/product"}],"replies":[{"embeddable":true,"href":"https:\/\/www.lctouroperator.com\/it\/wp-json\/wp\/v2\/comments?post=2541"}],"wp:featuredmedia":[{"embeddable":true,"href":"https:\/\/www.lctouroperator.com\/it\/wp-json\/wp\/v2\/media\/1716"}],"wp:attachment":[{"href":"https:\/\/www.lctouroperator.com\/it\/wp-json\/wp\/v2\/media?parent=2541"}],"wp:term":[{"taxonomy":"product_cat","embeddable":true,"href":"https:\/\/www.lctouroperator.com\/it\/wp-json\/wp\/v2\/product_cat?post=2541"},{"taxonomy":"product_tag","embeddable":true,"href":"https:\/\/www.lctouroperator.com\/it\/wp-json\/wp\/v2\/product_tag?post=2541"}],"curies":[{"name":"wp","href":"https:\/\/api.w.org\/{rel}","templated":true}]}}