{"id":2521,"date":"2020-05-04T12:34:37","date_gmt":"2020-05-04T15:34:37","guid":{"rendered":"http:\/\/www.lctouroperator.com\/it\/?post_type=product&#038;p=2521"},"modified":"2021-03-08T11:32:39","modified_gmt":"2021-03-08T14:32:39","slug":"cuba-da-scoprire","status":"publish","type":"product","link":"https:\/\/www.lctouroperator.com\/it\/producto\/cuba-da-scoprire\/","title":{"rendered":"Cuba da scoprire"},"content":{"rendered":"<h2><strong>Una storia da raccontare, un\u2019esperienza da vivere. Un percorso sulle tracce dei primi europei arrivati in questa splendida isola la cui rigogliosa natura offre ancora il meglio; chi \u00e8 alla ricerca del bello, non esiti a visitarla.<\/strong><\/h2>\n<h2><strong>L\u2019invito per questo viaggio \u00e8 mantenere occhi e cuori aperti per cogliere le tante bellezze naturali, storiche e culturali, per un\u2019esperienza vissuta a pieno anche nell\u2019incontro con la gente locale, spesso sofferente ma accogliente e vivace.<\/strong><\/h2>\n<h2><em>La Habana \u2013 Cienfuegos \u2013 Trinidad \u2013 Sancti Spiritus \u2013 Santiago de Cuba \u2013 Guantanamo &#8211; Baracoa \u2013 Holguin &#8211; Guardalavaca &#8211; Camaguey \u2013 Cayo Guillermo<\/em><\/h2>\n<p>Durata: 16 giorni \/ 15 notti &#8211; valido tutto l&#8217;anno<\/p>\n<h2>Programma<\/h2>\n<table style=\"height: 2016px;\">\n<tbody>\n<tr style=\"height: 24px;\">\n<td style=\"background-color: #ababab; height: 24px;\"><span style=\"color: #000000;\"><span style=\"color: #ff6600;\">\u27a4<\/span>1\u00b0 Giorno: Partenza dall\u2019Italia<br \/>\n<\/span><\/td>\n<\/tr>\n<tr style=\"height: 24px;\">\n<td style=\"height: 24px;\">Arrivo all\u2019Avana, Cuba. Trasferimento in hotel. Cena di benvenuto. Pernottamento.<\/td>\n<\/tr>\n<tr style=\"height: auto;\">\n<td style=\"background-color: #ababab; height: 18px;\"><span style=\"color: #000000;\"><span style=\"color: #000000;\"><span style=\"color: #ff6600;\">\u27a4<\/span>2\u00b0 Giorno: <\/span><\/span>L\u2019Avana<\/td>\n<\/tr>\n<tr style=\"height: 408px;\">\n<td style=\"height: 408px;\">Prima colazione. Giornata dedicata alla visita dell\u2019Avana, citt\u00e0 capitale di Cuba, che conta con ca. tre milioni di abitanti. Patrimonio Mondiale dell\u2019Umanit\u00e0, \u00e8 la pi\u00f9 grande citt\u00e0 dei Caraibi. Vi si trova una sorprendente variet\u00e0 di fortezze, cattedrali, case coloniali e musei testimoni di un ricco patrimonio. Circa 3.500 edifici coloniali su 142 ettari, in parte ricostruiti a partire dal 1976, ma resta ancora molto da fare. Walking tour iniziando nella piazza della Cattedrale dove si affaccia inoltre lo splendido palazzo del Marques de Aguas Clara. Visita alla Cattedrale dedicata alla Vergine Immacolata Concezione e al Museo Coloniale, la pi\u00f9 antica dimora della piazza e l\u2019unica che ha mantenuto la facciata originale, senza portico. Visita alla Piazza delle Armi, con il Palazzo de los Capitanes sede dei governatori spagnoli fino al 1899. E\u2019 l\u2019edificio barocco pi\u00f9 notevole di Cuba. Pranzo libero in corso di escursione. Visita al Templete nella stessa piazza di Armi. Continuazione fino alla Piazza di San Francesco d\u2019Assisi con la sua bella fontana dei Leoni. Visita alla Chiesa-Convento costruita tra il 1580 e il 1591 poi trasformato tra il 1720 e 1739. I francescani furono espulsi dall\u2019Isola a fine del sec XVIII e inizi del XIX perch\u00e9 considerati troppo potenti agli occhi delle autorit\u00e0 locali e la chiesa \u00e8 stata sconsacrata. Divenne un magazzino e poi museo di arte sacra (museo de La Religi\u00f3n). Visita all\u2019attuale chiesa di San Francesco, ex convento agostiniano, dopo una breve fermata nella famosa Plaza Vieja. In seguito attraversando il \u201ctunel de la Habana\u201d visita al Cristo de La Habana e al Castillo de los Tres Reyes del Morro: due belvedere da dove si gode di un\u2019incredibile vista della citt\u00e0. Tempo per ammirare il tramonto. Rientro in hotel. Cena. Facoltativo: Visita alla Casa de la M\u00fasica, dove si presentano i gruppi di salsa pi\u00f9 famosi di Cuba. Pernottamento.<\/td>\n<\/tr>\n<tr style=\"height: 24px;\">\n<td style=\"background-color: #ababab; height: 24px;\"><span style=\"color: #000000;\"><span style=\"color: #ff6600;\">\u27a4<\/span>3\u00b0 Giorno: L\u2019Avana moderna \u2013 Cienfuegos<br \/>\n<\/span><\/td>\n<\/tr>\n<tr style=\"height: auto;\">\n<td style=\"height: 10px;\">Prima colazione. Visita panoramica della citt\u00e0 fuori dalle mura: il Campidoglio, il Gran Teatro, Paseo del Prado (Paseo Mart\u00ed), Plaza de la Revoluci\u00f3n. Panoramica di altri quartieri come il Vedado, centro finanziario della citt\u00e0 e il moderno quartiere Miramar che contrasta con i palazzi spesso in decadenza di diversi quartieri, sede di rappresentanze diplomatiche tra le quali anche quella italiana, Fusterlandia, ecc. Panoramica del famoso Malec\u00f3n, Pranzo libero. Alle ore 14 partenza per Cienfuegos, dove si arriva dopo circa 3 ore di viaggio. Arrivo e sistemazione nelle camere riservate. Cena e passeggiata libera nei dintorni dell\u2019hotel. Pernottamento<\/td>\n<\/tr>\n<tr style=\"height: 24px;\">\n<td style=\"background-color: #ababab; height: 24px;\"><span style=\"color: #000000;\"><span style=\"color: #ff6600;\">\u27a4<\/span>4\u00b0 Giorno: Cienfuegos \u2013 Trinidad<br \/>\n<\/span><\/td>\n<\/tr>\n<tr style=\"height: auto;\">\n<td style=\"height: 88px;\">Prima colazione. Visita guidata a Cienfuegos, chiamata la Perla del Sud per possedere la baia pi\u00f9 bella del paese e un bel centro storico dichiarato Patrimonio mondiale dell\u2019Umanit\u00e0 nel 2005. Panoramica di alcuni dei suoi tesori architettonici: il Palazzo di governo, il vescovado, la Scuola di San Lorenzo, il palazzo Ferrer, il vecchio liceo Monserrat. Visita alla Catedrale Purisima Concepcion (1869). Tempo per ammirare il Castillo de Nuestra Se\u00f1ora de los Angeles de Jagua. Pranzo libero. Continuazione del viaggio fino a Trinidad. All\u2019arrivo visita al centro storico, Trinidad \u00e8 una delle prime citt\u00e0 fondate dagli spagnoli nel secolo XVI ed \u00e8 stata dichiarata dall\u2019UNESCO Patrimonio Mondiale dell\u2019Umanit\u00e0 nel 1988. Visita alla chiesa della Santisima Trinidad e al Palacio Brunet, ora Museo Romantico. Tempo libero per una passeggiata per il centro storico: la casa de la Musica, negozi di artigianato. Possibilit\u00e0 di prendere un aperitivo a \u00abLa Canchanchara\u00bb, locale divenuto famoso per la sua tipica bevanda a base di rum, miele e lime. Cena libera. Pernottamento.<\/td>\n<\/tr>\n<tr style=\"height: 24px;\">\n<td style=\"background-color: #ababab; height: 24px;\"><span style=\"color: #000000;\"><span style=\"color: #ff6600;\">\u27a4<\/span>5\u00b0 Giorno: Sancti Spiritus \u2013 Santiago de Cuba<br \/>\n<\/span><\/td>\n<\/tr>\n<tr style=\"height: 216px;\">\n<td style=\"height: 216px;\">Prima colazione. Partenza per Santiago de Cuba e durante il viaggio, breve visita a Sancti Spiritus\u00a0 piccolo centro coloniale, capitale della provincia omonima fondata da Diego Velazquez de Cuellar nel 1514. Qui Bartolom\u00e9 De Las Casas, figlio di un compagno di Cristoforo Colombo, inizia la sua missione ormai divenuto sacerdote, dopo una fulminea conversione avvenuta per una predica che lo sconvolse: \u201ci conquistadores non portano Cristo, lo tradiscono\u201d. Visita alla chiesa parrocchiale, la pi\u00f9 antica dell&#8217;Isola (XVI sec). Pranzo libero in corso del viaggio. Proseguimento del viaggio verso Santiago di Cuba (532 chilometri). Arrivo e sistemazione nelle\u00a0 camere riservate. Tempo per riposarsi dal viaggio. Breve passeggiata nei dintorni dell&#8217;hotel per un primo contatto con la citt\u00e0 che \u00e8 stata capitale dell&#8217;isola durante la prima met\u00e0 del secolo XVI, ed \u00e8 la pi\u00f9 caraibica di Cuba, ricca di storia, famosa per la sua gente allegra, per la musica e le danze tradizionali. Cena libera. Pernottamento.<\/td>\n<\/tr>\n<tr style=\"height: 24px;\">\n<td style=\"background-color: #ababab; height: 24px;\"><span style=\"color: #000000;\"><span style=\"color: #ff6600;\">\u27a4<\/span>6\u00ba Giorno: Santiago de Cuba<br \/>\n<\/span><\/td>\n<\/tr>\n<tr style=\"height: 216px;\">\n<td style=\"height: 216px;\">Prima colazione. Sin dal 1522, grazie al re Carlo V, ottenne il titolo di citt\u00e0 e divenne capitale dell\u2019isola fino al 1556. Walking tour della citt\u00e0: Cattedrale Nostra Signora dell\u2019Assunzione e al museo, Casa-museo del fondatore della citt\u00e0 Diego Velazquez (la pi\u00f9 antica casa di Cuba), Parque C\u00e9spedes, Ayuntamiento (municipio), Chiesa di San Francesco. Tempo per il pranzo libero. Nel pomeriggio tour panoramico della citt\u00e0: Castillo de San Pedro del Morro, Patrimonio dell\u2019Umanit\u00e0, (costruito nel 1635 dall\u2019ingegnere italiano Bautista Antonelli, \u00e8 considerato un\u2019opera di incredibile valore estetico ed storico), continuazione per la Carretera Turistica, Bahia de Santiago de Cuba, La Alameda, Parque Abel Santa Maria, Parque La Alameda, il Malec\u00f3n, il palazzo Moncada (ex caserma di grande valore per la rivoluzione di Fidel). In serata, facoltativo, incontro alla Casa de la Trova nel centro della citt\u00e0 per ascoltare la musica tradizionale cubana. Pernottamento.<\/td>\n<\/tr>\n<tr style=\"height: 24px;\">\n<td style=\"background-color: #ababab; height: 24px;\"><span style=\"color: #000000;\"><span style=\"color: #ff6600;\">\u27a4<\/span>7\u00ba Giorno: La Gran Piedra, Cafetal La Isabelica ed El Cobre<br \/>\n<\/span><\/td>\n<\/tr>\n<tr style=\"height: auto;\">\n<td style=\"height: 114px;\">Visita alla zona della Cordillera de la Gran Piedra che fa parte della Riserva della Biosfera dell\u2019Unesco di Baconao e che racchiude la zona intorno al Cafetal La Isabelica (piantagioni di caff\u00e8 dei francesi fuggiti dalla vicina Haiti) che \u00e8 stata dichiarata Patrimonio dell\u2019Umanit\u00e0 dall\u2019Unesco. In questa giornata si include la visita a La Gran Piedra e i suoi 452 gradini, da dove \u00e8 possibile osservare la maestosa Sierra Maestra, e la visita al Cafetal, oggi museo. Pranzo incluso in corso di escursione. Al rientro visita alla Basilica pi\u00f9 amata dai cubani, anche non cattolici: Nuestra Se\u00f1ora de la Caridad del Cobre. Rientro in hotel. Tempo per una camminata libera per la pedonale Enramada, Plaza Dolores, Plaza de Marte. Pernottamento.<\/td>\n<\/tr>\n<tr style=\"height: 24px;\">\n<td style=\"background-color: #ababab; height: 24px;\"><span style=\"color: #000000;\"><span style=\"color: #ff6600;\">\u27a4<\/span>8\u00ba Giorno: Cimitero Santa Ifigenia &#8211; Guantanamo \u2013 Baracoa<br \/>\n<\/span><\/td>\n<\/tr>\n<tr style=\"height: 48px;\">\n<td style=\"height: 48px;\">Prima colazione. Visita al cimitero Santa Ifigenia, il secondo cimitero pi\u00f9 importante del paese dove ora si trova anche la tomba di Fidel Castro. Continuazione del viaggio verso Baracoa. Sosta al belvedere per osservare da lontano la famosa baia di Guantanamo e la cittadina dallo stesso nome. Pranzo inclso in corso del viaggio. Proseguimento verso Baracoa attraversando una delle strade considerate tra le meraviglie dell\u2019ingegneria civile cubana: La Farola, una vera immersione nel verde fino all\u2019arrivo in citt\u00e0. Sistemazione in hotel. Tempo a disposizione. Cena libera. Pernottamento.<\/td>\n<\/tr>\n<tr style=\"height: 24px;\">\n<td style=\"background-color: #ababab; height: 24px;\"><span style=\"color: #000000;\"><span style=\"color: #ff6600;\">\u27a4<\/span>9\u00ba Giorno: Baracoa \u2013 Playa Maguana<br \/>\n<\/span><\/td>\n<\/tr>\n<tr style=\"height: auto;\">\n<td style=\"height: 10px;\">Prima colazione. Visita alla prima citt\u00e0 del continente americano: Baracoa \u00e8 una cittadina tra le pi\u00f9 affascinati di Cuba. Walking tour per il piccolo centro storico: casa della cultura, casa del cioccolato, gallerie d\u2019arte, Chiesa Nuestra Se\u00f1ora de la Concepcion dove si trova una replica delle 29 croci portate da Cristoforo Colombo. Tempo libero nella splendida Playa Maguana a mezz\u2019ora di macchina dal centro di Baracoa. Visita facoltativa al Parco Nazionale Alejandro Humboldt fino alla bellissima cascata il Saltadero. Rientro in hotel. Pernottamento.<\/td>\n<\/tr>\n<tr style=\"height: 24px;\">\n<td style=\"background-color: #ababab; height: 24px;\"><span style=\"color: #000000;\"><span style=\"color: #ff6600;\">\u27a4<\/span>10\u00ba Giorno: Guardalavaca<br \/>\n<\/span><\/td>\n<\/tr>\n<tr style=\"height: auto;\">\n<td style=\"height: 46px;\">Prima colazione. Partenza per Guardalavaca con visita panoramica di Holguin durante il tragitto. Tempo libero per godersi la spiaggia, considerata tra le pi\u00f9 belle di Cuba.<\/td>\n<\/tr>\n<tr style=\"height: 24px;\">\n<td style=\"background-color: #ababab; height: 24px;\"><span style=\"color: #000000;\"><span style=\"color: #ff6600;\">\u27a4<\/span>11\u00ba Giorno: Guardalavaca &#8211; Camaguey<br \/>\n<\/span><\/td>\n<\/tr>\n<tr style=\"height: 24px;\">\n<td style=\"height: 24px;\">Prima colazione. Mattinata a disposizione. Al pomeriggio, ca alle ore 13.30 partenza per Camaguey, ca. 274 km. All\u2019arrivo sistemazione nelle camere riservate. Breve Walking tour per il piccolo centro storico percorrendo i vicoli e le strade lastricate tra le meglio conservate e pulite del paese. Pernottamento.<\/td>\n<\/tr>\n<tr style=\"height: 24px;\">\n<td style=\"background-color: #ababab; height: 24px;\"><span style=\"color: #000000;\"><span style=\"color: #ff6600;\">\u27a4<\/span>12\u00ba Giorno: Cayo Coco \u2013 Cayo Guillermo<br \/>\n<\/span><\/td>\n<\/tr>\n<tr style=\"height: 24px;\">\n<td style=\"height: 24px;\">Prima colazione. Partenza per Cayo Guillermo a 247 km da Camaguey. Pranzo libero a Cayo Coco. Proseguimento fino all\u2019albergo di Cayo Guillermo. Sistemazione in hotel. Inizio dei giorni di relax sistemazione all inclusive.<\/td>\n<\/tr>\n<tr style=\"height: 24px;\">\n<td style=\"background-color: #ababab; height: 24px;\"><span style=\"color: #000000;\"><span style=\"color: #ff6600;\">\u27a4<\/span>13\u00ba Giorno: Cayo Guillermo<br \/>\n<\/span><\/td>\n<\/tr>\n<tr style=\"height: 24px;\">\n<td style=\"height: 24px;\">Giornata di relax al mare, sistemazione all inclusive.<\/td>\n<\/tr>\n<tr style=\"height: 24px;\">\n<td style=\"background-color: #ababab; height: 24px;\"><span style=\"color: #000000;\"><span style=\"color: #ff6600;\">\u27a4<\/span>14\u00ba Giorno: Cayo Guilermo \u2013 L\u2019Avana<br \/>\n<\/span><\/td>\n<\/tr>\n<tr style=\"height: 24px;\">\n<td style=\"height: 24px;\">Mattinata di relax al mare. Dopo pranzo inizio del viaggio di rientro all&#8217;Avana. Cena libera in corso del viaggio. Pernottamento.<\/td>\n<\/tr>\n<tr style=\"height: 24px;\">\n<td style=\"background-color: #ababab; height: 24px;\"><span style=\"color: #000000;\"><span style=\"color: #ff6600;\">\u27a4<\/span>15\u00ba Giorno: Rientro in Italia<br \/>\n<\/span><\/td>\n<\/tr>\n<tr style=\"height: 24px;\">\n<td style=\"height: 24px;\">Prima colazione. A seconda dell\u2019orario del volo internazionale, trasferimento all&#8217;aeroporto per iniziare il viaggio di rientro in Italia, arrivo il giorno 16.<\/td>\n<\/tr>\n<\/tbody>\n<\/table>\n<p>&nbsp;<\/p>\n","protected":false},"excerpt":{"rendered":"<p style=\"text-align: left;\">Cuba<br \/>\n16 giorni \/15 notti<br \/>\nvalido tutto l\u2019anno<\/p>\n","protected":false},"featured_media":2583,"comment_status":"closed","ping_status":"closed","template":"","meta":{"dwc-title":[""],"dwc-content":["<img class=\"size-full wp-image-2522 aligncenter\" src=\"http:\/\/www.lctouroperator.com\/it\/wp-content\/uploads\/2020\/05\/MAPA-CUBA-DA-SCOPRIRE.jpg\" alt=\"\" width=\"274\" height=\"420\" \/>"]},"product_cat":[62,22],"product_tag":[],"class_list":{"0":"post-2521","1":"product","2":"type-product","3":"status-publish","4":"has-post-thumbnail","6":"product_cat-cuba","7":"product_cat-gli-speciali","9":"first","10":"instock","11":"featured","12":"shipping-taxable","13":"product-type-simple"},"_links":{"self":[{"href":"https:\/\/www.lctouroperator.com\/it\/wp-json\/wp\/v2\/product\/2521"}],"collection":[{"href":"https:\/\/www.lctouroperator.com\/it\/wp-json\/wp\/v2\/product"}],"about":[{"href":"https:\/\/www.lctouroperator.com\/it\/wp-json\/wp\/v2\/types\/product"}],"replies":[{"embeddable":true,"href":"https:\/\/www.lctouroperator.com\/it\/wp-json\/wp\/v2\/comments?post=2521"}],"wp:featuredmedia":[{"embeddable":true,"href":"https:\/\/www.lctouroperator.com\/it\/wp-json\/wp\/v2\/media\/2583"}],"wp:attachment":[{"href":"https:\/\/www.lctouroperator.com\/it\/wp-json\/wp\/v2\/media?parent=2521"}],"wp:term":[{"taxonomy":"product_cat","embeddable":true,"href":"https:\/\/www.lctouroperator.com\/it\/wp-json\/wp\/v2\/product_cat?post=2521"},{"taxonomy":"product_tag","embeddable":true,"href":"https:\/\/www.lctouroperator.com\/it\/wp-json\/wp\/v2\/product_tag?post=2521"}],"curies":[{"name":"wp","href":"https:\/\/api.w.org\/{rel}","templated":true}]}}