{"id":2513,"date":"2020-05-04T10:49:50","date_gmt":"2020-05-04T13:49:50","guid":{"rendered":"http:\/\/www.lctouroperator.com\/it\/?post_type=product&#038;p=2513"},"modified":"2021-04-16T10:16:23","modified_gmt":"2021-04-16T13:16:23","slug":"cuba-cultura-e-fede","status":"publish","type":"product","link":"https:\/\/www.lctouroperator.com\/it\/producto\/cuba-cultura-e-fede\/","title":{"rendered":"CUBA: CULTURA E FEDE"},"content":{"rendered":"<h2>Percorso per scoprire le tracce di una religiosit\u00e0 sofferta ma tenace che si racconta attraverso una strada, una piccola cappella, una chiesa consacrata\u00a0 divenuta museo, una\u00a0 cattedrale o una Basilica che ha ripreso lo splendore. Un viaggio che arricchisce, spesso attraversando paesaggi splendidi mentre si vive una bella esperienza conoscendo da vicino la vita semplice e dignitosa, conquistata con tenacia, che si scopre nel viso e nei piccoli gesti della gente locale.<\/h2>\n<h5>La Habana \u2013 Cienfuegos \u2013 Trinidad \u2013 Sancti Spiritus \u2013 Santiago de Cuba \u2013 Bayamo \u2013 Camaguey \u2013 San Juan de los Remedios \u2013 Cayo Santa Maria \u2013 Santa Clara<\/h5>\n<p>Durata: 12 giorni \/ 11 notti \u2013 valido tutto l\u2019anno<\/p>\n<h2>Programma<\/h2>\n<table style=\"height: 2016px\">\n<tbody>\n<tr style=\"height: 24px\">\n<td style=\"background-color: #ababab;height: 24px\"><span style=\"color: #000000\"><span style=\"color: #ff6600\">\u27a4<\/span>1\u00b0 Giorno: Partenza dall\u2019Italia<br \/>\n<\/span><\/td>\n<\/tr>\n<tr style=\"height: auto\">\n<td style=\"height: auto\">Arrivo all&#8217;Avana, Cuba. Trasferimento in hotel. Cena di benvenuto. Pernottamento.<\/td>\n<\/tr>\n<tr style=\"height: auto\">\n<td style=\"background-color: #ababab;height: auto\"><span style=\"color: #000000\"><span style=\"color: #ff6600\">\u27a4<\/span>2\u00b0 Giorno: L\u2019Avana<\/span><\/td>\n<\/tr>\n<tr style=\"height: 408px\">\n<td style=\"height: 408px\">Prima colazione. Giornata dedicata alla visita dell\u2019Avana, citt\u00e0 capitale di Cuba, che conta con ca. tre milioni di abitanti. Patrimonio Mondiale dell\u2019Umanit\u00e0, \u00e8 la pi\u00f9 grande citt\u00e0 dei Caraibi. Vi si trova una sorprendente variet\u00e0 di fortezze, cattedrali, case coloniali e musei testimoni di un ricco patrimonio. Circa 3.500 edifici coloniali su 142 ettari, in parte ricostruiti a partire dal 1976, ma resta ancora molto da fare. Walking tour iniziando nella piazza della Cattedrale dove si affaccia inoltre lo splendido palazzo del Marques de Aguas Clara. Visita alla Cattedrale dedicata alla Vergine Immacolata Concezione e al Museo Coloniale, la pi\u00f9 antica dimora della piazza e l\u2019unica che ha mantenuto la facciata originale, senza portico. Visita alla Piazza delle Armi, con il Palazzo de los Capitanes sede dei governatori spagnoli fino al 1899. E\u2019 l\u2019edificio barocco pi\u00f9 notevole di Cuba. <em>Pranzo<\/em> in corso di escursione. Visita al Templete nella stessa piazza di Armi. Continuazione fino alla Piazza di San Francesco d\u2019Assisi con la sua bella fontana dei Leoni. Visita alla Chiesa-Convento costruita tra il 1580 e il 1591 poi trasformato tra il 1720 e 1739. I francescani furono espulsi dall\u2019Isola a fine del sec XVIII e inizi del XIX perch\u00e9 considerati troppo potenti agli occhi delle autorit\u00e0 locali e la chiesa \u00e8 stata sconsacrata. Divenne un magazzino e poi museo di arte sacra (museo de La Religi\u00f3n). Visita all\u2019attuale chiesa di San Francesco, ex convento agostiniano, dopo una breve fermata nella famosa Plaza Vieja. In seguito attraversando il \u201ctunel de la Habana\u201d visita al Cristo de La Habana e al Castillo de los Tres Reyes del Morro: due belvedere da dove si gode di un\u2019incredibile vista della citt\u00e0. Tempo per ammirare il tramonto. Rientro in hotel. <em>Cena<\/em>. Facoltativo: Visita alla Casa de la M\u00fasica, dove si presentano i gruppi di salsa pi\u00f9 famosi di Cuba. Pernottamento.<\/td>\n<\/tr>\n<tr style=\"height: 24px\">\n<td style=\"background-color: #ababab;height: 24px\"><span style=\"color: #000000\"><span style=\"color: #ff6600\">\u27a4<\/span>3\u00b0 Giorno: Le chiese della zona sud de L\u2019Avana Vieja \u2013 L&#8217;Avana moderna \u2013 Plaza de la Revoluci\u00f3n<br \/>\n<\/span><\/td>\n<\/tr>\n<tr style=\"height: 360px\">\n<td style=\"height: 360px\">Prima colazione. Continuazione del walking tour visitando edifici nati come chiese o conventi, alcuni ormai sconsacrati, ma che testimoniano la fede di chi ha contribuito nella formazione-educazione sia femminile che maschile con pi\u00f9 di cent\u2019anni di lavoro, come le comunit\u00e0 francescane. Visita al cortile del pi\u00f9 antico convento-chiesa di Santa Clara che risale al periodo coloniale. Oggi \u00e8 il Centro Nazionale di conservazione di museologia (le suore vi rimasero fino agli anni 20 del novecento). <em>Uno dei due chiostri racchiude il pi\u00f9 grande e bel giardino interno del paese<\/em>. Visita alla Iglesia del Espiritu Santo (1.640-1674) con uno splendido soffitto in legno con dettagli almudejar e alla chiesa-Convento Nuestra Se\u00f1ora de la Merced, la chiesa utilizzata per matrimoni e battesimi, preferita dall\u2019aristocrazia habanera del XIX secolo. Contiene bellissimi affreschi. Per ultimo, visita alla chiesa di San Francisco de Paula costruita nel 1730 ora sconsacrata e dove si realizzano in genere concerti di musica barocca. <em>Pranzo.<\/em> Visita alla Chiesa del Sacro Cuore, o chiesa de la Reina, visitata da Papa Francesco. Visita panoramica della citt\u00e0 fuori dalle mura: il Campidoglio, il Gran Teatro, Paseo del Prado (Paseo Mart\u00ed), Plaza de la Revoluci\u00f3n. Panoramica di altri quartieri come il Vedado, centro finanziario della citt\u00e0 e il moderno quartiere Miramar che contrasta con i palazzi spesso in decadenza di diversi quartieri, sede di rappresentanze diplomatiche tra le quali anche quella italiana, Fusterlandia, ecc. Panoramica del famoso Malec\u00f3n, breve camminata dal Castello de San Salvador. Cena. Rientro in hotel. Pernottamento.<\/td>\n<\/tr>\n<tr style=\"height: 24px\">\n<td style=\"background-color: #ababab;height: 24px\"><span style=\"color: #000000\"><span style=\"color: #ff6600\">\u27a4<\/span>4\u00b0 Giorno: Cienfuegos \u2013 Trinidad<br \/>\n<\/span><\/td>\n<\/tr>\n<tr style=\"height: 288px\">\n<td style=\"height: 288px\">Prima colazione. Partenza alla volta di Trinidad previa visita panoramica di Cienfuegos, chiamata la Perla del Sud per possedere la baia pi\u00f9 bella del paese e un bel centro storico dichiarato Patrimonio mondiale dell\u2019Umanit\u00e0 nel 2005. Sosta conoscere la florida storia della cittadina di ca. 165.000 abitanti, rifondata dai francesi nel 1819. Fermata per una foto del Castillo de Nuestra Se\u00f1ora de los Angeles de Jagua. Panoramica di alcuni dei suoi tesori architettonici: il Palazzo di governo, il vescovado, la Scuola di San Lorenzo, il palazzo Ferrer, il vecchio liceo Monserrat. Visita alla Catedrale <em>Purisima Concepcion (1869)<\/em>. Pranzo in corso di escursione. Continuazione del viaggio fino a Trinidad. All\u2019arrivo visita al centro storico, Trinidad \u00e8 una delle prime citt\u00e0 fondate dagli spagnoli nel secolo XVI ed \u00e8 stata dichiarata dall\u2019UNESCO Patrimonio Mondiale dell\u2019Umanit\u00e0 nel 1988. Visita alla chiesa della <em>Santisima Trinidad<\/em> e al Palacio Brunet, ora Museo Romantico. Tempo libero per una passeggiata per il centro storico: la casa de la Musica, negozi di artigianato e ceramica. Possibilit\u00e0 di prendere un aperitivo a \u00abLa Canchanchara\u00bb, locale divenuto famoso per la sua tipica bevanda a base di rum, miele e lime.<em> Cena libera.<\/em> Pernottamento.<\/td>\n<\/tr>\n<tr style=\"height: 24px\">\n<td style=\"background-color: #ababab;height: 24px\"><span style=\"color: #000000\"><span style=\"color: #ff6600\">\u27a4<\/span>5\u00b0 Giorno: Sancti Spiritus \u2013 Santiago de Cuba<br \/>\n<\/span><\/td>\n<\/tr>\n<tr style=\"height: 216px\">\n<td style=\"height: 216px\">Prima colazione. Partenza per Santiago de Cuba e durante il viaggio, breve visita a Sancti Spiritus\u00a0 piccolo centro coloniale, capitale della provincia omonima fondata da Diego Velazquez de Cuellar nel 1514. Qui Bartolom\u00e9 De Las Casas, figlio di un compagno di Cristoforo Colombo, inizia la sua missione ormai divenuto sacerdote, dopo una fulminea conversione avvenuta per una predica che lo sconvolse: \u201ci conquistadores non portano Cristo, lo tradiscono\u201d. Visita alla chiesa parrocchiale, la pi\u00f9 antica dell&#8217;Isola (XVI sec). Pranzo libero in corso del viaggio. Proseguimento del viaggio verso Santiago di Cuba (532 chilometri). Arrivo e sistemazione nelle\u00a0 camere riservate. Tempo per riposarsi dal viaggio. Breve passeggiata nei dintorni dell&#8217;hotel per un primo contatto con la citt\u00e0 che \u00e8 stata capitale dell&#8217;isola durante la prima met\u00e0 del secolo XVI, ed \u00e8 la pi\u00f9 caraibica di Cuba, ricca di storia, famosa per la sua gente allegra, per la musica e le danze tradizionali. Cena libera. Pernottamento.<\/td>\n<\/tr>\n<tr style=\"height: 24px\">\n<td style=\"background-color: #ababab;height: 24px\"><span style=\"color: #000000\"><span style=\"color: #ff6600\">\u27a4<\/span>6\u00ba Giorno: Santiago de Cuba<br \/>\n<\/span><\/td>\n<\/tr>\n<tr style=\"height: 216px\">\n<td style=\"height: 216px\">Prima colazione. Sin dal 1522, grazie al re Carlo V, ottenne il titolo di citt\u00e0 e divenne capitale dell\u2019isola fino al 1556. L\u2019odierna arcidiocesi \u00e8 stata visitata da ben 3 papi: Giovanni Paolo II nel 1998, Benedetto XVI e da Papa Francesco nel 2015. Walking tour della citt\u00e0: Cattedrale Nostra Signora dell\u2019Assunzione e al museo, Casa-museo del fondatore della citt\u00e0 Diego Velazquez (la pi\u00f9 antica casa di Cuba), Parque C\u00e9spedes, Ayuntamiento (municipio), Chiesa di San Francesco. <em>Pranzo<\/em>. Nel pomeriggio tour panoramico della citt\u00e0: Castillo de San Pedro del Morro, Patrimonio dell\u2019Umanit\u00e0, costruito nel 1635 dall\u2019ingeniere italiano Bautista Antonelli, \u00e8 considerato un\u2019opera di incredibile valore estetico ed storico, continuazione per la Carretera Turistica, Bahia de Santiago de Cuba, La Alameda, Parque Abel Santa Maria, Parque La Alameda, il Malec\u00f3n, il palazzo Moncada, Plaza Dolores, etc. Camminata libera per la strada pedonale. Rientro in hotel. <em>Cena<\/em> e pernottamento.<\/td>\n<\/tr>\n<tr style=\"height: 24px\">\n<td style=\"background-color: #ababab;height: 24px\"><span style=\"color: #000000\"><span style=\"color: #ff6600\">\u27a4<\/span>7\u00ba Giorno: Virgen de la Caridad del Cobre &#8211; Cimitero Santa Ifigenia<br \/>\n<\/span><\/td>\n<\/tr>\n<tr style=\"height: 240px\">\n<td style=\"height: 240px\">Prima colazione. Partenza per El Cobre in cui si trova la Basilica de Nuestra Se\u00f1ora del Cobre, la pi\u00f9 importante meta di pellegrinaggio di Cuba, dedicata alla Virgen de la Caridad del Cobre, Santa patrona dell\u2019isola dal 1916. E\u2019 tanta la devozione alla Vergine, che Ernest Hemingway, pur non essendo cattolico, regal\u00f2 alla Vergine la medaglia del suo Premio Nobel come omaggio e ringraziamento al popolo dell\u2019isola che aveva ispirato il suo capolavoro letterario \u201cIl Vecchio e il mare\u201d. Visita libera al Santuario o celebrazione dell\u2019Eucaristia su richiesta del gruppo. Rientro in citt\u00e0. <em>Pranzo.<\/em><br \/>\nVisita al cimitero Santa Ifigenia, il secondo cimitero pi\u00f9 importante del paese dove ora si trova anche la tomba di Fidel Castro. A seconda dell\u2019orario si potr\u00e0 assistere alla cerimonia militare del cambio della guardia. Rientro in hotel. Tempo per una passeggiata libera nella strada pedonale vicino all\u2019hotel. <em>Cena libera<\/em>. Facoltativo: serata alla Casa de la Trova nel centro della citt\u00e0 per ascoltare la musica tradizionale cubana. Pernottamento.<\/td>\n<\/tr>\n<tr style=\"height: 24px\">\n<td style=\"background-color: #ababab;height: 24px\"><span style=\"color: #000000\"><span style=\"color: #ff6600\">\u27a4<\/span>8\u00ba Giorno: Bayamo \u2013 Camaguey<br \/>\n<\/span><\/td>\n<\/tr>\n<tr style=\"height: 48px\">\n<td style=\"height: 48px\">Prima colazione. Partenza per Camaguey visitando durante il percorso Bayamo (a 126 km da Santiago di Cuba). In questa provincia si trova la spettacolare catena montuosa della Sierra Maestra, nonch\u00e9 il pi\u00f9 lungo fiume del paese, il fiume Cauto. Le strade di Bayamo si animano durante la festa di cuban\u00eda, evento che dura una settimana intera nel mese di ottobre. Visita alla Chiesa Parrocchiale, ora cattedrale di San Salvador Bayamo (1516), che conserva ancora un bellissimo altare barocco e l\u2019immagine di Nuestra Se\u00f1ora de los Dolores, che scamp\u00f2 miracolosamente ad un incendio (1869), a causa del quale la chiesa venne lasciata in stato di abbandono per ca. 50 anni. Continuazione del viaggio per Camaguey, a 210 km e ca. 3 ore e mezzo di viaggio. Pranzo durante il percorso. All\u2019arrivo a Camaguey walking tour per il piccolo centro storico percorrendo vicoli e piazze lastricate: visita alla Chiesa della Merced, la casa natal del patriota Ignacio Agromonte, interessante dal punto di vista architettonico. Visita alla Cattedrale. Plaza de los Trabajadores. Rientro in hotel.<em> Cena<\/em> e pernottamento.<\/td>\n<\/tr>\n<tr style=\"height: 24px\">\n<td style=\"background-color: #ababab;height: 24px\"><span style=\"color: #000000\"><span style=\"color: #ff6600\">\u27a4<\/span>9\u00ba Giorno: Camaguey \u2013 San Juan de los Remedios &#8211; Cayo Santa Maria<br \/>\n<\/span><\/td>\n<\/tr>\n<tr style=\"height: 216px\">\n<td style=\"height: 216px\">Prima colazione. Visita ad una delle piazze pi\u00f9 belle della citt\u00e0: Plaza Juan de Dios del 1728 e alla sua piccola chiesa in origine dei frati francescani conventuali, espulsi nel periodo dell\u2019espropriazione e secolarizzazione. La chiesa conserva il pavimento originale ed altri particolari. Curiosa la rappresentazione della Santissima Trinit\u00e0 in figure umane, una delle uniche due raffigurazioni che esistono in America Latina (l\u2019altra si trova a Lima dell\u2019epoca del Virreinato). Continuazione del viaggio verso la cittadina di Remedios (263km).<em> Pranzo<\/em>. Walking tour per la piazza circondata da edifici del XVIII e XIX secolo, \u00e8 l\u2019unica del paese con due chiese sulla stessa piazza. Visita alla chiesa fondata nel 1600. L\u2019altare principale \u00e8 in uno splendido e ben conservato stile barocco e il tetto in mogano \u00e8 tra i pi\u00f9 belli dell\u2019isola. Proseguimento verso Cayo San Maria, percorrendo il terrapieno di 48 chilometri che unisce il Cayo alla terra ferma. Arrivo e sistemazione in hotel. <em>Cena.<\/em> Pernottamento.<\/td>\n<\/tr>\n<tr style=\"height: 24px\">\n<td style=\"background-color: #ababab;height: 24px\"><span style=\"color: #000000\"><span style=\"color: #ff6600\">\u27a4<\/span>10\u00ba Giorno: Cayo Santa Maria<br \/>\n<\/span><\/td>\n<\/tr>\n<tr style=\"height: auto\">\n<td style=\"height: auto\">Giornata di relax al mare:\u00a0 per camminate, bagno in piscina o nel bel mare caraibico. Sistemazione all inclusive.<\/td>\n<\/tr>\n<tr style=\"height: 24px\">\n<td style=\"background-color: #ababab;height: 24px\"><span style=\"color: #000000\"><span style=\"color: #ff6600\">\u27a4<\/span>11\u00ba Giorno: Santa Clara \u2013 L\u2019Avana<br \/>\n<\/span><\/td>\n<\/tr>\n<tr style=\"height: 24px\">\n<td style=\"height: 24px\">Prima colazione. Partenza per L\u2019Avana, con sosta per una visita a Santa Clara iniziando dalla Loma del Capiro, un belvedere della cittadina. Passando per il monumento del Tren blindado, arrivo al Parque Vidal per ammirare i bei palazzi che vi si affacciano: casa-museo de Artes decorativas, il teatro della citt\u00e0 etc. Pranzo in corso di escursione. Visita ad una fabbrica di sigari e alla chiesa di Nuestra Senhora del Carmen costruita nel 1744, con altari a diversi santi francescani e al centro una bellissima immagine di Nostra Signora del Carmelo donata nel 1762 dalle Carmelitane scalze dell&#8217; Avana. Santa Clara ha giocato un ruolo importante nella rivoluzione cubana. Qui si trova il mausoleo dedicato a Che Guevara; eventuale visita prima di continuare il viaggio per l&#8217;Avana. Arrivo e sistemazione in hotel. Tempo libero. <em>Cena di arrivederci<\/em>. Pernottamento<\/td>\n<\/tr>\n<tr style=\"height: 24px\">\n<td style=\"background-color: #ababab;height: 24px\"><span style=\"color: #000000\"><span style=\"color: #ff6600\">\u27a4<\/span>12\u00ba Giorno: Rientro in Italia<br \/>\n<\/span><\/td>\n<\/tr>\n<tr style=\"height: 24px\">\n<td style=\"height: 24px\">Prima colazione. A seconda dell\u2019orario del volo internazionale, trasferimento all\u2019aeroporto per iniziare il viaggio di rientro in Italia.<\/td>\n<\/tr>\n<\/tbody>\n<\/table>\n<p>&nbsp;<\/p>\n","protected":false},"excerpt":{"rendered":"<p style=\"text-align: left\">Cuba<br \/>\n12 giorni \/11 notti<\/p>\n","protected":false},"featured_media":3008,"comment_status":"closed","ping_status":"closed","template":"","meta":{"dwc-title":[""],"dwc-content":["<img class=\"size-full wp-image-2519 aligncenter\" src=\"http:\/\/www.lctouroperator.com\/it\/wp-content\/uploads\/2020\/05\/CUBA-PROGRAMA-1.jpg\" alt=\"\" width=\"274\" height=\"420\" \/>"]},"product_cat":[21],"product_tag":[],"class_list":{"0":"post-2513","1":"product","2":"type-product","3":"status-publish","4":"has-post-thumbnail","6":"product_cat-gruppi","8":"first","9":"instock","10":"featured","11":"shipping-taxable","12":"product-type-simple"},"_links":{"self":[{"href":"https:\/\/www.lctouroperator.com\/it\/wp-json\/wp\/v2\/product\/2513"}],"collection":[{"href":"https:\/\/www.lctouroperator.com\/it\/wp-json\/wp\/v2\/product"}],"about":[{"href":"https:\/\/www.lctouroperator.com\/it\/wp-json\/wp\/v2\/types\/product"}],"replies":[{"embeddable":true,"href":"https:\/\/www.lctouroperator.com\/it\/wp-json\/wp\/v2\/comments?post=2513"}],"wp:featuredmedia":[{"embeddable":true,"href":"https:\/\/www.lctouroperator.com\/it\/wp-json\/wp\/v2\/media\/3008"}],"wp:attachment":[{"href":"https:\/\/www.lctouroperator.com\/it\/wp-json\/wp\/v2\/media?parent=2513"}],"wp:term":[{"taxonomy":"product_cat","embeddable":true,"href":"https:\/\/www.lctouroperator.com\/it\/wp-json\/wp\/v2\/product_cat?post=2513"},{"taxonomy":"product_tag","embeddable":true,"href":"https:\/\/www.lctouroperator.com\/it\/wp-json\/wp\/v2\/product_tag?post=2513"}],"curies":[{"name":"wp","href":"https:\/\/api.w.org\/{rel}","templated":true}]}}