{"id":250,"date":"2013-10-02T14:25:04","date_gmt":"2013-10-02T17:25:04","guid":{"rendered":"http:\/\/www.lctouroperator.com\/it\/prog\/trekking-en-la-mitica-fitz-roy\/"},"modified":"2020-11-25T04:50:32","modified_gmt":"2020-11-25T07:50:32","slug":"trekking-en-la-mitica-fitz-roy","status":"publish","type":"product","link":"https:\/\/www.lctouroperator.com\/it\/producto\/trekking-en-la-mitica-fitz-roy\/","title":{"rendered":"Trekking sul mitico Fitz Roy"},"content":{"rendered":"<h2 style=\"text-align: left;\" align=\"center\">Esclusivo per gli amanti della montagna, la mecca dei grandi scalatori: il Fitz Roy. Accampa sotto il cielo stellato, sfidando il freddo e il vento, e contempla l&#8217;immensit\u00e0 del cosmo nel \u201cCerro Sagrado\u201d (montagna sacra) degli aborigeni del sud. Imperdibile proposta su una mitica montagna fino alla cosmopolita Buenos Aires.<\/h2>\n<p>validit\u00e0: da Ottobre ad Aprile<\/p>\n<h3>Programma<\/h3>\n<table>\n<tbody>\n<tr>\n<td style=\"background-color: #ababab;\"><span style=\"color: #000000;\"><span style=\"color: #ff6600;\">\u27a4<\/span> Giorno 1: El Chalt\u00e9n<\/span><\/td>\n<\/tr>\n<tr class=\"alt\">\n<td>Arrivo all&#8217;aeroporto de El Calafate e trasferimento alla stazione degli autobus per continuare il viaggio fino a El Chalt\u00e9n (o trasferimento privato). All&#8217;arrivo a El Chalten trasferimento in hotel e sistemazione nelle camere riservate. Tempo libero per trekking brevi in paese e dintorno. Cena libera. Pernottamento.<\/td>\n<\/tr>\n<tr>\n<td style=\"background-color: #ababab;\"><span style=\"color: #000000;\"><span style=\"color: #ff6600;\">\u27a4<\/span> Giorno 2: Partenza per il trekking<\/span><\/td>\n<\/tr>\n<tr class=\"alt\">\n<td>Prima colazione. Trasferimento fino alla hosteria El Pilar, luogo di inizio dell&#8217;escursione guidata. Splendida giornata -impegnativa:\u00a0 durante la prima ora, la pendenza \u00e8 un po&#8217; pronunciata fino all&#8217;ingresso nella valle del ruscello Del Salto, verso il monte Fitz Roy. I \u00d1ires (tipo di albero) cominciano ad essere sempre pi\u00f9 numerosi \u00a0intorno al sentiero. In circa un&#8217;ora e mezza dall&#8217;inizio del tragitto si accede ad un belvedere naturale, ben segnalato, su una roccia, con un cartello che permette l&#8217;identificazione dei luoghi che ci offre il paesaggio che si presenta di fronte a noi. Il cammino continua sempre risalendo il ruscello Del Salto fino alla zona di drenaggio dei laghi Madre e Hija (\u201cmadre\u201d e \u201cfiglia\u201d). A quattro ore dalla partenza si arriva al campo base Poincenot (ampio campeggio libero) dopo aver attraversato il fiume Blanco. A partire da qui, il presenta una salita di approssimativamente 400 metri di dislivello fino al lago De los tres\u201d. Il cammino finisce nell\u2019antico bordo del ghiacciaio Moreno, con una spettacolare vista del lago e ghiacciaio Los tres. Rientro al campo Poincenot, camminata \u00a0fino al campo Thornwood, passando di nuovo dai laghi Madre e Hija. E&#8217; compresa la colazione, il pranzo al sacco e la cena. Campeggio Thornwood.<\/td>\n<\/tr>\n<tr>\n<td style=\"background-color: #ababab;\"><span style=\"color: #000000;\"><span style=\"color: #ff6600;\">\u27a4<\/span> Giorno 3: Laguna Torre<\/span><\/td>\n<\/tr>\n<tr class=\"alt\">\n<td>Una bellissima passeggiata per ambientarsi \u00a0al terreno e al paesaggio della Patagonia australe. Boschi di \u201clengas\u201d e \u201c\u00f1ires\u201d dove se si ha fortuna si potranno \u00a0apprezzare alcuni esemplari di uccelli picchio. Dopo un&#8217;ora e mezza \u00a0circa si arriva al \u201cbel vedere\u201d di \u201cCerro Torre\u201d, imponente cima di 3100 metri di altezza. A partire da li\u2019, ci rimangono un&#8217;altra ora e mezza circa per arrivare alle \u201cMorenas\u201d laterali che ha lasciato il grande ghiacciaio, dove troveremo situata la Laguna Torre e la sorgente del fiume Fitz Roy. E\u2019 compresa la colazione, il pranzo al sacco e la cena presso il campo Thornwood.<\/td>\n<\/tr>\n<tr>\n<td style=\"background-color: #ababab;\"><span style=\"color: #000000;\"><span style=\"color: #ff6600;\">\u27a4<\/span> Giorno 4: Lago Viedma: trekking sul ghiaccio<\/span><\/td>\n<\/tr>\n<tr class=\"alt\">\n<td>Dopo la colazione trasferimento a Puerto Bahia Tunnel, dove inizia l&#8217;escursione del Viedma Ice Trek. Navigando il lago Viedma si arriva fino al promontorio roccioso dove, con l&#8217;aiuto delle guide, ci collocheremo i ramponi \u00a0per camminare sul ghiaccio. Inizio della camminata percorrendo tra crepacci, sotterranei e grotte per conoscere le origini dei ghiacciai. Nel pomeriggio rientro Puerto Bah\u00eda per trasferimento a El Chalt\u00e9n, con arrivo previsto per le 18. Tempo libero. Pernottamento.<\/td>\n<\/tr>\n<tr class=\"alt\">\n<td style=\"background-color: #ababab;\"><span style=\"color: #000000;\"><span style=\"color: #ff6600;\">\u27a4<\/span> Giorno 5: El Calafate<\/span><\/td>\n<\/tr>\n<tr class=\"alt\">\n<td>Prima colazione. Trasferimento alla stazione degli autobus per prendere il bus delle 8 e continuare il viaggio per El Calafate per visite varie o proseguimento verso altre destinazioni.<\/td>\n<\/tr>\n<\/tbody>\n<\/table>\n<h3>Cosa Portare<\/h3>\n<p>Attrezzatura personale raccomandata: Zaino (Day Pack)\/Scarpe da trekking impermeabili\/Calze sintetiche\/Pantalone comodo con protezione in Goretex o Ultrex-preferibilmente con chiusura lampo laterale o pantalone da neve\/Giacche in fibra Polare\/Giacca a vento in Goretex o Ultrex con cappuccio\/Maglietta a maniche corte\/Cappello pesante\/Un paio di guanti impermeabili\/Occhiali da sole\/Protezione per le labbra\/Crema protettiva solare\/Bottiglia di plastica o borraccia leggera\/Macchina fotografica..<\/p>\n<h3>Nota:<\/h3>\n<p>*Per il trasferimento in bus a El Chalten si raccomanda arrivare a El Calafate non pi\u00f9 tardi delle 15:30<br \/>\n**Il servizio gastronomico durante il trekking\u00a0 \u00e8 composto principalmente con piatti locali preparati con metodi tipici (carne alla brace, alla piastra, tra gli altri) che danno alla cucina del campeggio un timbro particolare. I prodotti sono selezionati con cura (carni argentine, formaggi affumicati, ecc.). I procedimenti di lavorazione seguono strette norme di\u2019igiene, a cura del personale addetto e sotto la supervisione di uno chef.<\/p>\n","protected":false},"excerpt":{"rendered":"<p>Argentina<br \/>\n5 Giorni \/ 4 Notti<\/p>\n","protected":false},"featured_media":2867,"comment_status":"closed","ping_status":"closed","template":"","meta":{"dwc-title":[""],"dwc-content":["<img class=\"size-full wp-image-2854 aligncenter\" src=\"http:\/\/www.lctouroperator.com\/it\/wp-content\/uploads\/2017\/06\/Argentina-05-2010Ev51.jpg\" alt=\"\" width=\"274\" height=\"420\" \/>"]},"product_cat":[13],"product_tag":[],"class_list":{"0":"post-250","1":"product","2":"type-product","3":"status-publish","4":"has-post-thumbnail","6":"product_cat-argentina","8":"first","9":"instock","10":"shipping-taxable","11":"product-type-simple"},"_links":{"self":[{"href":"https:\/\/www.lctouroperator.com\/it\/wp-json\/wp\/v2\/product\/250"}],"collection":[{"href":"https:\/\/www.lctouroperator.com\/it\/wp-json\/wp\/v2\/product"}],"about":[{"href":"https:\/\/www.lctouroperator.com\/it\/wp-json\/wp\/v2\/types\/product"}],"replies":[{"embeddable":true,"href":"https:\/\/www.lctouroperator.com\/it\/wp-json\/wp\/v2\/comments?post=250"}],"wp:featuredmedia":[{"embeddable":true,"href":"https:\/\/www.lctouroperator.com\/it\/wp-json\/wp\/v2\/media\/2867"}],"wp:attachment":[{"href":"https:\/\/www.lctouroperator.com\/it\/wp-json\/wp\/v2\/media?parent=250"}],"wp:term":[{"taxonomy":"product_cat","embeddable":true,"href":"https:\/\/www.lctouroperator.com\/it\/wp-json\/wp\/v2\/product_cat?post=250"},{"taxonomy":"product_tag","embeddable":true,"href":"https:\/\/www.lctouroperator.com\/it\/wp-json\/wp\/v2\/product_tag?post=250"}],"curies":[{"name":"wp","href":"https:\/\/api.w.org\/{rel}","templated":true}]}}