{"id":2484,"date":"2020-02-10T11:27:37","date_gmt":"2020-02-10T14:27:37","guid":{"rendered":"http:\/\/www.lctouroperator.com\/it\/?post_type=product&#038;p=2484"},"modified":"2021-04-07T12:49:54","modified_gmt":"2021-04-07T15:49:54","slug":"crociera-sulle-tracce-di-guido-boggiani","status":"publish","type":"product","link":"https:\/\/www.lctouroperator.com\/it\/producto\/crociera-sulle-tracce-di-guido-boggiani\/","title":{"rendered":"Crociera sul Fiume"},"content":{"rendered":"<table style=\"width: 100%; border-collapse: collapse;\" border=\"0\">\n<tbody>\n<tr>\n<td style=\"width: 100%;\">\n<h2><strong>Crociera sulle tracce di Guido Boggiani<\/strong><\/h2>\n<\/td>\n<\/tr>\n<\/tbody>\n<\/table>\n<h2>\u2026un pittore che seppe trasformarsi in esploratore..fotografo..<wbr \/>etnologo\u201d. Crociera navigando il fiume Paraguay sulle cui sponde trascorre la vita delle pi\u00f9 svariate comunit\u00e0 indigena tra i quali gli eredi dei caduvei, Ishir e i chamacocos di Boggiani. Museo Verde a Carmelo Peralta e molto ancora per un&#8217;esperienza da non dimenticare.<\/h2>\n<p><span style=\"color: #000000;\"><strong>Validit\u00e0: Ottobre &#8211; Novembre<\/strong><\/span><\/p>\n<h3>Programma<\/h3>\n<table>\n<tbody>\n<tr>\n<td style=\"background-color: #ababab; height: 24px;\"><span style=\"color: #000000;\"><span style=\"color: #ff6600;\">\u27a4<\/span>Giorno 1: Asunci\u00f3n<br \/>\n<\/span><\/td>\n<\/tr>\n<tr>\n<td>Arrivo all&#8217;aeroporto di Asunci\u00f3n. Trasferimento all&#8217;hotel. Early check in. Colazione e tempo libero per riposarsi dal viaggio. Al primo pomeriggio walking tour centro Asunci\u00f3n:\u00a0 costruita nelle colline sul fiume Paraguay, conserva vestigia coloniali con bellissimi parchi esuberanti di verde: visita al centro storico, alla Cattedrale. Cena libera. Pernottamento.<\/td>\n<\/tr>\n<tr>\n<td style=\"background-color: #ababab; height: 24px;\"><span style=\"color: #000000;\"><span style=\"color: #ff6600;\">\u27a4<\/span>Giorno 2: Asunci\u00f3n \u2013 Filadelfia (Boquer\u00f3n)<br \/>\n<\/span><\/td>\n<\/tr>\n<tr>\n<td>Prima colazione. Trasferimento alla stazione degli autobus e partenza con destino a Loma, via Filadelfia. All&#8217;arrivo incontro con l&#8217;autista-guida. Visita al centro di interpretazione del Chaco: interessante presentazione per una comprensione globale di questa regione ricca biodiversit\u00e0 e numerose etnie. Visita al museo storico dei primi abitanti Menonitas, in generale immigranti russi,\u00a0 canadesi arrivati in Paraguay agli inizi del secolo XX. Cena libera. Pernottamento.<\/td>\n<\/tr>\n<tr>\n<td style=\"background-color: #ababab; height: 24px;\"><span style=\"color: #000000;\"><span style=\"color: #ff6600;\">\u27a4<\/span>Giorno 3: Loma Plata-Carmelo Peralta &#8211; Museo Verde<br \/>\n<\/span><\/td>\n<\/tr>\n<tr>\n<td>Prima colazione. Partenza verso Carmelo Peralta (273 km) previa visita panoramica della florida Loma Plata, una delle prime colonie dei Menonitas, oggi forte centro industriale per la produzione di carne ed esportazione di latticini. Continuazione verso Carmelo Peralta. All&#8217;arrivo visita al Museo verde presso gli indigeni chamacoco, la trib\u00f9 selvaggia con la quale Guido Boggiani* l\u2019etnologo italiano, ha tessuto un rapporto tale da riuscire a farci conoscere le tradizioni artistico-religiose di questa popolazione ed altre come le trib\u00f9 Ishir e Caduveo. imbarco sulla nave per l&#8217;inizio della crociera sul fiume Paraguay. Tempo per contemplare un bellissimo tramonto. Cena e serata a bordo sotto un cielo incredibilmente stellato.<\/td>\n<\/tr>\n<tr>\n<td style=\"background-color: #ababab; height: 24px;\"><span style=\"color: #000000;\"><span style=\"color: #ff6600;\">\u27a4<\/span>Giorno 4: Pantanal (Barca): Scoperta di fauna, flora in Estancia locale<br \/>\n<\/span><\/td>\n<\/tr>\n<tr>\n<td>Possibilit\u00e0 di vedere l&#8217;alba dal deck. Prima colazione. Navigazione verso l&#8217;alto fiume fino alla Estancia Cerrito e Fecho dos Morros, acque brasiliane del fiume Paraguay. Safari fotografico in piccole imbarcazioni e avvistamento di fauna locale. Rientro in barca. Pranzo. Aperitivo. Cena. Discesa nelle piccole imbarcazioni per il famoso \u201cfocagem di Jacare\u201d\u2026nel buio e silenzio totale navigazione per scoprire il mondo notturno dei Jacar\u00e9. Rientro in barca. Pernottamento.<\/td>\n<\/tr>\n<tr>\n<td style=\"background-color: #ababab; height: 24px;\"><span style=\"color: #000000;\"><span style=\"color: #ff6600;\">\u27a4<\/span>Giorno 5: Pantanal (Barca) Rio Salgado \u2013 Fecho dos Morros (Brasile)<br \/>\n<\/span><\/td>\n<\/tr>\n<tr>\n<td>All&#8217;alba partenza nelle lance in zone dove il risveglio della foresta \u00e8 un vero concerto di canti e grida della vita selvaggia. Rientro in barca per la prima colazione. Continuazione verso Fecho dos Morros per addentrarsi nella natura: breve camminata osservando la bellezza del Fiume Salgado, acqua brasiliane. Pranzo a base di \u201cchurrasco\u201d preparato dall\u2019equipaggio brasiliano in una spiaggia sul fiume. Al pomeriggio, pesca di pira\u00f1as, del cui risultato sar\u00e0 preparata il tradizionale \u201ccaldo pantaneiro\u201d. Degustazione durante la cena di arrivederci.\u00a0 Pernottamento.<\/td>\n<\/tr>\n<tr>\n<td style=\"background-color: #ababab; height: 24px;\"><span style=\"color: #000000;\"><span style=\"color: #ff6600;\">\u27a4<\/span>Giorno 6: Carmelo Peralta \u2013 Filadelfia \u2013 Asuncion<br \/>\n<\/span><\/td>\n<\/tr>\n<tr style=\"height: auto;\">\n<td style=\"height: auto;\">Prima colazione.\u00a0 Sbarco e inizio del viaggio di rientro a Filadelfia per riprendere il bus di rientro ad Asuncion.<\/td>\n<\/tr>\n<tr style=\"height: 24px;\">\n<td style=\"background-color: #ababab; height: 24px;\"><span style=\"color: #000000;\"><span style=\"color: #ff6600;\">\u27a4<\/span>Giorno 7: Asunci\u00f3n<br \/>\n<\/span><\/td>\n<\/tr>\n<tr style=\"height: 72px;\">\n<td style=\"height: 72px;\">\n<p>Prima colazione. Giornata a disposizione per eventuali visite facoltative (la \u201cVia del Rum\u201d, Caacup\u00e9 \u2013 \u00d1anduti \u2013 Ceramica e Filigrana). Pranzo libero in una \u201cparrillada\u201d (grigliata tradizionale) con le migliori carni del Paraguay. Rientro in Italia o proseguimento per conoscere altre destinazioni in Paraguay.<\/p>\n<p>&nbsp;<\/p>\n<p>*Guido Boggiani, nato a Omegna, Novara, visse in Paraguay 10 anni dei suoi 40 di vita, lasci\u00f2 un ricco patrimonio di cartografia e studi su trib\u00f9 indigeni quali i chamacocos e i codoveo i cui discendenti popolano finora le sponde del Fiume Paraguay.<\/td>\n<\/tr>\n<\/tbody>\n<\/table>\n<p>&nbsp;<\/p>\n<h3>ESTENSIONI<\/h3>\n<h3>Estensione 1: 2gg<\/h3>\n<h3>El Chaco:<\/h3>\n<table>\n<tbody>\n<tr>\n<td style=\"background-color: #ababab;\"><span style=\"color: #000000;\"><span style=\"color: #ff6600;\">\u27a4<\/span> Giorno 1: Lagune Salate &#8211; Loma Plata<br \/>\n<\/span><\/td>\n<\/tr>\n<tr>\n<td>Prima di proseguire per la crociera o al rientro \u00e8 possibile approfondire la visita al chaco paraguaiano visitando per esempio le enigmatiche lagune salate con possibilit\u00e0 di alloggiare in campo tendato o piccoli lodge rustici della zona:\u00a0 Laguna Leon e Laguna Capit\u00e1n. Tempo per un safari fotografico a contatto con una natura surreale. Cena a base di asado a Campo Maria o nel campo tendato. Tempo per osservare il tramonto.\u00a0 Pernottamento.<\/td>\n<\/tr>\n<tr>\n<td style=\"background-color: #ababab; height: 10px;\"><span style=\"color: #000000;\"><span style=\"color: #ff6600;\">\u27a4<\/span>Giorno 2: Fortin Toledo \u2013 Progetto \u201cTagu\u00e1\u201d- Colonia Filadelfia \u2013 Colonia Loma Plata<br \/>\n<\/span><\/td>\n<\/tr>\n<tr>\n<td>Prima colazione. Partenza in fuoristrada per Fortin Toledo, un luogo di dolorose storie tra due nazioni: la Bolivia e il Paraguay dovuta alla guerra del 1937. Oggi luogo di omaggio ai caduti ma anche sede di una splendida esperienza: il progetto Tagu\u00e1, nato per preservare una specie di non lontana scoperta in questa zona: il Tagu\u00e1..un&#8217;originale maiale selvaggio (catagonus wagneri) di diverse specie. Visita al museo dei fondatori a Filadelfia, una delle colonie menonitas tra le pi\u00f9 moderne. Rientro ad Asunci\u00f3n.<\/td>\n<\/tr>\n<\/tbody>\n<\/table>\n<h3>Estensione 2: 4 gg<\/h3>\n<h3>Scoprendo il Paraguay: Asunci\u00f3n e dintorni + missioni Gesuitiche<\/h3>\n<table>\n<tbody>\n<tr>\n<td style=\"background-color: #ababab; height: 24px;\"><span style=\"color: #000000;\"><span style=\"color: #ff6600;\">\u27a4<\/span>Giorno 1:\u00a0 Yaguaron &#8211; Caacup\u00e9 \/ El Fort\u00edn (Piribebuy)<br \/>\n<\/span><\/td>\n<\/tr>\n<tr>\n<td>\n<p>Prima colazione. Alle ore 8 tour \u201cCircuito d\u2019oro\u201d visitando la chiesa francescana San Buenaventura di Yaguaron completata nel 1772: semplice da fuori ma dentro custodisce dei tesori senza pari: gli altari, i confessionali e tutti gli arredi sono di legno, finemente decorati. Continuazione verso Piribebuy immersi in un verde mozzafiato. Arrivo nella zona considerata la \u201c rotta del rum\u201d. Tempo per conoscere l&#8217;elaborazione di antica data e per una degustazione. Pranzo in corso di escursione. Fermata alla Basilica Nuestra Se\u00f1ora de Caacup\u00e9, la Vergine pi\u00f9 onorata del Paraguay, durante la cui festa, ogni 8 di dicembre, una folla inonda le strade di Caacup\u00e9.<\/p>\n<p>Rientro a San Bernardino. Parte del pomeriggio libero per godere dell&#8217;incredibile verde della natura e la piscina dell&#8217;hotel. Cena con musica paraguaiana al vivo.<\/td>\n<\/tr>\n<tr>\n<td style=\"background-color: #ababab; height: 24px;\"><span style=\"color: #000000;\"><span style=\"color: #ff6600;\">\u27a4<\/span>Giorno 2: Encarnaci\u00f3n \u2013 Missioni Jes\u00fas e Trinidad<br \/>\n<\/span><\/td>\n<\/tr>\n<tr>\n<td>A seconda del giorno della visita \u00e8 possibile proseguire in volo per la citt\u00e0 di Encarnacion per visitare le le Missioni Gesuitiche o proseguimento in bus di linea o trasporto privato (337 chilometri ). All&#8217;arrivo sistemazione nelle camere riservate. Alle ore 16.30 incontro con la comunit\u00e0 indigena che tuttora si ritiene siano i veri eredi dei <em>guaran\u00ec <\/em>del periodo delle missioni. Visita all&#8217;inconclusa missione \u201cJes\u00fas de Tavarangue\u201d con evidenti tracce dell&#8217;influsso arabo nell&#8217;arte dei gesuiti (anno 1759). L&#8217;architetto Antonio Forcada fu costruttore della chiesa progettata dal fratello Jos\u00e9 Grimau. Proseguimento per una prima visita notturna a \u201cTrinidad\u201d luci e suoni per una vera contemplazione delle rovine illuminate: perfetta l&#8217;acustica della chiesa. Cena. Pernottamento.<\/td>\n<\/tr>\n<tr>\n<td style=\"background-color: #ababab;\"><span style=\"color: #000000;\"><span style=\"color: #ff6600;\">\u27a4<\/span>Giorno 3: Trinidad \u2013 Musei barocco ispano-guaran\u00ed &#8211; Yaguar\u00f3n<br \/>\n<\/span><\/td>\n<\/tr>\n<tr>\n<td>Prima colazione. Alle 7.30 partenza in bus per il rientro ad Asunci\u00f3n visitando durante il percorso: la pi\u00f9 completa delle \u201creducciones\u201d, opera dell\u2019italiano Giovanni Battista Primoli: Trinidad, patrimonio Unesco. La bellezza dell&#8217;architettura <em>guaran\u00ec<\/em> frutto dell&#8217;incontro profondo coi maestri italiani \u00e8 espresso magistralmente in tutte questi costruzioni che testimoniano l\u2019immensa opera dei gesuiti insieme agli indigeni guaran\u00ec. Proseguimento verso Santa Maria, Santa Rosa e San Ignacio Guaz\u00fa per visitare i musei con sculture e affreschi che testimoniano l&#8217;incontro delle culture europea ed indigena. Pranzo in box lunch. Arrivo in hotel. Cena di arrivederci. Pernottamento.<\/td>\n<\/tr>\n<tr>\n<td style=\"background-color: #ababab;\"><span style=\"color: #000000;\"><span style=\"color: #ff6600;\">\u27a4<\/span>Giorno 4: Asunci\u00f3n- Inizio del viaggio di rientro in Italia.<br \/>\n<\/span><\/td>\n<\/tr>\n<tr>\n<td style=\"height: 17px;\">Prima colazione. Giornata a disposizione. In orario da indicare trasferimento all&#8217;aeroporto per il rientro in Italia.<\/td>\n<\/tr>\n<\/tbody>\n<\/table>\n<h3><\/h3>\n<h3>Estensione 3: 6 gg<\/h3>\n<h3>Cascate Iguazu e Rio de Janeiro<\/h3>\n<table>\n<tbody>\n<tr>\n<td style=\"background-color: #ababab;\"><span style=\"color: #000000;\"><span style=\"color: #ff6600;\">\u27a4<\/span>Giorno 1:\u00a0 Asuncion \u2013 Ciudad del Este<br \/>\n<\/span><\/td>\n<\/tr>\n<tr>\n<td>Trasferimento in bus di linea a Ciudad del Este (320 chilometri). Arrivo in hotel. Pernottamento..<\/td>\n<\/tr>\n<tr>\n<td style=\"background-color: #ababab;\"><span style=\"color: #000000;\"><span style=\"color: #ff6600;\">\u27a4<\/span>Giorno 2: Cascate Iguaz\u00fa, versante argentino<br \/>\n<\/span><\/td>\n<\/tr>\n<tr>\n<td>Partenza per Presidente Franco (non la domenica). Proseguimento in catamarano fino a Puerto Iguazu. Inizio della visita alle cascate dal versante argentino: in un treno ecologico che percorrer\u00e0 circa 7 km lungo il corso del fiume Iguazu e la foresta, fino ad arrivare dove inizia la passerella che porta verso la Garganta del Diablo: una spettacolare caduta da 70 metri (20 metri in pi\u00f9 del Niagara). Pranzo libero dentro il parco. Tempo per la visita del Circuito inferiore che permetter\u00e0 di osservare la maggior parte dei salti dal basso sentendo la forza dell&#8217;acqua trasformata in rugiada o vapore. Mentre la camminata superiore prevede delle passerelle e belvedere che si sviluppano sull&#8217;orlo dei principali salti, dove inizia la caduta dell&#8217;acqua, lungo questi sentieri si potranno incontrare anche animali della fauna locale come porcospini e varie specie di uccelli fra cui il tucano gigante.. Rientro in hotel. Pernottamento<\/td>\n<\/tr>\n<tr>\n<td style=\"background-color: #ababab;\"><span style=\"color: #000000;\"><span style=\"color: #ff6600;\">\u27a4<\/span>Giorno 3: Cascate brasiliane \u2013 Rio de Janeiro<br \/>\n<\/span><\/td>\n<\/tr>\n<tr>\n<td>Prima colazione. Proseguimento del viaggio verso Rio di Janeiro quindi ingresso al territorio brasiliano con fermata per la visita delle cascate su questo versante. Sebbene solo il 30% delle cascate siano su territorio brasiliano, da qui si gode una migliore vista d\u2019insieme. Un percorso di 1.200 metri attraverso la selva fino a giungere all&#8217;altra \u201cGarganta del Diablo\u201d che sebbene sia una caduta inferiore al lato argentino \u00e8 possibile avvicinarsi abbastanza ad uno lato dei lati della cascata\u2026 un&#8217;esperienza bellissima. In orario da indicare proseguimento in volo verso Rio de Janeiro. Arrivo sistemazione in hotel. Cena di benvenuto. Pernottamento.<\/td>\n<\/tr>\n<tr>\n<td style=\"background-color: #ababab;\"><span style=\"color: #000000;\"><span style=\"color: #ff6600;\">\u27a4<\/span>Giorno 4,5,6: Rio di Janeiro<br \/>\n<\/span><\/td>\n<\/tr>\n<tr>\n<td>Giornate a disposizione per varie attivit\u00e0 nella citt\u00e0 \u201cmaravilhosa\u201d: tour panoramico della citt\u00e0, ascesa al Cristo Redentore, tour panoramico delle spiagge, visita al centro storico e ai famosi quartieri con la scalinata Selar\u00f3n; inoltre, da non perdere, le spiagge di Copacabana e Ipanema. Rientro nel paese d\u2019origine.<\/td>\n<\/tr>\n<\/tbody>\n<\/table>\n<p>&nbsp;<\/p>\n","protected":false},"excerpt":{"rendered":"<p>Paraguay<br \/>\n7 giorni \/ 6 notti<\/p>\n","protected":false},"featured_media":2486,"comment_status":"closed","ping_status":"closed","template":"","meta":{"dwc-title":[""],"dwc-content":["<img class=\"size-full wp-image-2894 aligncenter\" src=\"http:\/\/www.lctouroperator.com\/it\/wp-content\/uploads\/2017\/04\/Paraguay-04-2010v31.jpg\" alt=\"\" width=\"274\" height=\"420\" \/>"]},"product_cat":[17,22],"product_tag":[],"class_list":{"0":"post-2484","1":"product","2":"type-product","3":"status-publish","4":"has-post-thumbnail","6":"product_cat-paraguay","7":"product_cat-gli-speciali","9":"first","10":"instock","11":"shipping-taxable","12":"product-type-simple"},"_links":{"self":[{"href":"https:\/\/www.lctouroperator.com\/it\/wp-json\/wp\/v2\/product\/2484"}],"collection":[{"href":"https:\/\/www.lctouroperator.com\/it\/wp-json\/wp\/v2\/product"}],"about":[{"href":"https:\/\/www.lctouroperator.com\/it\/wp-json\/wp\/v2\/types\/product"}],"replies":[{"embeddable":true,"href":"https:\/\/www.lctouroperator.com\/it\/wp-json\/wp\/v2\/comments?post=2484"}],"wp:featuredmedia":[{"embeddable":true,"href":"https:\/\/www.lctouroperator.com\/it\/wp-json\/wp\/v2\/media\/2486"}],"wp:attachment":[{"href":"https:\/\/www.lctouroperator.com\/it\/wp-json\/wp\/v2\/media?parent=2484"}],"wp:term":[{"taxonomy":"product_cat","embeddable":true,"href":"https:\/\/www.lctouroperator.com\/it\/wp-json\/wp\/v2\/product_cat?post=2484"},{"taxonomy":"product_tag","embeddable":true,"href":"https:\/\/www.lctouroperator.com\/it\/wp-json\/wp\/v2\/product_tag?post=2484"}],"curies":[{"name":"wp","href":"https:\/\/api.w.org\/{rel}","templated":true}]}}