{"id":2470,"date":"2020-02-08T22:14:43","date_gmt":"2020-02-09T01:14:43","guid":{"rendered":"http:\/\/www.lctouroperator.com\/it\/?post_type=product&#038;p=2470"},"modified":"2021-03-23T07:55:33","modified_gmt":"2021-03-23T10:55:33","slug":"dal-deserto-allisola-del-sole","status":"publish","type":"product","link":"https:\/\/www.lctouroperator.com\/it\/producto\/dal-deserto-allisola-del-sole\/","title":{"rendered":"Dal Deserto all&#8217;Isola del Sole"},"content":{"rendered":"<h2>Questo viaggio \u00e8 un invito ad una esperienza unica a contatto con il deserto che col proprio linguaggio di silenzio e bellezza policroma infonde uno stato di spirito aperto e pronto a contemplare ed scoprire paesaggi e suoni inimmaginabili: da Chiu Chiu, San Pedro di Atacama attraversando i deserti di Dal\u00ec e Siloli e l&#8217;immenso Salar di Uyuni fino all&#8217;Isola del Sole nel lago Titicaca, culla dell&#8217;Impero Inca.<\/h2>\n<h2><span style=\"color: #ff6600;\">Programma<\/span><\/h2>\n<table>\n<tbody>\n<tr>\n<td style=\"background-color: #ababab;\"><span style=\"color: #000000;\"><span style=\"color: #ff6600;\">\u27a4<\/span>Giorno 1: Calama<br \/>\n<\/span><\/td>\n<\/tr>\n<tr>\n<td>Arrivo all&#8217;aeroporto di Calama. Trasferimento al Chiu Chiu o ritiro della macchina a noleggio. Sistemazione nel Murtra di Chiu Chiu. Cena di benvenuto.<\/td>\n<\/tr>\n<tr>\n<td style=\"background-color: #ababab;\"><span style=\"color: #000000;\"><span style=\"color: #ff6600;\">\u27a4<\/span>Giorno 2: Chiu &#8211; Chiu (3.505 mslm)<br \/>\n<\/span><\/td>\n<\/tr>\n<tr>\n<td>Prima colazione. Avvolti nel clima del deserto..giornata dedicata alla scoperta del luoghi di Chiu Chiu e dintorni: petroglifi e archeologia, Pukara di Lasana, laguna Inca Coya ecc.<\/td>\n<\/tr>\n<tr>\n<td style=\"background-color: #ababab;\"><span style=\"color: #000000;\"><span style=\"color: #ff6600;\">\u27a4<\/span>Giorno 3: Geyser del Tatio &#8211; Caspana &#8211; Turi<br \/>\n<\/span><\/td>\n<\/tr>\n<tr>\n<td>Prima Colazione. Visita ai geyser del Tatio. Ben presto al mattino partenza verso il campo geotermico. Tempo per ammirare queste bellezze quasi surreali. Al rientro visita di Caspana, il paese quechua che si dedica all&#8217;agricoltura e la ganader\u00eda e bellissimi artigianato in lana di alpaca e cactus.<\/td>\n<\/tr>\n<tr>\n<td style=\"background-color: #ababab;\"><span style=\"color: #000000;\"><span style=\"color: #ff6600;\">\u27a4<\/span>Giorno 4: Chiu Chiu &#8211; Petroglifos de Yerbas Buenas &#8211; Rio Grande &#8211; San Pedro di Atacama<br \/>\n<\/span><\/td>\n<\/tr>\n<tr>\n<td>Partenza per San Pedro di Atacama, visitando durante il percorso i petroglifos de Yerbas Buenas: mescolati con l&#8217;azzurro del cielo, la valle di Arco\u00edris (arcobaleno) \u00e8 di una bellezza incredibile. Tempo per ammirare nitidi petroglifi disegnati lungo i secoli da passanti..chiss\u00e0 da comunit\u00e0 che in questo modo comunicavano dei messaggi. Pernottamento a San Pedro di Atacama.<\/td>\n<\/tr>\n<tr>\n<td style=\"background-color: #ababab;\"><span style=\"color: #000000;\"><span style=\"color: #ff6600;\">\u27a4<\/span>Giorno 5: Museo &#8211; Valle della Luna<br \/>\n<\/span><\/td>\n<\/tr>\n<tr>\n<td>Colazione. Mattina di relax. Passeggiata libera per scoprire il piccolo centro. Visita libera al museo archeologico P. Gustavo Le Paige che permette l&#8217;avvicinamento alle culture e popolazioni storiche della zona. Al pomeriggio visita alla Valle della Luna nel Parco Nazionale dei Flamencos a 2.250 s.l.m.: a 43 km dal paese si arriva alla cordigliera del sale e le sue sculture rocciose fino ad affacciarsi sull\u2019immensa distesa chiamata Valle della morte per la mancanza totale di vita di qualsiasi genere. Visita alle sculture chiamate le Tre Marie nella Valle della Luna cosi chiamata perch\u00e9 la grande duna assomiglia al paesaggio lunare. Tempo per ammirare il tramonto con dei colori splendidi che mano mano cala il sole mutano continuamente. Rientro al S.Pedro. Pernottamento.<\/td>\n<\/tr>\n<tr>\n<td style=\"background-color: #ababab;\"><span style=\"color: #000000;\"><span style=\"color: #ff6600;\">\u27a4<\/span>Giorno 6: Salar de Atacama \/ Lagune a 4.150 m s.l.m.<br \/>\n<\/span><\/td>\n<\/tr>\n<tr>\n<td>Prima colazione in hotel. Escursione full-day al Gran Salar di Atacama. Si visiteranno i villaggi di Toconao, Camar e Socaire, arrivando fino alle lagune Miscanti e Miniques a 4.150 mslm. Box lunch. Ritorno a San Pedro, cena libera e pernottamento<\/td>\n<\/tr>\n<tr>\n<td style=\"background-color: #ababab;\"><span style=\"color: #000000;\"><span style=\"color: #ff6600;\">\u27a4<\/span>Giorno 7: Hito Cajon &#8211; Deserto di Dali &#8211; Deserto di Siloli &#8211; Laguna Hedionda<br \/>\n<\/span><\/td>\n<\/tr>\n<tr>\n<td>Colazione in hotel. Alle ore 9 boliviani incontro col fuori strada e il guida locale per iniziare la visita partendo verso il Deserto di Dali, cos\u00ec chiamato per le vere opere d\u2019arte naturali che vi si trova: Laguna Verde, Laguna Bianca, le terme de Polques \u2013 dove sar\u00e0 possibile fare un energetico ba\u00f1o termale-, Sol de Ma\u00f1ana e la bellissima laguna Colorada, gi\u00e0 nel deserto di Siloli. Pranzo al sacco e continuazione del viaggio verso Laguna Hedionda, visitando durante il percorso l&#8217;albero di Pietra. Arrivo e sistemazioni in hotel. Cena e pernottamento.<\/td>\n<\/tr>\n<tr>\n<td style=\"background-color: #ababab;\"><span style=\"color: #000000;\"><span style=\"color: #ff6600;\">\u27a4<\/span>Giorno 8: Salar de Uyuni<br \/>\n<\/span><\/td>\n<\/tr>\n<tr>\n<td>Prima colazione. Partenza per il Salar di Uyuni: uno spettacolo inimmaginabile di questa immensa distesa desertica con un cielo di un azzurro intenso che contrasta con il bianco del sale, uno spettacolo senza paragoni. Percorso fino al cuore del Salar per visitare la Isla Pescado, formazione rocciosa rivestita da giganteschi cactus candelabro. Arrivo in serata al villaggio di Uyuni. Cena e pernottamento<\/td>\n<\/tr>\n<tr>\n<td style=\"background-color: #ababab;\"><span style=\"color: #000000;\"><span style=\"color: #ff6600;\">\u27a4<\/span>Giorno 9: Isola di Copacabana<br \/>\n<\/span><\/td>\n<\/tr>\n<tr>\n<td>Prima colazione. Transfer all\u2019aeroporto per continuare il viaggio verso l&#8217;Isola del Sole, via La Paz. Arrivo e trasferimento all&#8217;Isola di Copacabana che si raggiunge dopo un viaggio di ca. 3 ore e una breve navigazione dello stretto di Tiquina (meno di 20 minuti). E\u2019 la zona pi\u00fa stretta del lago, che lo divide in lago Minore (Wi\u00f1aymarka) e lago Maggiore (Chucuito). Sistemazione nelle camere riservate. Tempo e visita libera di Copabana, un&#8217;animata e colorita cittadina con mercatini multicolori in mezzo ai quali spicca la bianca basilica di Nostra Signora di Copacabana. Pernottamento.<\/td>\n<\/tr>\n<tr>\n<td style=\"background-color: #ababab;\"><span style=\"color: #000000;\"><span style=\"color: #ff6600;\">\u27a4<\/span>Giorno 10: Isola del Sole<br \/>\n<\/span><\/td>\n<\/tr>\n<tr>\n<td>Prima colazione. Presentazione al ponticello di Copacabana per salire in motoscafo, verso l\u00b4Isola del Sole*, navigando il Lago Titicaca per ca. 45 minuti. Arrivo e sistemazione in hotel. Pranzo a base del piatto t\u00edpico chiamato Apthapi, fatto con prodotti della terra e carni: patate, \u201cchu\u00f1o\u201d, fagioli, mote, formaggio freddo, banane, uovo fritto, fra gli altri ingredienti. Camminata per Isola, scalinata Inca, tempio Pilkokaina, fonte di \u201clas tres aguas\u201d. Cena e pernottamento in questa parte sud all\u2019Isola del Sole<\/td>\n<\/tr>\n<tr>\n<td style=\"background-color: #ababab;\"><span style=\"color: #ff6600;\">\u27a4<\/span>Giorno 11: Isla del Sol \u2013 La Paz<\/td>\n<\/tr>\n<tr>\n<td>Prima colazione. Rientro a Copacabana. A seconda dell&#8217;orario del volo internazionale, trasferimento all&#8217;aeroporto, previa breve visita de La Paz o pernottamento a Copacabana per una giornata di relax prima del rientro in Italia.<\/td>\n<\/tr>\n<\/tbody>\n<\/table>\n<p>&nbsp;<\/p>\n","protected":false},"excerpt":{"rendered":"<p>Cile \/ Bolivia<br \/>\n11 giorni \/ 10 notti<\/p>\n","protected":false},"featured_media":2471,"comment_status":"closed","ping_status":"closed","template":"","meta":{"dwc-title":[""],"dwc-content":["<img class=\"size-full wp-image-2942 aligncenter\" src=\"http:\/\/www.lctouroperator.com\/it\/wp-content\/uploads\/2020\/09\/BoliviaChile-02-2011Bv21.jpg\" alt=\"\" width=\"274\" height=\"420\" \/>"]},"product_cat":[24],"product_tag":[],"class_list":{"0":"post-2470","1":"product","2":"type-product","3":"status-publish","4":"has-post-thumbnail","6":"product_cat-combinati","8":"first","9":"instock","10":"shipping-taxable","11":"product-type-simple"},"_links":{"self":[{"href":"https:\/\/www.lctouroperator.com\/it\/wp-json\/wp\/v2\/product\/2470"}],"collection":[{"href":"https:\/\/www.lctouroperator.com\/it\/wp-json\/wp\/v2\/product"}],"about":[{"href":"https:\/\/www.lctouroperator.com\/it\/wp-json\/wp\/v2\/types\/product"}],"replies":[{"embeddable":true,"href":"https:\/\/www.lctouroperator.com\/it\/wp-json\/wp\/v2\/comments?post=2470"}],"wp:featuredmedia":[{"embeddable":true,"href":"https:\/\/www.lctouroperator.com\/it\/wp-json\/wp\/v2\/media\/2471"}],"wp:attachment":[{"href":"https:\/\/www.lctouroperator.com\/it\/wp-json\/wp\/v2\/media?parent=2470"}],"wp:term":[{"taxonomy":"product_cat","embeddable":true,"href":"https:\/\/www.lctouroperator.com\/it\/wp-json\/wp\/v2\/product_cat?post=2470"},{"taxonomy":"product_tag","embeddable":true,"href":"https:\/\/www.lctouroperator.com\/it\/wp-json\/wp\/v2\/product_tag?post=2470"}],"curies":[{"name":"wp","href":"https:\/\/api.w.org\/{rel}","templated":true}]}}