{"id":2462,"date":"2020-02-07T16:32:37","date_gmt":"2020-02-07T19:32:37","guid":{"rendered":"http:\/\/www.lctouroperator.com\/it\/?post_type=product&#038;p=2462"},"modified":"2021-03-23T07:56:11","modified_gmt":"2021-03-23T10:56:11","slug":"sulle-tracce-dei-mayas","status":"publish","type":"product","link":"https:\/\/www.lctouroperator.com\/it\/producto\/sulle-tracce-dei-mayas\/","title":{"rendered":"Sulle Tracce dei Mayas"},"content":{"rendered":"<p><!--:es--><\/p>\n<div class=\"row\">\n<h2 align=\"left\">Centro America, ovvero il centro del Mondo Maya, il cui cuore \u00e8 senza dubbi il Guatemala: visita a questo splendido paese scoprendo i suoi tesori tra i pi\u00f9 belli: Antigua, Lago Atitl\u00e1n, il colorito mercato di Chichicastenango, Quirigua, fino a Tikal, il maggior sito precolombiano di tutto il continente. Da Livingston giorni paradisiaci di relax a Piacencia, nel Belize: splendide spiagge di sabbia bianca con possibilit\u00e0 di immersioni, snorkeling. Un circuito unico per un\u2019estate da non dimenticare.<\/h2>\n<h3 align=\"left\">Programma<\/h3>\n<table style=\"height: 1522px;\">\n<tbody>\n<tr style=\"height: 24px;\">\n<td style=\"background-color: #ababab; height: 24px;\"><span style=\"color: #000000;\"><span style=\"color: #ff6600;\">\u27a4<\/span>Giorno 1: Guatemala City<br \/>\n<\/span><\/td>\n<\/tr>\n<tr class=\"alt\" style=\"height: 48px;\">\n<td style=\"height: 48px;\">Arrivo all&#8217;Aeroporto Internazionale La Aurora. Ricevimento e transfer all\u2019hotel riservato ad Antigua. Sistemazione. Tempo libero. Pernottamento.<\/td>\n<\/tr>\n<tr style=\"height: 24px;\">\n<td style=\"background-color: #ababab; height: 24px;\"><span style=\"color: #000000;\"><span style=\"color: #ff6600;\">\u27a4<\/span>Giorno 2: Antigua<br \/>\n<\/span><\/td>\n<\/tr>\n<tr class=\"alt\" style=\"height: 168px;\">\n<td style=\"height: 168px;\">Prima colazione in albergo. Walking tour per la citt\u00e0 dichiarata Patrimonio dell\u2019Umanit\u00e0 da parte dell\u2019Unesco. Antigua, l&#8217;antica capitale del Guatemala dominata dalla mole dalla sagoma dell&#8217;imponente vulcano Agua, \u00e8 una delle citt\u00e0 pi\u00f9 belle del Centro America, considerata un gioiello di arte coloniale, conserva il fascino e l\u2019atmosfera dei tempi passati: edifici coloniali, stradine e grandi piazze, mercati colorati e chiese, botteghe di artigiani e deliziosi locali. Durante la visita si potranno ammirare, in particolare, Plaza de Armas, la Cattedrale che risale al XVI secolo, il museo dell\u2019Universit\u00e0 di San Carlos, il Convento dei Cappuccini, la Chiesa de la Merced e di Santa Clara. Al pomeriggio visita ad una piantagione di caff\u00e8. Tempo libero. Pernottamento.<\/td>\n<\/tr>\n<tr style=\"height: 24px;\">\n<td style=\"background-color: #ababab; height: 24px;\"><span style=\"color: #000000;\"><span style=\"color: #ff6600;\">\u27a4<\/span>Giorno 3: Chichicastenango &#8211; Panajachel ( attenzione!: gioved\u00ec e domenica)<br \/>\n<\/span><\/td>\n<\/tr>\n<tr class=\"alt\" style=\"height: 144px;\">\n<td style=\"height: 144px;\">Prima colazione e partenza per Chichicastenango, uno dei paesini pi\u00f9 colorati e accessibili degli altipiani. Visita al suo tipico mercato dove si mescolano le usanze Maya e quelle Spagnole. Il gioved\u00ec e la domenica, giorni di mercato, il piccolo centro abitato si trasforma in un vero e proprio bazar di artigianato, dove si possono ammirare ed acquistare differenti tipi di tessuto, statue in legno intagliato e ceramiche. Nella chiesa di Santo Tomas, situata nella piazza principale, giungono i rappresentanti dei diversi villaggi limitrofi per rendere omaggio davanti agli altari di vari Santi. Rientro in hotel previa visita panoramica di Panajachel. Tempo libero. Pernottamento.<\/td>\n<\/tr>\n<tr class=\"alt\" style=\"height: 24px;\">\n<td style=\"background-color: #ababab; height: 24px;\"><span style=\"color: #000000;\"><span style=\"color: #ff6600;\">\u27a4<\/span>Giorno 4: Lago Atitlan &#8211; San Juan Laguna<br \/>\n<\/span><\/td>\n<\/tr>\n<tr class=\"alt\" style=\"height: 168px;\">\n<td style=\"height: 168px;\">Prima colazione in albergo e partenza per il Lago Atitlan. Di tutte le attrazioni naturali del Guatemala, le pi\u00f9 belle sono forse la caldera vulcanica del Lago Atitlan e le sue indimenticabili montagne che nel corso dei secoli hanno sedotto i viaggiatori. Questo lago \u00e8 circondato da tre vulcani sulle cui sponde si trovano molti villaggi Maya. Escursione in barca fino a San Juan Laguna: incontro con le donne tessitrici, galleria di pitture di artisti e artigiani locali. Partecipazione ad una cerimonia maya di piantagione di alberi. Rientro a Citt\u00e0 del Guatemala. Tour panoramico della capitale del Paese durante il percorso fino all&#8217;albergo. Sistemazione nelle camere riservate. Tempo libero. Pernottamento.<\/td>\n<\/tr>\n<tr class=\"alt\" style=\"height: 24px;\">\n<td style=\"background-color: #ababab; height: 24px;\"><span style=\"color: #000000;\"><span style=\"color: #ff6600;\">\u27a4<\/span>Giorno 5: Guatemala City \u2013 Copan (Honduras)<br \/>\n<\/span><\/td>\n<\/tr>\n<tr class=\"alt\" style=\"height: 96px;\">\n<td style=\"height: 96px;\">Prima colazione. Ben presto al mattino partenza verso il nord-est del Guatemala, per arrivare al confine con l\u2019Honduras, all\u2019altezza di Copan. Verso mezzogiorno arrivo e brevi procedure migratorie. Visita pomeridiana del sito archeologico considerato come uno dei pi\u00f9 importanti nel mondo Maya, visita del complesso con le sue stele scolpite, la scala con i glifi dei Maya e il campo di palla. Pernottamento a Copan.<\/td>\n<\/tr>\n<tr class=\"alt\" style=\"height: 24px;\">\n<td style=\"background-color: #ababab; height: 24px;\"><span style=\"color: #000000;\"><span style=\"color: #ff6600;\">\u27a4<\/span>Giorno 6: Quirigua &#8211; Livingston<br \/>\n<\/span><\/td>\n<\/tr>\n<tr class=\"alt\" style=\"height: 144px;\">\n<td style=\"height: 144px;\">Prima colazione. Alle ore 7 continuazione del viaggio verso i caraibi guatemaltechi. Visita a Quirigua sito archeologico situato sulle rive del fiume Motagua, il parco \u00e8 all&#8217;interno di un complesso di stele scolpite in pietra arenaria, all&#8217;interno del quale si trova la stella pi\u00f9 alta di tutto il mondo Maya con oltre 10,60 metri, d\u2019 Altezza, oltre a figure zoomorfiche che risalgono al periodo classico dei Maya. Continuazione del viaggio fino a Puerto Barrios, arrivo in hotel a Livingstone dopo una breve navigazione. Sistemazione nelle camere riservate. Walking tour per la piccola cittadina di Livingston, di origine garifuna. Cena e show di danze garifune in hotel. Pernottamento<\/td>\n<\/tr>\n<tr class=\"alt\" style=\"height: 24px;\">\n<td style=\"background-color: #ababab; height: 24px;\"><span style=\"color: #000000;\"><span style=\"color: #ff6600;\">\u27a4<\/span>Giorno 7: Livingston &#8211; Placencia<br \/>\n<\/span><\/td>\n<\/tr>\n<tr class=\"alt\" style=\"height: 120px;\">\n<td style=\"height: 120px;\">Prima colazione. In orario da indicare trasferimento a Placencia per piacevoli giorni di relax. Dopo una navigazione di circa 2 ore, arrivo a Punta Gorda e trasferimento terrestre all&#8217;albergo (160 km). O, facoltativo da realizzare durante il percorso: incontro con un guida locale per un eco-tour nella giungla ovvero nel Parco Nazionale Monkey River dove \u00e8 possibile osservare la ricca fauna locale: scimmie urlatrice, tantissimi uccelli, iguane, coccodrilli, etc. Arrivo in hotel a Placencia. Sistemazione, tempo libero.<\/td>\n<\/tr>\n<tr class=\"alt\" style=\"height: 24px;\">\n<td style=\"background-color: #ababab; height: 24px;\"><span style=\"color: #000000;\"><span style=\"color: #ff6600;\">\u27a4<\/span>Giorno 8: Placencia<br \/>\n<\/span><\/td>\n<\/tr>\n<tr class=\"alt\" style=\"height: 58px;\">\n<td style=\"height: 58px;\">\n<table>\n<tbody>\n<tr class=\"m_-4486951119364072671alt\">\n<td>Prima colazione. Giornata a disposizione per godersi la spiaggia, realizzare sport acquatici oltre a snorkeling e immersioni.<\/td>\n<\/tr>\n<\/tbody>\n<\/table>\n<\/td>\n<\/tr>\n<tr class=\"alt\" style=\"height: 24px;\">\n<td style=\"background-color: #ababab; height: 24px;\"><span style=\"color: #000000;\"><span style=\"color: #ff6600;\">\u27a4<\/span>Giorno 9: Placencia<br \/>\n<\/span><\/td>\n<\/tr>\n<tr class=\"alt\" style=\"height: 48px;\">\n<td style=\"height: 48px;\">Prima colazione. Giornata a disposizione per godersi la spiaggia, realizzare sport acquatici oltre a snorkeling e immersioni.<\/td>\n<\/tr>\n<tr class=\"alt\" style=\"height: 24px;\">\n<td style=\"background-color: #ababab; height: 24px;\"><span style=\"color: #000000;\"><span style=\"color: #ff6600;\">\u27a4<\/span>Giorno 10: Placencia &#8211; Belize &#8211; Flores<br \/>\n<\/span><\/td>\n<\/tr>\n<tr class=\"alt\" style=\"height: 96px;\">\n<td style=\"height: 96px;\">Prima colazione. In orario a seconda del volo trasferimento di ca. 3 ore all&#8217;aeroporto per rientrare in Guatemala verso il pi\u00f9 importante sitio del mondo Maya archeologico: Tikal. Arrivo a Flores. Visita della cittadina di Flores. Trasferimento all&#8217;albergo. Pomeriggio libero per relax nelle installazioni del hotel e il bellissimo lago che lo circonda.<\/td>\n<\/tr>\n<tr style=\"height: 24px;\">\n<td style=\"height: 24px; background-color: #ababab;\"><span style=\"color: #ff6600;\">\u27a4<\/span>Giorno 11: Tikal &#8211; Guatemala City<\/td>\n<\/tr>\n<tr style=\"height: 96px;\">\n<td style=\"height: 96px;\">Ben presto al mattino visita di Tikal che significa \u00abLuogo di Voci\u00bb, costruito durante il periodo classico dei Maya. Visita ai Complesso Q e R, proseguimento per l&#8217;Acropoli Centrale, Templi I \u00abIl Grande Giaguaro\u00bb e Tempio II \u00abLos Mascarones\u00bb, considerato il primo come uno dei pi\u00f9 importanti di Tikal. A met\u00e0 pomeriggio rientro in volo a Citt\u00e0 del Guatemala.<\/td>\n<\/tr>\n<tr style=\"height: 24px;\">\n<td style=\"height: 24px; background-color: #ababab;\"><span style=\"color: #ff6600;\">\u27a4<\/span>Giorno 12: Rientro in Italia<\/td>\n<\/tr>\n<tr style=\"height: 24px;\">\n<td style=\"height: 24px;\">Prima colazione. In orario da indicare trasferimento in aeroporto per iniziare il viaggio di rientro in Italia<\/td>\n<\/tr>\n<\/tbody>\n<\/table>\n<\/div>\n<p><!--:--><\/p>\n","protected":false},"excerpt":{"rendered":"<p>Guatemala \u2013 Honduras &#8211; Belize (Placencia)<br \/>\n12 giorni \/ 11 notti<\/p>\n","protected":false},"featured_media":2466,"comment_status":"closed","ping_status":"closed","template":"","meta":{"dwc-title":[""],"dwc-content":["<img class=\"size-full wp-image-2463 aligncenter\" src=\"http:\/\/www.lctouroperator.com\/it\/wp-content\/uploads\/2020\/02\/mapa-sulle-trace-mayas.jpg\" alt=\"\" width=\"274\" height=\"420\" \/>"]},"product_cat":[24],"product_tag":[],"class_list":{"0":"post-2462","1":"product","2":"type-product","3":"status-publish","4":"has-post-thumbnail","6":"product_cat-combinati","8":"first","9":"instock","10":"shipping-taxable","11":"product-type-simple"},"_links":{"self":[{"href":"https:\/\/www.lctouroperator.com\/it\/wp-json\/wp\/v2\/product\/2462"}],"collection":[{"href":"https:\/\/www.lctouroperator.com\/it\/wp-json\/wp\/v2\/product"}],"about":[{"href":"https:\/\/www.lctouroperator.com\/it\/wp-json\/wp\/v2\/types\/product"}],"replies":[{"embeddable":true,"href":"https:\/\/www.lctouroperator.com\/it\/wp-json\/wp\/v2\/comments?post=2462"}],"wp:featuredmedia":[{"embeddable":true,"href":"https:\/\/www.lctouroperator.com\/it\/wp-json\/wp\/v2\/media\/2466"}],"wp:attachment":[{"href":"https:\/\/www.lctouroperator.com\/it\/wp-json\/wp\/v2\/media?parent=2462"}],"wp:term":[{"taxonomy":"product_cat","embeddable":true,"href":"https:\/\/www.lctouroperator.com\/it\/wp-json\/wp\/v2\/product_cat?post=2462"},{"taxonomy":"product_tag","embeddable":true,"href":"https:\/\/www.lctouroperator.com\/it\/wp-json\/wp\/v2\/product_tag?post=2462"}],"curies":[{"name":"wp","href":"https:\/\/api.w.org\/{rel}","templated":true}]}}