{"id":2452,"date":"2020-02-06T09:26:15","date_gmt":"2020-02-06T12:26:15","guid":{"rendered":"http:\/\/www.lctouroperator.com\/it\/?post_type=product&#038;p=2452"},"modified":"2021-03-23T07:54:04","modified_gmt":"2021-03-23T10:54:04","slug":"fascino-a-colori-2","status":"publish","type":"product","link":"https:\/\/www.lctouroperator.com\/it\/producto\/fascino-a-colori-2\/","title":{"rendered":"Fascino a colori"},"content":{"rendered":"<p><!--:es--><\/p>\n<div class=\"row\">\n<h2 align=\"left\">Un abbinamento cultura &amp; natura imperdibile: un\u2019Argentina autoctona nel nord ovest del paese (NOA) l\u00e0 dove il cuore batte al ritmo delle popolazione pre-colombiane e dove la cultura diaguita- calchaqui si mescola ma non si perde. Un affascinante mondo a colori e musica che d\u00e0 vita al vero folklore argentino, il tutto circondato da una natura policroma e indomabile. Poi Mendoza, culla del vino e della buona cucina fino alla Regina del Plata: Buenos Aires e l\u2019immancabile tango.<\/h2>\n<h3 align=\"left\">Programma<\/h3>\n<table>\n<tbody>\n<tr>\n<td style=\"background-color: #ababab;\"><span style=\"color: #000000;\"><span style=\"color: #ff6600;\">\u27a4<\/span>Giorno 1: Salta (via Buenos Aires)<\/span><\/td>\n<\/tr>\n<tr class=\"alt\">\n<td>Arrivo a Buenos Aires. Trasferimento all&#8217;aeroporto nazionale per continuare viaggio fino a Salta. Alloggio in hotel. Tempo per il riposo. Alle ore 16, inizio della visita alla citt\u00e0 pi\u00f9 coloniale dell\u2019Argentina. Chiamata \u201cLa linda\u201d, ossia la bella, la citt\u00e0 rende onore al suo nome (\u201cSagta\u201d, nella lingua autoctona, significa, appunto, \u201cla bella\u201d o \u201cla preziosa\u201d): edifici e monumenti patrimonio storico nazionale, musei, artigianato, musica folcloristica, cucina prelibata, vivace vita notturna e clima temperato tutto l\u2019anno. Possibilit\u00e0 di una veduta panoramica della citt\u00e0 dal Cerro San Bernardo, a 1.482 metri s.l.m. dove si pu\u00f2 arrivare nei moderni \u201ctelef\u00e9ricos\u201d o salendo 1.070 gradini nel bosco.<\/td>\n<\/tr>\n<tr>\n<td style=\"background-color: #ababab;\"><span style=\"color: #000000;\"><span style=\"color: #ff6600;\">\u27a4<\/span>Giorno 2: San Antonio de los Cobres (Treno alle nuvole)Salinas Grandes<\/span><\/td>\n<\/tr>\n<tr class=\"alt\">\n<td>Prima colazione. Partenza per un tour affascinante attraverso la \u201cQuebrada del Toro\u201d dove, incrociandosi con l\u2019 antico percorso del \u201cTren a las nubes\u201d, si arriva a San Antonio de los Cobres. Paesaggi silenziosi che, spesso sotto un cielo azzurro (non piove quasi mai) contrastano con la mancanza di vegetazione. Tempo (facoltativo) per vivere l\u2019 esperienza di viaggiare nel treno \u201cdelle nuvole\u201d che da San Antonio de los Cobres percorre un tragitto di un\u2019ora fino fino a Los Polvorines a 4.200 mslm. Continuazione del viaggio fino al \u201cdeserto bianco\u201d, Salinas Grandes, al confine con il Cile, a circa 4000 m sul livello del mare. Aria tersissima e pulita. Camminando, il paesaggio si presenta come un\u2019esplosione di colori ocra, sempre piu intensi man mano si arriva a Purmamarca, dove sorge il famoso colle \u201cdei Sette Colori\u201d. Sistemazione in hotel. Pernottamento a Purmamarca.<\/td>\n<\/tr>\n<tr>\n<td style=\"background-color: #ababab;\"><span style=\"color: #000000;\"><span style=\"color: #ff6600;\">\u27a4<\/span>Giorno 3: Purmamarca \u201cCerro de los siete colores\u201d \u2013 Tilcara \u2013 Uquia<\/span><\/td>\n<\/tr>\n<tr class=\"alt\">\n<td>Prima colazione. Tempo per una breve camminata inmersi in un\u2019incredibile paesaggio minerale multicolore, con un pieno di aia pulita e energ\u00eda positiva. Continuazione del viaggio fino a Uquia, percorrendo la famosa \u201cQuebrada de Humahuaca\u201d patrimonio dell\u2019Umanit\u00e1 UNESCO sin dal 2003 per gli incredibili colori delle montagne e per gli innumerevoli reperti e siti rimasti dell\u2019antica cultura precolombiana. La \u201cQuebrada\u201d, cio\u00e8 \u201cspaccatura\u201d tra massicci montagnosi, era una via di transito per le carovane al tempo dell\u2019Impero Inca, nel XV secolo. Successivamente, fu ed \u00e8 ancora un importante collegamento tra i paesi della regione. Visita alla chiesetta di San Francesco di Paola ad Uquia, del secolo XVII, laminata in oro, ad opera dei Gesuiti nel 1.691, previa fermata a Tilcara. Rientro a Salta.<\/td>\n<\/tr>\n<tr class=\"alt\">\n<td style=\"background-color: #ababab;\"><span style=\"color: #000000;\"><span style=\"color: #ff6600;\">\u27a4<\/span>Giorno 4: Salta<\/span><\/td>\n<\/tr>\n<tr class=\"alt\">\n<td>Prima colazione. Giorno a disposizione per diverse visite facoltative: Museo Coloniale e delle Belle Arti, Museo di Archeologia di Alta Montagna -che espone manufatti di antiche trib\u00f9 andine e degli Inca-. Qui sono conservate le salme congelate e mummificate di 3 bambini Inca uccisi in un sacrificio rituale, scoperte nel 1999 sul vulcano Llullaillaco al confine della provincia di Salta con il Cile. Opzionale: visita alla Madonna delle Apparizioni. In serata, possibilit\u00e0 di cena con men\u00f9 locale e show di musica e balli del nord argentino.<\/td>\n<\/tr>\n<tr class=\"alt\">\n<td style=\"background-color: #ababab;\"><span style=\"color: #000000;\"><span style=\"color: #ff6600;\">\u27a4<\/span>Giorno 5: Valles Calchaqu\u00edes \u2013 Cafayate<\/span><\/td>\n<\/tr>\n<tr class=\"alt\">\n<td>Prima colazione. Tour di una giornata percorrendo la \u201cruta del vino de Salta\u201d. Visita al nuovo museo \u201cAlla Vite e al Vino\u201d. Pranzo in una tipica cantina per degustare gli squisiti vini che si producono. Rientro a Salta. Pernottamento.<\/td>\n<\/tr>\n<tr class=\"alt\">\n<td style=\"background-color: #ababab;\"><span style=\"color: #000000;\"><span style=\"color: #ff6600;\">\u27a4<\/span>Giorno 6: Salta &#8211; Mendoza<\/span><\/td>\n<\/tr>\n<tr class=\"alt\">\n<td>Prima colazione. Trasferimento in aeroporto per prendere il volo verso Mendoza. All&#8217;arrivo incontro con l&#8217;autista-guida e tour panoramico della citt\u00e0 mentre ci si dirige verso l&#8217;hotel. Tempo libero.<\/td>\n<\/tr>\n<tr class=\"alt\">\n<td style=\"background-color: #ababab;\"><span style=\"color: #000000;\"><span style=\"color: #ff6600;\">\u27a4<\/span>Giorno 7: Valle de Uco<\/span><\/td>\n<\/tr>\n<tr class=\"alt\">\n<td>Prima colazione. Visita alla Valle di Uco attraversato il corridoio produttivo dove si possono apprezzare vigneti, piantagione di mele, pere, noci\u2026 ecc). Visita ad alcune aziende vinicole, tra cui la Salentein, una delle pi\u00f9 prestigiose, con degustazione inclusa.<\/td>\n<\/tr>\n<tr class=\"alt\">\n<td style=\"background-color: #ababab;\"><span style=\"color: #000000;\"><span style=\"color: #ff6600;\">\u27a4<\/span>Giorno 8: Tour di Alta Montagna<\/span><\/td>\n<\/tr>\n<tr class=\"alt\">\n<td>\n<table>\n<tbody>\n<tr class=\"m_-4486951119364072671alt\">\n<td>Prima colazione. Giornata intera dedicata ad un tour incredibile nel quale conosceremo famose localit\u00e0 ai piedi dell\u2019Aconcagua (la montagna pi\u00f9 elevata delle Americhe): Valle de Potrerillos, Puente del Inca, ecc. Possibilit\u00e0 di ammirare la natura, apprezzare le montagne pi\u00f9 alte dell\u2019Argentina come appunto l\u2019Aconcagua (6.961 metri) e il Cerro Tupungato (6.850). Pranzo durante il percorso della gita. Rientro a Mendoza.Attenzione: nel mese di agosto questo tour potrebbe essere modificato per visite ad altre rinomate cantine di Mendoza.<\/td>\n<\/tr>\n<\/tbody>\n<\/table>\n<\/td>\n<\/tr>\n<tr class=\"alt\">\n<td style=\"background-color: #ababab;\"><span style=\"color: #000000;\"><span style=\"color: #ff6600;\">\u27a4<\/span>Giorno 9: Mendoza \u2013 Buenos Aires\u00a0<\/span><\/td>\n<\/tr>\n<tr class=\"alt\">\n<td>Prima colazione, transfer all&#8217;aeroporto per prendere il volo per Buenos Aires (della durata di un\u2019ora e mezza). Pomeriggio libero, pernottamento in hotel. In serata, possibilit\u00e0 di cena con spettacolo di tango.<\/td>\n<\/tr>\n<tr class=\"alt\">\n<td style=\"background-color: #ababab;\"><span style=\"color: #000000;\"><span style=\"color: #ff6600;\">\u27a4<\/span>Giorno 10: Buenos Aires \u2013 Arrivo all&#8217;aeroporto italiano<\/span><\/td>\n<\/tr>\n<tr class=\"alt\">\n<td>Prima colazione in hotel. Giornata a disposizione. In orario da comunicare trasferimento all&#8217;aeroporto per iniziare il viaggio di rientro al paese di origine<\/td>\n<\/tr>\n<\/tbody>\n<\/table>\n<\/div>\n<p><!--:--><\/p>\n","protected":false},"excerpt":{"rendered":"<p>Argentina<br \/>\n10 giorni \/ 9 notti<\/p>\n","protected":false},"featured_media":2454,"comment_status":"closed","ping_status":"closed","template":"","meta":{"dwc-title":[""],"dwc-content":["<img class=\"alignnone size-full wp-image-2943 aligncenter\" src=\"http:\/\/www.lctouroperator.com\/it\/wp-content\/uploads\/2020\/09\/Argentina-08-2010Hv81.jpg\" alt=\"\" width=\"274\" height=\"420\" \/>"]},"product_cat":[13,22],"product_tag":[],"class_list":{"0":"post-2452","1":"product","2":"type-product","3":"status-publish","4":"has-post-thumbnail","6":"product_cat-argentina","7":"product_cat-gli-speciali","9":"first","10":"instock","11":"shipping-taxable","12":"product-type-simple"},"_links":{"self":[{"href":"https:\/\/www.lctouroperator.com\/it\/wp-json\/wp\/v2\/product\/2452"}],"collection":[{"href":"https:\/\/www.lctouroperator.com\/it\/wp-json\/wp\/v2\/product"}],"about":[{"href":"https:\/\/www.lctouroperator.com\/it\/wp-json\/wp\/v2\/types\/product"}],"replies":[{"embeddable":true,"href":"https:\/\/www.lctouroperator.com\/it\/wp-json\/wp\/v2\/comments?post=2452"}],"wp:featuredmedia":[{"embeddable":true,"href":"https:\/\/www.lctouroperator.com\/it\/wp-json\/wp\/v2\/media\/2454"}],"wp:attachment":[{"href":"https:\/\/www.lctouroperator.com\/it\/wp-json\/wp\/v2\/media?parent=2452"}],"wp:term":[{"taxonomy":"product_cat","embeddable":true,"href":"https:\/\/www.lctouroperator.com\/it\/wp-json\/wp\/v2\/product_cat?post=2452"},{"taxonomy":"product_tag","embeddable":true,"href":"https:\/\/www.lctouroperator.com\/it\/wp-json\/wp\/v2\/product_tag?post=2452"}],"curies":[{"name":"wp","href":"https:\/\/api.w.org\/{rel}","templated":true}]}}