{"id":2393,"date":"2019-02-09T02:35:23","date_gmt":"2019-02-09T05:35:23","guid":{"rendered":"http:\/\/www.lctouroperator.com\/it\/?post_type=product&#038;p=2393"},"modified":"2021-03-11T12:05:17","modified_gmt":"2021-03-11T15:05:17","slug":"ecuador-da-scoprire","status":"publish","type":"product","link":"https:\/\/www.lctouroperator.com\/it\/producto\/ecuador-da-scoprire\/","title":{"rendered":"Ecuador da scoprire"},"content":{"rendered":"<h2 align=\"left\">Un viaggio all&#8217;insegna di un paese affascinante, autentico. Quito, la capitale il cui centro storico \u00e8 di una bellezza senza pari ed \u00e8 la citt\u00e0 coloniale conservata quasi intatta: \u00e8 considerata la pi\u00f9 bella di tutta l&#8217;America Latina con le sue splendide costruzioni ed opere d&#8217;arte barocca all&#8217;interno di chiese e palazzi. Grande anche la ricchezza che rappresenta la sua gente, un&#8217;armonia composta da numerose etnie: il tutto circondato da una natura di grande bellezza: vulcani, lagune, montagne e l&#8217;incredibile Galapagos, il gioiello pi\u00f9 brillante del paese. Un viaggio da non perdere per scoprire un paese sorprendente<\/h2>\n<h2 align=\"left\"><span style=\"color: #ff6600;\">Programma<\/span><\/h2>\n<table class=\" alignleft\">\n<tbody>\n<tr style=\"height: 24px;\">\n<td style=\"background-color: #ababab; height: 24px;\"><span style=\"color: #000000;\"><span style=\"color: #ff6600;\">\u27a4<\/span>Giorno 1: Arrivo a QUITO (Ecuador) a 2.850 m slm<br \/>\n<\/span><\/td>\n<\/tr>\n<tr class=\"alt\" style=\"height: 48px;\">\n<td style=\"height: 48px;\">Arrivo alla citt\u00e0 coloniale pi\u00f9 bella del Sudamerica: circondata di vulcani e montagne colorate dalle molteplici case sui pendii. Trasferimento in hotel. Tempo per riposarsi dal viaggio. Cena di benvenuto. Pernottamento.<\/td>\n<\/tr>\n<tr style=\"height: 24px;\">\n<td style=\"background-color: #ababab; height: 24px;\"><span style=\"color: #000000;\"><span style=\"color: #ff6600;\">\u27a4<\/span>Giorno 2: CENTRO STORICO<br \/>\n<\/span><\/td>\n<\/tr>\n<tr class=\"alt\" style=\"height: 188px;\">\n<td style=\"height: 137px;\">Prima colazione. Giornata dedicata alla visita guidata di questa splendida citt\u00e0 che oltre ad essere la capitale del paese, il suo centro storico, patrimonio culturale dell&#8217;Umanit\u00e0, \u00e8 una \u201cmostra\u201d permanente del passato coloniale, arricchita di splendide opere d\u2019arte. E\u2019 inoltre la citt\u00e0 coloniale conservata quasi intatta, mostrando cos\u00ec lo stile barocco in tutto il suo splendore. Visita al museo numismatico del Banco Central, un&#8217;occasione per conoscere la storia del paese grazie a dei reperti dalla preistoria all&#8217;epoca coloniale. Splendida la sala dedicata all&#8217;oreficeria precolombiana. Visita alla Piazza dell\u2019Indipendenza o Plaza Grande circondata di bellissimi palazzi nonch\u00e9 la Cattedrale metropolitana. Visita alla splendida chiesa della Compagnia di Ges\u00f9, considerata un gioiello dell&#8217;arte barocca ibero-americana. Tempo libero per visite facoltative: Museo Capilla del Monte e al Museo dell\u2019Acqua. Facoltativo cena in qualche ristorante della famosa Plaza Foch. Rientro in hotel. Pernottamento<\/td>\n<\/tr>\n<tr style=\"height: 24px;\">\n<td style=\"background-color: #ababab; height: 24px;\"><span style=\"color: #000000;\"><span style=\"color: #ff6600;\">\u27a4<\/span>Giorno 3: OTAVOLO &#8211; (sabato)<br \/>\n<\/span><\/td>\n<\/tr>\n<tr class=\"alt\" style=\"height: auto;\">\n<td style=\"height: 100px;\">Prima colazione in albergo e partenza verso il nord per raggiungere Otavalo, attraversando colorate vallate punteggiate di villaggi e dominate dall\u2019 imponente cordigliera delle Ande. Il mercato di Otavalo \u00e8 un microcosmo speciale, punto d\u2019 incontro di ecuadoriani dall&#8217;abbigliamento elaborato e dai modi gentili, realt\u00e0 tutta particolare e ben lontana da quella in cui siamo abituati a vivere. Piacevole \u00e8 osservare la vendita di prodotti immersi nella magica arte della contrattazione. Tempo a disposizione per scoprire questa particolarissima realt\u00e0. Pranzo libero a Cotacachi, piccolo villaggio dedito al lavoro in cuoio: borse, giubbotti, stivali di ottima qualit\u00e0 e manifattura. Rientro a Quito. Pernottamento.<\/td>\n<\/tr>\n<tr style=\"height: 24px;\">\n<td style=\"background-color: #ababab; height: 24px;\"><span style=\"color: #000000;\"><span style=\"color: #ff6600;\">\u27a4<\/span>Giorno 4: MITAD DEL MUNDO \u2013 PANECILLO (3.016 m slm) \u2013 LA RONDA<br \/>\n<\/span><\/td>\n<\/tr>\n<tr class=\"alt\" style=\"height: 72px;\">\n<td style=\"height: 72px;\">Prima colazione. Visita al posto considerato \u201cla mitad del Mundo\u201d (latitude 0\u00b00\u201900\u2019\u2019, secondo una spedizione francese del XVIII secolo), passando per Panecillo antico luogo sacro inca da dove si ottiene una splendida vista su tutta Quito.Visita alla Plaza de San Francisco, considerata la \u201cEscorial\u201d del nuovo mondo. Fermata per la visita alla Basilica del Voto Nazional, la pi\u00f9 importante in stile neo-gotico di tutta l&#8217;America Latina. Pomeriggio e cena libera nel quartiere La Ronda, epicentro dell\u2019arte \u201cquitegna\u201d. Pernottamento.<\/td>\n<\/tr>\n<tr class=\"alt\" style=\"height: 24px;\">\n<td style=\"background-color: #ababab; height: 24px;\"><span style=\"color: #000000;\"><span style=\"color: #ff6600;\">\u27a4<\/span>Giorno 5: VULCANO COTOPAXI &#8211; LAGUNA QUILOTOA (a 3.914 m slm)<br \/>\n<\/span><\/td>\n<\/tr>\n<tr class=\"alt\" style=\"height: auto;\">\n<td style=\"height: 100px;\">Prima colazione in albergo e partenza in direzione sud, verso il Parco Nazionale di Cotopaxi, la cui principale attrattiva \u00e8 rappresentata dal pi\u00f9 alto vulcano attivo al mondo: l\u2019innevato Cotopaxi: possibilit\u00e0 di avvicinarsi e camminare per ca. un ora intorno al lago Limpiopungo a 3.800 m slm o, salute permettendo, fino alla base del parcheggio di macchine a ca. 4.500 m slm. Questo parco conta, nonostante l&#8217;elevata altitudine con numerose specie di piante ed uccelli. Continuazione del viaggio verso Zumbahua, piccola localit\u00e0 da attraversare per arrivare alla laguna Quilotoa d&#8217;origine vulcanica, uno spettacolo in verde-turchese imperdibile per amanti della fotografia. Pernottamento.<\/td>\n<\/tr>\n<tr class=\"alt\" style=\"height: 24px;\">\n<td style=\"background-color: #ababab; height: 24px;\"><span style=\"color: #000000;\"><span style=\"color: #ff6600;\">\u27a4<\/span>Giorno 6: QUILOTOA &#8211; RIOBAMBA &#8211; ALAUSI (NARIZ DEL DIABLO) &#8211; INGAPIRCA \u2013 CUENCA<br \/>\n<\/span><\/td>\n<\/tr>\n<tr class=\"alt\" style=\"height: 144px;\">\n<td style=\"height: 144px;\">Prima colazione. Circa le ore 7.30 partenza verso Cuenca, con diverse tappe tra cui: panoramica di Riobamba e il suo centro storico; verso mezzo giorno fermata ad Alausi, piccola comunit\u00e0 indigena che ha costruito un ristorante nel punto panoramico pi\u00f9 strategico per osservare l&#8217;arrivo del treno proprio nel luogo inteso come Nariz del diablo (naso del diavolo).<br \/>\nContinuazione del viaggio verso la splendida citt\u00e0 di Cuenca (252 km), visitando durante il percorso la Fortezza di Ingapirca, le rovine precolombiane pi\u00f9 importanti dell\u2019Ecuador. Pranzo libero in corso di escursione. Arrivo in hotel. Sistemazione. Tempo libero. Cena e Pernottamento<\/td>\n<\/tr>\n<tr class=\"alt\" style=\"height: 24px;\">\n<td style=\"background-color: #ababab; height: 24px;\"><span style=\"color: #000000;\"><span style=\"color: #ff6600;\">\u27a4<\/span>Giorno 7: CUENCA<\/span><\/td>\n<\/tr>\n<tr class=\"alt\" style=\"height: auto;\">\n<td style=\"height: 100px;\">Prima colazione. Visita guidata di questa citt\u00e0 tra le pi\u00f9 belle dell&#8217;Ecuador non solo per la sua architettura ma anche per il suo artigianato. Bellissima la Plaza Abdon Calderon circondata da palazzi coloniali e della splendida Cattedrale di Cuenca. Visita a musei, al Parco Archeologico con reperti impressionanti della cultura Jivaros dell&#8217;Amazzonia del Ecuador. Pranzo in corso di escursione. Al pomeriggio visita ad una fabbrica dei famosi cappelli di paglia Toquila. Tempo libero. Pernottamento.<\/td>\n<\/tr>\n<tr class=\"alt\" style=\"height: 24px;\">\n<td style=\"background-color: #ababab; height: 24px;\"><span style=\"color: #000000;\"><span style=\"color: #ff6600;\">\u27a4<\/span>Giorno 8: GUAYAQUIL<br \/>\n<\/span><\/td>\n<\/tr>\n<tr class=\"alt\" style=\"height: 192px;\">\n<td style=\"height: 192px;\">Prima colazione. Proseguimento per Guayaquil, attraversando lo spettacolare Parco Nazionale del Cajas, che con i suoi oltre 230 specchi d\u2019acqua, tra piccoli laghi e lagune di varie dimensioni, offre un paesaggio davvero magico. Questo tragitto, che scende da 4000 metri di altitudine sino al livello del mare, consente di apprezzare la variet\u00e0 di paesaggi che si susseguono, con ambienti diversi che cambiano man mano che la strada scende dalle zone del paramo sino alla costa tropicale, attraversando piantagioni di banane e di cacao. Arrivo e tour panoramico in macchina attraversando il centro di Guayaquil. Sistemazione in albergo. Tempo libero per una piacevole camminata nei dintorni dell&#8217;hotel, sulla riva del fiume Guayas, ai piedi del Cerro Santa Ana. Cena libera e pernottamento.<\/td>\n<\/tr>\n<tr class=\"alt\" style=\"height: 24px;\">\n<td style=\"background-color: #ababab; height: 24px;\"><span style=\"color: #000000;\"><span style=\"color: #ff6600;\">\u27a4<\/span> Giorno 9: GUAYAQUIL &#8211; GALAPAGOS <\/span><\/td>\n<\/tr>\n<tr class=\"alt\" style=\"height: auto;\">\n<td style=\"height: 10px;\">Prima colazione. Proseguimento in volo verso le Galapagos o altre destinazioni.<\/td>\n<\/tr>\n<tr class=\"alt\" style=\"height: 24px;\">\n<td style=\"background-color: #ababab; height: 24px;\"><\/td>\n<\/tr>\n<tr class=\"alt\" style=\"height: auto;\">\n<td style=\"height: 10px;\"><\/td>\n<\/tr>\n<\/tbody>\n<\/table>\n<p>&nbsp;<\/p>\n","protected":false},"excerpt":{"rendered":"<p>Ecuador<br \/>\n9 giorni \/ 8 notti<\/p>\n","protected":false},"featured_media":2397,"comment_status":"closed","ping_status":"closed","template":"","meta":{"dwc-title":[""],"dwc-content":["<img class=\"size-full wp-image-2682 aligncenter\" src=\"http:\/\/www.lctouroperator.com\/it\/wp-content\/uploads\/2019\/02\/mapa-ecuador-da-scoprire.jpg\" alt=\"\" width=\"274\" height=\"420\" \/>"]},"product_cat":[54],"product_tag":[],"class_list":{"0":"post-2393","1":"product","2":"type-product","3":"status-publish","4":"has-post-thumbnail","6":"product_cat-ecuador","8":"first","9":"instock","10":"shipping-taxable","11":"product-type-simple"},"_links":{"self":[{"href":"https:\/\/www.lctouroperator.com\/it\/wp-json\/wp\/v2\/product\/2393"}],"collection":[{"href":"https:\/\/www.lctouroperator.com\/it\/wp-json\/wp\/v2\/product"}],"about":[{"href":"https:\/\/www.lctouroperator.com\/it\/wp-json\/wp\/v2\/types\/product"}],"replies":[{"embeddable":true,"href":"https:\/\/www.lctouroperator.com\/it\/wp-json\/wp\/v2\/comments?post=2393"}],"wp:featuredmedia":[{"embeddable":true,"href":"https:\/\/www.lctouroperator.com\/it\/wp-json\/wp\/v2\/media\/2397"}],"wp:attachment":[{"href":"https:\/\/www.lctouroperator.com\/it\/wp-json\/wp\/v2\/media?parent=2393"}],"wp:term":[{"taxonomy":"product_cat","embeddable":true,"href":"https:\/\/www.lctouroperator.com\/it\/wp-json\/wp\/v2\/product_cat?post=2393"},{"taxonomy":"product_tag","embeddable":true,"href":"https:\/\/www.lctouroperator.com\/it\/wp-json\/wp\/v2\/product_tag?post=2393"}],"curies":[{"name":"wp","href":"https:\/\/api.w.org\/{rel}","templated":true}]}}