{"id":2388,"date":"2019-02-09T02:15:02","date_gmt":"2019-02-09T05:15:02","guid":{"rendered":"http:\/\/www.lctouroperator.com\/it\/?post_type=product&#038;p=2388"},"modified":"2021-03-11T12:15:17","modified_gmt":"2021-03-11T15:15:17","slug":"incantevole-galapagos","status":"publish","type":"product","link":"https:\/\/www.lctouroperator.com\/it\/producto\/incantevole-galapagos\/","title":{"rendered":"Incantevole Galapagos"},"content":{"rendered":"<p><!--:es--><\/p>\n<div class=\"row\">\n<h2 align=\"left\">Uno dei tesori pi\u00fa importanti dell\u2019Ecuador: l&#8217;arcipelago Galapagos: un incantevole regno animale in una natura incontaminata comunque da custodire, contemplare e visitare assolutamente per un&#8217;esperienza che sar\u00e0 difficile da dimenticare. Qui una proposta per godersela in libert\u00e0 e da abbinare possibilmente con un tour dell&#8217;Ecuador.<\/h2>\n<h2 align=\"left\"><span style=\"color: #ff6600;\">Programma<\/span><\/h2>\n<table>\n<tbody>\n<tr>\n<td style=\"background-color: #ababab;\"><span style=\"color: #000000;\"><span style=\"color: #ff6600;\">\u27a4<\/span>Giorno 1: QUITO \u2013 GALAPAGOS- BALTRA<br \/>\n<\/span><\/td>\n<\/tr>\n<tr class=\"alt\">\n<td>\u00a0In mattinata arrivo all&#8217;aeroporto di Baltra (procedenti da Quito o Guayaquil). Trasferimento privato all&#8217;Isola di Santa Cruz, visitando durante il percorso i crateri gemelli circondati da una natura lussureggiante e la finca El Chato, per un primo contatto con le tartarughe giganti. Pranzo libero nella finca. Dopo la visita continuazione fino a Santa Cruz. Sistemazione nelle camere riservate. Tempo per una passeggiata libera per il piccolo centro del paese. Pernottamento.<\/td>\n<\/tr>\n<tr>\n<td style=\"background-color: #ababab;\"><span style=\"color: #000000;\"><span style=\"color: #ff6600;\">\u27a4<\/span>Giorno 2: ISOLA SANTA CRUZ<br \/>\n<\/span><\/td>\n<\/tr>\n<tr class=\"alt\">\n<td>Prima colazione in hotel. Visita libera al Centro di interpretazione nonch\u00e9 stazione scientifica Charles Darwin: un percorso libero a piedi che permette individuare ca. 11 sottospecie delle tartarughe giganti. In seguito \u00e8 possibile proseguire verso la spiaggia los Alemanes, una piccola baia di sabbia bianca in cui poter realizzare snorkeling e las Grietas, una formazione rocciosa di origine vulcanica la cui particolarit\u00e0 \u00e8 l&#8217;incontro delle acque dolci(la parte profonda dove ci sono le scale per arrivarci e tuffarsi) con l&#8217;acqua salata del mare che si trova man mano..luogo ideale bagni tipo piscina e un bello snorkeling. Tortuga Bay \u00e8 il posto ideale per gli amanti della spiaggia:e a Playa Mansa il luogo migliore per nuotare in tranquillit\u00e0 si pu\u00f2 arrivare da Puerto Ayora a piedi (ca. un&#8217;oretta di camminata) o in piccole barche che partono da Puerto Ayora. Sempre da Puerto Ayora partono le escursioni giornaliere per altre Isole con proposte soprattutto di snorkeling molto interessanti come Isola Pinz\u00f3n, Isola Santa, Playa Escondida per le cui visite conviene pernottare altre notti a Santa Cruz. Da Santa Cruz partono anche le escursioni per la famosa Isola Bartolom\u00e8, splendida soprattutto dal punto di vista paesaggistico.<\/td>\n<\/tr>\n<tr>\n<td style=\"background-color: #ababab;\"><span style=\"color: #000000;\"><span style=\"color: #ff6600;\">\u27a4<\/span>Giorno 3: ISOLA ISABELA: FLAMINGOS E TINTORERAS<br \/>\n<\/span><\/td>\n<\/tr>\n<tr class=\"alt\">\n<td>Prima colazione. Giornata dedicata alla visita dell&#8217;Isola pi\u00fa grande dell&#8217;arcipelago: Isabela che occupa il 60% della superficie totale delle Galapagos. Vi si arriva navigando per ca. due ore e mezzo(barche veloci da prenotare in anticipo): Arrivo e sistemazione nelle camere riservate. Visita libera alla laguna dei fenicotteri, per osservare le specie di uccelli nel loro stato naturale. In seguito dopo una breve navigazione di 15 minuti di navigazione da Puerto Vallimil visita alle Isolette Tintoreras per osservare colonie di iguane marine, pellicani, sule dai piedi blu. Tempo per fare di snorkeling. Rientro in hotel.<\/td>\n<\/tr>\n<tr>\n<td style=\"background-color: #ababab;\"><span style=\"color: #000000;\"><span style=\"color: #ff6600;\">\u27a4<\/span>Giorno 4: FULL DAY ISABELA \u2013 SIERRA NEGRA<br \/>\n<\/span><\/td>\n<\/tr>\n<tr class=\"alt\">\n<td>Dopo colazione. Possibilit\u00e0 divisita alla Sierra Negra, la seconda caldera attiva pi\u00f9 grande del mondo. Camminata attraverso campi di lava perpetua, tempo per osservare posti impressionanti all&#8217;interno della pi\u00f9 grande isola dell&#8217;arcipelago delle Galapagos. Prevedere pranzo in box lunch. Al pomeriggio rientro al Isola Santa Cruz. Sistemazione in hotel. Cena. Pernottamento.<\/td>\n<\/tr>\n<tr class=\"alt\">\n<td style=\"background-color: #ababab;\"><span style=\"color: #000000;\"><span style=\"color: #000000;\"><span style=\"color: #ff6600;\">\u27a4<\/span>G<\/span><\/span><span style=\"color: #000000;\">iorno 5: FULL DAY ISOLA SEYMOUR(da prenotare con molto anticipo)<br \/>\n<\/span><\/td>\n<\/tr>\n<tr class=\"alt\">\n<td>Prima colazione. Giornata libera per escursioni facoltative, tra cui spicca la visita alla bellissima Isola Seymour, circondata da alberi di Palo Santo, piqueros di zampa blue, gabbiani e numerosi uccelli: giornata dedicata al relax tra navigazione, camminate, nuoto e snorkeling. Pranzo nell&#8217;imbarcazione. Fine pomeriggio rientro in hotel.<\/td>\n<\/tr>\n<tr class=\"alt\">\n<td style=\"background-color: #ababab;\"><span style=\"color: #000000;\"><span style=\"color: #000000;\"><span style=\"color: #ff6600;\">\u27a4<\/span>G<\/span><\/span><span style=\"color: #000000;\">iorno 6: SANTA CRUZ<br \/>\n<\/span><\/td>\n<\/tr>\n<tr class=\"alt\">\n<td>Prima colazione. Intera giornata libera per escursioni facoltative o un completo relax.<\/td>\n<\/tr>\n<tr>\n<td style=\"background-color: #ababab;\"><span style=\"color: #000000;\"><span style=\"color: #000000;\"><span style=\"color: #ff6600;\">\u27a4<\/span>Giorno 7: BALTRA &#8211; QUITO o GUAYAQUIL<\/span><\/span><span style=\"color: #000000;\"><br \/>\n<\/span><\/td>\n<\/tr>\n<tr>\n<td>Prima colazione. In orario da indicare trasferimento in aeroporto per continuare viaggio verso altre destinazioni.<\/td>\n<\/tr>\n<\/tbody>\n<\/table>\n<\/div>\n","protected":false},"excerpt":{"rendered":"<p>Ecuador<br \/>\n7 giorni \/ 6 notti<\/p>\n","protected":false},"featured_media":2392,"comment_status":"closed","ping_status":"closed","template":"","meta":{"dwc-title":[""],"dwc-content":["<img class=\"size-full wp-image-2408 aligncenter\" src=\"http:\/\/www.lctouroperator.com\/it\/wp-content\/uploads\/2019\/02\/incantevole-galapagos.jpg\" alt=\"\" width=\"275\" height=\"421\" \/>"]},"product_cat":[54],"product_tag":[61,60],"class_list":{"0":"post-2388","1":"product","2":"type-product","3":"status-publish","4":"has-post-thumbnail","6":"product_cat-ecuador","7":"product_tag-ecuador","8":"product_tag-galapagos","10":"first","11":"instock","12":"shipping-taxable","13":"product-type-simple"},"_links":{"self":[{"href":"https:\/\/www.lctouroperator.com\/it\/wp-json\/wp\/v2\/product\/2388"}],"collection":[{"href":"https:\/\/www.lctouroperator.com\/it\/wp-json\/wp\/v2\/product"}],"about":[{"href":"https:\/\/www.lctouroperator.com\/it\/wp-json\/wp\/v2\/types\/product"}],"replies":[{"embeddable":true,"href":"https:\/\/www.lctouroperator.com\/it\/wp-json\/wp\/v2\/comments?post=2388"}],"wp:featuredmedia":[{"embeddable":true,"href":"https:\/\/www.lctouroperator.com\/it\/wp-json\/wp\/v2\/media\/2392"}],"wp:attachment":[{"href":"https:\/\/www.lctouroperator.com\/it\/wp-json\/wp\/v2\/media?parent=2388"}],"wp:term":[{"taxonomy":"product_cat","embeddable":true,"href":"https:\/\/www.lctouroperator.com\/it\/wp-json\/wp\/v2\/product_cat?post=2388"},{"taxonomy":"product_tag","embeddable":true,"href":"https:\/\/www.lctouroperator.com\/it\/wp-json\/wp\/v2\/product_tag?post=2388"}],"curies":[{"name":"wp","href":"https:\/\/api.w.org\/{rel}","templated":true}]}}