{"id":2379,"date":"2019-02-09T01:12:11","date_gmt":"2019-02-09T04:12:11","guid":{"rendered":"http:\/\/www.lctouroperator.com\/it\/?post_type=product&#038;p=2379"},"modified":"2020-10-03T04:33:33","modified_gmt":"2020-10-03T07:33:33","slug":"copan-tikal-e-tour-guatemala","status":"publish","type":"product","link":"https:\/\/www.lctouroperator.com\/it\/producto\/copan-tikal-e-tour-guatemala\/","title":{"rendered":"COPAN &#038; TIKAL e Tour Guatemala"},"content":{"rendered":"<p><!--:es--><\/p>\n<div class=\"row\">\n<h2 align=\"left\">Esplorando il mondo maya, toccata e fuga che merita in territorio honduregno per scoprire le rovine di Copan, per poi continuare l&#8217;esperienza in Guatemala, scoprendo non solo le splendide rovine di Quirigua e Tikal ma anche la bellissima natura che le circonda e la cultura multietnica di questo paese ricco e fiero delle proprie tradizioni.<\/h2>\n<h2 align=\"left\"><span style=\"color: #ff6600;\">Programma<\/span><\/h2>\n<table>\n<tbody>\n<tr>\n<td style=\"background-color: #ababab;\"><span style=\"color: #000000;\"><span style=\"color: #ff6600;\">\u27a4<\/span>Giorno 1: AEROPORTO GUATEMALA-HOTEL<br \/>\n<\/span><\/td>\n<\/tr>\n<tr class=\"alt\">\n<td>Arrivo all&#8217;Aeroporto Internazionale La Aurora per assistenza e trasferimento all&#8217;hotel in citt\u00e0 di Guatemala. Pernottamento.<\/td>\n<\/tr>\n<tr>\n<td style=\"background-color: #ababab;\"><span style=\"color: #000000;\"><span style=\"color: #ff6600;\">\u27a4<\/span>Giorno 2: COPAN (HONDURAS)<br \/>\n<\/span><\/td>\n<\/tr>\n<tr class=\"alt\">\n<td>Prima colazione. \u00a0Ben presto al mattino partenza verso il nord-est del Guatemala, per arrivare al confine con l&#8217;Honduras, al altezza di Copan. Verso mezzogiorno arrivo e brevi procedure migratorie. Visita pomeridiana del sito archeologico considerato come uno dei pi\u00f9 importanti nel mondo Maya, visita del complesso con le sue stele scolpite, la scala con i glifi di Maya e il campo di palla. Pernottamento in Honduras.<\/td>\n<\/tr>\n<tr>\n<td style=\"background-color: #ababab;\"><span style=\"color: #000000;\"><span style=\"color: #ff6600;\">\u27a4<\/span>Giorno 3: QUIRIGUA- RIO DULCE<br \/>\n<\/span><\/td>\n<\/tr>\n<tr class=\"alt\">\n<td>Prima colazione. Continuazione del viaggio verso i Caraibi guatemaltechi. Visita a Quirigua sito archeologico situato sulle rive del fiume Motagua, il parco \u00e8 all&#8217;interno di un complesso di stele scolpite in pietra arenaria, all&#8217;interno del quale si trova la stella pi\u00f9 alta di tutto il mondo Maya con oltre 10,60 metri., d&#8217;altezza, oltre a figure zoomorfe che risalgono al periodo classico dei Maya. Proseguimento per Rio Dulce. Pernottamento.<\/td>\n<\/tr>\n<tr>\n<td style=\"background-color: #ababab;\"><span style=\"color: #000000;\"><span style=\"color: #ff6600;\">\u27a4<\/span>Giorno 4: LIVINGSTON &#8211; FLORES<br \/>\n<\/span><\/td>\n<\/tr>\n<tr class=\"alt\">\n<td>Prima colazione. Trasferimento a Rio Dulce. Partenza in barca per visitare la citt\u00e0 di origine Garifuna LIVINGSTON con musica reggae e punta, degustazione del pane di cocco, etc. Proseguimento in barca lungo il fiume da dove osserveremo la vegetazione lussureggiante e un canyon naturale. Gi\u00e0 nei canali giro panoramico del Castillo de San Felipe de Lara, una fortezza costruita nel XVII secolo dagli spagnoli per evitare il saccheggio dei negozi che avevano lungo il lago Izabal, il pi\u00f9 grande del Guatemala. Pi\u00f9 tardi proseguimento fino alla citt\u00e0 di Flores. Pernottamento.<\/td>\n<\/tr>\n<tr class=\"alt\">\n<td style=\"background-color: #ababab;\"><span style=\"color: #000000;\"><span style=\"color: #000000;\"><span style=\"color: #ff6600;\">\u27a4<\/span>G<\/span><\/span><span style=\"color: #000000;\">iorno 5: TIKAL &#8211; GUATEMALA CITY &#8211; ANTIGUA<br \/>\n<\/span><\/td>\n<\/tr>\n<tr class=\"alt\">\n<td>Prima colazione. Trasferimento al pi\u00f9 importante sito archeologico del mondo Maya, Tikal. Il suo nome significa \u201cLuogo di Voci\u201d, costruito durante il periodo classico dei Maya. All&#8217;arrivo al sito archeologico di Tikal, la nostra guida mostrer\u00e0 la piantina del complesso dei templi e dell\u2019Acropoli. Visitando il Complesso Q e R, proseguimento per l&#8217;Acropoli Centrale, Templi I \u201cIl Grande Giaguaro\u201d e Tempio II \u201cLos Mascarones\u201d, considerato il primo come uno dei pi\u00f9 importanti nella visita. Dopo vedrete il mondo perduto e nel pomeriggio tornate al Centro Visitatori per il pranzo. Al momento conveniente trasferimento all&#8217;aeroporto \u201cMundo Maya\u201d di Flores per riprendere il volo verso Guatemala City. Ricezione e trasferimento in hotel ad Antigua.<\/td>\n<\/tr>\n<tr class=\"alt\">\n<td style=\"background-color: #ababab;\"><span style=\"color: #000000;\"><span style=\"color: #000000;\"><span style=\"color: #ff6600;\">\u27a4<\/span>G<\/span><\/span><span style=\"color: #000000;\">iorno 6: ANTIGUA GUATEMALA<br \/>\n<\/span><\/td>\n<\/tr>\n<tr class=\"alt\">\n<td>Prima colazione in albergo. Mattinata dedicata alla visita della citt\u00e0 dichiarata Patrimonio dell&#8217;Umanit\u00e0 da parte dell\u2019Unesco. Antigua, l&#8217;antica capitale del Guatemala dominata dalla mole della sagoma dell\u2019imponente vulcano Agua, \u00e8 una delle citt\u00e0 pi\u00f9 belle del Centro America, considerata un gioiello di arte coloniale, conserva il fascino e l&#8217;atmosfera dei tempi passati: edifici coloniali, stradine e grandi piazze, mercati colorati e chiese, botteghe di artigiani e deliziosi locali. Durante la visita si potranno ammirare, in particolare, Plaza de Armas, la Cattedrale che risale al XVI secolo, il museo dell&#8217;Universit\u00e0 di San Carlos, il Convento dei Cappuccini, la Chiesa de la Merced e di Santa Clara. Al pomeriggio visita ad una piantagione di caff\u00e8. Tempo libero.\u00a0 Pernottamento.<\/td>\n<\/tr>\n<tr class=\"alt\">\n<td style=\"background-color: #ababab;\"><span style=\"color: #000000;\"><span style=\"color: #000000;\"><span style=\"color: #ff6600;\">\u27a4<\/span>G<\/span><\/span><span style=\"color: #000000;\">iorno 7: CHICHICASTENANGO \u2013 PANAJACHEL<br \/>\n<\/span><\/td>\n<\/tr>\n<tr class=\"alt\">\n<td>Prima colazione in albergo e partenza per Chichicastenango, uno dei paesini pi\u00f9 colorati e accessibili degli altipiani. Visita del suo tipico mercato che si svolge sul sagrato della Chiesa di Santo Tomas, dove si mescolano le usanze Maya e quelle Spagnole. Il gioved\u00ec e la domenica, giorni di mercato, il piccolo centro abitato si trasforma in un vero e proprio bazar di artigianato, dove si possono ammirare ed acquistare differenti tipi di tessuto, statue in legno intagliato e ceramiche. Nella chiesa di Santo Tomas, situata nella piazza principale, giungono i rappresentanti dei diversi villaggi limitrofi assegnati al culto dei vari santi. Al pomeriggio visita panoramica di Panajachel. Trasferimento in hotel. Pernottamento.<\/td>\n<\/tr>\n<tr class=\"alt\">\n<td style=\"background-color: #ababab;\"><span style=\"color: #000000;\"><span style=\"color: #ff6600;\">\u27a4<\/span>Giorno 8: BARCA SAN JUAN LAGUNA- ATITLAN<br \/>\n<\/span><\/td>\n<\/tr>\n<tr class=\"alt\">\n<td>Prima colazione in albergo e per il Lago Atitlan. Di tutte le attrazioni naturali del Guatemala, le pi\u00f9 belle sono forse la caldera vulcanica del Lago Atitlan e le sue indimenticabili montagne che nel corso dei secoli hanno sedotto i viaggiatori. Questo lago \u00e8 circondato da tre vulcani sulle cui sponde si trovano molti villaggi Maya. Escursione in barca fino a San Juan Laguna: incontro con le donne tessitrici, galleria di pitture di artisti e artigiani locali. Partecipazione ad una cerimonia maya di piantagione di alberi. Rientro a Panajachel e continuazione del viaggio verso Antigua. Sistemazione in hotel. Tempo per una passeggiata libera nei dintorni dell\u00b4hotel. Pernottamento.<\/td>\n<\/tr>\n<tr class=\"alt\">\n<td style=\"background-color: #ababab;\"><span style=\"color: #000000;\"><span style=\"color: #000000;\"><span style=\"color: #ff6600;\">\u27a4<\/span>\u00a0G<\/span><\/span><span style=\"color: #000000;\">iorno 9 : ANTIGUA\u00a0 &#8211;\u00a0 DIVERSE PROPOSTE<br \/>\n<\/span><\/td>\n<\/tr>\n<tr class=\"alt\">\n<td>Prima colazione. Rientro ad Antigua in attesa del volo internazionale per il rientro in Italia o continuazione del viaggio verso altre destinazioni, ad esempio: giorni di relax nelle belle spiagge del Guatemala, poco distanti da Antigua, sulla costa del Pacifico che sebbene non abbiano le sabbie bianche dei Caraibi hanno delle splendide caratteristiche: meravigliosi tramonti, acqua e sabbia pulita;\u00a0\u00a0un paradiso per i pescatori come <b>Iztapa<\/b>\u00a0e\u00a0<b>El Pared\u00f3n<\/b>\u00a0e\u00a0<b>Playa Tilapia<\/b>\u00a0per amanti del Surf. Monterrico\u00a0un po&#8217; pi\u00f9 affollato ma tutto un incanto anche per la vita serale e non ultimo\u00a0<b>Puerto San Jos\u00e9\u00a0<\/b>dove da novembre ad aprile \u00e8 possibile avvistare balene e delfini. Siamo certi che il viaggio in Guatemala\u00a0\u00a0colmer\u00e0\u00a0 le aspettative pi\u00f9 esigenti per un\u2019esperienza piena.<\/td>\n<\/tr>\n<\/tbody>\n<\/table>\n<\/div>\n<p><!--:--><\/p>\n","protected":false},"excerpt":{"rendered":"<p>Guatemala<br \/>\n9 giorni \/8 notti<\/p>\n","protected":false},"featured_media":2380,"comment_status":"closed","ping_status":"closed","template":"","meta":{"dwc-title":[""],"dwc-content":["<img class=\"size-full wp-image-2795 aligncenter\" src=\"http:\/\/www.lctouroperator.com\/it\/wp-content\/uploads\/2020\/09\/Guatemala-LCGU10-2009Ev01.jpg\" alt=\"\" width=\"274\" height=\"420\" \/>"]},"product_cat":[53],"product_tag":[58,59,57],"class_list":{"0":"post-2379","1":"product","2":"type-product","3":"status-publish","4":"has-post-thumbnail","6":"product_cat-guatemala","7":"product_tag-copan","8":"product_tag-guatemala","9":"product_tag-tikal","11":"first","12":"instock","13":"shipping-taxable","14":"product-type-simple"},"_links":{"self":[{"href":"https:\/\/www.lctouroperator.com\/it\/wp-json\/wp\/v2\/product\/2379"}],"collection":[{"href":"https:\/\/www.lctouroperator.com\/it\/wp-json\/wp\/v2\/product"}],"about":[{"href":"https:\/\/www.lctouroperator.com\/it\/wp-json\/wp\/v2\/types\/product"}],"replies":[{"embeddable":true,"href":"https:\/\/www.lctouroperator.com\/it\/wp-json\/wp\/v2\/comments?post=2379"}],"wp:featuredmedia":[{"embeddable":true,"href":"https:\/\/www.lctouroperator.com\/it\/wp-json\/wp\/v2\/media\/2380"}],"wp:attachment":[{"href":"https:\/\/www.lctouroperator.com\/it\/wp-json\/wp\/v2\/media?parent=2379"}],"wp:term":[{"taxonomy":"product_cat","embeddable":true,"href":"https:\/\/www.lctouroperator.com\/it\/wp-json\/wp\/v2\/product_cat?post=2379"},{"taxonomy":"product_tag","embeddable":true,"href":"https:\/\/www.lctouroperator.com\/it\/wp-json\/wp\/v2\/product_tag?post=2379"}],"curies":[{"name":"wp","href":"https:\/\/api.w.org\/{rel}","templated":true}]}}