{"id":2373,"date":"2019-02-09T00:19:48","date_gmt":"2019-02-09T03:19:48","guid":{"rendered":"http:\/\/www.lctouroperator.com\/it\/?post_type=product&#038;p=2373"},"modified":"2020-10-02T11:23:46","modified_gmt":"2020-10-02T14:23:46","slug":"tesori-del-guatemala","status":"publish","type":"product","link":"https:\/\/www.lctouroperator.com\/it\/producto\/tesori-del-guatemala\/","title":{"rendered":"Tesori del Guatemala"},"content":{"rendered":"<p><!--:es--><\/p>\n<div class=\"row\">\n<h2 align=\"left\">Il meglio del Guatemala in questa visita di 8 giorni per un primo contatto con esperienze da non dimenticare e sufficienti per amare questo paese con gente autentica, fiera della propria cultura. Occasione inoltre per un tuffo nel mondo maya\u00a0 nelle splendide rovine di Quirigua e Tikal.<\/h2>\n<h2 align=\"left\"><span style=\"color: #ff6600;\">Programma<\/span><\/h2>\n<table>\n<tbody>\n<tr>\n<td style=\"background-color: #ababab;\"><span style=\"color: #000000;\"><span style=\"color: #ff6600;\">\u27a4<\/span>Giorno 1: ARRIVO A GUATEMALA<br \/>\n<\/span><\/td>\n<\/tr>\n<tr class=\"alt\">\n<td>Arrivo all&#8217;Aeroporto Internazionale La Aurora. Ricevimento e transfer all&#8217;hotel in Citt\u00e0 di Guatemala. A seconda dell&#8217;ora d&#8217;arrivo, tempo libero. Pernottamento.<\/td>\n<\/tr>\n<tr>\n<td style=\"background-color: #ababab;\"><span style=\"color: #000000;\"><span style=\"color: #ff6600;\">\u27a4<\/span>Giorno 2: QUIRIGUA \u2013 PUERTO BARRIOS\/LIVINGSTON<br \/>\n<\/span><\/td>\n<\/tr>\n<tr class=\"alt\">\n<td>Prima colazione. Molto presto partenza per Quirigua, sito Archeologico (Guatemala) situato sulle rive del fiume Motagua, il parco \u00e8 all&#8217;interno di un complesso di stelle scolpite in pietra arenaria, al centro del quale c&#8217;\u00e8 la stella pi\u00f9 alto in tutto il mondo Maya con oltre 10.60 metri. Altezza, oltre a figure zoomorfe che risalgono al classico periodo Maya. Pranzo libero in corso di escursione. Proseguimento per Puerto Barrios. A seconda dell&#8217;orario d&#8217;arrivo proseguimento por pernottare a Livingston o nei dintorni di Puerto Barrios.<\/td>\n<\/tr>\n<tr>\n<td style=\"background-color: #ababab;\"><span style=\"color: #000000;\"><span style=\"color: #ff6600;\">\u27a4<\/span>Giorno 3: RIO DULCE &#8211; FLORES<br \/>\n<\/span><\/td>\n<\/tr>\n<tr class=\"alt\">\n<td>Prima colazione. Visita alla citt\u00e0 di origine Garifuna LIVINGSTONE con musica reggae e punta, pane di cocco, etc. Proseguimento in barca, sul lungo fiume possibilit\u00e0 di osservare una vegetazione lussureggiante, un canyon naturale e le case tipo palafitte dei contadini. Giro panoramico del Castillo de San Felipe de Lara, una fortezza costruita nel XVII secolo dagli spagnoli per evitare il saccheggio dei negozi verso il lago Izabal. Arrivo alla citt\u00e0 di Flores. Cena libera. Pernottamento.<\/td>\n<\/tr>\n<tr>\n<td style=\"background-color: #ababab;\"><span style=\"color: #000000;\"><span style=\"color: #ff6600;\">\u27a4<\/span>Giorno 4: FLORES-TIKAL-FLORES-GUATEMALA<br \/>\n<\/span><\/td>\n<\/tr>\n<tr class=\"alt\">\n<td>Prima colazione. Trasferimento al pi\u00f9 importante sito del mondo Maya archeologico di Tikal, il suo nome significa \u201cLuogo di Voci\u201d, costruito durante il periodo classico dei Maya. All&#8217;arrivo al sito archeologico di Tikal, la nostra guida mostrer\u00e0 la piantina dei templi e dell\u2019Acropoli. Visita del Complesso Q e R, proseguimento per l&#8217;Acropoli Centrale, Templi I \u201cIl Grande Giaguaro\u201d e Tempio II \u201cLos Mascarones\u201d, considerato il primo come uno dei pi\u00f9 importanti nella visita. Dopo visita del mondo perduto e nel pomeriggio torna al Centro Visitatori per il pranzo. Al momento opportuno trasferimento all&#8217;aeroporto Mundo Maya per riprendere il volo verso Guatemala. Ricezione e trasferimento in hotel in Guatemala City.<\/td>\n<\/tr>\n<tr class=\"alt\">\n<td style=\"background-color: #ababab;\"><span style=\"color: #000000;\"><span style=\"color: #ff6600;\">\u27a4<\/span>Giorno 5: GUATEMALA-CHICHICASATENANGO- PANAJACHEL<br \/>\n<\/span><\/td>\n<\/tr>\n<tr class=\"alt\">\n<td>Prima colazione in albergo e partenza per Chichicastenango, uno dei paesini pi\u00f9 colorati e accessibili degli altipiani. Visita del suo tipico mercato che si svolge sul sagrato della Chiesa di Santo Tomas, dove si mescolano le usanze Maya e quelle Spagnole. Il gioved\u00ec e la domenica, giorni di mercato, il piccolo centro abitato si trasforma in un vero e proprio bazar di artigianato, dove si possono ammirare ed acquistare differenti tipi di tessuto, statue in legno intagliato e ceramiche. Nella chiesa di Santo Tomas, situata nella piazza principale, giungono i rappresentanti dei diversi villaggi limitrofi assegnati al culto dei vari santi. Al pomeriggio visita panoramica di Panajachel. Trasferimento in hotel. Pernottamento.<\/td>\n<\/tr>\n<tr class=\"alt\">\n<td style=\"background-color: #ababab;\"><span style=\"color: #000000;\"><span style=\"color: #ff6600;\">\u27a4<\/span>Giorno 6: BARCA SANTIAGO ATITL\u00c1N-ANTIGUA<br \/>\n<\/span><\/td>\n<\/tr>\n<tr class=\"alt\">\n<td>Prima colazione in albergo e partenza per il Lago Atitlan. Di tutte le attrazioni naturali del Guatemala, le pi\u00f9 belle sono forse la caldera vulcanica del Lago Atitlan e le sue indimenticabili montagne che nel corso dei secoli hanno sedotto i viaggiatori. Questo lago \u00e8 circondato da tre vulcani sulle cui sponde si trovano molti villaggi Maya. Escursione in barca fino a San Juan Laguna: incontro con le donne tessitrici, galleria di pitture di artisti e artigiani locali. Partecipazione ad una cerimonia maya di piantagione di alberi. Rientro a Panajachel e continuazione del viaggio verso Antigua. Sistemazione in hotel. Tempo per una passeggiata libera nei dintorni dell\u00b4hotel. Pernottamento.<\/td>\n<\/tr>\n<tr class=\"alt\">\n<td style=\"background-color: #ababab;\"><span style=\"color: #000000;\"><span style=\"color: #ff6600;\">\u27a4<\/span>Giorno 7: ANTIGUA<br \/>\n<\/span><\/td>\n<\/tr>\n<tr class=\"alt\">\n<td>Prima colazione in albergo. Mattinata dedicata alla visita della citt\u00e0 dichiarata Patrimonio dell&#8217;Umanit\u00e0 da parte dell\u2019Unesco. Antigua, l&#8217;antica capitale del Guatemala dominata dalla mole della sagoma dell\u2019imponente vulcano Agua, \u00e8 una delle citt\u00e0 pi\u00f9 belle del Centro America, considerata un gioiello di arte coloniale, conserva il fascino e l&#8217;atmosfera dei tempi passati: edifici coloniali, stradine e grandi piazze, mercati colorati e chiese, botteghe di artigiani e deliziosi locali. Durante la visita si potranno ammirare, in particolare, Plaza de Armas, la Cattedrale che risale al XVI secolo, il museo dell&#8217;Universit\u00e0 di San Carlos, il Convento dei Cappuccini, la Chiesa de la Merced e di Santa Clara. Al pomeriggio visita ad una piantagione di caff\u00e8. Tempo libero.<\/td>\n<\/tr>\n<tr class=\"alt\">\n<td style=\"background-color: #ababab;\"><span style=\"color: #000000;\"><span style=\"color: #ff6600;\">\u27a4<\/span>Giorno 8: ANTIGUA\u00a0 &#8211; DIVERSE PROPOSTE<br \/>\n<\/span><\/td>\n<\/tr>\n<tr class=\"alt\">\n<td>Prima colazione. A seconda dell&#8217;orario del volo, tempo per un city tour panoramico della citt\u00e0 del Guatemala, la attuale capitale del paese e trasferimento all&#8217;aeroporto per proseguire verso altre destinazioni come: per viaggiatori con pi\u00f9 giorni disponibili e amanti dell&#8217;archeologia \u00e8 possibile iniziare questo viaggio modificando il percorso e cio\u00e8 iniziando la visita a Guatemala City\u00a0 proseguendo subito verso Antigua e le altre localit\u00e0 indicate in questo itinerario,\u00a0 visitando per\u00f2 per ultimo le rovine maya di Quirigua e Tikal per dopo inoltrarsi in Messico attraversando il fiume Usumacinta tra Bethel e Frontera Corozal, per scoprire l&#8217;imponente mondo dei maya nel Chiapas e lo Yucatan e concludere con giorni di relax al mare nella Riviera Maya.<\/td>\n<\/tr>\n<\/tbody>\n<\/table>\n<\/div>\n<p><!--:--><\/p>\n","protected":false},"excerpt":{"rendered":"<p>Guatemala<br \/>\n8 giorni \/ 7 notti<\/p>\n","protected":false},"featured_media":2378,"comment_status":"closed","ping_status":"closed","template":"","meta":{"dwc-title":[""],"dwc-content":["<img class=\"size-full wp-image-2797 aligncenter\" src=\"http:\/\/www.lctouroperator.com\/it\/wp-content\/uploads\/2020\/09\/Guatemala-LCGU05-2009Av01-1.jpg\" alt=\"\" width=\"274\" height=\"420\" \/>"]},"product_cat":[53],"product_tag":[55,56],"class_list":{"0":"post-2373","1":"product","2":"type-product","3":"status-publish","4":"has-post-thumbnail","6":"product_cat-guatemala","7":"product_tag-antigua","8":"product_tag-santiago-atitlan","10":"first","11":"instock","12":"shipping-taxable","13":"product-type-simple"},"_links":{"self":[{"href":"https:\/\/www.lctouroperator.com\/it\/wp-json\/wp\/v2\/product\/2373"}],"collection":[{"href":"https:\/\/www.lctouroperator.com\/it\/wp-json\/wp\/v2\/product"}],"about":[{"href":"https:\/\/www.lctouroperator.com\/it\/wp-json\/wp\/v2\/types\/product"}],"replies":[{"embeddable":true,"href":"https:\/\/www.lctouroperator.com\/it\/wp-json\/wp\/v2\/comments?post=2373"}],"wp:featuredmedia":[{"embeddable":true,"href":"https:\/\/www.lctouroperator.com\/it\/wp-json\/wp\/v2\/media\/2378"}],"wp:attachment":[{"href":"https:\/\/www.lctouroperator.com\/it\/wp-json\/wp\/v2\/media?parent=2373"}],"wp:term":[{"taxonomy":"product_cat","embeddable":true,"href":"https:\/\/www.lctouroperator.com\/it\/wp-json\/wp\/v2\/product_cat?post=2373"},{"taxonomy":"product_tag","embeddable":true,"href":"https:\/\/www.lctouroperator.com\/it\/wp-json\/wp\/v2\/product_tag?post=2373"}],"curies":[{"name":"wp","href":"https:\/\/api.w.org\/{rel}","templated":true}]}}