{"id":2315,"date":"2018-01-27T00:47:28","date_gmt":"2018-01-27T03:47:28","guid":{"rendered":"http:\/\/www.lctouroperator.com\/it\/?post_type=product&#038;p=2315"},"modified":"2020-06-25T10:40:38","modified_gmt":"2020-06-25T13:40:38","slug":"colombia-da-scoprire","status":"publish","type":"product","link":"https:\/\/www.lctouroperator.com\/it\/producto\/colombia-da-scoprire\/","title":{"rendered":"Colombia da Scoprire"},"content":{"rendered":"<h2 align=\"left\">Un viaggio all&#8217;insegna del diverso: archeologia, citt\u00e0 storiche, etnie inculturate col oggi\u00a0 ma col fascino delle loro radici, tutto circondato da una natura esuberante: incontro con un popolo che\u00a0 sprizza allegria, voglia di vivere, creativit\u00e0, passione per la cultura che trasmettono attraverso la musica, l\u2019artigianato, la cucina e la religiosit\u00e0.<\/h2>\n<h2 align=\"left\"><span style=\"color: #ff6600;\">Programma<\/span><\/h2>\n<table>\n<tbody>\n<tr>\n<td style=\"background-color: #ababab;\"><span style=\"color: #000000;\"><span style=\"color: #ff6600;\">\u27a4<\/span>Giorno 1: PARTENZA DALL\u2019 ITALIA (arrivo consigliato lo stesso giorno)<\/span><\/td>\n<\/tr>\n<tr class=\"alt\">\n<td>All\u2019arrivo operazioni di dogana, incontro con la guida e trasferimento in albergo nelle camere riservate. Pernottamento.<\/td>\n<\/tr>\n<tr>\n<td style=\"background-color: #ababab;\"><span style=\"color: #000000;\"><span style=\"color: #ff6600;\">\u27a4<\/span>Giorno 2: BOGOTA<\/span><\/td>\n<\/tr>\n<tr class=\"alt\">\n<td>Prima colazione in albergo e pranzo in corso di escursione. Intera giornata dedicata a Bogot\u00e0, il cuore pulsante della Colombia, una capitale coinvolgente e vivace, circondata dalle vette andine e pervasa da un\u2019atmosfera \u201calla moda\u201d. Visita a piedi della Candelaria, il centro storico della citt\u00e0, che riunisce un insieme di antichi quartieri che raccolgono un importante patrimonio architettonico. Sosta per ammirare la rinomata Plaza Bolivar al centro della quale si trovano la statua del Libertador, la Capilla del Sagrario, in stile barocco, il Capitolio, edificio neoclassico sede del Parlamento, L\u2019Alcadia Mayor e altro ancora. Nel pomeriggio visita al Museo di Botero, il pi\u00f9 famoso artista colombiano e al Museo dell\u2019Oro, considerata, nel suo genere, la collezione di oggetti in oro pi\u00f9 importante al mondo. Rientro in albergo. Pernottamento.<\/td>\n<\/tr>\n<tr>\n<td style=\"background-color: #ababab;\"><span style=\"color: #000000;\"><span style=\"color: #ff6600;\">\u27a4<\/span>Giorno 3: BOGOTA\u2019 \u2013 ZIPAQUIRA\u2019 \u2013 VILLA DE LEYVA<\/span><\/td>\n<\/tr>\n<tr class=\"alt\">\n<td>Prima colazione in albergo e partenza in direzione nord, attraverso la regione centrale della Savana dove si trovano le famose coltivazioni di fiori, riconoscibili dalle numerose serre che si intravedono dalla strada per raggiungere Zipaquir\u00e0, graziosa cittadina situata a pochi chilometri dalla capitale che vanta la suggestiva Catedral de Sal, magnifica opera d\u2019arte e ingegneria. All\u2019interno del complesso si trova un lungo tunnel lungo il quale sono state allestite le quattordici stazioni della Via Crucis, le tre navate della Cattedrale, collegate tra loro da aperture che rappresentano la nascita e la morte di Cristo e l\u2019altare maggiore, con una croce di 16 metri. Al termine della visita proseguimento per Villa de Leyva, una delle pi\u00f9 belle citt\u00e0 coloniali della zona, fondata nel 1572 da Hernan Suarez de Villalobos per ordine del nuovo regno di Granada. All\u2019arrivo passeggiata nel centro storico con la sua Piazza Maggiore, ampio spazio circondato da case dalla tipica architettura spagnola, stette viuzze, stradine di pietra e la bella Chiesa parrocchiale risalente al XVII secolo. Rientro a Bogot\u00e1 in serata. Pernottamento.<\/td>\n<\/tr>\n<tr>\n<td style=\"background-color: #ababab;\"><span style=\"color: #000000;\"><span style=\"color: #ff6600;\">\u27a4<\/span>Giorno 4: BOGOTA\u2019 \u2013 POPAYAN<\/span><\/td>\n<\/tr>\n<tr class=\"alt\">\n<td>Prima colazione in albergo. Trasferimento all\u2019aeroporto di Bogot\u00e0. Operazioni di imbarco e partenza con volo di linea per Popay\u00e0n. Visita panoramica della piccola citt\u00e0 nel trascorso del trasferimento in hotel. Sistemazione. Pernottamento.<\/td>\n<\/tr>\n<tr class=\"alt\">\n<td style=\"background-color: #ababab;\"><span style=\"color: #000000;\"><span style=\"color: #000000;\"><span style=\"color: #ff6600;\">\u27a4<\/span>G<\/span><\/span><span style=\"color: #000000;\">iorno 5: MERCATO DI SILVIA (solo i marted\u00ed)<\/span><\/td>\n<\/tr>\n<tr class=\"alt\">\n<td>Partenza per Silvia, pittoresca cittadina di montagna, a pochi kilometri a nord di Poyapan. Silvia costituisce il centro principale della zona abitata dalla comunit\u00e0 nativa Guambia. I Guambianos non vivono nel centro urbano, ma nei piccoli villaggi di montagna della zona e sono considerati uno dei gruppi etnici pi\u00f9 tradizionali della Colombia, come dimostra il fatto che parlano una propria lingua, vestono abiti della tradizione e praticano l\u2019agricoltura ricorrendo a tecniche arcaiche. Sono anche eccellenti tessitori. Ogni marted\u00ec i Guambianos si recano a Silvia per vendere frutta, verdura e oggetti artigianali, trasformando la cittadina in un vivace e pittoresco mercato. Continuazione del viaggio presso San Agustin. Pernottamento.<\/td>\n<\/tr>\n<tr class=\"alt\">\n<td style=\"background-color: #ababab;\"><span style=\"color: #000000;\"><span style=\"color: #000000;\"><span style=\"color: #ff6600;\">\u27a4<\/span>G<\/span><\/span><span style=\"color: #000000;\">iorno 6: SAN AGUSTIN<\/span><\/td>\n<\/tr>\n<tr class=\"alt\">\n<td>Prima colazione in albergo. Partenza per la visita del Parco Archeologico di San Agustin. Circa cinque millenni fa, due civilt\u00e0 primitive dimoravano nelle valli adiacenti dei fiumi Magdalena e Cauca. Divise da picchi invalicabili, queste comunit\u00e0 si spostavano soprattutto su questi fiumi, le cui sorgenti si trovano nei pressi di San Agustin, a diversi giorni di marcia l\u2019 una dall\u2019altra. Queste due civilt\u00e0 si incontravano regolarmente in questa zona per mercanteggiare, pregare e seppellire i propri defunti. Questa zona \u00e8 caratterizzata da grandi massi di origine vulcanica che vennero trasformati da scultori locali in grandiosi monumenti. Di questi suggestivi capolavori ci sono pervenute moltissime statue, sparse in un\u2019area molto ampia tra le verdi e rigogliose colline che circondano San Agustin. Mattinata dedicata alla visita del Parco Archeologico, dichiarato Patrimonio dell\u2019Umanit\u00e0 dall\u2019Unesco, con i suoi punti pi\u00f9 interessanti, la Fuente Cerimonial del Lavaplatos e il Museo Archeologico.\u00a0Pomeriggio dedicato a due visite facoltative:\u00a0<i><u>i<\/u>n 4&#215;4: 2 ore di escursione per El Purutal, dove sono stati ritrovati le uniche statue con ancora i colori originali e altre due ore di\u00a0<\/i>\u00a0visita a una \u201cFinca\u201d per conoscere tutto il processo del caf\u00e9: dalla semina fino al prodotto pronto per il consumo..il tutto mentre si beve un buon caff\u00e8 colombiano. Rientro in hotel. Pernottamento.<\/td>\n<\/tr>\n<tr class=\"alt\">\n<td style=\"background-color: #ababab;\"><span style=\"color: #000000;\"><span style=\"color: #000000;\"><span style=\"color: #ff6600;\">\u27a4<\/span>G<\/span><\/span><span style=\"color: #000000;\">iorno 7: ISNOS &#8211; NEIVA- CARTAGENA<\/span><\/td>\n<\/tr>\n<tr class=\"alt\">\n<td><span lang=\"PT-BR\">Prima colazione in albergo. Alle ore 7.45 \u00a0visita al sito archeologico de Isnos. Alle ore 10.30 continuazione del viaggio verso l\u2019 aeroporto di Neiva.\u00a0All\u2019arrivo, previsto circa dopo 4 ore di viaggio \u00a0operazioni di imbarco e partenza con volo di linea per Cartagena, via Bogot\u00e0. Arrivo a Cartagena.\u00a0<\/span>Trasferimento all\u00b4aeroporto continuare viaggio verso Cartagena, via Bogot\u00e0. Arrivo a Cartagena. Trasferimento in albergo: sistemazione nelle camere riservate. \u00a0Pernottamento.<\/td>\n<\/tr>\n<tr class=\"alt\">\n<td style=\"background-color: #ababab;\"><span style=\"color: #000000;\"><span style=\"color: #ff6600;\">\u27a4<\/span>Giorno 8: CARTAGENA\u00a0<\/span><\/td>\n<\/tr>\n<tr class=\"alt\">\n<td>Prima colazione in albergo.\u00a0<span lang=\"IT\"><b>\u00a0Cartagena de Indias<\/b>, regina indiscussa della costa caraibica, \u00e8 una citt\u00e0 fiabesca e leggendaria, il cui fascino romantico \u00e8 stato splendidamente conservato all\u2019interno di 13 km di imponenti e antiche mura di pietra. Il suo centro storico, vero e proprio dedalo di viuzze acciottolate, con balconi fioriti di bougainvillee e grandi chiese che fanno ombra a vecchie piazze, \u00e8 stato inserito dall\u2019Unesco nella lista dei siti Patrimonio dell\u2019Umanit\u00e0. Mattinata dedicata al centro storico di Cartagena, la citt\u00e0 ancora oggi racchiusa dalle mura dove si trovano i quartieri di El Centro, un tempo abitato dai membri della classe agiata e San Diego, dove viveva il ceto medio. Entrambi i quartieri sono ricchi di testimonianze perfettamente conservate dell\u2019epoca coloniale, tra cui chiese, monasteri, piazze, palazzi e residenze signorili abbellite da balconi e da patios ombreggianti e traboccanti di fiori dai colori intensi. Visita al Palacio del la Inquisicion, uno degli edifici storici pi\u00f9 eleganti della citt\u00e0 che in passato ospitava al suo interno la sede dell\u2019Inquisizione; proseguimento delle visite al Convento e Iglesia de San Pedro Claver, fondato dai Gesuiti nella prima met\u00e0 del XVII secolo e che ospit\u00f2 il monaco Pedro Claver, chiamato l\u2019Apostolo dei Neri, primo santo del Nuovo Mondo canonizzato nel 1888. Arrivo infine alla Iglesia de Santo Domingo, l\u2019edificio sacro pi\u00f9 antico della citt\u00e0<b>.\u00a0<\/b>Serata libera per\u00a0<b>p<\/b><\/span><span lang=\"PT-BR\">asseggiata nella citt\u00e0 murata, Getsemani. \u00a0Pernottamento.<\/span><\/td>\n<\/tr>\n<tr class=\"alt\">\n<td style=\"background-color: #ababab;\"><span style=\"color: #000000;\"><span style=\"color: #000000;\"><span style=\"color: #ff6600;\">\u27a4<\/span>\u00a0G<\/span><\/span><span style=\"color: #000000;\">iorno 9 : Escursione: ISLA DEL ROSARIO<\/span><\/td>\n<\/tr>\n<tr class=\"alt\">\n<td>Prima colazione in albergo. Giornata dedicata all\u2019arcipelago Islas del Rosario, un gruppo di isole, alcune piccolissime, di barriera corallina, acqua turchina e sabbia bianchissima, dichiarato Parco Nazionale Naturale. Imbarco dal porto di Cartagena e inizio della navigazione per uscire dalla baia ed arrivare in mare aperto, dove si navigher\u00e0 fra alcune isole fino a raggiungerne un paio tra le pi\u00f9 interessanti, dove si effettueranno soste per visite e relax. Pranzo in corso di escursione. Rientro a Cartagena. Pernottamento in albergo.<\/td>\n<\/tr>\n<tr class=\"alt\">\n<td style=\"background-color: #ababab;\"><span style=\"color: #ff6600;\">\u27a4<\/span>\u00a0<span style=\"color: #000000;\"><span style=\"color: #000000;\">G<\/span><\/span><span style=\"color: #000000;\">iorno 10: CARTAGENA<\/span><\/td>\n<\/tr>\n<tr class=\"alt\">\n<td><span lang=\"IT\">Prima colazione in albergo. Continuazione delle visite con la parte moderna della citt\u00e0 e della zona di Bocagrande. Proseguimento con il Monastero seicentesco de La Popa, costruito dai monaci agostiniani sulla cima di una collina, la cui forma ricorda la poppa di una nave e visita al Castillo de San Felipe, una delle pi\u00f9 grandi fortezze realizzate dagli spagnoli in America, vero capolavoro di ingegneria militare.\u00a0<\/span><span lang=\"PT-BR\"><b>\u00a0<\/b>Pomeriggio a disposizione per assaporare l\u2019atmosfera unica di questa citt\u00e0. Pernottamento in albergo.<\/span><\/td>\n<\/tr>\n<tr class=\"alt\">\n<td style=\"background-color: #ababab;\"><span style=\"color: #ff6600;\">\u27a4<\/span>\u00a0Giorno 11: CARTAGENA \u2013 BOGOTA \u2013 ITALIA<\/td>\n<\/tr>\n<tr class=\"alt\">\n<td>Prima colazione in albergo. In orario da indicare, trasferimento in aeroporto, per iniziare il viaggio di rientro in Italia. Arrivo il giorno 12.<\/td>\n<\/tr>\n<\/tbody>\n<\/table>\n<p>&nbsp;<\/p>\n","protected":false},"excerpt":{"rendered":"<p>Colombia<br \/>\n12 giorni \/ 11 notti<\/p>\n","protected":false},"featured_media":2210,"comment_status":"closed","ping_status":"closed","template":"","meta":{"dwc-title":[""],"dwc-content":["<img class=\"size-full wp-image-2664 aligncenter\" src=\"http:\/\/www.lctouroperator.com\/it\/wp-content\/uploads\/2018\/01\/Mapa-Colombia-da-Scoprire.jpg\" alt=\"\" width=\"274\" height=\"420\" \/>"]},"product_cat":[31],"product_tag":[],"class_list":{"0":"post-2315","1":"product","2":"type-product","3":"status-publish","4":"has-post-thumbnail","6":"product_cat-colombia","8":"first","9":"instock","10":"shipping-taxable","11":"product-type-simple"},"_links":{"self":[{"href":"https:\/\/www.lctouroperator.com\/it\/wp-json\/wp\/v2\/product\/2315"}],"collection":[{"href":"https:\/\/www.lctouroperator.com\/it\/wp-json\/wp\/v2\/product"}],"about":[{"href":"https:\/\/www.lctouroperator.com\/it\/wp-json\/wp\/v2\/types\/product"}],"replies":[{"embeddable":true,"href":"https:\/\/www.lctouroperator.com\/it\/wp-json\/wp\/v2\/comments?post=2315"}],"wp:featuredmedia":[{"embeddable":true,"href":"https:\/\/www.lctouroperator.com\/it\/wp-json\/wp\/v2\/media\/2210"}],"wp:attachment":[{"href":"https:\/\/www.lctouroperator.com\/it\/wp-json\/wp\/v2\/media?parent=2315"}],"wp:term":[{"taxonomy":"product_cat","embeddable":true,"href":"https:\/\/www.lctouroperator.com\/it\/wp-json\/wp\/v2\/product_cat?post=2315"},{"taxonomy":"product_tag","embeddable":true,"href":"https:\/\/www.lctouroperator.com\/it\/wp-json\/wp\/v2\/product_tag?post=2315"}],"curies":[{"name":"wp","href":"https:\/\/api.w.org\/{rel}","templated":true}]}}