{"id":230,"date":"2013-10-02T12:57:07","date_gmt":"2013-10-02T15:57:07","guid":{"rendered":"http:\/\/www.lctouroperator.com\/it\/prog\/peninsula-valdes-y-bariloche\/"},"modified":"2021-03-08T11:38:46","modified_gmt":"2021-03-08T14:38:46","slug":"peninsula-valdes-y-bariloche","status":"publish","type":"product","link":"https:\/\/www.lctouroperator.com\/it\/producto\/peninsula-valdes-y-bariloche\/","title":{"rendered":"Penisola Valdes e Bariloche"},"content":{"rendered":"<p><!--:es--><\/p>\n<div class=\"row\">\n<div class=\"nine columns\">\n<h2>Esplosione di vita e bellezza: fantastica fauna nella Penisola Valdes che raggiunge\u00a0 il massimo dello splendore tra la fine di settembre quando arrivano anche i pinguini. Ma per incantarsi con le balene giocherellando in acqua senza dover navigare .. l&#8217;estate italiana \u00e8 il miglior periodo quando le montagne di Bariloche si coprono di neve e un&#8217;incredibile sci estivo assicura delle esperienze uniche.<\/h2>\n<h3>Programma<\/h3>\n<table style=\"height: auto;\">\n<tbody>\n<tr style=\"height: auto;\">\n<td style=\"background-color: #ababab; height: auto;\"><span style=\"color: #000000;\"><span style=\"color: #ff6600;\">\u27a4<\/span>Giorno 1: Penisola Vald\u00e9s<\/span><\/td>\n<\/tr>\n<tr class=\"alt\" style=\"height: auto;\">\n<td style=\"height: auto;\">Prima colazione in hotel. In orario a seconda dei voli proseguimento del viaggio verso Puerto Madryn cuore per la visita della Penisola Vald\u00e9s. All&#8217;arrivo trasferimento in hotel. Tempo per una passeggiata libera per il lungomare e il piccolo centro del paese. Cena libera e pernottamento.<\/td>\n<\/tr>\n<tr style=\"height: auto;\">\n<td style=\"background-color: #ababab; height: auto;\"><span style=\"color: #000000;\"><span style=\"color: #ff6600;\">\u27a4<\/span>Giorno 2: Visita alla Penisola Valdes \u2013 Pinguini nella Estancia San Lorenzo<\/span><\/td>\n<\/tr>\n<tr class=\"alt\" style=\"height: auto;\">\n<td style=\"height: auto;\">Prima colazione. Intera giornata dedicata alla visita della Penisola di Valdes, incredibile risultato geografico, formato da isole e isolotti, capi e baie, golfi e spiagge, dichiarato Patrimonio dell\u2019Unesco nel 1999, considerata \u201cRiserva Naturale Turistica Integrale\u201d giacch\u00e9 si possono\u00a0\u00a0avvistare da area strategiche numerose specie di mammiferi marini. Lungo il tragitto fino a Punta Norte dove oggi si concentra il maggior numero di pinguini magellanici superando a Punta Tombo, si passer\u00e0\u00a0 per Punta Piramide, luogo di riproduzione dei lupi marini che si possono avvistare da una scogliera alta ca 50 metri; per \u00a0Punta Delgada, dove, ai piedi della scogliera vive una colonia di elefanti marini. Da ottobre a met\u00e0 dicembre a Puerto Piramides sar\u00e0 possibile realizzare la navigazione per l\u2019osservazione e avvicinamento delle balene.\u00a0 Proseguimento verso la Estancia San Lorenzo: attuale luogo preferito dai pinguini (da settembre ad aprile). Pranzo nella estancia a base del tipico asado argentino. Immediatamente visita al Parco Nazionale dove l&#8217;attrattiva maggiore \u00e8 l\u2019immensa colonia di pinguini magellanici che da Settembre ad Aprile approdano qui per la riproduzione. Sar\u00e0 un\u2019esperienza sicuramente indimenticabile poter passeggiare fra i loro nidi e vedere questi esemplari procurarsi il cibo. Al termine delle visite rientro in<span lang=\"IT\">\u00a0hotel.\u00a0Cena libera e\u00a0 pernottamento<\/span>.<\/td>\n<\/tr>\n<tr style=\"height: auto;\">\n<td style=\"background-color: #ababab; height: auto;\"><span style=\"color: #000000;\"><span style=\"color: #ff6600;\">\u27a4<\/span>Giorno 3: El Doradillo &#8211; Viaggio a Bariloche<\/span><\/td>\n<\/tr>\n<tr class=\"alt\" style=\"height: auto;\">\n<td style=\"height: auto;\">Prima colazione. Importante, se il viaggio si realizza nei mesi estivi in Italia tra giugno e settembre \u00e8 possibile fare un&#8217;incredibile osservazione di balene a\u00a0 El Doradillo a 12 km da Puerto Madryn, senza\u00a0 bisogno di navigare per incontrarle:\u00a0 questa riviera, a differenza della maggior parte delle spiagge della zona, possiede una pendenza molto pronunciata, che permette ai cetacei di avvicinarsi a pochi metri dalla costa. Quest&#8217;area \u00e8 scelta dalle balene per la sua calma e per le sue acque calde che prediligono per partorire e allattare i loro piccoli. Fino ai 30 o 40 giorni di vita, i balenotteri non sviluppano la cappa di grasso che gli permette di galleggiare. Per questo le loro madri li portano sulle pinne vicino alla costa e approfittano per riposare sul letto del mare. All&#8217;estremo nord, su di una delle punte della scogliera, si trova una casetta che permette ai biologi di vedere l&#8217;arrivo dei primi esemplari e censire la popolazione di balene che arrivano ogni anno al Golfo Nuevo. Rientro in hotel. Pomeriggio libero. Circa le 19:30 (da confermare) trasferimento al terminal a Trelew per salire a bordo del bus per proseguire il viaggio verso\u00a0 Bariloche, in Patagonia, ca. 600 chilometri. Pernottamento a bordo.<\/td>\n<\/tr>\n<tr style=\"height: auto;\">\n<td style=\"background-color: #ababab; height: auto;\"><span style=\"color: #000000;\"><span style=\"color: #ff6600;\">\u27a4<\/span>Giorno 4: Bariloche<\/span><\/td>\n<\/tr>\n<tr class=\"alt\" style=\"height: auto;\">\n<td style=\"height: auto;\">Arrivo stimato ca. le 10:45, trasferimento in hotel. Tempo per riposarsi dal viaggio con breve camminate in centro citt\u00e0. Importante!: se l&#8217;interesse \u00e8 sciare \u00e8 possibile modificare le proposte del giorno 5 e 6 per approfittare le piste in orario mattutino.<\/td>\n<\/tr>\n<tr class=\"alt\" style=\"height: auto;\">\n<td style=\"background-color: #ababab; height: auto;\"><span style=\"color: #000000;\"><span style=\"color: #ff6600;\">\u27a4<\/span>Giorno 5: Visita guidata \u201cCircuito Chico\u201d<\/span><\/td>\n<\/tr>\n<tr class=\"alt\" style=\"height: auto;\">\n<td style=\"height: auto;\">Prima colazione. Tempo dedicato allo sci o in mattinata tour guidato denominato \u201cCircuito Chico\u201d, che \u00e8 la carta di presentazione di Bariloche. La bellezza del paesaggio \u00e8 presente in tutto il percorso. Diversi punti del cammino e alcuni osservatori naturali, come Bah\u00eda L\u00f3pez e il Punto Panor\u00e1mico, sono ideali per godere di una meravigliosa vista. La seggiovia del Colle (\u201cCerro\u201d) Campanario, situata nel \u201ccentro\u201d del paesaggio (km 17), raggiunge \u201cl\u2019altezza propria dello stupore\u201d per godere della vista pi\u00f9 imponente della zona. Di fronte a Puerto Pa\u00f1uelo, l\u2019hotel Llao Llao e la chiesetta di San Eduardo, luoghi molto attraenti. Il Circuito Chico \u00e8 un\u2019escursione pi\u00f9 che completa. Oltre al paesaggio, si possono scoprire prodotti tipici e artigianali in gran variet\u00e0: tessuti, legno, candele, ceramiche, cosmetici, cioccolato, dolci tedeschi e selvaggina\u2026. Rientro all\u2019hotel. Tempo libero per visite facoltative come visita al bar sulla cuspide del Cerro Otto:\u00a0 una struttura giratoria con una veduta di 360\u00ba a 1.450 m slm. Bellissima esperienza contemplando la natura mentre si beve un drink. Rientro in hotel.<\/td>\n<\/tr>\n<tr class=\"alt\" style=\"height: auto;\">\n<td style=\"background-color: #ababab; height: auto;\"><span style=\"color: #000000;\"><span style=\"color: #ff6600;\">\u27a4<\/span>Giorno 6: Circuito San Mart\u00edn de los Andes \u2013 Villa La Angostura<\/span><\/td>\n<\/tr>\n<tr class=\"alt\" style=\"height: auto;\">\n<td style=\"height: auto;\">Prima colazione. Se la nevicata in zona permette sar\u00e0 possibile realizzare questa escursione anche tra i mesi di luglio ed agosto. Il percorso di questo meraviglioso circuito, comprende tutta la gamma di paesaggi che si possono apprezzare in questa regione privilegiata. Il tragitto verso San Mart\u00edn de los Andes\u00a0 si avventura tra i boschi, attraversa fiumi e ruscelli e costeggia vari laghi (Nahuel Huapi, Correntoso, Espejo, Escondido, Villarino, Falkner e Mach\u00f3nico) con diversi punti panoramici. Costeggiando il lago Lacar, si arriva a San Mart\u00edn de los Andes per pranzare e una visita libera della cittadina. Rientro a Bariloche.<\/td>\n<\/tr>\n<tr class=\"alt\" style=\"height: auto;\">\n<td style=\"background-color: #ababab; height: auto;\"><span style=\"color: #000000;\"><span style=\"color: #ff6600;\">\u27a4<\/span>Giorno 7: Bariloche \u2013 Altre destinazioni<\/span><\/td>\n<\/tr>\n<tr class=\"alt\" style=\"height: auto;\">\n<td style=\"height: auto;\">Prima colazione. Se la visita a Bariloche capita nei mesi tra ottobre ed aprile\u00a0 sar\u00e0 possibile realizzare dei trekking molto interessanti. Proseguimento del viaggio verso altre destinazioni in Argentina o altrove. Per conoscenza: se il viaggio si realizza nel mese di agosto in genere ci sono voli che collegano Bariloche direttamente con alcune citt\u00e0 brasiliane dove inoltre sar\u00e0 possibile anche fare il mare per coloro che sono interessati.<\/td>\n<\/tr>\n<\/tbody>\n<\/table>\n<\/div>\n<\/div>\n","protected":false},"excerpt":{"rendered":"<div class=\"Giorni\">\n<div class=\"numero\">Argentina<br \/>\n7 Giorni \/ 6 Notti<\/div>\n<\/div>\n","protected":false},"featured_media":2939,"comment_status":"closed","ping_status":"closed","template":"","meta":{"dwc-title":[""],"dwc-content":["<img class=\"size-full wp-image-2856 aligncenter\" src=\"http:\/\/www.lctouroperator.com\/it\/wp-content\/uploads\/2017\/06\/Argentina-03-2010Cv31.jpg\" alt=\"\" width=\"274\" height=\"420\" \/>"]},"product_cat":[13,22],"product_tag":[],"class_list":{"0":"post-230","1":"product","2":"type-product","3":"status-publish","4":"has-post-thumbnail","6":"product_cat-argentina","7":"product_cat-gli-speciali","9":"first","10":"instock","11":"shipping-taxable","12":"product-type-simple"},"_links":{"self":[{"href":"https:\/\/www.lctouroperator.com\/it\/wp-json\/wp\/v2\/product\/230"}],"collection":[{"href":"https:\/\/www.lctouroperator.com\/it\/wp-json\/wp\/v2\/product"}],"about":[{"href":"https:\/\/www.lctouroperator.com\/it\/wp-json\/wp\/v2\/types\/product"}],"replies":[{"embeddable":true,"href":"https:\/\/www.lctouroperator.com\/it\/wp-json\/wp\/v2\/comments?post=230"}],"wp:featuredmedia":[{"embeddable":true,"href":"https:\/\/www.lctouroperator.com\/it\/wp-json\/wp\/v2\/media\/2939"}],"wp:attachment":[{"href":"https:\/\/www.lctouroperator.com\/it\/wp-json\/wp\/v2\/media?parent=230"}],"wp:term":[{"taxonomy":"product_cat","embeddable":true,"href":"https:\/\/www.lctouroperator.com\/it\/wp-json\/wp\/v2\/product_cat?post=230"},{"taxonomy":"product_tag","embeddable":true,"href":"https:\/\/www.lctouroperator.com\/it\/wp-json\/wp\/v2\/product_tag?post=230"}],"curies":[{"name":"wp","href":"https:\/\/api.w.org\/{rel}","templated":true}]}}