{"id":2232,"date":"2017-06-07T14:16:52","date_gmt":"2017-06-07T17:16:52","guid":{"rendered":"http:\/\/www.lctouroperator.com\/it\/?post_type=product&#038;p=2232"},"modified":"2020-10-21T03:39:37","modified_gmt":"2020-10-21T06:39:37","slug":"tango-e-folclore","status":"publish","type":"product","link":"https:\/\/www.lctouroperator.com\/it\/producto\/tango-e-folclore\/","title":{"rendered":"Tango e Folclore"},"content":{"rendered":"<p><!--:es--><\/p>\n<div class=\"row\">\n<div class=\"nine columns\">\n<div id=\"tw-target-text-container\" class=\"tw-ta-container tw-nfl\">\n<div class=\"nine columns\">\n<div id=\"tw-target-text-container\" class=\"tw-ta-container tw-nfl\">\n<h2>Cosmopolita, moderna, la \u201cReina del Plata\u201d incanta. Sempre. Gli innumerevoli teatri, parchi, shows, ristoranti nei famosi quartieri di San Telmo, Palermo, La Boca, Puerto Madero, fanno s\u00ec che Buenos Aires sia un destino irresistibile tutto l\u2019 anno. Itinerario da abbinare\u00a0 con un tuffo al nord argentino e salire ancora.. magari oltrepassando frontiere fino al nord di paesi limitrofi.<\/h2>\n<p>Valdit\u00e0: Agosto (in coincidenza con il Festival del Tango)<\/p>\n<\/div>\n<\/div>\n<h2 id=\"tw-target-text\" class=\"tw-data-text tw-ta tw-text-small\" dir=\"ltr\" data-placeholder=\"Translation\"><span style=\"color: #ff6600;\">Programma<\/span><\/h2>\n<\/div>\n<\/div>\n<table>\n<tbody>\n<tr>\n<td style=\"background-color: #ababab;\"><span style=\"color: #000000;\"><span style=\"color: #ff6600;\">\u27a4<\/span>Giorno 1:\u00a0Buenos Aires<\/span><\/td>\n<\/tr>\n<tr class=\"alt\">\n<td>Arrivo a Buenos Aires, la capitale del paese. Tempo per il disbrigo delle pratiche migratorie. Trasferimento all&#8217;hotel prescelto. Tempo per riposarsi del viaggio intercontinentale. Nel pomeriggio\u00a0 visita libera della citt\u00e0, una delle pi\u00f9 belle del Sudamerica, dove mille influenze culturali da tutto il mondo si combinano con una personalit\u00e0 particolare ed inconfondibile rendendo ogni angolo della citt\u00e0 unico e vivo. Cosmopolita e moderna, la \u201cregina del Plata\u201d incanta sempre inoltre\u00a0 per l\u2019incredibile offerta culturale:\u00a0 la storica\u00a0 Plaza de Mayo\u00a0 con la Casa Rosada, il Cabildo, la Cattedrale e un breve circuito pedonale osservando gli edifici della\u00a0manzana\u00a0de las luces, culla dell\u2019intellettualit\u00e0 di Buenos Aires. Pernottamento in hotel.<\/td>\n<\/tr>\n<tr>\n<td style=\"background-color: #ababab;\"><span style=\"color: #000000;\"><span style=\"color: #ff6600;\">\u27a4<\/span>Giorno 2:\u00a0Buenos Aires<\/span><\/td>\n<\/tr>\n<tr class=\"alt\">\n<td>Prima colazione. Visita guidata per scoprire i quartieri pi\u00f9 emblematici di Buenos Aires tra cui\u00a0 La Boca, quartiere degli immigrati italiani, San Telmo e i suoi negozi di antiquariato, la Avenida 9 de julio, il Cabildo, il moderno quartiere di Puerto Madero, sorto sull&#8217;antico porto de Buenos Aires. Pranzo e pomeriggio libero per visite facoltative: teatro Col\u00f3n, pedonale Florida. In serata, cena di benvenuto e spettacolo di tango.<\/td>\n<\/tr>\n<tr>\n<td style=\"background-color: #ababab;\"><span style=\"color: #000000;\"><span style=\"color: #ff6600;\">\u27a4<\/span>Giorno 3:\u00a0Buenos Aires<\/span><\/td>\n<\/tr>\n<tr class=\"alt\">\n<td>Prima colazione. Tempo a disposizione per partecipare a corsi del sensuale tango e di\u00a0\u00a0<i>milonga<\/i>..<i>.<\/i>il ballo col cuore africano dove non conta tanto i movimenti dei piedi in aria ma ben piantati a terra, ritmici.\u00a0Nel mese di agosto in genere si tiene il festival del tango a Buenos Aires e non mancano eventi di tango in citt\u00e0. Pranzo facoltativo con degustazione di vini accompagnato da un men\u00f9 perfetto: in una delle migliori cantine di San Telmo. Nella settimana del tango d agosto inoltre si realizzano\u00a0spettacoli di tango nelle piazze, \u00e8 possibile partecipare a delle mostre, acquistare vestiti tipici per il ballo del tango ma soprattutto ci si pu\u00f2 recare nei numerosi locali per ballare o iniziarsi in questo ballo. Rientro in hotel. Pernottamento..<\/td>\n<\/tr>\n<tr>\n<td style=\"background-color: #ababab;\"><span style=\"color: #000000;\"><span style=\"color: #ff6600;\">\u27a4<\/span>Giorno 4: Buenos Aires \u2013 Salta<\/span><\/td>\n<\/tr>\n<tr class=\"alt\">\n<td>Prima colazione. In orario da specificare trasferimento in aeroporto per continuare viaggio verso il nord di Argentina: Salta, chiamata \u201cla linda\u201d per essere la citt\u00e0 coloniale pi\u00f9 bella d\u2019Argentina. Trasferimento in hotel. Tempo libero. Alle 16:00 inizio della visita guidata: centro storico, chiese, musei e monumenti con la tipica architettura coloniale che la caratterizza. La sera cena e passeggiata libera per il centro della citt\u00e0. Facoltativo show di danza e canzoni folkloriche.\u00a0 Pernottamento.<\/td>\n<\/tr>\n<tr class=\"alt\">\n<td style=\"background-color: #ababab;\"><span style=\"color: #000000;\"><span style=\"color: #ff6600;\">\u27a4<\/span>Giorno 5: Cafayate \/ Quebrada de las Conchas<\/span><\/td>\n<\/tr>\n<tr class=\"alt\">\n<td>Prima colazione in hotel. Tour a Cafayate, paesino di vigne e cantine dei famosi vini nazionali approfittando durante il percorso di paesaggi di sorprendente bellezza attraversando la Quebradas de las Conchas: Incredibile formazioni sedimentarie con figure assai delineate como la \u201cGarganta del Diablo\u201d e \u201cl\u2019Anfiteatro\u201d, e anche altre erosioni eoliche come: \u201cEl Fraile\u201d, \u201cEl Sapo\u201d, \u201cEl Navio\u201d.<br \/>\nArrivo a Cafayate. Pranzo libero in una delle cantine tradizionali. Visita con degustazione. A met\u00e0 pomeriggio\u00a0 rientro a Salta. Visita facoltativa ai differenti musei tra cui: il museo Coloniale e delle Belle Arti, il museo di Archeologia di Alta Montagna che espone manufatti di antiche trib\u00f9 andine e degli Inca. In questo museo inoltre sono conservate le salme congelate e diventate mummificate di 3 bambini Inca uccisi in un sacrificio rituale che sono state scoperte nel 1999 sul vulcano Llullaillaco al confine della Provincia di Salta con il Cile.<\/td>\n<\/tr>\n<tr class=\"alt\">\n<td style=\"background-color: #ababab;\"><span style=\"color: #000000;\"><span style=\"color: #ff6600;\">\u27a4<\/span>Giorno 6: Quebrada de Humahuaca<\/span><\/td>\n<\/tr>\n<tr class=\"alt\">\n<td>Prima colazione in hotel. Giorno dedicato alla visita della Quebrada de Humahuaca dichiarata Patrimonio culturale dell\u2019 Umanit\u00e0: opportunit\u00e0 per un incontro con le comunit\u00e0 locali che conservano vita e costumi ancestrali. Durante il percorso fermata a Purmamarca per ammirare il \u201cCerro de siete colores\u201d. Passeggiata per il centro del paesino e per alcuni sentieri colorati. Tempo per scattare le migliori foto-cartoline. Proseguimento del viaggio fino a Tilcara dove si potranno apprezzare le costruzioni del Pukara, un forte costruito per la difesa degli antichi abitanti. Notte a Purmamarca o Salta.<\/td>\n<\/tr>\n<tr class=\"alt\">\n<td style=\"background-color: #ababab;\"><span style=\"color: #000000;\"><span style=\"color: #ff6600;\">\u27a4<\/span>Giorno 7: San Antonio de los Cobres o Salinas Grande:\u00a0 Treno alle nuvole<\/span><\/td>\n<\/tr>\n<tr class=\"alt\">\n<td>Prima colazione. Per gli amanti di treni caratteristici\u00a0 possibilit\u00e0 di vivere un&#8217;ora di viaggio nel treno \u201calle nuvole\u201d che arriva fino a 4.200 mlm: si realizza facendo un tour di giornata completa fino a San Antonio de los Cobres attraversando paraggi con paesaggi insoliti percorrendo l&#8217;antica strada del treno o passando da Salinas Grandes se la notte si \u00e8 fatta a Purmamarca. Rientro a Salta. Importante: per chi desidera realizzare un&#8217;attivit\u00e0 differente \u00e8 possibile vivere una giornata di relax nelle terme di Purmamarca. Rientro a Salta. Pernottamento.<\/td>\n<\/tr>\n<tr class=\"alt\">\n<td style=\"background-color: #ababab;\"><span style=\"color: #000000;\"><span style=\"color: #ff6600;\">\u27a4<\/span>Giorno 8: Salta \u2013 Diverse proposte<\/span><\/td>\n<\/tr>\n<tr class=\"alt\">\n<td>Prima colazione. Trasferimento all&#8217;aeroporto o al terminal bus a seconda del programma da svolgere: infatti da qui \u00e8 possibile visitare il Deserto di Atacama e il Salar di Uyuni. Un bus regolare da prenotare con anticipo realizza il percorso di 511 tra Purmamarca e Calama, in ca. 8 ore. Un viaggio sicuro e in genere notturno. In alternativa proseguimento del viaggio verso ad altre destinazioni in Argentina.<\/td>\n<\/tr>\n<\/tbody>\n<\/table>\n<\/div>\n","protected":false},"excerpt":{"rendered":"<p>Argentina<br \/>\n8 giorni \/ 7 notti<\/p>\n","protected":false},"featured_media":2240,"comment_status":"closed","ping_status":"closed","template":"","meta":{"dwc-title":[""],"dwc-content":["<img class=\"alignnone size-full wp-image-2858\" src=\"http:\/\/www.lctouroperator.com\/it\/wp-content\/uploads\/2017\/06\/Argentina-02-2010Bv21.jpg\" alt=\"\" width=\"274\" height=\"420\" \/>"]},"product_cat":[13],"product_tag":[],"class_list":{"0":"post-2232","1":"product","2":"type-product","3":"status-publish","4":"has-post-thumbnail","6":"product_cat-argentina","8":"first","9":"instock","10":"shipping-taxable","11":"product-type-simple"},"_links":{"self":[{"href":"https:\/\/www.lctouroperator.com\/it\/wp-json\/wp\/v2\/product\/2232"}],"collection":[{"href":"https:\/\/www.lctouroperator.com\/it\/wp-json\/wp\/v2\/product"}],"about":[{"href":"https:\/\/www.lctouroperator.com\/it\/wp-json\/wp\/v2\/types\/product"}],"replies":[{"embeddable":true,"href":"https:\/\/www.lctouroperator.com\/it\/wp-json\/wp\/v2\/comments?post=2232"}],"wp:featuredmedia":[{"embeddable":true,"href":"https:\/\/www.lctouroperator.com\/it\/wp-json\/wp\/v2\/media\/2240"}],"wp:attachment":[{"href":"https:\/\/www.lctouroperator.com\/it\/wp-json\/wp\/v2\/media?parent=2232"}],"wp:term":[{"taxonomy":"product_cat","embeddable":true,"href":"https:\/\/www.lctouroperator.com\/it\/wp-json\/wp\/v2\/product_cat?post=2232"},{"taxonomy":"product_tag","embeddable":true,"href":"https:\/\/www.lctouroperator.com\/it\/wp-json\/wp\/v2\/product_tag?post=2232"}],"curies":[{"name":"wp","href":"https:\/\/api.w.org\/{rel}","templated":true}]}}