{"id":2214,"date":"2017-06-05T15:29:02","date_gmt":"2017-06-05T18:29:02","guid":{"rendered":"http:\/\/www.lctouroperator.com\/it\/?post_type=product&#038;p=2214"},"modified":"2021-03-08T11:36:32","modified_gmt":"2021-03-08T14:36:32","slug":"costa-rica-e-panama","status":"publish","type":"product","link":"https:\/\/www.lctouroperator.com\/it\/producto\/costa-rica-e-panama\/","title":{"rendered":"Costa Rica e Panama"},"content":{"rendered":"<h2>Diversit\u00e0 culturale manifesta nei volti, nella tavola e nella musica, in questi due paesi accomunati da una splendida natura che le affaccia su due oceani: il Pacifico e l&#8217;Atlantico. Ricchezze superlative dei Caraibi pi\u00f9 belli in questo tour combinato all&#8217;insegna del centro-america.<\/h2>\n<p>Validit\u00e0: Tutto l\u2019anno<\/p>\n<h3>Programma<\/h3>\n<div class=\"nine columns\">\n<table style=\"height: 1320px;\">\n<tbody>\n<tr style=\"height: 24px;\">\n<td style=\"background-color: #ababab; height: 24px;\"><span style=\"color: #000000;\"><span style=\"color: #ff6600;\">\u27a4<\/span>Giorno 1:\u00a0 San Jos\u00e9 de Costa Rica<\/span><\/td>\n<\/tr>\n<tr class=\"alt\" style=\"height: 48px;\">\n<td style=\"height: 48px;\">Arrivo all&#8217;aeroporto. Trasferimento privato all&#8217;hotel.\u00a0 Sistemazione nelle camere riservate. Tempo per riposarsi dal viaggio. Cena libera. Pernottamento.<\/td>\n<\/tr>\n<tr style=\"height: 24px;\">\n<td style=\"background-color: #ababab; height: 24px;\"><span style=\"color: #000000;\"><span style=\"color: #ff6600;\">\u27a4<\/span>Giorno 2: Centro storico di San Jose &#8211; Monteverde<\/span><\/td>\n<\/tr>\n<tr class=\"alt\" style=\"height: auto;\">\n<td style=\"height: auto;\">Prima colazione. In mattinata visita panoramica della capitale del paese: Piazza della Democrazia, Museo e Teatro Nazionale, i Tribunali, gli Yoses, il Mall San Pedro, la Fuente de la Hispanidad e la Sede Rodrigo Facio dell\u2019Universit\u00e0. Visita al museo dell&#8217;Oro Precolombiano.\u00a0 Pranzo libero. Continuazione del viaggio verso la\u00a0\u00a0Riserva Biologica Monteverde a 138 chilometri da San Jose:\u00a0\u00a0Fermata in una <em>finca<\/em> del caff\u00e8 per conoscere da vicino il processo di produzione in un ambiente di speciale cura per la natura. Arrivo in hotel. In attesa della sistemazione nella camera riservata, tempo libero per attivit\u00e0 facoltative. L&#8217;area di Monteverde \u00e8 famosa a livello mondiale per il suo particolare bioma, chiamato \u00abbosco nuvoloso\u00bb o \u00abmuschioso\u00bb. Si possono visitare: la Galleria dei Colibr\u00ec, il Giardino delle Farfalle, la \u00abFinca\u00bb degli Uccelli, oltre a altre aree della riserva come tour guidato ai Ponti Sospesi (Puentes Colgantes). L&#8217;escursione consiste in 8 ponti di diversa lunghezza e altezze, per un totale di circa 3 km. Questo tour offre il modo pi\u00f9 sicuro e spettacolare di vivere il bosco da una prospettiva molto interessante. Pernottamento.<\/td>\n<\/tr>\n<tr style=\"height: 24px;\">\n<td style=\"background-color: #ababab; height: 24px;\"><span style=\"color: #000000;\"><span style=\"color: #ff6600;\">\u27a4<\/span>Giorno 3: Monteverde &#8211; Arenal\u00a0<\/span><\/td>\n<\/tr>\n<tr class=\"alt\" style=\"height: 72px;\">\n<td style=\"height: 72px;\">Prima\u00a0 colazione. Mattina a disposizione per ultime visite. Al primo pomeriggio partenza per La Fortuna, nei pressi del Vulcano Arenal.\u00a0 All&#8217;arrivo sistemazione nell&#8217;hotel riservato. Tempo a disposizione per qualche camminata nei dintorni dell&#8217;hotel, visita al piccolo centro e relax nelle piscine termali. Cena libera e pernottamento.<\/td>\n<\/tr>\n<tr class=\"alt\" style=\"height: 24px;\">\n<td style=\"background-color: #ababab; height: 24px;\"><span style=\"color: #000000;\"><span style=\"color: #ff6600;\">\u27a4<\/span>Giorno 4:\u00a0 Trekking a Rio Celeste<\/span><\/td>\n<\/tr>\n<tr class=\"alt\" style=\"height: 48px;\">\n<td style=\"height: 48px;\">Prima colazione. Partenza per l&#8217;attivit\u00e0 del giorno: visita al R\u00edo Celeste, situato nel Parco Nazionale Volca\u0301n Tenorio dove \u00e8 prevista una camminata di 7 km (circa 4 ore) attraverso il bosco pluviale passando per il luogo chiamato \u201cLos Ten\u0303ideros\u201d, dove si incontrano due fiumi, creando delle sorgenti di acqua cristallina di color celeste, da cui il nome del posto. Pranzo in corso di escursione. Di ritorno, camminata lungo un sentiero dove si possono osservare le \u201cOllas\u201d (\u201cpentole\u201d), ovvero fumarole, gas che sgorgano dalla terra vulcanica, ad alte temperature. Si proseguir\u00e0 poi ancora a piedi fino ad arrivare a una bellissima cascata dalle acque celesti. Rientro in hotel. Pernottamento.<\/td>\n<\/tr>\n<tr class=\"alt\" style=\"height: 24px;\">\n<td style=\"background-color: #ababab; height: 24px;\"><span style=\"color: #000000;\"><span style=\"color: #ff6600;\">\u27a4<\/span>Giorno 5: Arenal \u2013 Tortuguero<\/span><\/td>\n<\/tr>\n<tr class=\"alt\" style=\"height: 24px;\">\n<td style=\"height: 24px;\">Prima colazione. Ben presto partenza verso Tortuguero, un percorso di ca. 220\u00a0 chilometri in mezzo ad una splendida natura. Arrivo al porticciolo per continuare viaggio in un&#8217;imbarcazione che permetter\u00e0 l\u2019avvistamento di una grande variet\u00e0 di flora e fauna locale. Tempo per il pranzo. Nel pomeriggio visita al paese di Tortuguero dove si potr\u00e0 ammirare il lavoro degli artigiani locale. Sistemazione nelle camere riservate. Cena. Pernottamento<\/td>\n<\/tr>\n<tr class=\"alt\" style=\"height: 24px;\">\n<td style=\"background-color: #ababab; height: 24px;\"><span style=\"color: #000000;\"><span style=\"color: #ff6600;\">\u27a4<\/span>Giorno 6: Canali del Tortuguero<\/span><\/td>\n<\/tr>\n<tr class=\"alt\" style=\"height: 48px;\">\n<td style=\"height: 48px;\">Prima colazione nel Lodge. Una giornata dedicata ad un vero safari acquatico che inizia con una passeggiata in mezzo all&#8217;esuberante Selva Tropicale, dove sar\u00e0 possibile osservare molte specie di uccelli, mammiferi e rettili. Pranzo. Nel pomeriggio si continuer\u00e0 ad ammirare le meraviglie dei Caraibi nel percorso per i Canali di Tortuguero in battello: si avr\u00e0 modo di scoprire che il mare e la sabbia dei Caraibi in questa zona non ha certo i colori mozzafiato che \u00e8 solito trovare sulla costa atlantica dei Caraibi ma il luogo \u00e8 famoso soprattutto perch\u00e9 le tartarughe carey e caguama vengono a deporre le uova soprattutto nei mesi tra maggio ed ottobre. Per un avvistamento perfetto dei piccoli intenti ad arrivare al mare bisognerebbe inoltre capitarci nel periodo di luna piena.\u00a0 Pernottamento.<\/td>\n<\/tr>\n<tr style=\"height: 24px;\">\n<td style=\"background-color: #ababab; height: 24px;\"><span style=\"color: #000000;\"><span style=\"color: #ff6600;\">\u27a4<\/span>Giorno 7: Lim\u00f3n &#8211; Isla Uvita &#8211; Parque Nazionale\u00a0Cahuita &#8211; Puerto Viejo de Talamanca\u00a0<\/span><\/td>\n<\/tr>\n<tr class=\"alt\" style=\"height: 120px;\">\n<td style=\"height: 120px;\">Prima colazione. Partenza per Puerto Viejo (209 chilometri)\u00a0 e\u00a0 nel percorso del viaggio tempo libero per una visita a Puerto Limon. Importante da sapere che a 20 minuti in barca da Limon sar\u00e0 possibile arrivare a Isla Uvita: il primo luogo di arrivo di Cristoforo Colombo nel 1502 il quale, \u00a0ammirato per tanta bellezza e ricchezza, le diede il nome Costa Rica. Per gli amanti delle immersioni questo \u00e8 un posto ideale. Una visita da non perdere, proseguendo verso Puerto Viejo, \u00e8 il Parco Nazionale Cahuita, forse uno dei pi\u00f9 belli della Costa Rica. Entrando per la porta Kelly Creek, camminata nella foresta pluviale del Parco Nazionale per scoprire la fauna selvatica e tutta la bellezza di questo inusuale paesaggio caraibico. Proseguimento fino all&#8217;alloggio a Puerto Viejo.\u00a0 In questa costa caraibica del Paese inoltre si trova la pi\u00f9 grande barriera corallina della Costa Rica. Sar\u00e0 possibile praticare snorkeling, tra i migliori del Paese nel rifugio Gandoca-Manzanillo, per le sue baie protette e barriere coralline poco profonde. Cena libera e pernottamento.<\/td>\n<\/tr>\n<tr class=\"alt\" style=\"height: 24px;\">\n<td style=\"background-color: #ababab; height: 24px;\"><span style=\"color: #000000;\"><span style=\"color: #ff6600;\">\u27a4<\/span>Giorno 8: Puerto Viejo de Talamanca (Costa Rica) &#8211; Bocas del Toro &#8211; Panama<\/span><\/td>\n<\/tr>\n<tr class=\"alt\" style=\"height: 72px;\">\n<td style=\"height: 72px;\">Prima colazione. Partenza per il Panama (114 chilometri). Tempo per pratiche migratorie e continuazione del viaggio fino a Isla Colon dove si arriva dopo una breve navigazione. Arrivo all&#8217;hotel riservato.\u00a0 Tempo libero per una visita libera del piccolo centro del paese. In questi tre giorni nell&#8217;Isola sar\u00e0 possibile conoscere le spiagge di Colon come Playa Estrella e Playa Bluff. Sar\u00e0 possibile inoltre realizzare alcuni tour di intere giornate all\u2019Isola Bastimentos per attivit\u00e0 come snorkeling, immersioni etc. Su richiesta e molto anticipo \u00e8 possibile pernottare direttamente nell&#8217;Isola Bastimentos con trattamento all inclusive, circondati di bellissimi delfini.<\/td>\n<\/tr>\n<tr class=\"alt\" style=\"height: 24px;\">\n<td style=\"background-color: #ababab; height: 24px;\"><span style=\"color: #ff6600;\">\u27a4<\/span><span style=\"color: #000000;\">Giorno 9: Bocas del Toro\u00a0<\/span><\/td>\n<\/tr>\n<tr class=\"alt\" style=\"height: 24px;\">\n<td style=\"height: 24px;\">\u00a0Prima colazione. Giornata a disposizione per godere delle spiagge in relax.<\/td>\n<\/tr>\n<tr class=\"alt\" style=\"height: 24px;\">\n<td style=\"background-color: #ababab; height: 24px;\"><span style=\"color: #ff6600;\">\u27a4<\/span><span style=\"color: #000000;\">Giorno 10: Bocas del Toro &#8211; Citt\u00e0 del Panama<\/span><\/td>\n<\/tr>\n<tr class=\"alt\" style=\"height: 48px;\">\n<td style=\"height: 48px;\">Prima colazione. In orario da confermare trasferimento all&#8217;aeroporto di Isla Colon per proseguire il viaggio verso Citt\u00e0 del Panama. Arrivo all&#8217;aeroporto interno e\u00a0 trasferimento in hotel. Tempo libero. Pernottamento.<\/td>\n<\/tr>\n<tr class=\"alt\" style=\"height: 24px;\">\n<td style=\"background-color: #ababab; height: 24px;\"><span style=\"color: #ff6600;\">\u27a4<\/span><span style=\"color: #000000;\">Giorno 11: Citt\u00e0 del Panama<\/span><\/td>\n<\/tr>\n<tr class=\"alt\" style=\"height: 48px;\">\n<td style=\"height: 48px;\">Prima colazione. Giornata in libert\u00e0 per conoscere la citt\u00e0: sia la parte moderna e il centro storico. Fondata nel 1673. I suoi fiori all&#8217;occhiello sono: il monumento agli imprenditori francesi che cominciarono i lavori del Canale del Panama, il Museo dell&#8217;Arte\u00a0 \u201cLas B\u00f3vedas\u201d -un antico deposito di oro-. Altri posti interessanti sono il famoso Arco Chato (\u201cpiatto\u201d) e il Convento di Santo Domingo, la chiesa di San Jos\u00e9, il Museo del Canale di Panama, il Teatro Nazionale, la cattedrale nazionale, il Palazzo Presidenziale. Imperdibile una visita al Canale, con il sistema ingegneristico che rende possibile il transito delle imbarcazioni da un oceano all&#8217;altro. Pernottamento.<\/td>\n<\/tr>\n<tr class=\"alt\" style=\"height: 24px;\">\n<td style=\"background-color: #ababab; height: 24px;\"><span style=\"color: #ff6600;\">\u27a4<\/span><span style=\"color: #000000;\">Giorno 12: Arcipelago di San Blas<\/span><\/td>\n<\/tr>\n<tr class=\"alt\" style=\"height: 48px;\">\n<td style=\"height: 48px;\">Prima colazione. Partenza con trasporto privato fino al piccolo porto di Carti per iniziare la navigazione fino all&#8217;Isola dove si trova l\u2019alloggio: un\u2019esperienza incredibile nell&#8217;arcipelago di San Blas (o arcipelago De las Muletas) ad est del canale di Panama. 365 isole, di cui soltanto 80 sono abitate, compongono questo arcipelago \u201cregno\u201d degli indigeni Guna; questi vivono della pesca e la caccia ma molti in questi anni sono spostati sul turismo che comunque \u00e8 sempre discreto per le rigide leggi locali che proteggono questo paradiso dalle masse di turisti. Sar\u00e0 possibile realizzare molteplici attivit\u00e0 tra cui indimenticabili snorkeling, camminate nelle spiagge di sabbia bianca, nuotare nelle limpide acque caraibiche, praticare pesca sportiva e tour in barca a vela. Tra aprile e giugno \u00e8 possibile anche realizzare delle immersioni. Pernottamento in bungalow immersi in una splendida natura con pensione completa.<\/td>\n<\/tr>\n<tr class=\"alt\" style=\"height: 24px;\">\n<td style=\"background-color: #ababab; height: 24px;\"><span style=\"color: #ff6600;\">\u27a4<\/span><span style=\"color: #000000;\">Giorno 13: Arcipelago di San Blas<\/span><\/td>\n<\/tr>\n<tr class=\"alt\" style=\"height: auto;\">\n<td style=\"height: auto;\">Giornata a disposizione.<\/td>\n<\/tr>\n<tr class=\"alt\" style=\"height: 24px;\">\n<td style=\"background-color: #ababab; height: 24px;\"><span style=\"color: #ff6600;\">\u27a4<\/span><span style=\"color: #000000;\">Giorno 14: Panama &#8211; rientro in Italia<\/span><\/td>\n<\/tr>\n<tr class=\"alt\" style=\"height: auto;\">\n<td style=\"height: auto;\">Prima colazione. In orario da indicare trasferimento all&#8217;aeroporto per iniziare il volo di rientro in Italia.<\/td>\n<\/tr>\n<\/tbody>\n<\/table>\n<\/div>\n","protected":false},"excerpt":{"rendered":"<p>Costa Rica, Panama<br \/>\n14 giorni \/ 13 notti<\/p>\n","protected":false},"featured_media":2957,"comment_status":"closed","ping_status":"closed","template":"","meta":{"dwc-title":[""],"dwc-content":["<img class=\" wp-image-2966 aligncenter\" src=\"http:\/\/www.lctouroperator.com\/it\/wp-content\/uploads\/2017\/06\/Costa-RicaPanama-B02-2005Bv21.jpg\" alt=\"\" width=\"292\" height=\"448\" \/>"]},"product_cat":[24,22],"product_tag":[],"class_list":{"0":"post-2214","1":"product","2":"type-product","3":"status-publish","4":"has-post-thumbnail","6":"product_cat-combinati","7":"product_cat-gli-speciali","9":"first","10":"instock","11":"shipping-taxable","12":"product-type-simple"},"_links":{"self":[{"href":"https:\/\/www.lctouroperator.com\/it\/wp-json\/wp\/v2\/product\/2214"}],"collection":[{"href":"https:\/\/www.lctouroperator.com\/it\/wp-json\/wp\/v2\/product"}],"about":[{"href":"https:\/\/www.lctouroperator.com\/it\/wp-json\/wp\/v2\/types\/product"}],"replies":[{"embeddable":true,"href":"https:\/\/www.lctouroperator.com\/it\/wp-json\/wp\/v2\/comments?post=2214"}],"wp:featuredmedia":[{"embeddable":true,"href":"https:\/\/www.lctouroperator.com\/it\/wp-json\/wp\/v2\/media\/2957"}],"wp:attachment":[{"href":"https:\/\/www.lctouroperator.com\/it\/wp-json\/wp\/v2\/media?parent=2214"}],"wp:term":[{"taxonomy":"product_cat","embeddable":true,"href":"https:\/\/www.lctouroperator.com\/it\/wp-json\/wp\/v2\/product_cat?post=2214"},{"taxonomy":"product_tag","embeddable":true,"href":"https:\/\/www.lctouroperator.com\/it\/wp-json\/wp\/v2\/product_tag?post=2214"}],"curies":[{"name":"wp","href":"https:\/\/api.w.org\/{rel}","templated":true}]}}