{"id":2130,"date":"2017-06-04T12:26:42","date_gmt":"2017-06-04T15:26:42","guid":{"rendered":"http:\/\/www.lctouroperator.com\/it\/?post_type=product&#038;p=2130"},"modified":"2021-05-04T12:14:36","modified_gmt":"2021-05-04T15:14:36","slug":"patagonia-incantata","status":"publish","type":"product","link":"https:\/\/www.lctouroperator.com\/it\/producto\/patagonia-incantata\/","title":{"rendered":"Patagonia Incantata"},"content":{"rendered":"<div class=\"nine columns\">\n<h2>Un viaggio unico per vivere da vicino l&#8217;esperienza della Patagonia, di rara bellezza in ogni angolo con dei paesaggi incredibili e difficile da dimenticare, camminando su ghiacciai, navigando fiordi infiniti e contemplando delfini, pinguini, foche, balene o magari orche e uccelli autoctoni.<\/h2>\n<h2>Ushuaia (Terra del fuoco) \u2013 Punta Arenas \u2013 Puerto Natales (Patagonia cilena) \u2013 El Calafate (Ghiacciaio Perito Moreno) \u2013 Buenos Aires<\/h2>\n<p>Validit\u00e0: da Ottobre ad Aprile<\/p>\n<h3>Programma<\/h3>\n<table style=\"height: auto\">\n<tbody>\n<tr style=\"height: 24px\">\n<td style=\"background-color: #ababab;height: 24px\"><span style=\"color: #000000\"><span style=\"color: #ff6600\">\u27a4<\/span>Giorno 1: USHUAIA \u00a0(Terra del Fuoco)<\/span><\/td>\n<\/tr>\n<tr class=\"alt\" style=\"height: 24px\">\n<td style=\"height: 24px\">Arrivo all&#8217;aeroporto di Ushuaia. Trasferimento nel hotel riservato. Tempo per riposarsi dal viaggio.<\/td>\n<\/tr>\n<tr style=\"height: 24px\">\n<td style=\"background-color: #ababab;height: 24px\"><span style=\"color: #000000\"><span style=\"color: #ff6600\">\u27a4<\/span>Giorno 2: USHUAIA<\/span><\/td>\n<\/tr>\n<tr class=\"alt\" style=\"height: auto\">\n<td style=\"height: auto\">Prima colazione. Navigazione sul Canale di Beagle fino alle solitarie Isole Bridges, regno di cormorani e leoni marini. Navigheremo su un canale percorso dai grandi esploratori, da cui si pu\u00f2 abbracciare tutta la citt\u00e0 di Ushuaia, con le montagne che le stanno dietro. Raggiungeremo quindi il celebre Faro Les Eclaireurs. Possibilit\u00e0 di scendere nella Pinguinera (da novembre a marzo). Cena e pernottamento.<\/td>\n<\/tr>\n<tr style=\"height: 24px\">\n<td style=\"background-color: #ababab;height: 24px\"><span style=\"color: #000000\"><span style=\"color: #ff6600\">\u27a4<\/span>Giorno 3: USHUAIA<\/span><\/td>\n<\/tr>\n<tr class=\"alt\" style=\"height: auto\">\n<td style=\"height: auto\">Prima colazione in hotel. Mezza giornata dedicata all\u2019escursione al Parco Nazionale Terra del Fuoco, che si trova a 12 Km ad ovest di Ushuaia, e dove \u00e8 possibile apprezzare una ricca vegetazione, caratterizzata da sei specie uniche: canelo, notro, lenga, ire e guindo. Anche i fiori, soprattutto in estate, sono numerosissimi e rari. All\u2019interno del Parco, si visiter\u00e0 Bah\u00eda Ensenada, che si trova sulla costa del Canale di Beagle, si passer\u00e0 per il lago Roca. L\u2019itinerario condurr\u00e0 fino a Bah\u00eda Lapataia, dove finisce la Strada Provinciale n\u00b0 3 a 3.242 km. dalla citt\u00e0 di Buenos Aires. Pomeriggio a disposizione. Cena libera per gustare in uno dei ristoranti locali, la centolla, tipico granchio preparato in mille modi diversi.<\/td>\n<\/tr>\n<tr style=\"height: 24px\">\n<td style=\"background-color: #ababab;height: 24px\"><span style=\"color: #000000\"><span style=\"color: #ff6600\">\u27a4<\/span>Giorno 4: USHUAIA \u2013 PUNTA ARENAS (619 chilometri)<\/span><\/td>\n<\/tr>\n<tr class=\"alt\" style=\"height: auto\">\n<td style=\"height: auto\">Prima colazione in hotel. In orario da indicare trasferimento libero alla stazione del bus Sur (o simile) per continuare viaggio verso Punta Arenas\u00a0\u00a0attraversando il famoso Paso Luis Garibaldi, immerso nelle cordigliere, e percorrendo la Ruta 3 argentina per ca. 284 chilometri fino a San Sebastian con vista sul lago Fagnano e splendidi paesaggi.\u00a0 Dopo le pratiche migratorie argentina e cilena, continuazione per la Ruta cilena N.257 per ca. 200 chilometri fino a Puerto Azul e imbarco sul traghetto che impiega ca. 20 minuti per attraversare lo stretto di Magellano. Una volta sbarcati ancora ca. due ore di viaggio e arrivo a Punta Arenas.\u00a0 Trasferimento in hotel e sistemazione nelle camere riservate. Tempo per riposarsi dal viaggio. Cena libera.<\/td>\n<\/tr>\n<tr class=\"alt\" style=\"height: 24px\">\n<td style=\"background-color: #ababab;height: 24px\"><span style=\"color: #000000\"><span style=\"color: #ff6600\">\u27a4<\/span>Giorno 5: PUNTA ARENAS<\/span><\/td>\n<\/tr>\n<tr class=\"alt\" style=\"height: auto\">\n<td style=\"height: auto\">Prima colazione. Giornata a disposizione per una visita libera della citt\u00e0 o realizzare qualche tour, ad esempio: Tour di mezza giornata all&#8217;Isola Margarita per avvistare pinguini dall&#8217;altro di un faro dove si arriva dopo una camminata di\u00a0 800 metri, migliaia di graziosi pinguini sparsi qua e l\u00e0. Oppure,\u00a0\u00a0tour di intera giornata navigando quasi 10 ore dove l&#8217;esperienza a contatto con il meglio della Patagonia australe \u00e8 superlativo&#8230;. tra ghiacciai e fiordi attraversando percorsi tracciati dai pionieri che hanno dato vita a Punta Arenas nel 1848 nonch\u00e9 da Fernando de Magallanes che ha scoperto lo stretto che porta il suo nome. La partenza del tour \u00e8 molto presto e sar\u00e0 possibile vedere l&#8217;alba sulla Terra del Fuoco, passando per il Capo Froward, il punto pi\u00f9 meridionale del continente americano: visita al Parco Marino Francisco Coloane dove sar\u00e0 possibile avvistare balene, delfini, cormorani, albatros, leoni marini e con molto fortuna magari gruppi di orche. Importante informarsi con anticipo sulla possibilit\u00e0 di realizzare questo tour dove pu\u00f2 capitare che a seconda del\u00a0 clima non si possa spingere oltre Capo Froward. Rientro a Punta Arenas. Cena libera e pernottamento.<\/td>\n<\/tr>\n<tr class=\"alt\" style=\"height: 24px\">\n<td style=\"background-color: #ababab;height: 24px\"><span style=\"color: #000000\"><span style=\"color: #ff6600\">\u27a4<\/span>Giorno 6: PUNTA ARENAS \u2013 PUERTO NATALES\u00a0 (248 chilometri)<\/span><\/td>\n<\/tr>\n<tr class=\"alt\" style=\"height: auto\">\n<td style=\"height: auto\">Prima colazione. Continuazione del viaggio verso Puerto Natales.\u00a0 Trasferimento libero in hotel. Tempo una visita libera di Puerto Natales, sulle sponde dei fiordi Ultima Esperanza, la citt\u00e0 \u00e8 conosciuta soprattutto perch\u00e9 \u00e8\u00a0\u00a0luogo di partenza per la visita al Parco Nazionale Torres del Paine e punto di attracco delle crociere verso i fiordi cileni.\u00a0\u00a0Cena libera. Pernottamento. Avendo la possibilit\u00e0 di aggiungere un altro giorno a questa visita \u00e8 possibile fare una crociera di intera giornata\u00a0 per esplorare il Fiordo Ultima Esperanza: montagne, ghiacciai come il Serrano e Balmaceda. Una bella esperienza!!<\/td>\n<\/tr>\n<tr class=\"alt\" style=\"height: 24px\">\n<td style=\"background-color: #ababab;height: 24px\"><span style=\"color: #000000\"><span style=\"color: #ff6600\">\u27a4<\/span>Giorno 7: PARCO NAZIONALE TORRES DEL PAINE \u00a0(Cile) \u2013 RUTA 40<\/span><\/td>\n<\/tr>\n<tr class=\"alt\" style=\"height: auto\">\n<td style=\"height: auto\">Prima colazione.\u00a0 Prima colazione. Intera giornata dedicata alla visita del Parco Nazionale Torres del Paine. Lago Sarmiento, laguna Azul con mini-trekking di circa 30 minuti tra paesaggi di sorprendente bellezza. Proseguimento per Salto del R\u00edo Paine e al lago Nord fino al Salto Grande, incredibile monumento naturale dove le acque del lago Nord si gettano nel lago Pehoe. Sosta al belvedere De Los Cuernos (trekking facile di circa 2 ore). Visita al Centro turistico del Parco per comprenderne l\u2019ecosistema. Pranzo in corso di escursione al Lago Grey di una bellezza incredibile. In serata, rientro in albergo. Cena libera e pernottamento.<\/td>\n<\/tr>\n<tr class=\"alt\" style=\"height: 24px\">\n<td style=\"background-color: #ababab;height: 24px\"><span style=\"color: #000000\"><span style=\"color: #ff6600\">\u27a4<\/span>Giorno 8:\u00a0PUERTO NATALES \u2013 EL CALAFATE (Argentina) &#8211; 269 chilometri<\/span><\/td>\n<\/tr>\n<tr class=\"alt\" style=\"height: auto\">\n<td style=\"height: auto\">Prima colazione. Presentazione nel terminal bus per continuare viaggio verso El Calafate; il viaggio dura circa 6 ore, a seconda del tempo che si impiega nel passaggio migratorio in frontiera tra i due paesi.\u00a0 Arrivo e trasferimento in hotel. Tempo libero per una visita libera del piccolo ma cosmopolita centro di El Calafate. Cena libera. Pernottamento.<\/td>\n<\/tr>\n<tr class=\"alt\" style=\"height: 24px\">\n<td style=\"background-color: #ababab;height: 24px\"><span style=\"color: #000000\"><span style=\"color: #ff6600\">\u27a4<\/span>Giorno 9: EL CALAFATE<\/span><\/td>\n<\/tr>\n<tr class=\"alt\" style=\"height: auto\">\n<td style=\"height: auto\">Prima colazione. Giornata a disposizione per tour facoltativi: ad una tipica <em>estancia<\/em> <em>patagonica<\/em> con pranzo incluso o una completa giornata alla splendida\u00a0 Estancia Cristina dove si arriva dopo la navigazione sul Lago Argentino e circondati dai ghiacciai. In serata visita libera\u00a0 al bar-museo Glaciarium per addentrarsi nella realt\u00e0 dei ghiacciai, la loro formazione e la loro scoperta ed esplorazione.<\/td>\n<\/tr>\n<tr class=\"alt\" style=\"height: 24px\">\n<td style=\"background-color: #ababab;height: 24px\"><span style=\"color: #000000\"><span style=\"color: #ff6600\">\u27a4<\/span>Giorno 10: GHIACCIAIO PERITO MORENO<\/span><\/td>\n<\/tr>\n<tr class=\"alt\" style=\"height: auto\">\n<td style=\"height: auto\">Prima Colazione in hotel. Mattinata dedicata alla visita del ghiacciaio Perito Moreno. Si tratta del ghiaccio pi\u00f9 conosciuto di tutta la Patagonia e sicuramente uno dei pi\u00f9 famosi e spettacolari del mondo: offre ai suoi visitatori un fronte di oltre 4 km ed una parete di ghiaccio che si eleva di oltre 60-70 metri sulla superficie del Lago Argentino. Giorno dopo giorno avanza facendo cadere continuamente ed in modo spettacolare enormi blocchi di ghiaccio alte come case di decine di piani. Il ghiacciaio si trova a circa 80 Km dalla citt\u00e0. Pranzo in corso di escursione. Facoltativo: mini-trekking sul ghiacciaio. Cena libera. Pernottamento.<\/td>\n<\/tr>\n<tr class=\"alt\" style=\"height: 24px\">\n<td style=\"background-color: #ababab;height: 24px\"><span style=\"color: #000000\"><span style=\"color: #ff6600\">\u27a4<\/span>Giorno 11: EL CALAFATE \u2013 BUENOS AIRES<\/span><\/td>\n<\/tr>\n<tr class=\"alt\" style=\"height: auto\">\n<td style=\"height: auto\">Trasferimento all&#8217;aeroporto per proseguire in volo verso Buenos Aires. Arrivo e trasferimento in hotel.\u00a0 Sistemazione nelle camere riservate. In orario da indicare incontro con la guida locale per una prima visita panoramica della cosmopolita Buenos Aires, ideale per rendersi conto della dimensione della \u00a0citt\u00e0 ed scoprirla dalla mano di una esperta guida in italiano: i quartieri famosi come La Boca, San Telmo, Recoleta, Puerto Madero.\u00a0 In serata facoltativo, cena con l&#8217;imperdibile show di tango.<\/td>\n<\/tr>\n<tr class=\"alt\" style=\"height: 24px\">\n<td style=\"background-color: #ababab;height: 24px\"><span style=\"color: #000000\"><span style=\"color: #ff6600\">\u27a4<\/span>Giorno 12: EL CALAFATE \u2013 BUENOS AIRES<\/span><\/td>\n<\/tr>\n<tr class=\"alt\" style=\"height: 48px\">\n<td style=\"height: 48px\">Prima colazione. Parte della giornata a disposizione. In orario da indicare trasferimento all&#8217;aeroporto per iniziare il viaggio di rientro in Italia.<\/td>\n<\/tr>\n<\/tbody>\n<\/table>\n<\/div>\n<p>&nbsp;<\/p>\n","protected":false},"excerpt":{"rendered":"<p>&nbsp;<\/p>\n<p>Argentina \/ Cile<br \/>\n12 giorni \/ 11 notti<\/p>\n","protected":false},"featured_media":2135,"comment_status":"closed","ping_status":"closed","template":"","meta":{"dwc-title":[""],"dwc-content":["<img class=\"alignnone size-full wp-image-2962 aligncenter\" src=\"http:\/\/www.lctouroperator.com\/it\/wp-content\/uploads\/2017\/04\/Argentina-10-2011Ev01.jpg\" alt=\"\" width=\"274\" height=\"420\" \/>"]},"product_cat":[24,22],"product_tag":[],"class_list":{"0":"post-2130","1":"product","2":"type-product","3":"status-publish","4":"has-post-thumbnail","6":"product_cat-combinati","7":"product_cat-gli-speciali","9":"first","10":"instock","11":"shipping-taxable","12":"product-type-simple"},"_links":{"self":[{"href":"https:\/\/www.lctouroperator.com\/it\/wp-json\/wp\/v2\/product\/2130"}],"collection":[{"href":"https:\/\/www.lctouroperator.com\/it\/wp-json\/wp\/v2\/product"}],"about":[{"href":"https:\/\/www.lctouroperator.com\/it\/wp-json\/wp\/v2\/types\/product"}],"replies":[{"embeddable":true,"href":"https:\/\/www.lctouroperator.com\/it\/wp-json\/wp\/v2\/comments?post=2130"}],"wp:featuredmedia":[{"embeddable":true,"href":"https:\/\/www.lctouroperator.com\/it\/wp-json\/wp\/v2\/media\/2135"}],"wp:attachment":[{"href":"https:\/\/www.lctouroperator.com\/it\/wp-json\/wp\/v2\/media?parent=2130"}],"wp:term":[{"taxonomy":"product_cat","embeddable":true,"href":"https:\/\/www.lctouroperator.com\/it\/wp-json\/wp\/v2\/product_cat?post=2130"},{"taxonomy":"product_tag","embeddable":true,"href":"https:\/\/www.lctouroperator.com\/it\/wp-json\/wp\/v2\/product_tag?post=2130"}],"curies":[{"name":"wp","href":"https:\/\/api.w.org\/{rel}","templated":true}]}}