{"id":2073,"date":"2017-05-25T16:31:58","date_gmt":"2017-05-25T19:31:58","guid":{"rendered":"http:\/\/www.lctouroperator.com\/it\/prog\/passione-per-il-trekking\/"},"modified":"2020-12-10T12:39:36","modified_gmt":"2020-12-10T15:39:36","slug":"passione-per-il-trekking","status":"publish","type":"product","link":"https:\/\/www.lctouroperator.com\/it\/producto\/passione-per-il-trekking\/","title":{"rendered":"Passione per il trekking"},"content":{"rendered":"<p><!--:es--><\/p>\n<div class=\"row\">\n<div class=\"nine columns\">\n<div id=\"tw-target-text-container\" class=\"tw-ta-container tw-nfl\">\n<div class=\"nine columns\">\n<div id=\"tw-target-text-container\" class=\"tw-ta-container tw-nfl\">\n<h2 class=\"tw-data-text tw-ta tw-text-small\" dir=\"ltr\" data-placeholder=\"Translation\">BOLIVIA &amp; PERU<\/h2>\n<h2 dir=\"ltr\">Un tour all&#8217;insegna del trekking tra paesaggi mozzafiato e popolazioni ancora ricche delle tradizioni precolombiane. Itinerari ancora da scoprire tra\u00a0Bolivia e Per\u00f9, poco comuni ma di estrema bellezza. Un viaggio di esperienze da vivere circondati da una natura maestosa e intatta<strong>.<\/strong><\/h2>\n<\/div>\n<\/div>\n<h2 id=\"tw-target-text\" class=\"tw-data-text tw-ta tw-text-small\" dir=\"ltr\" data-placeholder=\"Translation\">Programma<\/h2>\n<\/div>\n<\/div>\n<table>\n<tbody>\n<tr>\n<td style=\"background-color: #ababab;\"><span style=\"color: #000000;\"><span style=\"color: #ff6600;\">\u27a4<\/span>Giorno 1: La Paz (3.640 m slm)<\/span><\/td>\n<\/tr>\n<tr class=\"alt\">\n<td>Arrivo e trasferimento in hotel.\u00a0 Si consiglia munirsi di pasticche contro male di montagna da consumare un&#8217;ora prima dell&#8217;atterraggio a La Paz. Tempo per le pratiche migratorie. Trasferimento in hotel e tempo libero per riposarsi dal viaggio. In hotel \u00e8 sempre disponibile il <em>mate de coca<\/em>, un t\u00e8 molto utile contro eventuale male di altezza.\u00a0 Pernottamento.<\/td>\n<\/tr>\n<tr>\n<td style=\"background-color: #ababab;\"><span style=\"color: #000000;\"><span style=\"color: #ff6600;\">\u27a4<\/span>Giorno 2: La Paz<\/span><\/td>\n<\/tr>\n<tr class=\"alt\">\n<td>Colazione in hotel. Mattinata dedicata alla visita del Complesso Archeologico Tiwanaku, antica citt\u00e0 del periodo preincaico dichiarata Patrimonio dell&#8217;Umanit\u00e0 dall&#8217;UNESCO. Si trova a 72 km da La Paz. Visita al Museo Ceramico e a importanti templi come la Piramide di Akapana, il Tempietto Semisotterraneo, il Tempio di Kalasasaya insieme alla famosa \u00a0Porta del Sole ed al Monolito Ponce. Rientro in hotel. Al pomeriggio visita alla Valle della Luna, nome \u00a0 Il luogo ha preso il nome dal primo allunaggio, quello di Neil Armstrong nel 1969, per via delle strane formazioni di argilla, create dall&#8217;erosione del vento e dalle forti piogge. Successivamente, con una funivia si potr\u00e0 osservare un bel panorama della citt\u00e0 di La Paz. In seguito, visita al centro storico, dove sar\u00e0 possibile osservare il Mercato delle Streghe (per comprendere gli aspetti mitici dei rituali e del pensiero andino), la chiesa di San Francesco, la Piazza Murillo, il Palacio Ejecutivo, quello Legislativo y la Cattedrale Metropolitana. Per concludere, visita al belvedere Killi Killi. Cena libera. Pernottamento.<\/td>\n<\/tr>\n<tr>\n<td style=\"background-color: #ababab;\"><span style=\"color: #000000;\"><span style=\"color: #ff6600;\">\u27a4<\/span>Giorno 3: La Paz &#8211; Copacabana<\/span><\/td>\n<\/tr>\n<tr class=\"alt\">\n<td>Prima colazione in hotel. In mattinata trasferimento verso Copacabana (3.810 m slm), di circa 3 ore e mezza. Nel percorso imbarco su barca a motore attraverso lo stretto di Tiquina (20 minuti). E\u2019 la zona pi\u00f9 stretta del lago e divide il Titicaca in lago Minore (Wi\u00f1aymarka) e lago Maggiore (Chucuito). Arrivo a Copacabana dopo un percorso terrestre attraverso un&#8217;infinit\u00e0 di terrazzamenti costruiti durante le civilt\u00e0 Chiripa, Tiwanaku e Inca.\u00a0 Pranzo a base di un piatto tipico chiamato <em>Apthap<\/em>i, fatto con vegetali e carni, patate \u201cchu\u00f1o\u201d, fagioli, mote, formaggio freddo, banane e uovo fritto fra gli altri ingredienti. Pomeriggio a disposizione per una\u00a0 visita libera della pittoresca Copacabana con la sua bianca e famosa Basilica, il piccolo centro e l&#8217;impegnativa salita al Cerro Calvario per una vista mozzafiato del lago e della citt\u00e0. Pernottamento.<\/td>\n<\/tr>\n<tr>\n<td style=\"background-color: #ababab;\"><span style=\"color: #000000;\"><span style=\"color: #ff6600;\">\u27a4<\/span>Giorno 4: Isola del Sole: Nord e sud<\/span><\/td>\n<\/tr>\n<tr class=\"alt\">\n<td>Prima colazione. Ben presto partenza verso il lato nord dell&#8217;Isola chiamata Challapampa, circa 2 ore di navigazione:\u00a0 tempo per visitare un piccolo museo con pezzi archeologici ritrovati in fondo al lago da Jacques Cousteau e, attraversando il piccolo paesino, inizio della imperdibile trekking di circa 4 ore (10 chilometri &#8211; difficolt\u00e0 media) nell&#8217;Isola sacra, percorrendo la strada inca per giungere dove ebbe inizio, secondo la leggenda, il grande impero Inca; infatti si narra che Viracocha, il primo dio, sia nato dalle acque del lago e abbia dato inizio all&#8217;impero Inca. Visita alla <i>Roca Sagrada<\/i>,\u00a0<i>Mesa de ceremonias, la Chincana e la escalera inca.<\/i>\u00a0Pranzo al sacco ammirando i bellissimi paesaggi solitari e maestosi.\u00a0\u00a0Sistemazione in hotel a Yumani, parte sud dell&#8217;Isola. Cena libera sotto uno splendido cielo stellato e un incredibile silenzio.\u00a0 Pernottamento.<\/td>\n<\/tr>\n<tr class=\"alt\">\n<td style=\"background-color: #ababab;\"><span style=\"color: #000000;\"><span style=\"color: #ff6600;\">\u27a4<\/span>Giorno 5: Copacabana &#8211; Arequipa<\/span><\/td>\n<\/tr>\n<tr class=\"alt\">\n<td>Prima colazione. Rientro a Copacabana e continuazione del viaggio in trasporto privato verso Arequipa (434 chilometri). Il viaggio se in bus di linea normalmente si realizza via Puno. All&#8217;arrivo,\u00a0 trasferimento e sistemazione in hotel. Tempo libero per il relax. Cena libera e pernottamento.<\/td>\n<\/tr>\n<tr class=\"alt\">\n<td style=\"background-color: #ababab;\"><span style=\"color: #000000;\"><span style=\"color: #ff6600;\">\u27a4<\/span>Giorno 6: Arequipa<\/span><\/td>\n<\/tr>\n<tr class=\"alt\">\n<td>Prima colazione. Giornata per la visita libera della \u201cCitt\u00e0 Bianca\u201d : il centro storico, la splendida cattedrale, il famoso monastero di Santa Caterina, il museo dove si trova\u00a0 la mummia Juanita,\u00a0 ritrovata nel 1995 tra le nevi del Vulcano Ampato. Pernottamento.<\/td>\n<\/tr>\n<tr class=\"alt\">\n<td style=\"background-color: #ababab;\"><span style=\"color: #000000;\"><span style=\"color: #ff6600;\">\u27a4<\/span>Giorno 7: Arequipa \u2013 Valle del Colca<\/span><\/td>\n<\/tr>\n<tr class=\"alt\">\n<td>Prima colazione. Trekking per\u00a0 la Valle del Colca:\u00a0 un percorso di tre giorni da non dimenticare per la bellezza e maestosit\u00e0 del Canyon: Partenza da Arequipa alle 7.00 della mattina, in trasporto privato e arrivo a Chivay (160 km) capitale della provincia di Caylloma. Lungo il tragitto, si potranno ammirare i maestosi vulcani Misti, Chachani e Pichu Pichu, la riserva\u00a0 naturale di Pampas Canahuas dove inoltre si pu\u00f2 osservare nel loro habitat naturale la Vigogna, uno dei quattro camelidi americani. Dopo una breve sosta a circa 3400 m slm, si prosegue, sempre col mezzo privato,\u00a0 alla volta della comunit\u00e0 andina di Pata Wasi, dove,\u00a0 per prevenire il mal d\u2019altitudine si potr\u00e0 gustare un \u201cmate de Coca\u201d\u00a0 in un ristoro rustico. In direzione di Chivay si attraversa l&#8217;altopiano di TOCRA a pi\u00f9 di 4500 metri dove si potranno vedere gli uccelli migratori che sostano nei laghi d&#8217;alta quota. Il punto pi\u00f9 alto del tour si raggiunge a Patapampa a 4820 metri, da dove si potranno ammirare i vulcani Ampato, Sabancaya, Hualca Hualca e Mismi,\u00a0 dove nasce il Rio delle Amazzoni. Verso mezzogiorno sosta per il pranzo a Chivay (3650 m slm). Al primo pomeriggio si prosegue per Cabanaconde. A partire da qui si comincia a scendere e inizia l\u2019 avventura di questo trekking che con mula e guida locale fa vivere esperienze di quelle che non si scordano pi\u00f9: si inizia un percorso di\u00a0 circa 3 ore e mezza di cammino, ci si avventura all&#8217;interno del Canyon fino a San Juan de Chuccho (2600 mslm), dove si potr\u00e0 cenare e sistemarsi negli alloggi semplici che ci sono in questo paesino.<\/td>\n<\/tr>\n<tr class=\"alt\">\n<td style=\"background-color: #ababab;\"><span style=\"color: #000000;\"><span style=\"color: #ff6600;\">\u27a4<\/span>Giorno 8: Canyon del Colca<\/span><\/td>\n<\/tr>\n<tr class=\"alt\">\n<td>Dopo la colazione partenza per raggiungere un altro villaggio sul fondo del Canyon, Sangalle a 2160 m slm chiamato anche l\u2019Oasi per\u00a0 via delle palme che si trovano qui.\u00a0 La camminata dura circa 5 ore lungo il canyon (Cosninhua \u2013 Malata) e si arriva per pranzo a Sangalle. Pomeriggio libero per riposare. Cena e sistemazione in alloggi semplici.<\/td>\n<\/tr>\n<tr class=\"alt\">\n<td style=\"background-color: #ababab;\"><span style=\"color: #ff6600;\">\u27a4<\/span><span style=\"color: #000000;\">Giorno 9: Canyon &#8211; Condor &#8211; Arequipa<\/span><\/td>\n<\/tr>\n<tr class=\"alt\">\n<td>Partenza alle 3:30 del mattino per ritornare a Cabanaconde, evitando la salita con il sole gi\u00e0 alto. Arrivati a Cabanaconde per ora di colazione, da qui si riprende il viaggio con il mezzo verso Chivay, senza perdere lungo il tragitto i voli \u00a0del condor e i paesini di Pinchollo e Maca. L&#8217;arrivo \u00e8 previsto per il pranzo. Tempo per il pranzo. In orario da confermare inizio del rientro ad Arequipa dove l&#8217;arrivo \u00e8 previsto nel tardo pomeriggio. Arrivo e sistemazione in hotel e tempo libero.<\/td>\n<\/tr>\n<tr class=\"alt\">\n<td style=\"background-color: #ababab;\"><span style=\"color: #ff6600;\">\u27a4<\/span><span style=\"color: #000000;\">Giorno 10: Arequipa \u2013 Lima<\/span><\/td>\n<\/tr>\n<tr class=\"alt\">\n<td>Prima colazione. In orario da confermare trasferimento all&#8217;aeroporto per continuare viaggio verso Lima. Arrivo e trasferimento in hotel. Tempo libero per visitare la citt\u00e0: imperdibile il museo Lorca, il centro storico, il parco delle acque e il mercato della citt\u00e0 e alcuni famosi ristoranti come La Mar.<\/td>\n<\/tr>\n<tr class=\"alt\">\n<td style=\"background-color: #ababab;\"><span style=\"color: #ff6600;\">\u27a4<\/span><span style=\"color: #000000;\">Giorno 11: Lima<\/span><\/td>\n<\/tr>\n<tr class=\"alt\">\n<td>Prima colazione. Giornata a disposizione per visite libere a Lima. Pernottamento.<\/td>\n<\/tr>\n<tr class=\"alt\">\n<td style=\"background-color: #ababab;\"><span style=\"color: #ff6600;\">\u27a4<\/span><span style=\"color: #000000;\">Giorno 12: Lima &#8211; paese di origine<\/span><\/td>\n<\/tr>\n<tr class=\"alt\">\n<td>Prima colazione. Parte della giornata libera. In orario, a seconda del volo, trasferimento all&#8217;aeroporto per iniziare il viaggio di rientro al Paese di origine.<\/td>\n<\/tr>\n<\/tbody>\n<\/table>\n<\/div>\n","protected":false},"excerpt":{"rendered":"<p>Bolivia, Per\u00fa<br \/>\n12 giorni \/ 11 notti<\/p>\n","protected":false},"featured_media":2950,"comment_status":"closed","ping_status":"closed","template":"","meta":{"dwc-title":[""],"dwc-content":["<img class=\"alignnone size-full wp-image-2958 aligncenter\" src=\"http:\/\/www.lctouroperator.com\/it\/wp-content\/uploads\/2017\/04\/BoliviaPeru-01-2011Av11.jpg\" alt=\"\" width=\"274\" height=\"420\" \/>"]},"product_cat":[24],"product_tag":[],"class_list":{"0":"post-2073","1":"product","2":"type-product","3":"status-publish","4":"has-post-thumbnail","6":"product_cat-combinati","8":"first","9":"instock","10":"shipping-taxable","11":"product-type-simple"},"_links":{"self":[{"href":"https:\/\/www.lctouroperator.com\/it\/wp-json\/wp\/v2\/product\/2073"}],"collection":[{"href":"https:\/\/www.lctouroperator.com\/it\/wp-json\/wp\/v2\/product"}],"about":[{"href":"https:\/\/www.lctouroperator.com\/it\/wp-json\/wp\/v2\/types\/product"}],"replies":[{"embeddable":true,"href":"https:\/\/www.lctouroperator.com\/it\/wp-json\/wp\/v2\/comments?post=2073"}],"wp:featuredmedia":[{"embeddable":true,"href":"https:\/\/www.lctouroperator.com\/it\/wp-json\/wp\/v2\/media\/2950"}],"wp:attachment":[{"href":"https:\/\/www.lctouroperator.com\/it\/wp-json\/wp\/v2\/media?parent=2073"}],"wp:term":[{"taxonomy":"product_cat","embeddable":true,"href":"https:\/\/www.lctouroperator.com\/it\/wp-json\/wp\/v2\/product_cat?post=2073"},{"taxonomy":"product_tag","embeddable":true,"href":"https:\/\/www.lctouroperator.com\/it\/wp-json\/wp\/v2\/product_tag?post=2073"}],"curies":[{"name":"wp","href":"https:\/\/api.w.org\/{rel}","templated":true}]}}