{"id":1987,"date":"2017-04-26T16:58:29","date_gmt":"2017-04-26T19:58:29","guid":{"rendered":"http:\/\/www.lctouroperator.com\/it\/prog\/chiapas-yucatan\/"},"modified":"2020-09-09T04:16:55","modified_gmt":"2020-09-09T07:16:55","slug":"chiapas-yucatan","status":"publish","type":"product","link":"https:\/\/www.lctouroperator.com\/it\/producto\/chiapas-yucatan\/","title":{"rendered":"Chiapas &#8211; Yucatan"},"content":{"rendered":"<p><!--:es--><\/p>\n<div class=\"row\">\n<div class=\"nine columns\">\n<div id=\"tw-target-text-container\" class=\"tw-ta-container tw-nfl\">\n<h2><strong>CHIAPAS &#8211; YUCAT\u00c1N &#8211; (CANC\u00daN\/RIVIERA MAYA)<\/strong><\/h2>\n<h2 class=\"tw-data-text tw-ta tw-text-small\" dir=\"ltr\" data-placeholder=\"Translation\">Una proposta per gli amanti dell&#8217;archeologia che inizia nella cosmopolita capitale del Messico, passando per le rovine azteche e inoltrandosi nel mondo maya; a partire dell&#8217;esuberante e caldo Chiapas per scoprire\u00a0 i gioielli pi\u00f9 brillanti del mondo Maya, fino alla sua massima espressione nel complesso monumentale di Chich\u00e9n Itz\u00e1.<\/h2>\n<p>Programma<\/p>\n<\/div>\n<\/div>\n<table>\n<tbody>\n<tr>\n<td style=\"background-color: #ababab;\"><span style=\"color: #000000;\"><span style=\"color: #ff6600;\">\u27a4<\/span>Giorno 1: Arrivo a Citt\u00e0 del Messico<\/span><\/td>\n<\/tr>\n<tr class=\"alt\">\n<td>Arrivo all&#8217;aeroporto di Citt\u00e0 del Messico. Assistenza e trasferimento all&#8217;hotel. Sistemazione e pernottamento.<\/td>\n<\/tr>\n<tr>\n<td style=\"background-color: #ababab;\"><span style=\"color: #000000;\"><span style=\"color: #ff6600;\">\u27a4<\/span>Giorno 2: Centro Storico \u2013 Piramidi di Teotihuac\u00e1n<\/span><\/td>\n<\/tr>\n<tr class=\"alt\">\n<td>Prima colazione. Mattinata dedicata alla visita delle rovine azteche di Teotihuac\u00e1n \u201cdove gli uomini si trasformano in dei\u201d: il tempio di Quetzalc\u00f3atl, la Calzada de los Muertos, la Piramide del Sole, quella della Luna e il tempio del Quetzal-Papalotl. Al rientro fermata nello\u00a0<i>zocalo<\/i> per una breve visita al\u00a0 Centro Storico.\u00a0 Rientro in hotel.\u00a0Pernottamento.<\/td>\n<\/tr>\n<tr>\n<td style=\"background-color: #ababab;\"><span style=\"color: #000000;\"><span style=\"color: #ff6600;\">\u27a4<\/span>Giorno 3: Museo Antropologico<\/span><\/td>\n<\/tr>\n<tr class=\"alt\">\n<td>Prima colazione. Giornata a disposizione per visitare il pi\u00f9 grande museo archeologico dell&#8217;America Latina.\u00a0 \u00a0Serata libera per qualche show di\u00a0<i>mariacis\u00a0<\/i>e danze tipiche del paese.\u00a0Pernottamento.<\/td>\n<\/tr>\n<tr>\n<td style=\"background-color: #ababab;\"><span style=\"color: #000000;\"><span style=\"color: #ff6600;\">\u27a4<\/span>Giorno 4: Tuxtla \/ Sumidero \/ San Crist\u00f3bal<\/span><\/td>\n<\/tr>\n<tr class=\"alt\">\n<td>Prima colazione. In orario a seconda del volo interno trasferimento in aeroporto per continuare viaggio il Chiapas. All&#8217;arrivo giro\u00a0 in barca per l\u2019imponente Canyon del Sumidero, di circa 1.000 metri di altezza nel suo punto massimo. Arrivo in hotel a San Crist\u00f3bal de las Casas.\u00a0 Tempo libero. Pernottamento.<\/td>\n<\/tr>\n<tr class=\"alt\">\n<td style=\"background-color: #ababab;\"><span style=\"color: #000000;\"><span style=\"color: #ff6600;\">\u27a4<\/span>Giorno 5: San Crist\u00f3bal \/ Villaggi indigeni (di domenica)<\/span><\/td>\n<\/tr>\n<tr class=\"alt\">\n<td>Prima colazione. Visita a San Juan Chamula e Zinacant\u00e1n, villaggi indigeni che conservano e loro tradizioni, lingue, religioni e organizzazioni sociali. La Chiesa, l&#8217;architettura delle abitazioni e il vestiario sono molto interessanti. Pomeriggio libero. Visita libera della bella cittadina di San Cristobal: il Mercado tipico, la Chiesa di Santo Domingo, la Cattedrale, il Museo de la Herbolaria e il Museo della Giada (Jade), dove di trova una replica della Tomba del Re Pakal.\u00a0 Pernottamento.<\/td>\n<\/tr>\n<tr class=\"alt\">\n<td style=\"background-color: #ababab;\"><span style=\"color: #000000;\"><span style=\"color: #ff6600;\">\u27a4<\/span>Giorno 6: San Crist\u00f3bal de las Casas \/ Agua Azul \/ Palenque<\/span><\/td>\n<\/tr>\n<tr class=\"alt\">\n<td>Prima colazione. Proseguimento per le Cascate di Agua Azul, di stupende tonalit\u00e0 turchesi. Possibilit\u00e0 di fare il bagno. Continuazione del viaggio\u00a0 fino a Palenque. Sistemazione nelle camere riservate. Pernottamento.<\/td>\n<\/tr>\n<tr class=\"alt\">\n<td style=\"background-color: #ababab;\"><span style=\"color: #000000;\"><span style=\"color: #ff6600;\">\u27a4<\/span>Giorno 7: Palenque \/ Campeche<\/span><\/td>\n<\/tr>\n<tr class=\"alt\">\n<td>Prima colazione. Visita all&#8217;area archeologica di Palenque, in mezzo alla selva. Si tratta di uno dei centri\u00a0 \u00a0pi\u00f9 importanti del mondo Maya, sia per i ritrovamenti che per la bellezza del posto. All&#8217;interno della Piramide delle Iscrizioni si \u00e8 trovato il sarcofago del Re Pakal, con una lapide in bassorilievo. Tempio de la Cruz Foliada, Tempio del Sole e Palazzo. Proseguimento verso Campeche costeggiando il Golfo del Messico. Arrivo alla meravigliosa citt\u00e0 murata di Campeche. Visita panoramica. Sistemazione in hotel.\u00a0 Tempo libero. Pernottamento.<\/td>\n<\/tr>\n<tr class=\"alt\">\n<td style=\"background-color: #ababab;\"><span style=\"color: #000000;\"><span style=\"color: #ff6600;\">\u27a4<\/span>Giorno 8: Campeche \/ Uxmal \/ M\u00e9rida<\/span><\/td>\n<\/tr>\n<tr class=\"alt\">\n<td>Prima colazione. Partenza verso Uxmal. Visita di questa \u00e1rea archeologica de gran bellezza architettonica: la Piramide dell&#8217;Indovino, il Quadrangolo de las Monjas, il Palazzo del Governatore, il Gioco della Palla. Pranzo. Proseguimento verso Merida, \u201cla Citt\u00e0 Bianca\u201d. Visita\u00a0 panoramica:: il Paseo de Montejo, il monumento alla Patria, la Piazza Principale con la Cattedrale e i Palazzo del Governo. Sistemazione in hotel. Tempo libero.\u00a0 Pernottamento.<\/td>\n<\/tr>\n<tr class=\"alt\">\n<td style=\"background-color: #ababab;\"><span style=\"color: #000000;\"><span style=\"color: #ff6600;\">\u27a4<\/span>Giorno 9: M\u00e9rida \/ Chichen Itza \/ Canc\u00fan \/ Riviera Maya<\/span><\/td>\n<\/tr>\n<tr class=\"alt\">\n<td>Prima colazione e\u00a0 partenza per Chich\u00e9n Itz\u00e1, la citt\u00e0 Maya pi\u00f9 celebre del Messico. Sito archeologico nel quale si rivelano le avanzate conoscenze astronomiche dei maya. Piramide a scale \u201cel Castillo\u201d (anche chiamata Tempio di Kukulc\u00e1n), il Gioco della Palla, la Piattaforma dei Teschi, il Tempio dei Giaguari, l&#8217;Osservatorio, la Piazza delle Mille Colonne, il Cenote Sagrado. Arrivo al maestoso pozzo Ik Kil. Possibilit\u00e0 di fare il bagno. Pranzo libero. Continuazione fino a Canc\u00fan\/Riviera Maya con sistemazione all incluse fino alla partenza.\u00a0 Pernottamento.<\/td>\n<\/tr>\n<tr class=\"alt\">\n<td style=\"background-color: #ababab;\"><span style=\"color: #000000;\"><span style=\"color: #ff6600;\">\u27a4<\/span>Giorno 10\/11: Canc\u00fan \/ Riviera Maya<\/span><\/td>\n<\/tr>\n<tr class=\"alt\">\n<td>Prima colazione. Giornate libere per godersi la natura e le spiagge di sabbia bianca col mare turchese di Cancun o della Riviera Maya.<\/td>\n<\/tr>\n<\/tbody>\n<\/table>\n<table>\n<tbody>\n<tr class=\"alt\">\n<td style=\"background-color: #ababab;\"><span style=\"color: #000000;\"><span style=\"color: #ff6600;\">\u27a4<\/span>Giorno 12: Viaggio di rientro<\/span><\/td>\n<\/tr>\n<tr class=\"alt\">\n<td>\n<div class=\"gmail_default\">\n<table>\n<tbody>\n<tr>\n<td>Prima colazione. All&#8217;ora prevista, trasferimento all&#8217;aeroporto di Cancun per iniziare il viaggio di rientro al paese d&#8217;origine. Fine dei nostri servizi.<\/td>\n<\/tr>\n<\/tbody>\n<\/table>\n<\/div>\n<div>\n<div dir=\"ltr\" data-smartmail=\"gmail_signature\">\n<div dir=\"ltr\">\n<div>\n<div dir=\"ltr\">\n<div>\n<div dir=\"ltr\">\n<div>\n<div dir=\"ltr\">\n<div dir=\"ltr\">\n<div dir=\"ltr\">\n<div dir=\"ltr\">\n<div dir=\"ltr\">\n<div dir=\"ltr\">\n<div><\/div>\n<\/div>\n<\/div>\n<\/div>\n<\/div>\n<\/div>\n<\/div>\n<\/div>\n<\/div>\n<\/div>\n<\/div>\n<\/div>\n<\/div>\n<\/div>\n<\/div>\n<\/td>\n<\/tr>\n<\/tbody>\n<\/table>\n<\/div>\n<h3 class=\"row\"><\/h3>\n<p><!--:--><\/p>\n","protected":false},"excerpt":{"rendered":"<p>Messico<br \/>\n12 giorni \/ 11 notti<\/p>\n","protected":false},"featured_media":1999,"comment_status":"closed","ping_status":"closed","template":"","meta":{"dwc-title":[""],"dwc-content":["<img src=\"http:\/\/www.lctouroperator.com\/it\/wp-content\/uploads\/2017\/05\/Mexico-M4-2009Dv41.jpg\" alt=\"\" width=\"274\" height=\"420\" class=\"alignnone size-full wp-image-2755\" \/>"]},"product_cat":[35],"product_tag":[],"class_list":{"0":"post-1987","1":"product","2":"type-product","3":"status-publish","4":"has-post-thumbnail","6":"product_cat-mexico","8":"first","9":"instock","10":"shipping-taxable","11":"product-type-simple"},"_links":{"self":[{"href":"https:\/\/www.lctouroperator.com\/it\/wp-json\/wp\/v2\/product\/1987"}],"collection":[{"href":"https:\/\/www.lctouroperator.com\/it\/wp-json\/wp\/v2\/product"}],"about":[{"href":"https:\/\/www.lctouroperator.com\/it\/wp-json\/wp\/v2\/types\/product"}],"replies":[{"embeddable":true,"href":"https:\/\/www.lctouroperator.com\/it\/wp-json\/wp\/v2\/comments?post=1987"}],"wp:featuredmedia":[{"embeddable":true,"href":"https:\/\/www.lctouroperator.com\/it\/wp-json\/wp\/v2\/media\/1999"}],"wp:attachment":[{"href":"https:\/\/www.lctouroperator.com\/it\/wp-json\/wp\/v2\/media?parent=1987"}],"wp:term":[{"taxonomy":"product_cat","embeddable":true,"href":"https:\/\/www.lctouroperator.com\/it\/wp-json\/wp\/v2\/product_cat?post=1987"},{"taxonomy":"product_tag","embeddable":true,"href":"https:\/\/www.lctouroperator.com\/it\/wp-json\/wp\/v2\/product_tag?post=1987"}],"curies":[{"name":"wp","href":"https:\/\/api.w.org\/{rel}","templated":true}]}}