{"id":1979,"date":"2017-04-25T14:13:31","date_gmt":"2017-04-25T17:13:31","guid":{"rendered":"http:\/\/www.lctouroperator.com\/it\/prog\/asuncion-cascate-iguazu-rio-de-janeiro\/"},"modified":"2020-12-02T08:56:07","modified_gmt":"2020-12-02T11:56:07","slug":"asuncion-cascate-iguazu-rio-de-janeiro","status":"publish","type":"product","link":"https:\/\/www.lctouroperator.com\/it\/producto\/asuncion-cascate-iguazu-rio-de-janeiro\/","title":{"rendered":"Natura &#038; Samba"},"content":{"rendered":"<h2>Asunci\u00f3n, Cascate Iguazu &amp; Rio de Janeiro: un abbinamento originale all\u2019insegna di un\u2019esperienza imperdibile a contatto con le popolazioni locali e la natura rigogliosa fino alla allegra e sempre vivace Rio de Janeiro.<\/h2>\n<p>Validit\u00e0: Da maggio a settembre. \u00a0Durata 12 giorni.<\/p>\n<h2><span style=\"color: #ff6600;\">Programma<\/span><\/h2>\n<table>\n<tbody>\n<tr>\n<td style=\"background-color: #ababab;\"><span style=\"color: #000000;\"><span style=\"color: #ff6600;\">\u27a4<\/span>1\u00b0\u00a0Giorno: Asunci\u00f3n: centro storico\u00a0<\/span><\/td>\n<\/tr>\n<tr>\n<td>Arrivo all\u2019aeroporto di Asunci\u00f3n. Trasferimento all\u2019hotel. Sistemazione. Tempo libero per riposarsi dal viaggio. A met\u00e0 pomeriggio, tour panoramico della citt\u00e0 con guida locale: Asunci\u00f3n si erge tra le colline della riva del fiume Paraguay, conserva vestigia coloniali con bellissimi parchi esuberanti di verde. Visita al centro storico, alla cattedrale e ai quartieri moderni. Tour in catamarano per la baia di Asunci\u00f3n (sospeso in periodo invernale). Rientro in hotel. Facoltativo cena tipica con show di musica e danza folclorica.\u00a0 Pernottamento.<\/td>\n<\/tr>\n<tr>\n<td style=\"background-color: #ababab;\"><span style=\"color: #000000;\"><span style=\"color: #ff6600;\">\u27a4<\/span>2\u00b0 Giorno: Yaguaron \u2013 Itaugua \u2013 El Fortin (Piribebuy)<br \/>\n<\/span><\/td>\n<\/tr>\n<tr>\n<td>Colazione. Partenza per Yaguaron: visita alla Chiesa i cui altari sono tutti scolpiti in legno, un vivo esempio artistico di incontro tra due culture: l\u2019 indigena e l\u2019 europeo. Fermata nel percorso del viaggio a Itaugu\u00e1, culla dell\u2019 antica arte del \u00d1anduti, ricamo a mano in fino filo di cotone che richiama \u201cl\u2019arte\u201d della ragnatela.\u00a0 Visita a la fabbrica di rum El Fortin. Tempo per conoscere l\u2019 elaborazione di antica data e la degustazione-Tempo per il pranzo.\u00a0 Al rientro per Asunci\u00f3n visita alla Basilica Nuestra Se\u00f1ora de Caacup\u00e9. Fermata in uno dei moderni shopping con prodotti delle prime marche a livello mondiale sia in vestiti da uomo e donna cosi come della profumeria. Cena libera, pernottamento.<\/td>\n<\/tr>\n<tr>\n<td style=\"background-color: #ababab;\"><span style=\"color: #000000;\"><span style=\"color: #ff6600;\">\u27a4<\/span>3\u00b0 Giorno: Asunci\u00f3n \u2013 Encarnaci\u00f3n \u2013 Missione Gesuitica de Trinidad<br \/>\n<\/span><\/td>\n<\/tr>\n<tr>\n<td>Prima colazione. Parte della mattinata a disposizione per visite libere: \u201cturista roga\u201d sede della Segreteria per il Turismo Senatur che contiene una mostra del meglio dell\u2019artigianato locale in \u00f1anduti, filigrana e lavoro degli indigeni locali &#8211; Trasferimento alla terminal dei bus per continuare viaggio verso Encarnaci\u00f3n. Trasferimento in hotel. Sistemazione. Visita notturna alla Missione Trinidad: musica barocca ed illuminazione per una visita di contemplazione tra le rovine di queste grandiosa opera che risale agli albori della colonizzazione. Cena. Pernottamento.<\/td>\n<\/tr>\n<tr>\n<td style=\"background-color: #ababab;\"><span style=\"color: #000000;\"><span style=\"color: #ff6600;\">\u27a4<\/span>4\u00b0 Giorno: Missione Jes\u00fas de Tavarangue \u2013 Moises Bertoni \u2013 Saltos del Monday \u2013 Ciudad del Este<br \/>\n<\/span><\/td>\n<\/tr>\n<tr>\n<td>Prima colazione. Visita alla missione Jes\u00fas de Tarangue con evidente tracce dell\u2019 influenza araba nello stile delle costruzioni.\u00a0 Partenza verso Ciudad del Este. Arrivo e sistemazione. Visita alla casa-museo del naturalista svizzero Mos\u00e8 Bertoni, incastonata in un vero paradiso della flora paraguaiana e di altre terre lontane portate fino alle sponde del Paran\u00e0 dallo stesso Bertoni, che ha scoperto la stevia rebaudiana, dolcificante naturale, 300 volte pi\u00fa dolce dello zucchero di canna. Visita alla cascate paraguaiane Saltos del Monday, un contatto ravvicinato con le esuberanti acque del Fiume Monday, un\u2019affluente del Fiume Parana che con la potente cadute genera il salto con una caduta da 40 mt. Possibilita di scendere al livello del fiume in ascensore. Cena libera in Plaza Carmelita, con diverse opzioni di menu internazionale. Pernottamento.<\/td>\n<\/tr>\n<tr>\n<td style=\"background-color: #ababab;\"><span style=\"color: #000000;\"><span style=\"color: #ff6600;\">\u27a4<\/span>5\u00b0 Giorno: Cascate de Iguaz\u00fa \u2013 versante argentino<br \/>\n<\/span><\/td>\n<\/tr>\n<tr>\n<td>Prima colazione in hotel. Alle ore 7.15 partenza per osservare dall\u2019alto la \u201ctriplice frontiera\u201d che formano Paraguay, Brasile e Argentina, e l\u00b4incontro dei fiumi Paran\u00e1 e Iguaz\u00fa: si incontrano ma non si mescolano, conservando ostinatamente i propri colori lungo il loro veloce percorso. Giornata dedicata alla visita delle Cascate dal versante argentino: immerse nella selva sub tropicale, le imponenti cascate di Iguazu costituiscono una degli spettacoli pi\u00f9 maestosi del mondo: il contrasto tra i colori del cielo, della vegetazione e della terra rossa, fanno da retroscena alle culture multietniche locali. Dopo una breve navigazione del fiume Paran\u00e1 (non di domenica)\u00a0 ingresso in Argentina e inizio della visita nel \u201ccircuito inferiore\u201d, immergendoci nella foresta. Possibilit\u00e0 di un safari nautico. Continuazione della visita per il \u201ccircuito superiore\u201d, soffermandosi in diversi belvedere mozzafiato. Pranzo libero nelle istallazioni del Parco Nazionale. Proseguimento della visita con un breve percorso in trenino, col quale si raggiunge il salto pi\u00f9 alto delle cascate, la Garganta del Diablo (gola del diavolo) alto 70 metri, 20 di pi\u00f9 del Niagara: uno spettacolo unico di suoni e colori, specie se splende il sole. Rientro in hotel.<\/td>\n<\/tr>\n<tr>\n<td style=\"background-color: #ababab;\"><span style=\"color: #000000;\"><span style=\"color: #ff6600;\">\u27a4<\/span>6\u00ba Giorno: Itaipu \/ Cascate di Iguaz\u00fa \u2013 lato brasiliano<br \/>\n<\/span><\/td>\n<\/tr>\n<tr>\n<td>Prima colazione in hotel.\u00a0 Proseguimento del viaggio verso il Brasile, attraversando il \u201cpuente de la amistad\u201d una della frontiere pi\u00fa affollate della mitica \u201ctriplice frontiera\u201d. Disbrigo delle pratica doganali. Arrivo in hotel. Sistemazione. Giornata dedicata alla visita delle cascate, dal versante brasiliano: Possibilit\u00e1 di realizzare un volo in elicottero sulle cascate e di visitare il Parco degli Uccelli dove numerose specie del Sudamerica conformano un variopinto mondo canterino da ammirare da vicino. Facoltativo: sorvolo delle Cascate. In serata facoltativa la cena show con musica e danze sudamericane e di tutto il Brasile. Pernottamento lato brasiliano.<\/td>\n<\/tr>\n<tr>\n<td style=\"background-color: #ababab;\"><span style=\"color: #000000;\"><span style=\"color: #ff6600;\">\u27a4<\/span>7\u00ba giorno: Rio de Janeiro<\/span><\/td>\n<\/tr>\n<tr>\n<td>Prima colazione. In orario da confermare trasferimento all\u2019aeroporto di Foz di Iguazu per continuare viaggio verso Rio de Janeiro. Arrivo e primo tour panoramico della citt\u00e0 pi\u00f9 allegra del Brasile. Sebbene le temperature calano nei mesi di luglio e agosto (tra 19 e 29\u00ba) \u00e8 i miglior periodo per \u201cvivere\u201d Rio de Janeiro: si puo\u00a0 godere del sole mite sia sul terrazzo di un hotel con piscina climatizzata o durante belle passeggiata sulle spiagge poco affollate in inverno. Tra le piu famose la splendida riviera di Ipanema e lla famosa Copacabana. Trasferimento in hotel a Ipanema. Tempo libero.<\/td>\n<\/tr>\n<tr>\n<td style=\"background-color: #ababab;\"><span style=\"color: #000000;\"><span style=\"color: #ff6600;\">\u27a4<\/span>8\u00ba giorno al 12\u00ba: Rio de Janeiro: 4 notti a Rio de Janeiro <\/span><\/td>\n<\/tr>\n<tr>\n<td>Giornate a disposizione per il relax e le passeggiate libere. City tour panoramico in italiano per scoprire i segreti della citt\u00e0 e saper muoversi in seguito in sicurezza. E` possibile visitare in un full day la citt\u00e0 coloniale di Paraty che nei mesi di luglio e agosto ospita alcuni festival internazionali.<\/td>\n<\/tr>\n<tr>\n<td style=\"background-color: #ababab;\"><span style=\"color: #ff6600;\">\u27a4<\/span><span style=\"color: #000000;\">12\u00ba giorno: Inizio del viaggio di rientro al paese di origine<br \/>\n<\/span><\/td>\n<\/tr>\n<tr>\n<td>Prima colazione. In orario da confermare trasferimento all\u2019aeroporto.<\/td>\n<\/tr>\n<\/tbody>\n<\/table>\n<p>&nbsp;<\/p>\n","protected":false},"excerpt":{"rendered":"<p>Paraguay<br \/>\n12 giorni \/ 11 notti<\/p>\n","protected":false},"featured_media":1998,"comment_status":"closed","ping_status":"closed","template":"","meta":{"dwc-title":[""],"dwc-content":["<img class=\"alignnone size-full wp-image-2032 aligncenter\" src=\"http:\/\/www.lctouroperator.com\/it\/wp-content\/uploads\/2017\/04\/Natura-y-samba.jpg\" alt=\"\" width=\"700\" height=\"1200\" \/>"]},"product_cat":[24],"product_tag":[],"class_list":{"0":"post-1979","1":"product","2":"type-product","3":"status-publish","4":"has-post-thumbnail","6":"product_cat-combinati","8":"first","9":"instock","10":"shipping-taxable","11":"product-type-simple"},"_links":{"self":[{"href":"https:\/\/www.lctouroperator.com\/it\/wp-json\/wp\/v2\/product\/1979"}],"collection":[{"href":"https:\/\/www.lctouroperator.com\/it\/wp-json\/wp\/v2\/product"}],"about":[{"href":"https:\/\/www.lctouroperator.com\/it\/wp-json\/wp\/v2\/types\/product"}],"replies":[{"embeddable":true,"href":"https:\/\/www.lctouroperator.com\/it\/wp-json\/wp\/v2\/comments?post=1979"}],"wp:featuredmedia":[{"embeddable":true,"href":"https:\/\/www.lctouroperator.com\/it\/wp-json\/wp\/v2\/media\/1998"}],"wp:attachment":[{"href":"https:\/\/www.lctouroperator.com\/it\/wp-json\/wp\/v2\/media?parent=1979"}],"wp:term":[{"taxonomy":"product_cat","embeddable":true,"href":"https:\/\/www.lctouroperator.com\/it\/wp-json\/wp\/v2\/product_cat?post=1979"},{"taxonomy":"product_tag","embeddable":true,"href":"https:\/\/www.lctouroperator.com\/it\/wp-json\/wp\/v2\/product_tag?post=1979"}],"curies":[{"name":"wp","href":"https:\/\/api.w.org\/{rel}","templated":true}]}}