{"id":1966,"date":"2017-04-22T12:38:59","date_gmt":"2017-04-22T15:38:59","guid":{"rendered":"http:\/\/www.lctouroperator.com\/it\/prog\/messico-culturale-magia-maya\/"},"modified":"2020-09-09T04:21:48","modified_gmt":"2020-09-09T07:21:48","slug":"messico-culturale-magia-maya","status":"publish","type":"product","link":"https:\/\/www.lctouroperator.com\/it\/producto\/messico-culturale-magia-maya\/","title":{"rendered":"Messico Culturale &#038; Magia Maya"},"content":{"rendered":"<p><!--:es--><\/p>\n<div class=\"row\">\n<div class=\"nine columns\">\n<div id=\"tw-target-text-container\" class=\"tw-ta-container tw-nfl\">\n<h2 class=\"tw-data-text tw-ta tw-text-small\" dir=\"ltr\" data-placeholder=\"Translation\"><span lang=\"it\">Messico culturale..<\/span>\u00a0un invito a vivere questo variopinto mondo messicano con imperdibili zone archeologiche, oggi Patrimonio dell&#8217;Umanit\u00e0, come le rovine Azteche a Teotihuacan e i tesori \u00a0Maya nello Yucatan. Un&#8217;occasione per conoscere la cultura indigena passando per il cuore del Chiapas\u00a0 fino allo splendido mare turchese di Canc\u00fan e della Riviera Maya.<\/h2>\n<\/div>\n<\/div>\n<h3>Programma<\/h3>\n<table>\n<tbody>\n<tr>\n<td style=\"background-color: #ababab;\"><span style=\"color: #000000;\"><span style=\"color: #ff6600;\">\u27a4<\/span>Giorno 1: Arrivo a Citt\u00e0 del Messico<\/span><\/td>\n<\/tr>\n<tr class=\"alt\">\n<td>Trasferimento all\u2019hotel. Tempo a disposizione per visitare il Museo Antropologico e Storico di Citt\u00e0 del Messico, di incomparabile bellezza, dove sono esposti antichi tesori delle civilt\u00e0 native (facoltativo). Cena libera e pernottamento.<\/td>\n<\/tr>\n<tr>\n<td style=\"background-color: #ababab;\"><span style=\"color: #000000;\"><span style=\"color: #ff6600;\">\u27a4<\/span>Giorno 2: Citt\u00e0 del Messico<\/span><\/td>\n<\/tr>\n<tr class=\"alt\">\n<td>Prima colazione. Prima colazione. Giornata dedicata alla visita guidata per Citt\u00e0 del Messico: il centro storico, la piazza della Costituzione o \u201cZ\u00f3calo\u201d coi suoi palazzi -il Palazzo Nazionale, famoso per il murales della scalinata principale, opera del grande Diego Rivera e compendio della storia del Paese; il Tempio Maggiore; la Cattedrale Metropolitana, dall&#8217;interessante architettura. Visita alla nuova Basilica di Guadalupe, il santuario dov&#8217;\u00e8 custodita l\u2019immagine pi\u00f9 venerata del Messico.\u00a0 Pranzo libero. Visita all\u2019area archeologica di Teotihuacan e le Piramidi del Sole e della Luna, la sua bella piazza e i suoi affascinanti templi del Quetzal-paplotl (uccello\u2013farfalla) e delle Chiocciole Piumate. Rientro a Citt\u00e0 del Messico.<\/td>\n<\/tr>\n<tr>\n<td style=\"background-color: #ababab;\"><span style=\"color: #000000;\"><span style=\"color: #ff6600;\">\u27a4<\/span>Giorno 3: Citt\u00e0 del Messico \/ Puebla \/ Oaxaca<\/span><\/td>\n<\/tr>\n<tr class=\"alt\">\n<td>Prima colazione. Trasferimento a Puebla de los \u00c1ngeles per visitare Santa Maria Tonantzintla, tempi magnificamente decorato a mano degli indios. Si potranno anche ammirare la chiesa del Rosario, la Cattedrale, la Piazza Maggiore, e passeggiare per il centro storico. Dopo pranzo continuazione del viaggio verso Oaxaca.<\/td>\n<\/tr>\n<tr>\n<td style=\"background-color: #ababab;\"><span style=\"color: #000000;\"><span style=\"color: #ff6600;\">\u27a4<\/span>Giorno 4: Oaxaca \/ Monte Alban \/ Mitla \/ Tule<\/span><\/td>\n<\/tr>\n<tr class=\"alt\">\n<td>Dopo la prima colazione, , escursione al Monte Alban, una zona archeologica situata sulla cima della montagna, nella quale si sono ritrovate manifestazioni delle culture Olmeca, Zapoteca e Mixteca: la Gran Piazza, l\u2019Osservatorio, la Tumba numero 7, le \u201cEstelas de los Danzantes\u201d. Nel pomeriggio, visita a Mitla, la \u201ccitt\u00e0 dei morti\u201d ricca di decorazioni simboliche suggestive. Il nostro itinerario ci porter\u00e0 all\u2019albero di Tule, probabilmente l\u2019essere vivente pi\u00f9 voluminoso del mondo e, successivamente, a Oaxaca, bellissima citt\u00e0 coloniale, con la Cattedrale, il magnifico tempio di San Domenico e il Museo dell\u2019Oro.<\/td>\n<\/tr>\n<tr class=\"alt\">\n<td style=\"background-color: #ababab;\"><span style=\"color: #000000;\"><span style=\"color: #ff6600;\">\u27a4<\/span>Giorno 5: Oaxaca \/ Sumidero \/ San Crist\u00f3bal<\/span><\/td>\n<\/tr>\n<tr class=\"alt\">\n<td>Prima colazione. \u00a0Nelle prime ore del mattino, trasferimento all\u2019aeroporto per il viaggio verso Tuxtla Guti\u00e9rrez, capitale dello stato del Chiapas. Arrivo e continuazione via acqua attraverso l\u2019imponente canyon di Sumidero, di quasi mille metri di profondit\u00e0. Visita al Parco ecologico Ecoparque Sumidero. Pranzo libero. Continuazione verso San Crist\u00f3bal. Durante il tragitto, tappa nel villaggio di Chiapas de Corzo. Arrivo a San Crist\u00f3bal.<\/td>\n<\/tr>\n<tr class=\"alt\">\n<td style=\"background-color: #ababab;\"><span style=\"color: #000000;\"><span style=\"color: #ff6600;\">\u27a4<\/span>Giorno 6: San Crist\u00f3bal \/ Villaggi indigeni<\/span><\/td>\n<\/tr>\n<tr class=\"alt\">\n<td>Prima colazione. Visita alle localit\u00e0 di San Juan Chamula e Zinacantan, nelle quali la popolazione indigena conserva le sue tradizioni, credenze religiose e organizzazione sociale. Si potranno apprezzare tracce della loro cultura, tanto nelle costruzioni della chiesa e della case come nei vestiti che portano. Pomeriggio libero per una visita al mercato, Santo Domingo, alla Cattedrale e al Museo della Giada, dove si trova una riproduzione della tomba del Re Pakal.<\/td>\n<\/tr>\n<tr class=\"alt\">\n<td style=\"background-color: #ababab;\"><span style=\"color: #000000;\"><span style=\"color: #ff6600;\">\u27a4<\/span>Giorno 7:\u00a0San Crist\u00f3bal de las Casas \/ Agua Azul \/ Palenque<\/span><\/td>\n<\/tr>\n<tr class=\"alt\">\n<td>Prima colazione. Escursione alle cascate di Agua Azul, splendide con la loro tonalit\u00e0 turchese. Se il tempo lo permette, si potr\u00e0 fare il bagno. Breve tappa a Misol-ha, altra cascata naturale, e continuazione del viaggio per Palenque.<\/td>\n<\/tr>\n<tr class=\"alt\">\n<td style=\"background-color: #ababab;\"><span style=\"color: #000000;\"><span style=\"color: #ff6600;\">\u27a4<\/span>Giorno 8:\u00a0Palenque \/ Campeche<\/span><\/td>\n<\/tr>\n<tr class=\"alt\">\n<td>Dopo la prima colazione, visita guidata al centro archeologico di Palenque, immerso nella selva -uno dei pi\u00f9 importanti del mondo Maya, per la rilevanza storica e per la sua bellezza. All\u2019interno della Piramide delle Iscrizioni si \u00e8 trovato il sarcofago del Re Pakal, con una lapide incisa in bassorilievo. Qui si trovavano anche il Tempio della Croce \u201cFoliada\u201d, il Tempio del Sole e il Palazzo. Proseguiremo poi verso Campeche per una meravigliosa vista panoramica del Golfo del Messico.<\/td>\n<\/tr>\n<tr class=\"alt\">\n<td style=\"background-color: #ababab;\"><span style=\"color: #000000;\"><span style=\"color: #ff6600;\">\u27a4<\/span>Giorno 9:\u00a0Campeche \/ Uxmal \/ M\u00e9rida<\/span><\/td>\n<\/tr>\n<tr class=\"alt\">\n<td>Prima colazione. Visita alla citt\u00e0 di Campeche e trasferimento in autobus verso Uxmal. Visita guidata a questo sito archeologico assolutamente unico per bellezza architettonica: la Piramide dell\u2019Indovino, il Quadrangolo delle Monache, il Palazzo del Governatore e il Gioco della Palla. Dopo pranzo, continueremo il viaggio fino a M\u00e9rida, \u201cla Citt\u00e0 Bianca\u201d che percorreremo per poter apprezzarne i tesori: il Paseo de Montejo, il Monumento alla Patria, la Piazza Principale con la Cattedrale e i Palazi di Governo. Pernottamento a Merida.<\/td>\n<\/tr>\n<tr class=\"alt\">\n<td style=\"background-color: #ababab;\"><span style=\"color: #000000;\"><span style=\"color: #ff6600;\">\u27a4<\/span>Giorno 10:\u00a0M\u00e9rida \/ Chichen Itza \/ Cancun<\/span><\/td>\n<\/tr>\n<tr class=\"alt\">\n<td>Prima colazione. Trasferimento per Chichen Itza, la citt\u00e0 Maya pi\u00f9 rinomata del Messico. Il suo territorio archeologico rivela avanzate conoscenze astronomiche. Si potranno ammirare: la Piramide conosciuta come \u201cil Castello\u201d o Tempio di Kukulcan, il Gioco della Palla, la Piattaforma dei Teschi, il Tempio dei Giaguari, l\u2019Osservatorio, la Piazza delle Mille Colonne, il Cenote Sagrado (pozzo). Pranzo. Poi, visita di un pozzo-deposito e proseguimento per Canc\u00fan o Riviera Maya. Pernottamento.<\/td>\n<\/tr>\n<tr class=\"alt\">\n<td style=\"background-color: #ababab;\"><span style=\"color: #000000;\"><span style=\"color: #ff6600;\">\u27a4<\/span>Giorno 11:\u00a0Akumal o Canc\u00fan<\/span><\/td>\n<\/tr>\n<tr class=\"alt\">\n<td>Prima colazione. Giornata a disposizione per godersi le spiagge di sabbia bianca e mare turchese di questa meravigliosa citt\u00e0 turistica. Si avr\u00e0 la possibilit\u00e0 di scegliere tra le numerose escursioni facoltative, tra le quali l\u2019Isola Mujeres, Xcaret, Tulum\/Xel- Ha e Cosumel. Pernottamento.<\/td>\n<\/tr>\n<tr class=\"alt\">\n<td style=\"background-color: #ababab;\"><span style=\"color: #000000;\"><span style=\"color: #ff6600;\">\u27a4<\/span>Giorno 12<\/span><\/td>\n<\/tr>\n<tr class=\"alt\">\n<td>Inizio del viaggio di ritorno al paese d\u2019origine, dal\u2019 aeroporto di Cancun.<\/td>\n<\/tr>\n<\/tbody>\n<\/table>\n<\/div>\n<div class=\"row\"><\/div>\n<h3 class=\"row\"><\/h3>\n<p><!--:--><\/p>\n","protected":false},"excerpt":{"rendered":"<p>Messico<br \/>\n12 giorni \/ 11 notti<\/p>\n","protected":false},"featured_media":1967,"comment_status":"closed","ping_status":"closed","template":"","meta":{"dwc-title":[""],"dwc-content":["<img src=\"http:\/\/www.lctouroperator.com\/it\/wp-content\/uploads\/2017\/05\/Mexico-M2-2009Bv21.jpg\" alt=\"\" width=\"274\" height=\"420\" class=\"alignnone size-full wp-image-2757\" \/>\r\n"]},"product_cat":[35],"product_tag":[],"class_list":{"0":"post-1966","1":"product","2":"type-product","3":"status-publish","4":"has-post-thumbnail","6":"product_cat-mexico","8":"first","9":"instock","10":"shipping-taxable","11":"product-type-simple"},"_links":{"self":[{"href":"https:\/\/www.lctouroperator.com\/it\/wp-json\/wp\/v2\/product\/1966"}],"collection":[{"href":"https:\/\/www.lctouroperator.com\/it\/wp-json\/wp\/v2\/product"}],"about":[{"href":"https:\/\/www.lctouroperator.com\/it\/wp-json\/wp\/v2\/types\/product"}],"replies":[{"embeddable":true,"href":"https:\/\/www.lctouroperator.com\/it\/wp-json\/wp\/v2\/comments?post=1966"}],"wp:featuredmedia":[{"embeddable":true,"href":"https:\/\/www.lctouroperator.com\/it\/wp-json\/wp\/v2\/media\/1967"}],"wp:attachment":[{"href":"https:\/\/www.lctouroperator.com\/it\/wp-json\/wp\/v2\/media?parent=1966"}],"wp:term":[{"taxonomy":"product_cat","embeddable":true,"href":"https:\/\/www.lctouroperator.com\/it\/wp-json\/wp\/v2\/product_cat?post=1966"},{"taxonomy":"product_tag","embeddable":true,"href":"https:\/\/www.lctouroperator.com\/it\/wp-json\/wp\/v2\/product_tag?post=1966"}],"curies":[{"name":"wp","href":"https:\/\/api.w.org\/{rel}","templated":true}]}}