{"id":1866,"date":"2017-04-03T00:05:15","date_gmt":"2017-04-03T03:05:15","guid":{"rendered":"http:\/\/www.lctouroperator.com\/it\/?post_type=product&#038;p=1866"},"modified":"2021-04-16T10:17:37","modified_gmt":"2021-04-16T13:17:37","slug":"paraguay-bolivia","status":"publish","type":"product","link":"https:\/\/www.lctouroperator.com\/it\/producto\/paraguay-bolivia\/","title":{"rendered":"Paraguay &amp; Bolivia"},"content":{"rendered":"<h2>Con San Ignacio Mini in Posadas &#8211; Argentina<\/h2>\n<h2>\u201cRuinas\u201d, vestige che parlano di vita. Emozionante contatto con un\u2019 esperienza rivoluzionaria avvenuta nei lontani XVI-XVII secoli in Paraguay e paesi limitrofi: la forza del Vangelo vissuto che diventa opera e ancora oggi, nel silenzio delle rovine, parlano di vita nelle \u201cMissioni\u201d Gesuitiche e Francescane nel \u201cnuovo mondo\u201d. Un viaggio di esperienza unico per chi ama conoscere la cultura di questi paesi in via di sviluppo ma dalla natura esuberante, ricchi di tradizioni, musica, artigianato e buona cucina. Imperdibile la Chiquitania, in Bolivia, dove le splendide chiese ricostruite sono oggi sedi di famosi concerti per la loro incredibile acustica.<\/h2>\n<p>Validit\u00e0: Tutto l\u2019anno (tranne festivit\u00e1: Settimana Santa- Festival Barocco in Bolivia- Feste di fine anno)<\/p>\n<h2>Programma<\/h2>\n<table>\n<tbody>\n<tr>\n<td style=\"background-color: #ababab\"><span style=\"color: #ff6600\">\u27a4<\/span><span style=\"color: #000000\">1\u00ba giorno: ASUNCI\u00d3N : CENTRO STORICO<\/span><\/td>\n<\/tr>\n<tr>\n<td>Arrivo all\u2019aeroporto di Asunci\u00f3n. Trasferimento in hotel. Early check in e colazione buffet Tempo libero per riposarsi dal viaggio. Alle ore 14 tour panoramico della citt\u00e0 con guida locale: Asunci\u00f3n costruita nelle colline sul fiume Paraguay, conserva vestigia coloniali con bellissimi parchi esuberanti di verde: visita al centro storico, alla Cattedrale e ai moderni quartieri. Tour in barca per la baia di Asunci\u00f3n: Rientro in hotel. Cena di benvenuto. Pernottamento.<\/td>\n<\/tr>\n<tr>\n<td style=\"background-color: #ababab\"><span style=\"color: #ff6600\">\u27a4<\/span><span style=\"color: #000000\">2\u00ba giorno: CAACUPE \u2013 EL FORTIN (PIRIBEBUY) \u2013 MITICA TRIPLICE FRONTIERA<\/span><\/td>\n<\/tr>\n<tr>\n<td>Colazione. Alle ore 7.30 Partenza per Ciudad del Este, visitando nel percorso Itaugu\u00e1, la citt\u00e1 del \u00d1anduty: ricamo in finisissimo filo di cotone che richiama la ragnatela: un antica tradizione tramandata da una generazione all\u2019altra. Arrivo alla Basilica Nuestra Se\u00f1ora de Caacupe: il Santuario con la Madonna pi\u00fa venerata in Paraguay. Tempo per celebrare l\u2019 Eucaristia. Pranzo in Piribebuy.Visita alla fabbrica di rum El Fortin: tempo per conoscere come viene preparata la \u201cca\u00f1a Paraguaya\u201d e per la degustazione. Sempre durante il percorso del viaggo si potr\u00e1 degustare la famosa \u201cchip\u00e1 paraguaya\u201d (cip\u00e1). Arrivo a Ciudad del Este. Sistemazione. Tempo per un relax nella splendida piscina dell\u2019hotel. Cena libera.<\/td>\n<\/tr>\n<tr>\n<td style=\"background-color: #ababab\"><span style=\"color: #ff6600\">\u27a4<\/span><span style=\"color: #000000\">3\u00ba giorno ITAIPU \u2013 TRE FRONTIERE \u2013 I FIUMI &#8211; MUSEO BERTONI &#8211; TRINIDAD<\/span><\/td>\n<\/tr>\n<tr>\n<td>Prima colazione. Alle ore 7.30 visita alla idroelettrica pi\u00f9 grande del mondo: Itaipu costruita dal Brasile e il Paraguay. Visita alle \u201cTres Fronteras\u201d Paraguay-Argentina-Brasile: una splendida visione esuberanate di verde e \u201cl\u00b4incontro delle acque\u201d dei fiumi Paran\u00e1 e Iguazu, le quali per un lungo percorso non si mescolano sia per la differente temperatura sia per il tipo di componenti che trascinano. Tempo per ammirare i Saltos del Monday che con la caduta da 40 metri formano le cascate del lato paraguaiano. Le acque del Monday che alimentano il fiume Parana cos\u00ed come il Fiume Iguaz\u00fa costituiscono una delle pi\u00f9 spettacolari aree del Sud America: il contrasto tra i colori del cielo, della vegetazione e della terra rossa, fanno da giusto retroscena alle culture multietniche locali. Se non piove, visita alla casa-museo del naturista svizzero Mos\u00e8 Bertoni incastonata in un vero paradiso della flora paraguaiana e di terre lontane portate fino alle sponde del Paran\u00e0 dallo stesso Bertoni, che ha scoperto la stevia rebaudiana, il dolcificante naturale, 300 volte pi\u00fa dolce dello zucchero di canna. Pranzo. Continuazione del viaggio verso le Missioni Gesuitiche vicino a Encarnaci\u00f3n. Arrivo in hotel. Sistemazione. Cena libera. Visita alla pi\u00fa completa delle \u201creducciones\u201d, opera dell\u2019italiano Giovanni Battista Primoli: Trinidad. La bellezza dell&#8217;architettura guaran\u00ec frutto dell\u2019incontro profondo coi maestri italiani \u00e8 espressa magistralmente in tutte queste costruzioni che testimoniano l&#8217;immensa opera dei gesuiti con gli indigeni guaran\u00ec. Visita notturna chiamata di \u201ccontemplazione\u201d delle rovine illuminate. Ritorno in hotel<\/td>\n<\/tr>\n<tr>\n<td style=\"background-color: #ababab\"><span style=\"color: #ff6600\">\u27a4<\/span><span style=\"color: #000000\">4\u00ba giorno: TERERE &#8211; JESUS DE TAVARANGUE &#8211; MISSIONE IN ARGENTINA<\/span><\/td>\n<\/tr>\n<tr>\n<td>Prima colazione. Visita ad una fabbrica di Yerba Mate, l\u2019erba che i guaran\u00ec scambiavano con il Per\u00f9 per ottenere armi per la difesa di alcune delle \u201creducciones\u201d, nome originario delle Missioni. Assaggio del Terere: bevanda fredda tipica del paese. Visita all\u2019inconclusa missione \u201cJes\u00f9s de Tavarangue\u201d con evidenti tracce dell\u2019influsso arabo nell\u2019arte dei gesuiti nel anno 1759. L\u2019architetto Antonio Forcada fu costruttore della chiesa progettata dal fratello Jos\u00e9 Grimau. Se non piove visita alla comunit\u00e1 indigena GUAVIRAMI: interessanti incontro com la tribu \u201cmbya\u201d tempo per visitare il loro museo e camminata per la foresta per scoprire i metodi di caccia soprattutto nel periodo in cui erano nomade. Pranzo. Continuazione del viaggio verso l\u00b4 Argentina: attraversando un ponte e dopo le pratiche doganali, si arriva a Posadas. Tempo per il pranzo. Visita panoramica di Posadas con guida locale. Visita alla missione pi\u00f9 importante in Argentina: San Ignacio Mini, la \u201cpiccola\u201d, fondata agli inizi del secolo XVII dal padre gesuita San Roque Gonzalez de Santa Cruz, primo santo paraguaiano. La missione, anch\u2019essa Patrimonio dell\u2019Umanit\u00e1, possiede parte della pi\u00f9 belle facciate delle chiese costruite per le missioni.<br \/>\nRientro a Encarnaci\u00f3n. Cena libera in citt\u00e0. Pernottamento.<\/td>\n<\/tr>\n<tr>\n<td style=\"background-color: #ababab\"><span style=\"color: #ff6600\">\u27a4<\/span><span style=\"color: #000000\">5\u00ba giorno: SAN IGNACIO \u2013 SANTA ROSA \u2013 SANTA MARIA &#8211; YAGUARON<\/span><\/td>\n<\/tr>\n<tr>\n<td>Prima colazione. Alle 7.30 partenza per il rientro ad Asuncion, visitando durante il percorso il museo di San Ignacio Guazu che contiene parte della ricca opera artistica dei missionari con gli indigeni guarani. Arrivo a Yaguaron breve fermata per conoscere una tra le pi\u00fa belle chiese-museo frutto delle missioni francescane in Paraguay: risalta lo stile barocco degli altari intagliati in legno, un vero capolavoro ispano-guarani. Pranzo libero in corso di escursione. Arrivo ad Asunci\u00f3n.<br \/>\nTempo e cena di arriverderci in una parillada con la miglior carne paraguaiana.<\/td>\n<\/tr>\n<tr>\n<td style=\"background-color: #ababab\"><span style=\"color: #ff6600\">\u27a4<\/span><span style=\"color: #000000\">6\u00ba giorno: ASUNCI\u00d3N- SANTA CRUZ DELLA SIERRA (Bol\u00edvia)<\/span><\/td>\n<\/tr>\n<tr>\n<td>Prima colazione. In orario da definire, trasferimento all\u2019aeroporto per continuare il viaggio verso Santa Cruz, Bolivia. Arrivo a Santa Cruz de la Sierra all\u2019aeroporto Viru Viru e trasferimento verso l\u2019hotel prenotato. Sistemazione. Pranzo di benvenuto. Nel pomeriggio visita guidata della citt\u00e0: la Piazza 24 di settembre, la Cattedrale dedicata a San Lorenzo, il museo indigeno, concludendo nel Biocentro \u201cGuembe\u201d, un paradiso naturale e un mondo di farfalle, vicino alla citt\u00e0. Rientro in hotel. Cena libera.<\/td>\n<\/tr>\n<tr>\n<td style=\"background-color: #ababab\"><span style=\"color: #ff6600\">\u27a4<\/span><span style=\"color: #000000\">7\u00ba giorno: LA CHIQUITANIA: COTOCA \u2013 SAN JAVIER<\/span><\/td>\n<\/tr>\n<tr>\n<td>Prima colazione. Partenza verso San Javier, visitando nel percorso il pittoresco paese di Cotoca, con il suo famoso Santuario, i cibi tipici e l\u2019artigianato. Arrivo a San Javier: el paesino possiede uma bell\u00edssima chiesa di stilo barocco-meticcio, costruita nel 1749 e ricostruita perfettamete trai l 1987 \u2013 1993, mantenendo la condizione di Patromonio Culturale dell\u2019 Umanit\u00e1 per l\u00b4Unesco. Pranzo. Nel pomeriggio concerto privato nella chiesa: vero anticipo del festival Internazionale biennale, in cui partecipano anche i cori locali, i quali utlizzano le incredibili partiture ritrovate dall\u2019epoca delle Missioni&#8230;. un\u2019occasione unica per apprezzare la perfetta ac\u00fastica della chiesa. Visita al museo di arte sacra. Continuazione del viaggio verso Concepci\u00f3n. Sistemazione nel hotel coloniale Gran hotel Concepci\u00f3n. Cena libera. Pernottamento.<\/td>\n<\/tr>\n<tr>\n<td style=\"background-color: #ababab\"><span style=\"color: #ff6600\">\u27a4<\/span><span style=\"color: #000000\">8\u00ba giorno: CONCEPCION \u2013 SANTA CRUZ<\/span><\/td>\n<\/tr>\n<tr>\n<td>Prima colazione. Visita alla popolazione di Santa Rita: una comunit\u00e0 indigena che confeziona originali coperte di cotone utilizzando coloranti naturali. Visita alla chiesa di Concepci\u00f3n, costruita in tre arcate totalmente in legno scolpito e dipinto dagli indigeni: la chiesa \u00e8 considerata un gioiello boliviano nonch\u00e9 patrimonio culturale dell\u2019 Umanit\u00e1. Pranzo, inizio del viaggio di rientro a Santa Cruz. Pernottamento. Tempo libero. Cena di arriverderci.<\/td>\n<\/tr>\n<tr>\n<td style=\"background-color: #ababab\"><span style=\"color: #ff6600\">\u27a4<\/span><span style=\"color: #000000\">9\u00ba giorno: RIENTRO PAESE DI ORIGINE<\/span><\/td>\n<\/tr>\n<tr>\n<td>Prima colazione. In orario da indicare trasferimento all\u2019aeroporto per iniziare il viaggio al paese di origine. Fine dei nostri servizi.<\/td>\n<\/tr>\n<\/tbody>\n<\/table>\n<p>&nbsp;<\/p>\n","protected":false},"excerpt":{"rendered":"<p>Paraguay \/ Bolivia<br \/>\n9 giorni \/ 8 notti<\/p>\n","protected":false},"featured_media":3001,"comment_status":"closed","ping_status":"closed","template":"","meta":{"dwc-title":[""],"dwc-content":["<img class=\"size-full wp-image-1963 aligncenter\" src=\"http:\/\/www.lctouroperator.com\/it\/wp-content\/uploads\/2017\/04\/Py-Bol.jpg\" alt=\"\" width=\"589\" height=\"857\" \/>"]},"product_cat":[21],"product_tag":[],"class_list":{"0":"post-1866","1":"product","2":"type-product","3":"status-publish","4":"has-post-thumbnail","6":"product_cat-gruppi","8":"first","9":"instock","10":"shipping-taxable","11":"product-type-simple"},"_links":{"self":[{"href":"https:\/\/www.lctouroperator.com\/it\/wp-json\/wp\/v2\/product\/1866"}],"collection":[{"href":"https:\/\/www.lctouroperator.com\/it\/wp-json\/wp\/v2\/product"}],"about":[{"href":"https:\/\/www.lctouroperator.com\/it\/wp-json\/wp\/v2\/types\/product"}],"replies":[{"embeddable":true,"href":"https:\/\/www.lctouroperator.com\/it\/wp-json\/wp\/v2\/comments?post=1866"}],"wp:featuredmedia":[{"embeddable":true,"href":"https:\/\/www.lctouroperator.com\/it\/wp-json\/wp\/v2\/media\/3001"}],"wp:attachment":[{"href":"https:\/\/www.lctouroperator.com\/it\/wp-json\/wp\/v2\/media?parent=1866"}],"wp:term":[{"taxonomy":"product_cat","embeddable":true,"href":"https:\/\/www.lctouroperator.com\/it\/wp-json\/wp\/v2\/product_cat?post=1866"},{"taxonomy":"product_tag","embeddable":true,"href":"https:\/\/www.lctouroperator.com\/it\/wp-json\/wp\/v2\/product_tag?post=1866"}],"curies":[{"name":"wp","href":"https:\/\/api.w.org\/{rel}","templated":true}]}}