{"id":1703,"date":"2017-03-08T00:25:25","date_gmt":"2017-03-08T03:25:25","guid":{"rendered":"http:\/\/www.lctouroperator.com\/it\/prog\/nord-imperdible\/"},"modified":"2020-12-10T12:16:14","modified_gmt":"2020-12-10T15:16:14","slug":"nord-imperdible","status":"publish","type":"product","link":"https:\/\/www.lctouroperator.com\/it\/producto\/nord-imperdible\/","title":{"rendered":"L&#8217;imperdibile Nord"},"content":{"rendered":"<h2>La Puna argentina e cilena,\u00a0 paesaggi surreali, aria frizzante e un mondo di colori sorprendenti. Dalla Quebrada di Humahuaca,\u00a0 patrimonio dell&#8217;Umanit\u00e0 Unesco, alle Valle calchaquies verso Cafayate e alla Puna di Atacama.\u00a0 Percorrere l&#8217;altopiano desertico e policromo, punteggiato da alti cactus al cospetto della cordigliera delle Ande, regala scorci davvero unici al mondo. Un&#8217;esperienza tutta da vivere per riempire occhi e mente di bellezze in orizzonti infiniti.<\/h2>\n<h3>Programma<\/h3>\n<table>\n<tbody>\n<tr>\n<td style=\"background-color: #ababab;\"><span style=\"color: #000000;\"><span style=\"color: #ff6600;\">\u27a4<\/span>Giorno 1: Salta (Argentina)<\/span><\/td>\n<\/tr>\n<tr>\n<td>Arrivo alla citt\u00e0 coloniale pi\u00f9 bella d\u2019Argentina: Salta. Trasferimento in hotel. Tempo libero. Alle 16:00 inizio della visita guidata: centro storico, chiese, musei e monumenti con la tipica architettura coloniale che la caratterizza. La sera e passeggiata libera per il centro della citt\u00e0. Facoltativo cena con show di danza e canzoni folcloristiche.<\/td>\n<\/tr>\n<tr>\n<td style=\"background-color: #ababab;\"><span style=\"color: #000000;\"><span style=\"color: #ff6600;\">\u27a4<\/span>Giorno 2: Cafayate \/ Quebrada de las Conchas<\/span><\/td>\n<\/tr>\n<tr>\n<td>Prima colazione in hotel. Tour a Cafayate, paesino di vigne e cantine dei famosi vini nazionali ammirando, durante il percorso, paesaggi di sorprendente bellezza attraversando la Quebradas de las Conchas: incredibili formazioni sedimentarie con figure assai delineate como la \u201cGarganta del Diablo\u201d e \u201cl\u2019Anfiteatro\u201d, e anche altre erosioni eoliche come: \u201cEl Fraile\u201d, \u201cEl Sapo\u201d, \u201cEl Navio\u201d.<br \/>\nArrivo a Cafayate. Pranzo libero in una delle cantine tradizionali. Visita con degustazione Rientro a Salta. Visita facoltativa ai differenti musei tra cui: il museo Coloniale e delle Belle Arti,\u00a0 il museo di Archeologia di Alta Montagna che espone manufatti di antiche trib\u00f9 andine e degli Inca. In questo museo inoltre sono conservate le salme congelate e mummificate di 3 bambini Inca uccisi in un sacrificio rituale che sono state scoperte nel 1999 sul vulcano Llullaillaco al confine della Provincia di Salta con il Cile.<\/td>\n<\/tr>\n<tr>\n<td style=\"background-color: #ababab;\"><span style=\"color: #000000;\"><span style=\"color: #ff6600;\">\u27a4<\/span>Giorno 3: Quebrada de Humahuaca<\/span><\/td>\n<\/tr>\n<tr>\n<td>Prima colazione in hotel. Giorno dedicato alla visita della Quebrada de Humahuaca dichiarata Patrimonio culturale dell\u2019 Umanit\u00e0: opportunit\u00e0 per un incontro con le comunit\u00e0 locali che conservano vita e costumi ancestrali. Durante il percorso fermata a Purmamarca per ammirare il \u201cCerro de siete colores\u201d. Passeggiata per il centro del paesino e per alcuni sentieri colorati. Tempo per scattare le migliori foto-cartoline. Proseguimento del viaggio fino a Tilcara dove si potranno apprezzare le costruzioni del Pukar\u00e0, un forte costruito per la difesa degli antichi abitanti. Notte a Purmamarca (o a Salta se si sceglie l\u2019escursione facoltativa per il Tren de las nubes).<\/td>\n<\/tr>\n<tr>\n<td style=\"background-color: #ababab;\"><span style=\"color: #000000;\"><span style=\"color: #ff6600;\">\u27a4<\/span>Giorno 4: Purmamarca<\/span><\/td>\n<\/tr>\n<tr>\n<td>Prima colazione. Giornata a disposizione per il gourmet e il contatto con la natura: Tempo per visitare il tipico mercato di Tilcara: un mondo variopinto di colori e sapori accattivanti\u2026con piatti a base di Lama e svariati condimenti, ortaggi organici, patate di diversi colori e misura. Un\u2019 esperienza unica a contatto con la popolazione locale. Tempo per safari fotografico ai piedi del Cerro dei setti colori.<br \/>\nAlternativo a questa proposta per chi ama i treni possibilit\u00e0 di fare un tour nel Treno alle nuvole, che con la nuova modalit\u00e0 di viaggiare per solo 1 ore nelle vette pi\u00f9 alte \u00e8 ancora pi\u00f9 attraente: un esperienza unica da non dimenticare. Il tour per prendere il treno alle nuvole parte da Salta e passando per paesaggi ora di colori ocra ora multicolori, si arriva a San Antonio de los Cobres dove a mezzogiorno si abborder\u00e0 il treno. Rientro e partenza per visitare il deserto questa volta di colore bianco, Salinas Grandes. Notte a Purmamarca.<\/td>\n<\/tr>\n<tr>\n<td style=\"background-color: #ababab;\"><span style=\"color: #000000;\"><span style=\"color: #ff6600;\">\u27a4<\/span>Giorno 5: Purmamarca \/ San Pedro de Atacama &#8211; CILE*\u00a0<\/span><\/td>\n<\/tr>\n<tr>\n<td>Colazione. Presentazione al punto di partenza del bus per proseguimento del viaggio verso il Cile, attraverso le Cordigliera de los Andes, immersi in scenari suntuosi. Arrivo a San Pedro di Atacama fine pomeriggio. Cena libera e pernottamento.<\/td>\n<\/tr>\n<tr>\n<td style=\"background-color: #ababab;\"><span style=\"color: #ff6600;\">\u27a4<\/span><span style=\"color: #000000;\">Giorno 6: Salar de Atacama \/ Lagune a 4.150 m s.l.m.<\/span><\/td>\n<\/tr>\n<tr>\n<td>Prima colazione in hotel. Escursione full-day al Gran Salar di Atacama. Si visiteranno i villaggi di Toconao, Camar e Socaire, arrivando fino alle lagune Miscanti e Miniques a 4.150 mslm. Box lunch. Ritorno a San Pedro, cena libera e pernottamento.<\/td>\n<\/tr>\n<tr>\n<td style=\"background-color: #ababab;\"><span style=\"color: #000000;\"><span style=\"color: #ff6600;\">\u27a4<\/span>Giorno 7: Geyser del Tatio \/ Valle de la Luna<\/span><\/td>\n<\/tr>\n<tr>\n<td>Geyser del Tatio (a + di 4.000 m.s.l.m) 04,00 del mattino si partir\u00e0 per l\u2019escursione ai Geysers del Tatio, dove si far\u00e0 colazione, circondati da un paesaggio naturale unico al mondo.. tempo per ammirare i geyser. Al rientro, si passer\u00e0 per i paesini di Caspana, Lasana, Chiu Chiu. Nel pomeriggio, visita alla Valle della Luna nel Parco Nazionale dei Flamencos a 2.250 s.l.m.: a 43 km dal paese si arriva alla cordigliera del sale e le sue sculture rocciose fino ad affacciarsi sull\u2019immensa distesa chiamata Valle della morte per la mancanza totale di vita di qualsiasi genere. Visita alle sculture chiamate le Tre Marie nella Valle della Luna cosi chiamata perch\u00e9 la grande duna assomiglia al paesaggio lunare. Tempo per ammirare il tramonto con dei colori splendidi che mano mano cala il sole mutano continuamente. Rientro al hotel. Pernottamento.<\/td>\n<\/tr>\n<tr>\n<td style=\"background-color: #ababab;\"><span style=\"color: #000000;\"><span style=\"color: #ff6600;\">\u27a4<\/span>Giorno 8: San Pedro de Atacama*<\/span><\/td>\n<\/tr>\n<tr>\n<td>Colazione. In orario da specificare trasferimento al terminal del terminale dei pullman per continuare viaggio verso altre destinazioni.<\/td>\n<\/tr>\n<\/tbody>\n<\/table>\n<p>&nbsp;<\/p>\n","protected":false},"excerpt":{"rendered":"<p>Argentina \/ Cile<br \/>\n8 giorni \/ 7 notti<\/p>\n","protected":false},"featured_media":1951,"comment_status":"closed","ping_status":"closed","template":"","meta":{"dwc-title":[""],"dwc-content":["<img class=\"alignnone size-full wp-image-2963 aligncenter\" src=\"http:\/\/www.lctouroperator.com\/it\/wp-content\/uploads\/2017\/04\/Argentina-11-2011Av11.jpg\" alt=\"\" width=\"274\" height=\"420\" \/>"]},"product_cat":[24],"product_tag":[],"class_list":{"0":"post-1703","1":"product","2":"type-product","3":"status-publish","4":"has-post-thumbnail","6":"product_cat-combinati","8":"first","9":"instock","10":"shipping-taxable","11":"product-type-simple"},"_links":{"self":[{"href":"https:\/\/www.lctouroperator.com\/it\/wp-json\/wp\/v2\/product\/1703"}],"collection":[{"href":"https:\/\/www.lctouroperator.com\/it\/wp-json\/wp\/v2\/product"}],"about":[{"href":"https:\/\/www.lctouroperator.com\/it\/wp-json\/wp\/v2\/types\/product"}],"replies":[{"embeddable":true,"href":"https:\/\/www.lctouroperator.com\/it\/wp-json\/wp\/v2\/comments?post=1703"}],"wp:featuredmedia":[{"embeddable":true,"href":"https:\/\/www.lctouroperator.com\/it\/wp-json\/wp\/v2\/media\/1951"}],"wp:attachment":[{"href":"https:\/\/www.lctouroperator.com\/it\/wp-json\/wp\/v2\/media?parent=1703"}],"wp:term":[{"taxonomy":"product_cat","embeddable":true,"href":"https:\/\/www.lctouroperator.com\/it\/wp-json\/wp\/v2\/product_cat?post=1703"},{"taxonomy":"product_tag","embeddable":true,"href":"https:\/\/www.lctouroperator.com\/it\/wp-json\/wp\/v2\/product_tag?post=1703"}],"curies":[{"name":"wp","href":"https:\/\/api.w.org\/{rel}","templated":true}]}}