{"id":1699,"date":"2017-03-07T10:10:13","date_gmt":"2017-03-07T13:10:13","guid":{"rendered":"http:\/\/www.lctouroperator.com\/it\/prog\/missioni-gesuitiche-in-paraguay-argentina-e-brasile-con-cascate-dell-iguazu\/"},"modified":"2021-05-17T04:55:37","modified_gmt":"2021-05-17T07:55:37","slug":"missioni-gesuitiche-e-cascate-delliguazu","status":"publish","type":"product","link":"https:\/\/www.lctouroperator.com\/it\/producto\/missioni-gesuitiche-e-cascate-delliguazu\/","title":{"rendered":"Missioni Gesuitiche e Cascate dell\u2019Iguazu"},"content":{"rendered":"<h2>\u201cRuinas\u201d, che parlano di vita. Emozionante contatto con una esperienza rivoluzionaria in Paraguay e paesi limitrofi: la forza del Vangelo fatta vita testimoniano da queste vestigie delle Missioni gesuitiche e francescane nel XVI secolo, che ancora oggi, nel silenzio delle rudere parlano di vita donata fino al punto di dar la vita anche fisica quando \u00e8 stata necessaria. Una combinazione imperdibile tra cultura, arte, fede e natura.<\/h2>\n<p>Validit\u00e0: Tutto l\u2019anno.<\/p>\n<h2><span style=\"color: #ff6600\">Programma<\/span><\/h2>\n<div class=\"nine columns\">\n<table>\n<tbody>\n<tr>\n<td style=\"background-color: #ababab\"><span style=\"color: #000000\"><span style=\"color: #ff6600\">\u27a4<\/span>Giorno 1: Asunci\u00f3n &#8211; Arte e gioelli<br \/>\n<\/span><\/td>\n<\/tr>\n<tr class=\"alt\">\n<td>Arrivo all\u2019aeroporto di Asunci\u00f3n. Trasferimento all\u2019hotel. Sistemazione. Tempo libero per riposarsi dal viaggio. A met\u00e0 pomeriggio tour panoramico della citt\u00e0 con guida locale: Asunci\u00f3n costruita nelle colline spuntate sul fiume Paraguay, conserva vestigia coloniali con bellissimi parchi esuberanti di verde: visita al centro storico, alla Cattedrale e ai moderni quartieri fino alla vicina Luque per conoscere il lavoro di artigianato in argento: gioielli e suppellettili originalissimi. In serata incontro con la musica e il canto (in spagnolo e guarani) come la guarania che canta all\u2019amore, la polka e il ballo delle bottiglie, tutto in una cena show com men\u00f9 tipici del posto. Pernottamento.<\/td>\n<\/tr>\n<tr>\n<td style=\"background-color: #ababab\"><span style=\"color: #000000\"><span style=\"color: #ff6600\">\u27a4<\/span>Giorno 2: Itaugua &#8211; Caacup\u00e9<\/span><\/td>\n<\/tr>\n<tr class=\"alt\">\n<td>Colazione. Partenza per Caacup\u00e9, centro di devozione Mariana e capitale spirituale del Paraguay. Ogni 8<br \/>\ndicembre e i giorni precedenti migliaia di persone vi accorrono a piedi per centinaia di kilometri per ringraziare per i doni ricevuti o semplicemente dimostrare l\u2019affetto alla Madre di Ges\u00fa. Al rientro fermata a Itaugua per conoscere il lavoro di tante donne paraguaiane: il ricamo \u00d1anduti. Ritorno in hotel. Parte del pomeriggio libero per convenienti acquisti nei moderni shopping della citt\u00e0. Serata a disposizione.<\/td>\n<\/tr>\n<tr>\n<td style=\"background-color: #ababab\"><span style=\"color: #000000\"><span style=\"color: #ff6600\">\u27a4<\/span>Giorno 3: Chiesa francescana &#8211; Musei Barocco &#8211; Ispano &#8211; Guaranitiche &#8211; San Cosme e Damian<\/span><\/td>\n<\/tr>\n<tr class=\"alt\">\n<td>Prima colazione in hotel. Inizio di un percorso sulle tracce dei francescani e i gesuitiche in Paraguay: visita alla Chiesa di Yaguaron e il suo stile barocco. Emozionante incontro con l\u2019arte nella sua espressione ispano-guaranitiche: sculture e dipinti che esprimono il talento di autentici artisti indigeni. Visita ai musei di San Ignacio Guazu, Santa Maria, Santa Rosa. Pranzo in una tipica estancia a base di \u201casado\u201d. Visita a San Cosme<br \/>\ne Dami\u00e1n; al piccolo planetario per scoprire il cielo in questa parte del pianeta. Possibilit\u00e0 di celebrare la Santa Messa per i gruppi in pellegrinaggio. Arrivo in Hotel. Sistemazione. Cena. Pernottamento.<\/td>\n<\/tr>\n<tr>\n<td style=\"background-color: #ababab\"><span style=\"color: #000000\"><span style=\"color: #ff6600\">\u27a4<\/span>Giorno 4: Rovine Jesus de Tavarangue &#8211; Yerba Mate &#8211; Missione Trinidad<\/span><\/td>\n<\/tr>\n<tr class=\"alt\">\n<td>Prima colazione. Visita all\u2019inconclusa chiesa della \u201cReducci\u00f3n de Jes\u00f9s de Tavarangue\u201d con evidenti tracce dell\u2019influsso arabo nell\u2019arte dei gesuiti nel anno 1759. L\u2019architetto Antonio Forcada fu costruttore della chiesa proiettata dal fratello Jos\u00e9 Grimau. Visita ad una fabbrica di \u201cYerba Mate\u201d, l\u2019erba che i guaran\u00ec scambiavano con il Per\u00f9 per ottenere armi per la difesa di alcune delle \u201creducciones\u201d. Pranzo. Nel tardo pomeriggio visita alla pi\u00fa completa delle \u201creducciones\u201d, opera dell\u2019italiano Giovanni Battista Primoli: Trinidad. La bellezza dell\u2019architettura guaran\u00ed frutto dell\u2019incontro profondo coi maestri italiani \u00e8 espresso magistralmente in tutte questi costruzioni che testimoniano l\u2019immensa opera dei gesuiti con gli indigeni guaran\u00ec. Visita notturna per ammirare le rovine illuminate ed ammirare la perfetta acustica della chiesa. Ritorno a hotel. Cena ed alloggio.<\/td>\n<\/tr>\n<tr class=\"alt\">\n<td style=\"background-color: #ababab\"><span style=\"color: #000000\"><span style=\"color: #ff6600\">\u27a4<\/span>Giorno 5: Missioni in Argentina<\/span><\/td>\n<\/tr>\n<tr class=\"alt\">\n<td>Prima colazione in hotel. Partenza con destino Argentina, nella vicina citt\u00e0 di Posadas. Tempo per le pratiche doganali. Arrivo in hotel nella citt\u00e0 di Posadas. Sistemazione. Pranzo. Nel pomeriggio visita alle rovine pi\u00fa importanti delle Missioni in Argentina: Santa Ana, Loreto e Santa Maria la Maggiore, tutte dichiarate Patrimonio mondiale dell\u2019Umanit\u00e0 Unesco. E San Ignacio Mini \u201cpiccola\u201d fondata dal padre gesuita San Roque Gonzalez de Santa Cruz agli inizi del secolo XVII. Visita di questa missione anche con luci e musica barocca. Cena e pernottamento.<\/td>\n<\/tr>\n<tr class=\"alt\">\n<td style=\"background-color: #ababab\"><span style=\"color: #ff6600\">\u27a4<\/span><span style=\"color: #000000\">Giorno 6: Missioni in Brasile<\/span><\/td>\n<\/tr>\n<tr class=\"alt\">\n<td>Prima colazione in hotel. Uscita verso la visita delle missioni in Brasile, centrando il percorso nella due missioni Patrimonio dell\u2019Umanit\u00e0: San Rocco e San Miguel. Le Missioni con l\u2019antica chiesa, la croce missionaria, la sacrestia, il cimitero e la piazza delle Reduzioni. Pranzo in corso di escursione. Continuazione del viaggio verso Puerto Iguaz\u00fa. Arrivo in hotel. Cena e pernottamento.<\/td>\n<\/tr>\n<tr class=\"alt\">\n<td style=\"background-color: #ababab\"><span style=\"color: #000000\"><span style=\"color: #ff6600\">\u27a4<\/span>Giorno 7: Cascate dell\u00b4Iguazu versante argentino<\/span><\/td>\n<\/tr>\n<tr class=\"alt\">\n<td>Prima colazione in hotel. Giornata intera dedicata alla visita delle Cascate, versante argentino: situate al confine tra l\u2019Argentina, il Brasile ed il Paraguay ed immerse nella selva Sub tropicale. Le imponenti cascate di Igua\u00e7u costituiscono una delle pi\u00f9 spettacolari aree del Sud America: il contrasto tra i colori del cielo, della vegetazione e della terra rossa, fanno da giusto retroscena alle culture multietniche locali: inizio della visita nel circuito inferiore, possibilit\u00e0 di un safari nautico; versante superiore. Pranzo dentro del Parco Nazionale proseguimento della visita contemplando il salto pi\u00f9 alto delle cascate, la Garganta del Diablo, \u00e8 alto 70 metri, 20 metri pi\u00f9 del Niagara. Continuazione verso il lato brasiliano. Sistemazione in hotel. \u00a0Cena con show di danze folcloristiche latinoamericane. Pernottamento.<\/td>\n<\/tr>\n<tr class=\"alt\">\n<td style=\"background-color: #ababab\"><span style=\"color: #000000\"><span style=\"color: #ff6600\">\u27a4<\/span>Giorno 8: Cascate lato brasiliano &#8211; Asunci\u00f3n<\/span><\/td>\n<\/tr>\n<tr class=\"alt\">\n<td>Prima colazione. Visita alle Cascate dell\u00b4Iguazu (lato brasiliano). Visita al parco degli uccelli, dove numerose<br \/>\nspecie del Sudamerica conformano un variopinto mondo cantante. Rientro ad Asuncion, passando per due<br \/>\ncitt\u00e0 emblema della \u201cTriple Frontiera\u201d: Foz de Iguazu e Ciudad del Este. Cena durante il viaggio. Arrivo in hotel e pernottamento.<\/td>\n<\/tr>\n<tr class=\"alt\">\n<td style=\"background-color: #ababab\"><span style=\"color: #000000\"><span style=\"color: #ff6600\">\u27a4<\/span>Giorno 9: Asunci\u00f3n<\/span><\/td>\n<\/tr>\n<tr class=\"alt\">\n<td>Prima colazione. Giornata libera ad Asunci\u00f3n per relax in hotel o ultime visite e shopping in citt\u00e1. Cena di arrivederci. Pernottamento.<\/td>\n<\/tr>\n<tr class=\"alt\">\n<td style=\"background-color: #ababab\"><span style=\"color: #000000\"><span style=\"color: #ff6600\">\u27a4<\/span>Giorno 10: Asunci\u00f3n<\/span><\/td>\n<\/tr>\n<tr class=\"alt\">\n<td>Prima colazione. In orario da indicare trasferimento all\u2019aeroporto per iniziare il viaggio di reintro in Italia.<\/td>\n<\/tr>\n<\/tbody>\n<\/table>\n<\/div>\n","protected":false},"excerpt":{"rendered":"<p>Paraguay &#8211; Argentina &#8211; Brasile<br \/>\n10 giorni \/ 9 notti<\/p>\n","protected":false},"featured_media":3000,"comment_status":"closed","ping_status":"closed","template":"","meta":{"dwc-title":[""],"dwc-content":["<img class=\"alignnone size-full wp-image-2054 aligncenter\" src=\"http:\/\/www.lctouroperator.com\/it\/wp-content\/uploads\/2017\/03\/Misione-Gesuitiche-in-Py-Arg-e-Br-con-Cascate3.jpg\" alt=\"\" width=\"589\" height=\"857\" \/>"]},"product_cat":[21],"product_tag":[],"class_list":{"0":"post-1699","1":"product","2":"type-product","3":"status-publish","4":"has-post-thumbnail","6":"product_cat-gruppi","8":"first","9":"instock","10":"shipping-taxable","11":"product-type-simple"},"_links":{"self":[{"href":"https:\/\/www.lctouroperator.com\/it\/wp-json\/wp\/v2\/product\/1699"}],"collection":[{"href":"https:\/\/www.lctouroperator.com\/it\/wp-json\/wp\/v2\/product"}],"about":[{"href":"https:\/\/www.lctouroperator.com\/it\/wp-json\/wp\/v2\/types\/product"}],"replies":[{"embeddable":true,"href":"https:\/\/www.lctouroperator.com\/it\/wp-json\/wp\/v2\/comments?post=1699"}],"wp:featuredmedia":[{"embeddable":true,"href":"https:\/\/www.lctouroperator.com\/it\/wp-json\/wp\/v2\/media\/3000"}],"wp:attachment":[{"href":"https:\/\/www.lctouroperator.com\/it\/wp-json\/wp\/v2\/media?parent=1699"}],"wp:term":[{"taxonomy":"product_cat","embeddable":true,"href":"https:\/\/www.lctouroperator.com\/it\/wp-json\/wp\/v2\/product_cat?post=1699"},{"taxonomy":"product_tag","embeddable":true,"href":"https:\/\/www.lctouroperator.com\/it\/wp-json\/wp\/v2\/product_tag?post=1699"}],"curies":[{"name":"wp","href":"https:\/\/api.w.org\/{rel}","templated":true}]}}