{"id":1695,"date":"2017-03-07T09:45:36","date_gmt":"2017-03-07T12:45:36","guid":{"rendered":"http:\/\/www.lctouroperator.com\/it\/prog\/alla-scoperta-del-paraguay\/"},"modified":"2020-11-06T10:31:59","modified_gmt":"2020-11-06T13:31:59","slug":"alla-scoperta-del-paraguay","status":"publish","type":"product","link":"https:\/\/www.lctouroperator.com\/it\/producto\/alla-scoperta-del-paraguay\/","title":{"rendered":"Missioni Gesuitiche Paraguay &#8211; Argentina"},"content":{"rendered":"<h2>Una combinazione imperdibile tra natura, cultura, arte ispano indigena con la \u201cRuta Jesu\u00edtica\u201d ovvero le tracce dell`immensa opera dei Gesuiti nei secoli XVI e XVII.\u00a0 Il tutto incorniciato dall&#8217;esuberante Cascate dell\u2019Iguazu, palcoscenico naturale impressionante dell&#8217;azione dei missionari gesuiti e francescani in America Latina.<\/h2>\n<p>Validit\u00e0: Tutto l\u2019anno.<\/p>\n<h2><span style=\"color: #ff6600;\">Programma<\/span><\/h2>\n<div class=\"nine columns\">\n<table>\n<tbody>\n<tr>\n<td style=\"background-color: #ababab;\"><span style=\"color: #000000;\"><span style=\"color: #ff6600;\">\u27a4<\/span>Giorno 1:\u00a0Asunci\u00f3n<\/span><\/td>\n<\/tr>\n<tr class=\"alt\">\n<td>Arrivo all&#8217;aeroporto di Asunci\u00f3n, Paraguay \u201ccuore\u201d del Sudamerica. Trasferimento in hotel. Sistemazione nelle camere riservate. Tempo per riposarsi dal viaggio. Incontro con la guida locale e inizio della visita guidata della citt\u00e0 che sorge sulle colline affacciate sul fiume Paraguay e conserva vestigia coloniali. I bellissimi parchi esuberanti di verde come la Piazza Italia, gli alberi di Lapacho che spuntano coperti di fiori in ogni angolo della citt\u00e0, le costruzioni coloniali in contrasto con i moderni quartieri fanno di questa citt\u00e0 un destino esotico e nuovo. Visita al \u201cPantheon de los Heroes\u201d, Casa \u201cde los Lopez\u201d attuale Casa di Governo, alla Cattedrale metropolitana.\u00a0 Tempo per\u00a0 contemplare un il bellissimo tramonto dalla \u00abcostanera\u00bb. Rientro in hotel.<\/td>\n<\/tr>\n<tr>\n<td style=\"background-color: #ababab;\"><span style=\"color: #000000;\"><span style=\"color: #ff6600;\">\u27a4<\/span>Giorno 2: Arte sacra e fede \u2013 Yaguaron \u2013 Itaugu\u00e1 \u2013 San Bernardino \u2013 Aregu\u00e1 \u2013 Luque<\/span><\/td>\n<\/tr>\n<tr class=\"alt\">\n<td>Prima colazione in hotel. Partenza per un tour di intera giornata visitando queste citt\u00e0 emblematiche che rappresentano la cultura e la tradizione locale. Breve fermata per conoscere un mercato ormai tradizionale dei marted\u00ec in un quartiere moderno della capitale: frutta delle pi\u00f9 svariate, verdure, frutti secchi, famose erbe medicinali che si utilizzano nel tipico <em>terere<\/em> (freddo) e <em>mate<\/em> (caldo) si confondono in odori e sapori particolari. Continuazione per Yaguar\u00f3n, visita alla sua bellissima chiesa francescana fondata nel 1641. Visita alla citt\u00e0 di Itaugu\u00e1 per conoscere i suoi ricami artistici e magari acquistare una bellissima \u201chamaca paraguaya\u201d. Pranzo libero in corso di escursione a San Bernardino. Continuazione del viaggio presso Luque per conoscere il lavoro di artigiani, veri artisti di gioielli in filigrana di argento. Rientro ad Asunci\u00f3n con breve fermata\u00a0a Aregu\u00e1. Arrivo in hotel. Cena libera\u00a0 e pernottamento.<\/td>\n<\/tr>\n<tr>\n<td style=\"background-color: #ababab;\"><span style=\"color: #000000;\"><span style=\"color: #ff6600;\">\u27a4<\/span>Giorno 3: Musei ispano\u2013guarani (San Ignazio Guasu \u2013 Santa Rosa \u2013 Santa Maria) \u2013 San Cosme e Damian \u2013 Planetario<\/span><\/td>\n<\/tr>\n<tr class=\"alt\">\n<td>Prima colazione in hotel. Inizio di un percorso sulle tracce dei francescani e i gesuiti in Paraguay: visita ai musei di San Ignacio Guazu, Santa Maria, Santa Rosa, testimoni vivi dell\u2019inculturazione dei missionari le sculture e i dipinti parlano oggi al mondo della forza di quell&#8217;incontro rivoluzionario per il popolo guarani avvenuto gi\u00e0 nel lontano secolo XVII. Pranzo in corso di escursione. Visita al piccolo planetario per scoprire il cielo in questa parte del pianeta. Arrivo in Hotel. Sistemazione. Cena. Pernottamento.<\/td>\n<\/tr>\n<tr>\n<td style=\"background-color: #ababab;\"><span style=\"color: #000000;\"><span style=\"color: #ff6600;\">\u27a4<\/span>Giorno 4: Missioni in Argentina\u00a0(San Ignacio Mini) \u2013 Trinidad en Bella Vista<\/span><\/td>\n<\/tr>\n<tr class=\"alt\">\n<td>Prima colazione in hotel. In mattinata partenza con destino al lato lato Argentino, nella vicina citt\u00e0 di Posadas. Tempo per le pratiche doganali. Visita alle rovine pi\u00f9 importanti delle Missioni in Argentina: San Ignacio Mini &#8211; \u201cpiccola\u201d &#8211; fondata dal padre gesuita San Roque Gonzalez de Santa Cruz agli inizi del secolo XVII. Visita a Santa Ana, Loreto e Santa Maria la Maggiore, tutte dichiarate Patrimonio Mondiale dell&#8217;Umanit\u00e0 dall&#8217;UNESCO. Pranzo libero in corso di escursione. Rientro in hotel. Nel tardo pomeriggio visita alla pi\u00f9 completa delle \u201cReducciones\u201d, opera dell\u2019italiano Giovanni Battista Primoli: Trinidad. La bellezza dell\u2019architettura guaran\u00ec frutto dell\u2019incontro profondo coi maestri italiani \u00e8 espresso magistralmente in tutte questi costruzioni che testimoniano l\u2019immensa opera dei gesuiti con gli indigeni guaran\u00ec. Tempo contemplare le rovine illuminate immerse nelle melodie della m\u00fasica barocca. Ritorno a hotel. Cena e pernottamento.<\/td>\n<\/tr>\n<tr class=\"alt\">\n<td style=\"background-color: #ababab;\"><span style=\"color: #000000;\"><span style=\"color: #ff6600;\">\u27a4<\/span>Giorno 5: Missione Jesus de Tavarangue &#8211; Yerba Mate (Bella Vista) &#8211; Ciudad del Este \u2013 Itaipu (Hernandarias)<\/span><\/td>\n<\/tr>\n<tr class=\"alt\">\n<td>Prima colazione. Visita all\u2019inconclusa chiesa della \u201cReducci\u00f3n de Jes\u00f9s de Tavarangue\u201d con evidenti tracce dell&#8217;influsso arabo nell\u2019arte dei gesuiti nel anno 1759. L&#8217;architetto Antonio Forcada fu costruttore della Chiesa proiettata dal fratello Jos\u00e9 Grimau. Visita ad una fabbrica di \u201cYerba mate\u201d, l&#8217;erba che i guaran\u00ec scambiavano con il Per\u00f9 per ottenere armi per la difesa di alcune delle \u201creducciones\u201d. Pranzo. Continuazione del viaggio verso Ciudad del Este. Arrivo in hotel. Sistemazione nelle camere riservate. Cena. Alle ore 19.30 partenza per Hernandarias. Visita notturna per ammirare la maestosa idroelettrica pi\u00fa grande del mondo illuminata. Rientro in hotel. Pernottamento.<\/td>\n<\/tr>\n<tr class=\"alt\">\n<td style=\"background-color: #ababab;\"><span style=\"color: #000000;\"><span style=\"color: #ff6600;\">\u27a4<\/span>Giorno 6: Cascate Iguazu brasiliano &#8211; Moises Bertoni . Cascate lato paraguaiano \u00abSaltos del Monday\u00bb<\/span><\/td>\n<\/tr>\n<tr class=\"alt\">\n<td>Prima colazione in hotel. Visita delle Cascate, versante brasiliano: situate al confine tra l\u2019Argentina, il Brasile ed il Paraguay ed immerse nella selva Sub tropicale, le imponenti cascate di Iguazu costituiscono una delle pi\u00f9 spettacolari aree del Sud America: il contrasto tra i colori del cielo, della vegetazione e della terra rossa, fanno da giusto retroscena alle culture multietniche locali. Visita del versante brasiliano e al parco degli uccelli dove numerose specie del Sudamerica conformano un variopinto mondo cantante. Pranzo in corso di escursione. Rientro a Ciudad del Este, dopo una breve navigazione del fiume Paran\u00e1, visita alla casa-museo del naturista svizzero Mos\u00e8 Bertoni incastonata in un vero paradiso della flora paraguaiana e di terre lontane portate fino alle sponde del Paran\u00e0 dallo stesso Bertoni, chi ha scoperto la <em>stevia rebaudiana<\/em>, il dolcificante naturale. Visita alle cascate paraguaiana \u201cSaltos del Monday\u201d. Rientro in hotel.<\/td>\n<\/tr>\n<tr class=\"alt\">\n<td style=\"background-color: #ababab;\"><span style=\"color: #000000;\"><span style=\"color: #ff6600;\">\u27a4<\/span>Giorno 7: Cascate di Iguazu &#8211; lato argentino<\/span><\/td>\n<\/tr>\n<tr class=\"alt\">\n<td>Prima colazione. In un in crescendo nella scoperta delle Cascate, scenario del mitico incontro tra i gesuiti e il popolo guarani, intera giornata visita del versante argentino iniziando con una breve navigazione del fiume Paran\u00e1. Ingresso alle Cascate cominciando la visita nel circuito inferiore, possibilit\u00e0 di un safari nautico; circuito superiore, da dove \u00e8 possibile osservare le potenti acque del fiume Paran\u00e0 ancora prima di formare le incredibili cascate. Pranzo dentro del Parco Nazionale. Proseguimento della visita contemplando la spettacolare cascata, la pi\u00f9 grande del Parco Nazionale Iguaz\u00f9: la Garganta del Diablo (\u00e8 alto 70 metri, 20 metri pi\u00f9 del Niagara). Rientro a Ciudad del Este. Cena. Pernottamento.<\/td>\n<\/tr>\n<tr class=\"alt\">\n<td style=\"background-color: #ababab;\"><span style=\"color: #000000;\"><span style=\"color: #ff6600;\">\u27a4<\/span>Giorno 8: Ruta de la Ca\u00f1a: Piribebuy &#8211; Caacup\u00e9\u00a0<\/span><\/td>\n<\/tr>\n<tr class=\"alt\">\n<td>Prima colazione. Partenza per il rientro ad Asunci\u00f3n, confermata nella citt\u00e0 di Piribebuy per visitare a fabbrica \u201cEl Fortin\u201d, facente parte della \u201cruta della ca\u00f1a\u201d, il famoso rum gi\u00e0 elaborato nell&#8217;epoca gesuitica, a base di canna da zucchero. Pranzo libero in corso di escursione. Arrivo alla Basilica di Caacup\u00e9\u201d la citt\u00e0 spirituale del paese: la cui festa si celebra ogni 8 dicembre, una moltitudine vi accorre per ringraziare magari per qualche grazia ottenuta o semplicemente per onorare la Madonna. Continuazione del viaggio presso Asunci\u00f3n. Sistemazione. Pernottamento.<\/td>\n<\/tr>\n<tr class=\"alt\">\n<td style=\"background-color: #ababab;\"><span style=\"color: #000000;\"><span style=\"color: #ff6600;\">\u27a4<\/span>Giorno 9: Inizio del viaggio di rientro in Italia<\/span><\/td>\n<\/tr>\n<tr class=\"alt\">\n<td>Prima colazione. Mattinata a disposizione. A seconda dell&#8217;orario del volo trasferimento all&#8217;aeroporto per iniziare il viaggio di rientro al paese di origine o verso altre destinazioni in America Latina.<\/td>\n<\/tr>\n<\/tbody>\n<\/table>\n<\/div>\n<h3><\/h3>\n","protected":false},"excerpt":{"rendered":"<p>Paraguay<br \/>\n9 giorno \/ 8 notti<\/p>\n","protected":false},"featured_media":1878,"comment_status":"closed","ping_status":"closed","template":"","meta":{"dwc-title":[""],"dwc-content":["<img class=\"alignnone size-full wp-image-1975 aligncenter\" src=\"http:\/\/www.lctouroperator.com\/it\/wp-content\/uploads\/2017\/03\/Mapa-Mis-Gesui-Py-Arg-en-taman.jpg\" alt=\"\" width=\"589\" height=\"857\" \/>"]},"product_cat":[17],"product_tag":[],"class_list":{"0":"post-1695","1":"product","2":"type-product","3":"status-publish","4":"has-post-thumbnail","6":"product_cat-paraguay","8":"first","9":"instock","10":"shipping-taxable","11":"product-type-simple"},"_links":{"self":[{"href":"https:\/\/www.lctouroperator.com\/it\/wp-json\/wp\/v2\/product\/1695"}],"collection":[{"href":"https:\/\/www.lctouroperator.com\/it\/wp-json\/wp\/v2\/product"}],"about":[{"href":"https:\/\/www.lctouroperator.com\/it\/wp-json\/wp\/v2\/types\/product"}],"replies":[{"embeddable":true,"href":"https:\/\/www.lctouroperator.com\/it\/wp-json\/wp\/v2\/comments?post=1695"}],"wp:featuredmedia":[{"embeddable":true,"href":"https:\/\/www.lctouroperator.com\/it\/wp-json\/wp\/v2\/media\/1878"}],"wp:attachment":[{"href":"https:\/\/www.lctouroperator.com\/it\/wp-json\/wp\/v2\/media?parent=1695"}],"wp:term":[{"taxonomy":"product_cat","embeddable":true,"href":"https:\/\/www.lctouroperator.com\/it\/wp-json\/wp\/v2\/product_cat?post=1695"},{"taxonomy":"product_tag","embeddable":true,"href":"https:\/\/www.lctouroperator.com\/it\/wp-json\/wp\/v2\/product_tag?post=1695"}],"curies":[{"name":"wp","href":"https:\/\/api.w.org\/{rel}","templated":true}]}}