{"id":1619,"date":"2017-03-01T15:34:51","date_gmt":"2017-03-01T18:34:51","guid":{"rendered":"http:\/\/www.lctouroperator.com\/it\/prog\/sudamerica-imperdibile\/"},"modified":"2021-04-16T10:17:54","modified_gmt":"2021-04-16T13:17:54","slug":"sudamerica-imperdibile","status":"publish","type":"product","link":"https:\/\/www.lctouroperator.com\/it\/producto\/sudamerica-imperdibile\/","title":{"rendered":"Terra del Papa &amp; Santuari Sudamericani"},"content":{"rendered":"<h2>Argentina &#8211; Paraguay &#8211; Brasile<br \/>\nSantuari Mariani &amp; Missioni Gesuitiche<\/h2>\n<p>Grandi tesori del continente sudamericano: Buenos Aires: la terra di Papa Francesco, Lujan, Asunci\u00f3n con la Basilica di Caacupe, le cascate di Iguazu, Rio de Janeiro e Nossa Senhora de Aparecida, la pi\u00f9 venerata in Brasile: \u00a0citt\u00e0-patrimonio spirituale nonch\u00e9 materiale di grandi uomini che hanno saputo costruire opere tutt\u2019ora vive a testimonianza della loro fede e coraggio e oggi sono mete di visitatori curiosi o pellegrini di tutto il mondo. Um combinato di tre paesi immersi in una natura esuberante. Imperdibile esperienza da vivere in gruppo.<\/p>\n<p>Validit\u00e0: Tutto l\u2019anno.<\/p>\n<h3>Programma<\/h3>\n<table>\n<tbody>\n<tr>\n<td style=\"background-color: #ababab\"><span style=\"color: #000000\"><span style=\"color: #ff6600\">\u27a4<\/span>Giorno 1: Buenos Aires<\/span><\/td>\n<\/tr>\n<tr class=\"alt\">\n<td>Arrivo a Buenos Aires. Trasferimento all\u2019hotel prescelto. Sistemazione nelle camere riservate. Tempo per riposarsi dal viaggio. Nel pomeriggio messa di benvenuto nella Cattedrale Metropolitana, sede del ex arcivescovo di Buenos Aires, cardinale Bergoglio, oggi Papa Francesco. A continuazione visita panor\u00e1mica della citta. Una delle pi\u00fa belle del Sud America, dove le influenze culturali da tutto il mondo si combinano con una personalita\u2019 particolare ed inconfondibile, rendendo ogni angolo della citta\u2019 unico e vivo. Cena di benvenuto a Puerto Madero, moderno quartiere della citt\u00e0. Ritorno in hotel. Pernottamento.<\/td>\n<\/tr>\n<tr>\n<td style=\"background-color: #ababab\"><span style=\"color: #000000\"><span style=\"color: #ff6600\">\u27a4<\/span>Giorno 2:\u00a0Buenos Aires &#8211; Luj\u00e1n<\/span><\/td>\n<\/tr>\n<tr class=\"alt\">\n<td>Prima colazione in hotel. Visita della Basilica di Lujan, ad un\u2019ora di distanza di Buenos Aires. Questa immagine della Vergine che miracolosamente rimase a Buenos Aires; \u00e8 la pi\u00f9 cara di tutti gli argentini. Celebrazione della Santa Messa. Pranzo in corso dell\u2019escursione. Visita ai quartieri delPapa Francisco nel suo amato quartiere di Fiori e paraggi. Ritorno al hotel. Tempo libero. Cena. (Opzionale spettacolo di tango in un locale che racconta durante il ballo l\u2019arrivo di questa danza a Buenos Aires). Pernottamento<\/td>\n<\/tr>\n<tr>\n<td style=\"background-color: #ababab\"><span style=\"color: #000000\"><span style=\"color: #ff6600\">\u27a4<\/span>Giorno 3:\u00a0Buenos Aires &#8211; Asunci\u00f3n<\/span><\/td>\n<\/tr>\n<tr class=\"alt\">\n<td>Prima colazione in hotel. Celebrazione dell\u2019Eucaristia nella Basilica de Nuestra Se\u00f1ora de del Pilar, del ano 1732. Visita al Teatro Col\u00f3n. Pranzo. Trasferimento all\u2019aeroporto per continuare viaggio verso la citt\u00e0 di Asunci\u00f3n, capitale del Paraguay. Tour panor\u00e1mico della citt\u00e0 durante il trasferimento in hotel: i moderni quartieri, il centro storico. Sistemazione. Cena di benvenuto con show di danze e men\u00fa t\u00edpico.<\/td>\n<\/tr>\n<tr class=\"alt\">\n<td style=\"background-color: #ababab\"><span style=\"color: #000000\"><span style=\"color: #ff6600\">\u27a4<\/span>Giorno 4: Caacupe: Santuario Mariano &#8211; Artigianato<\/span><\/td>\n<\/tr>\n<tr class=\"alt\">\n<td>Colazione. Partenza per Caacup\u00e9, centro di devozione Mariana e capitale spirituale del Paraguay. Ogni 8 dicembre e i giorni precedenti migliaia di persone vi accorrono a piedi per centinaia di kilometri per ringraziare per i doni ricevuti o semplicemente dimostrare l\u2019affetto alla Madre di Ges\u00fa. Al rientro fermata a Itaugua pe conoscere il lavoro di tante donne paraguaiane: il ricamo \u00d1anduti. Ritorno in hotel. Parte del pomeriggio libero per convenienti acquisti nei moderni shopping della citt\u00e0. Serata a disposizione.<\/td>\n<\/tr>\n<tr class=\"alt\">\n<td style=\"background-color: #ababab\"><span style=\"color: #000000\"><span style=\"color: #ff6600\">\u27a4<\/span>Giorno 5:\u00a0Chiesa Francescana &#8211; Musei Barocco Ispano &#8211; Guaranitiche &#8211; San Cosme e Dami\u00e1n<\/span><\/td>\n<\/tr>\n<tr class=\"alt\">\n<td>Prima colazione in hotel. Inizio di un percorso sulle tracce dei franchescani e i gesuitiche in Paraguay: visita alla chiesa di Yaguaron e il suo stile barocco. Emozionante incontro con l\u2019arte nella sua espressione ispano-guaranitiche: sculture e dipinti che esprimono il talento di autentici artisti indigeni. Visita ai musei di San Ignacio Guazu, Santa Maria, Santa Rosa. Pranzo in una tipica estancia a base di \u201casado\u201d. Visita a San Cosme e Dami\u00e1n; al piccolo planetario per scoprire il cielo in questa parte del pianeta. Possibilit\u00e0 di celebrare la Santa Messa per i gruppi in pellegrinaggio. Arrivo in Hotel. Sistemazione. Cena. Pernottamento.<\/td>\n<\/tr>\n<tr class=\"alt\">\n<td style=\"background-color: #ababab\"><span style=\"color: #000000\"><span style=\"color: #ff6600\">\u27a4<\/span>Giorno 6:\u00a0Rovine Jesus de Tavarangue &#8211; Yerba Mate &#8211; Missione Trinidad<\/span><\/td>\n<\/tr>\n<tr class=\"alt\">\n<td>Prima colazione. Visita all\u2019inconclusa chiesa della \u201cReducci\u00f3n de Jes\u00f9s de Tavarangue\u201d con evidenti tracce dell\u2019influsso arabo nell\u2019arte dei gesuiti nel anno 1759. L\u2019architetto Antonio Forcada fu costruttore della chiesa proiettata dal fratello Jos\u00e9 Grimau. Visita ad una fabbrica di \u201cYerba mate\u201d, l\u2019erba che i guaran\u00ec scambiavano con il Per\u00f9 per ottenere armi per la difesa di alcune delle \u201creducciones\u201d. Pranzo. Nel tardo pomeriggio visita alla pi\u00fa completa delle \u201creducciones\u201d, opera dell\u2019italiano Giovanni Battista Primoli: Trinidad. La bellezza dell\u2019architettura guaran\u00ec frutto dell\u2019incontro profondo coi maestri italiani \u00e8 espresso magistralmente in tutte questi costruzioni che testimoniano l\u2019immensa opera dei gesuiti con gli indigeni guaran\u00ec. Visita notturna per ammirare le rovine illuminate ed ammirare la perfetta acustica della chiesa. Ritorno a hotel. Cena e pernottamento.<\/td>\n<\/tr>\n<tr class=\"alt\">\n<td style=\"background-color: #ababab\"><span style=\"color: #000000\"><span style=\"color: #ff6600\">\u27a4<\/span>Giorno 7:\u00a0Missioni in Argentina &#8211; Puerto Iguazu<\/span><\/td>\n<\/tr>\n<tr class=\"alt\">\n<td>Prima colazione in hotel. In mattinata partenza con destino al lato lato Argentino, nella vicina citt\u00e0 di Posadas. Tempo per le pratiche doganali. Visita alle rovine pi\u00fa importanti delle Missioni in Argentina: San Ignacio Mini \u201cpiccola\u201d fondata dal padre gesuita San Roque Gonzalez de Santa Cruz agli inizi del secolo XVII. Visita a Santa Ana, Loreto e Santa Maria la Maggiore, tutte dichiarate patrimonio mondiale dell\u2019Umanit\u00e0 per l\u2019Unesco. Pranzo in corso di escursione. Continuazione del viaggio fino a Puerto Iguazu, ingresso alle famose Cascate dell\u2019Iguazu. Cena e pernottamento.<\/td>\n<\/tr>\n<tr class=\"alt\">\n<td style=\"background-color: #ababab\"><span style=\"color: #000000\"><span style=\"color: #ff6600\">\u27a4<\/span>Giorno 8:\u00a0Cascate dell&#8217;Iguazu &#8211; Versante Argentino<\/span><\/td>\n<\/tr>\n<tr class=\"alt\">\n<td>Prima colazione in hotel. Giornata intera dedicata alla visita delle Cascate, versante argentino: situate al confine tra l\u2019Argentina, il Brasile ed il Paraguay ed immerse nella selva Sub tropicale. Le imponenti cascate di Iguazu costituiscono una delle pi\u00f9 spettacolari aree del Sud America: il contrasto tra i colori del cielo, della vegetazione e della terra rossa, fanno da giusto retroscena alle culture multietniche locali. Inizio della visita nel circuito inferiore, possibilit\u00e0 di un safari nautico; successivamente il versante superiore. Pranzo dentro del Parco Nazionale. Proseguimento della visita contemplando il salto pi\u00f9 alto delle cascate, la Garganta del Diablo (\u00e8 alto 70 metri, 20 metri pi\u00f9 del Niagara). Rientro in hotel. Cena e pernottamento.<\/td>\n<\/tr>\n<tr class=\"alt\">\n<td style=\"background-color: #ababab\"><span style=\"color: #000000\"><span style=\"color: #ff6600\">\u27a4<\/span>Giorno 9: Cascate lato brasiliano &#8211; Rio de Janeiro<\/span><\/td>\n<\/tr>\n<tr class=\"alt\">\n<td>Prima colazione. Visita alle Cascate dell\u00b4Iguazu, lato brasiliano e parco degli uccelli, dove numerose specie del Sudamerica formano un variopinto mondo cantante. Pranzo. Trasferimento in aeroporto per continuare viaggio con destino a Rio de Janeiro. Arrivo in hotel. Cena e Pernottamento.<\/td>\n<\/tr>\n<tr class=\"alt\">\n<td style=\"background-color: #ababab\"><span style=\"color: #000000\"><span style=\"color: #ff6600\">\u27a4<\/span>Giorno 10:\u00a0Rio de Janeiro<\/span><\/td>\n<\/tr>\n<tr class=\"alt\">\n<td>Colazione. Visita guidata della famosa \u201ccitt\u00e0 meragliosa\u201d, ai luoghi che parlano della storia e del presente di questa citt\u00e0 simbolo del Brasile: Monastero di San Bento, dove sar\u00e0 possibile celebrare l\u00b4Eucaristia. Continuazione per il Palazzo Imperiale, il Museo Nazional de Bellas Artes, la Catedral Metropolitana. Pranzo in corso di escursione. Visita al Cristo del Corcovado da dove si ottiene una delle viste panoramiche pi\u00fa spettacolari di tutte le baie di Rio di Janeiro. Ritorno immersi nella foresta di Tijuica, una passeggiata incredibile in un mondo verde a pochi passi della citt\u00e0. Tempo libero in hotel. Cena e pernottamento.<\/td>\n<\/tr>\n<tr class=\"alt\">\n<td style=\"background-color: #ababab\"><span style=\"color: #000000\"><span style=\"color: #ff6600\">\u27a4<\/span>Giorno 11:\u00a0Nossa Senhora de Aparecida<\/span><\/td>\n<\/tr>\n<tr class=\"alt\">\n<td>Prima colazione. Partenza per l\u2019ultima tappa di questo grande pellegrinaggio per il sudamerica per visitare la Madonna pi\u00f9 amata del Brasile: Nostra Signora de Aparecida. Celebrazione della Santa Messa. Tempo per visitare la basilica. Pranzo. Rientro a Rio de Janeiro. Tempo libero. Cena di addio.<\/td>\n<\/tr>\n<tr class=\"alt\">\n<td style=\"background-color: #ababab\"><span style=\"color: #000000\"><span style=\"color: #ff6600\">\u27a4<\/span>Giorno 12: Rientro in Italia<\/span><\/td>\n<\/tr>\n<tr class=\"alt\">\n<td>Prima colazione. In orario da indicare trasferimento all\u2019aeroporto per iniziare il viaggio di rientro in Italia.<\/td>\n<\/tr>\n<\/tbody>\n<\/table>\n<p>&nbsp;<\/p>\n","protected":false},"excerpt":{"rendered":"<div class=\"woocommerce-product-details__short-description\">\n<p>Argentina \/ Paraguay \/ Brasile<br class=\"\" \/>12 Giorni \/ 11 Notti<\/p>\n<\/div>\n","protected":false},"featured_media":1879,"comment_status":"closed","ping_status":"closed","template":"","meta":{"dwc-title":[""],"dwc-content":["<img class=\"size-full wp-image-1679 aligncenter\" src=\"http:\/\/www.lctouroperator.com\/it\/wp-content\/uploads\/2017\/03\/Sudamerica-Imperdibile.jpg\" alt=\"\" width=\"275\" height=\"421\" \/>"]},"product_cat":[21],"product_tag":[],"class_list":{"0":"post-1619","1":"product","2":"type-product","3":"status-publish","4":"has-post-thumbnail","6":"product_cat-gruppi","8":"first","9":"instock","10":"shipping-taxable","11":"product-type-simple"},"_links":{"self":[{"href":"https:\/\/www.lctouroperator.com\/it\/wp-json\/wp\/v2\/product\/1619"}],"collection":[{"href":"https:\/\/www.lctouroperator.com\/it\/wp-json\/wp\/v2\/product"}],"about":[{"href":"https:\/\/www.lctouroperator.com\/it\/wp-json\/wp\/v2\/types\/product"}],"replies":[{"embeddable":true,"href":"https:\/\/www.lctouroperator.com\/it\/wp-json\/wp\/v2\/comments?post=1619"}],"wp:featuredmedia":[{"embeddable":true,"href":"https:\/\/www.lctouroperator.com\/it\/wp-json\/wp\/v2\/media\/1879"}],"wp:attachment":[{"href":"https:\/\/www.lctouroperator.com\/it\/wp-json\/wp\/v2\/media?parent=1619"}],"wp:term":[{"taxonomy":"product_cat","embeddable":true,"href":"https:\/\/www.lctouroperator.com\/it\/wp-json\/wp\/v2\/product_cat?post=1619"},{"taxonomy":"product_tag","embeddable":true,"href":"https:\/\/www.lctouroperator.com\/it\/wp-json\/wp\/v2\/product_tag?post=1619"}],"curies":[{"name":"wp","href":"https:\/\/api.w.org\/{rel}","templated":true}]}}