{"id":1611,"date":"2017-03-01T14:43:18","date_gmt":"2017-03-01T17:43:18","guid":{"rendered":"http:\/\/www.lctouroperator.com\/it\/prog\/tra-le-traci-dei-miracoli\/"},"modified":"2021-04-16T10:18:20","modified_gmt":"2021-04-16T13:18:20","slug":"tra-le-traci-dei-miracoli","status":"publish","type":"product","link":"https:\/\/www.lctouroperator.com\/it\/producto\/tra-le-traci-dei-miracoli\/","title":{"rendered":"Sulle tracce dei miracoli"},"content":{"rendered":"<blockquote>\n<h2 style=\"text-align: left\"><span style=\"color: #000000\">Un viaggio che arriva al cuore della storia del Messico: con le apparizioni della Madonna riconosciute dalla Chiesa, la testimonianza dei martiri come in nessun paese latinoamericano. Eventi che hanno segnato profondamente la vita dei messicani ed \u00e8 presente vivissimo nel loro oggi, il tutto circondato da vere opere d\u2019arte come sculture, palazzi, chiese, molti dei quali oggi sono Patrimonio dell&#8217;Umanit\u00e0 Unesco.<\/span><\/h2>\n<\/blockquote>\n<h3>Programma<\/h3>\n<table>\n<tbody>\n<tr>\n<td style=\"background-color: #ababab\"><span style=\"color: #000000\"><span style=\"color: #ff6600\">\u27a4<\/span>Giorno 1: Citt\u00e0 del Messico<\/span><\/td>\n<\/tr>\n<tr class=\"alt\">\n<td>Arrivo all&#8217;aeroporto di Citt\u00e0 del Messico. Assistenza e trasferimento in hotel. Tempo libero. Sistemazione e pernottamento.<\/td>\n<\/tr>\n<tr>\n<td style=\"background-color: #ababab\"><span style=\"color: #000000\"><span style=\"color: #ff6600\">\u27a4<\/span>Giorno 2:\u00a0Visita alla citt\u00e1 e Museo Nazionale di Antropologia<\/span><\/td>\n<\/tr>\n<tr class=\"alt\">\n<td>Prima colazione. In mattinata, visita panoramica della citt\u00e0 cominciando dal centro storico, lo Z\u00f2calo, la cattedrale, il Palacio Nacional, i Murales di Diego Rivera, Paseo de la Reforma e Chapultepec, fino ad arrivare al Museo Nazionale di Antropologia, uno dei pi\u00f9 importanti del mondo, per una breve visita. Vi ci si potr\u00e0 soffermare maggiormente oppure essere portati in albergo. Pomeriggio libero. Successivamente, escursione ai canali di Xochimilco. Sistemazione e pernottamento.<\/td>\n<\/tr>\n<tr>\n<td style=\"background-color: #ababab\"><span style=\"color: #000000\"><span style=\"color: #ff6600\">\u27a4<\/span>Giorno 3:\u00a0Basilica di Guadalupe \/ Piramidi di Teotihuac\u00e1n<\/span><\/td>\n<\/tr>\n<tr class=\"alt\">\n<td>Prima colazione. Poi, alla Basilica di Guadalupe, il santuario mariano pi\u00f9 visitato al mondo. Nel 1531, al giovane indigeno Cuauhtlatoatzin (Juan Diego, oggi santo) appare varie volte la Madonna. L\u2019anno successivo viene eretto il primo santuario. Avverr\u00e0 poi una serie di miracoli per mezzo dei quali la Madonna agir\u00e0 per salvare il popolo da malattie e inondazioni. Nel 1666 la Chiesa realizza una ricerca per dare l\u2019autorizzazione alla tradizione guadalupana. I papi che si susseguono nelle diverse epoche dichiarano la Madonna Regina del Messico e Imperatrice d\u2019America e delle Filippine. Papa Giovanni Paolo II visita per ben tre volte il santuario e lo chiama \u201cLa Stella dell\u2019Evangelizzazione\u201d, dedicandole un\u2019intera cappella nel Vaticano. La Madonna di Guadalupe ha un gran numero di devoti in tutto il Messico e in tutto il continente americano. Si celebrer\u00e0 una messa privata in una delle cappelle e si visiter\u00e0 l\u2019antica basilica, il Papamobile che us\u00f2 Giovanni Paolo II, il museo, le cappelle Dei Giuramenti, di Indios, e El Pocito, il colle del Tepeyac e il luogo delle apparizioni. Pranzo. Si prosegue verso Teotihuac\u00e1n \u201cdove gli uomini diventano dei\u201d. Visita al Tempio di Quetzalc\u00f2atl, la Calzada de los muertos, la Piramide del Sole, quella della Luna e il Tempio del Quetzal-Papalotl.<br \/>\nVisita ad un laboratorio artigianale di ossidiana e altre pietre semi-preziose con le quali si producevano gioielli e decorazioni pre-ispaniche. Mostra delle piante del maguey, agave tequilero e henequ\u00e9n. Tempo libero per acquisti.<br \/>\nRientro, sistemazione e pernottamento.<\/td>\n<\/tr>\n<tr>\n<td style=\"background-color: #ababab\"><span style=\"color: #000000\"><span style=\"color: #ff6600\">\u27a4<\/span>Giorno 4:\u00a0Citt\u00e0 del Messico \/ Tonantzintla \/ Puebla<\/span><\/td>\n<\/tr>\n<tr class=\"alt\">\n<td>Prima colazione. Partenza in direzione Santa Maria Tonantzintla, tempio abbellito dalle decorazioni fatte dalle mani degli indios, addestrati dai frati, per dimostrare al Cielo i loro ideali e l\u2019amore per la Madonna o Madre Tonantzin. Questa chiesa ci mostra le stesse rifiniture che si applicavano alle piramidi, con stucco e colori naturali. Si continuer\u00e0 verso Puebla de los \u00c1ngeles, citt\u00e0 Patrimonio Mondiale, fondata nel 1531, dove si visiter\u00e0 la chiesa di Santo Domingo de Guzm\u00e1n con la sua Cappella del Rosario che \u00e8 per molti un capolavoro del barocco messicano, con una decorazione della quale si dice che \u201ctutto quello che brilla \u00e8 oro\u201d. Possiede dettagli magistrali, come grandi tele, scudi domenicani e riproduzioni di cherubini decorati con gesso in cupole e tabernacoli della Madonna del Rosario. La luce che penetra attraverso le finestre della cupola illumina con i suoi riflessi le rifiniture in oro delle foglie. Pranzo. Visita alla cattedrale, tra le pi\u00f9 belle d\u2019America. Puebla \u00e8 famosa per il suo centro storico, la Talavera e la sua squisita gastronomia. Tempo libero. Sistemazione\u00a0e pernottamento.<\/td>\n<\/tr>\n<tr class=\"alt\">\n<td style=\"background-color: #ababab\"><span style=\"color: #000000\"><span style=\"color: #ff6600\">\u27a4<\/span>Giorno 5:\u00a0Puebla \/ Tlaxcala \/ Citt\u00e0 del Messico<\/span><\/td>\n<\/tr>\n<tr class=\"alt\">\n<td>Prima colazione. Visita alla chiesa del Vicer\u00e9 di San Francesco d\u2019Assisi, dove giace il corpo del Beato Sebasti\u00e1n de Aparicio, evangelizzatore e gran benefattore degli abitanti della regione. Si prosegue verso Tlaxcala per visitare la Basilica de Nuestra Se\u00f1ora de Ocotl\u00e0n, dove apparve la Madonna che guid\u00f2 l\u2019indigeno Juan Diego fino ad una sorgente di acque miracolose con le quali si curer\u00e0 la peste tra gli abitanti del posto. Nel tempio \u00e8 riprodotta la leggenda del bosco in fiamme che i francescani trovarono quando arrivarono nel luogo dove si trovava l\u2019immagine della Madonna scavata in un albero, nel 1541. Alle spalle dell\u2019altare principale si trova un camerino con sette grandi dipinti, riguardanti la vita della Vergine Maria. Pranzo. Partenza per San Miguel del Milagro, unico luogo in Messico dove nel 1631 l\u2019Arcangelo San Michele apparve a Diego L\u00e0zaro, un indigeno delle terre di Tlaxcala, per donargli l\u2019acqua miracolosa che aiut\u00f2 a porre fine alle terribili malattie dell\u2019epoca. Rientro a Citt\u00e0 del Messico. Sistemazione e pernottamento.<\/td>\n<\/tr>\n<tr class=\"alt\">\n<td style=\"background-color: #ababab\"><span style=\"color: #000000\"><span style=\"color: #ff6600\">\u27a4<\/span>Giorno 6: Citt\u00e0 del Messico \/ Quer\u00e9taro \/ San Miguel de Allende<\/span><\/td>\n<\/tr>\n<tr class=\"alt\">\n<td>Prima colazione. Partenza per Quer\u00e9taro, citt\u00e0 Patrimonio Mondiale, dove si visiter\u00e0 l\u2019acquedotto, il centro storico e l\u2019ex Convento della Croce, uno tra i primi luoghi di divulgazione della fede cattolica. Qui cresce un albero con spine a forma di croce. Pranzo. Si proseguir\u00e0 fino a San Miguel de Allende. Pomeriggio per conoscere questa dolce citt\u00e0 dove ha vissuto il comico Cantinflas e luogo di residenza di artisti ed intellettuali. In primo piano, come punti d\u2019interesse, la parrocchia di San Miguel Arc\u00e1ngel, la Cappella della Santa Casa, il Convento della Concepci\u00f3n, la Chiesa di San Francisco e la Casa e Istituto Allende. Conta con una vasta scelta di bar e ristoranti. Sistemazione e pernottamento.<\/td>\n<\/tr>\n<tr class=\"alt\">\n<td style=\"background-color: #ababab\"><span style=\"color: #000000\"><span style=\"color: #ff6600\">\u27a4<\/span>Giorno 7: San\u00a0Miguel \/ Dolores Hidalgo \/ Guanajuato<\/span><\/td>\n<\/tr>\n<tr class=\"alt\">\n<td>Prima colazione. Partenza verso Dolores Hidalgo dove, nel 1810, il sacerdote Don Miguel Hidalgo dette il suo famoso \u201cgrito\u201d che inizi\u00f2 l\u2019Indipendenza del Messico. Qui si trova la casa-museo di questo eroe nazionale, nonch\u00e9 luogo di nascita del famoso compositore Jos\u00e9 Alfredo Jim\u00e9nez. Partenza per Guanajuato, citt\u00e0 Patrimonio Mondiale, sede annuale del Festival Internazionale Cervantino (di Miguel de Cervantes, autore del Don Chisciotte). Nel pomeriggio si potr\u00e0 conoscere questa bella citt\u00e0 piena di vicoli e piazze, che ci offre luoghi interessanti come l\u2019Universit\u00e0, il Teatro Ju\u00e1rez, il Vicolo del Beso, la casa-museo del muralista Diego Rivera, marito di Frida Kahlo. Le sue strade e vie sotterranee sono uniche nel paese. Opzione di passeggiata accompagnati da banda musicale o tuna valenciana. Sistemazione e pernottamento.<\/td>\n<\/tr>\n<tr class=\"alt\">\n<td style=\"background-color: #ababab\"><span style=\"color: #000000\"><span style=\"color: #ff6600\">\u27a4<\/span>Giorno 8: Guanajuato \/ Cubilete \/ San Juan de los Lagos \/ Guadalajara<\/span><\/td>\n<\/tr>\n<tr class=\"alt\">\n<td>Prima colazione. Partenza per il Cristo del Cerro del Cubilete, \u201cconsolazione per coloro che soffrono, adorazione della gente\u201d, centro geografico del paese, situato a quasi 3.000 metri di altitudine. Qui sorge un bellissimo santuario con una statua del Cristo Redentore di oltre 22 metri d\u2019altezza, chiamato \u00absimbolo della Fede e della Pace\u00bb dagli abitanti del Messico. Si proseguir\u00e0 verso San Juan de los Lagos, probabilmente il secondo santuario pi\u00f9 visitato del paese. Pranzo. Visita all&#8217;immagine miracolosa dell\u2019Immacolata Concezione, elaborata con pasta di canna di mais. La popolazione \u00e8 cresciuta grazie alla grande quantit\u00e0 di visitatori del santuario a partire dal XVI secolo. San Juan possiede anche una grande quantit\u00e0 di devoti ed \u00e8 molto nota tra i viaggiatori. Prosecuzione verso Guadalajara. Sistemazione e pernottamento.<\/td>\n<\/tr>\n<tr class=\"alt\">\n<td style=\"background-color: #ababab\"><span style=\"color: #000000\"><span style=\"color: #ff6600\">\u27a4<\/span>Giorno 9:\u00a0Guadalajara \/ Zapopan \/ Tequila<\/span><\/td>\n<\/tr>\n<tr class=\"alt\">\n<td>Prima colazione. Visita della citt\u00e0 di Guadalajara: il Teatro Degollado, la cattedrale, la Rotonda de los Hombres Ilustres, il Palazzo del Governo con i suoi splendidi murales di Orozco, la Piazza Tapat\u00eda ed una vista panoramica dell\u2019Ospizio Caba\u00f1as. Successivamente, visita a Nuestra Se\u00f1ora de Zapopan, considerata dagli abitanti una Madonna miracolosa e protettrice dalle malattie e dalle inclemenze del tempo. \u00c8 chiamata \u00abLa Pacificadora\u00bb e \u00abLa Generala de Armas\u00bb per essere intervenuta, in due occasioni, durante la guerra tra indigeni e spagnoli.<br \/>\nSono documentati anche altri fatti miracolosi, come il riacquisto della vista di un cieco e la scomparsa della peste in varie epoche. Secondo una tradizione dalla met\u00e0 del XVII secolo, una replica della Madonna percorre un itinerario in tutte le chiese della citt\u00e0, a partire dal 13 giugno fino al 12 ottobre, quando ha luogo la grande festa o Romer\u00eda. Nel 1979, Papa Giovanni Paolo II celebr\u00f2 qui una messa.<br \/>\nProseguimento verso Tequila, tipico villaggio dove si trovano le principali distillerie di questa bevanda alcolica conosciuta in tutto il mondo. Si percorreranno campi di agave, pianta dalla quale i \u201cjimadores\u201d estraggono la \u00abpigna\u00bb formata dal cuore della pianta per ottenere la tequila. Visita ad una distilleria per conoscere il processo di elaborazione della bevanda. Rientro a Guadalajara.<br \/>\nUn\u2019altra attrazione \u00e8 il mercato di artigianato di Tonal\u00e1, tutti i gioved\u00ec e le domeniche.<br \/>\nSistemazione e pernottamento.<\/td>\n<\/tr>\n<tr class=\"alt\">\n<td style=\"background-color: #ababab\"><span style=\"color: #000000\"><span style=\"color: #ff6600\">\u27a4<\/span>Giorno 10:\u00a0Guadalajara \/ Patzcuaro<\/span><\/td>\n<\/tr>\n<tr class=\"alt\">\n<td>Prima colazione. Durante il viaggio, possibilit\u00e0 di fare scala per una visita panor\u00e1mica al rancho Los Tres Potrillos, propriet\u00e0 del celeberrimo cantante messicano Vicente Fern\u00e1ndez. Si continuer\u00e0 verso P\u00e1tzcuaro, che nella lingua pur\u00e9pecha significa \u201cla porta del cielo\u201d. Citt\u00e0 famosa per la sua bellezza coloniale, originalit\u00e0 e costumi della popolazione locale. Tra questi la miracolosa Basilica de Nuestra Se\u00f1ora de la Salud, la \u201cCasa del los Once Patios\u201d, il centro storico con le piazze Vasco de Quiroga e Gertrudis Bocanegra. Sotto i portici del centro, ampia offerta di una gran variet\u00e0 di bar e ristoranti con piatti tipici. Di fronte a P\u00e0tzcuaro si pu\u00f2 osservare l\u2019isola di Janitzio e Tzintzuntzan. Sistemazione e pernottamento.<\/td>\n<\/tr>\n<tr class=\"alt\">\n<td style=\"background-color: #ababab\"><span style=\"color: #000000\"><span style=\"color: #ff6600\">\u27a4<\/span>Giorno 11:\u00a0Patzcuaro \/ Morelia \/ Citt\u00e1 del Messico<\/span><\/td>\n<\/tr>\n<tr class=\"alt\">\n<td>Prima colazione. Proseguimento per Morelia, citt\u00e0 Patrimonio Culturale dell\u2019Umanit\u00e0, conosciuta per il suo ambiente studentesco e le sue magnifiche costruzioni coloniali della Cantera Rosa: la cattedrale, il Palazzo del Governo, il Palazzo Clavijero, la Plaza Mayor, il mercato dei dolci tipici, l\u2019acquedotto e il Tempio Gualupita nel convento di San Diego. La cattedrale di Morelia \u00e8 una delle pi\u00f9 belle del paese. Al suo interno si trova il Santo Cristo de la Sacrist\u00eda. Partenza per Citt\u00e0 del Messico. Arrivo, sistemazione e pernottamento.<\/td>\n<\/tr>\n<tr class=\"alt\">\n<td style=\"background-color: #ababab\"><span style=\"color: #000000\"><span style=\"color: #ff6600\">\u27a4<\/span>Giorno 12: Citt\u00e0 del Messico<\/span><\/td>\n<\/tr>\n<tr class=\"alt\">\n<td>Prima colazione. Trasferimento all&#8217;aeroporto. Fine dei servizi.<\/td>\n<\/tr>\n<\/tbody>\n<\/table>\n<p>&nbsp;<\/p>\n","protected":false},"excerpt":{"rendered":"<p style=\"text-align: left\">Messico<br \/>\n12 Giorni \/ 11 Notti<\/p>\n","protected":false},"featured_media":3019,"comment_status":"closed","ping_status":"closed","template":"","meta":{"dwc-title":[""],"dwc-content":["<img class=\"size-full wp-image-2981 aligncenter\" src=\"http:\/\/www.lctouroperator.com\/it\/wp-content\/uploads\/2017\/03\/unnamed.png\" alt=\"\" width=\"274\" height=\"420\" \/>"]},"product_cat":[21],"product_tag":[],"class_list":{"0":"post-1611","1":"product","2":"type-product","3":"status-publish","4":"has-post-thumbnail","6":"product_cat-gruppi","8":"first","9":"instock","10":"shipping-taxable","11":"product-type-simple"},"_links":{"self":[{"href":"https:\/\/www.lctouroperator.com\/it\/wp-json\/wp\/v2\/product\/1611"}],"collection":[{"href":"https:\/\/www.lctouroperator.com\/it\/wp-json\/wp\/v2\/product"}],"about":[{"href":"https:\/\/www.lctouroperator.com\/it\/wp-json\/wp\/v2\/types\/product"}],"replies":[{"embeddable":true,"href":"https:\/\/www.lctouroperator.com\/it\/wp-json\/wp\/v2\/comments?post=1611"}],"wp:featuredmedia":[{"embeddable":true,"href":"https:\/\/www.lctouroperator.com\/it\/wp-json\/wp\/v2\/media\/3019"}],"wp:attachment":[{"href":"https:\/\/www.lctouroperator.com\/it\/wp-json\/wp\/v2\/media?parent=1611"}],"wp:term":[{"taxonomy":"product_cat","embeddable":true,"href":"https:\/\/www.lctouroperator.com\/it\/wp-json\/wp\/v2\/product_cat?post=1611"},{"taxonomy":"product_tag","embeddable":true,"href":"https:\/\/www.lctouroperator.com\/it\/wp-json\/wp\/v2\/product_tag?post=1611"}],"curies":[{"name":"wp","href":"https:\/\/api.w.org\/{rel}","templated":true}]}}