{"id":1598,"date":"2017-03-01T10:29:17","date_gmt":"2017-03-01T13:29:17","guid":{"rendered":"http:\/\/www.lctouroperator.com\/it\/prog\/tour-bolivia\/"},"modified":"2021-04-28T11:56:14","modified_gmt":"2021-04-28T14:56:14","slug":"tour-bolivia","status":"publish","type":"product","link":"https:\/\/www.lctouroperator.com\/it\/producto\/tour-bolivia\/","title":{"rendered":"Tour Bolivia"},"content":{"rendered":"<div class=\"nine columns\">\n<h2>Una proposta che percorre tutto il paese: grande diversit\u00e0 tra le realt\u00e0 andine e quelle in pianura. Citt\u00e0 e bellezze naturali diversissime ma non meno interessanti. Esperienze uniche a contatto con diverse etnie ad oriente e ad occidente con popolazioni dove spiccano i meticci eredi dell&#8217;epoca coloniale. Santa Cruz in stile coloniale \u00e8 la citt\u00e0 pi\u00f9 popolata del paese e crocevia tra oriente e occidente, porta d&#8217;ingresso alla Chiquitania\u00a0 con le chiese coloniali di incredibile acustica e all&#8217;Amazzonia boliviana, culla di pi\u00f9 di 30 trib\u00f9 indigene, ognuna con la propria organizzazione socio-culturale e lingua.<\/h2>\n<h3>Programma<\/h3>\n<table style=\"height: 2856px\">\n<tbody>\n<tr style=\"height: 24px\">\n<td style=\"background-color: #ababab;height: 24px\"><span style=\"color: #000000\"><span style=\"color: #ff6600\">\u27a4<\/span>Giorno 1: : La Paz (3.640 m slm)<\/span><\/td>\n<\/tr>\n<tr class=\"alt\" style=\"height: 48px\">\n<td style=\"height: 48px\">Arrivo e trasferimento in hotel. Tempo per riposarsi dal viaggio. Breve camminata nei dintorni dell\u2019hotel per abituarsi alle altezze. Si raccomanda cena leggera senza bibite alcoliche. Pernottamento.<\/td>\n<\/tr>\n<tr style=\"height: 24px\">\n<td style=\"background-color: #ababab;height: 24px\"><span style=\"color: #000000\"><span style=\"color: #ff6600\">\u27a4<\/span>Giorno 2: Centro Storico<\/span><\/td>\n<\/tr>\n<tr class=\"alt\" style=\"height: auto\">\n<td style=\"height: auto\">Colazione in hotel. Giornata\u00a0 dedicata alla visita di La Paz: immersa in un paesaggio di montagna innevate La Paz ha un suo fascino particolare, un mondo di colori negli abbigliamenti soprattutto delle donne, negozietti di artigianato, coloratissimi mercatini in cui \u00e8 possibile perdere delle ore osservando il viavai della gente soprattutto nel famoso\u00a0 Mercato delle Streghe\u00a0 (per comprendere gli aspetti mitici dei rituali e del pensiero andino). Sulla strada Jaen evidente ancora il passato coloniale della terza citt\u00e0 fondata dagli spagnoli nell&#8217;Alto Per\u00f9 come era chiamata la Bolivia nell&#8217;epoca della sua fondazione nel 1548. Alcuni dei posti da visitare\u00a0 chiesa di San Francesco, la Cattedrale Metropolitana,\u00a0 PLaza\u00a0 Murillo, il Museo di metalli preziosi precolombiano.\u00a0 Con la funivia si potr\u00e0 osservare un bel panorama della citt\u00e0.\u00a0 Rientro in hotel. Pernottamento.<\/td>\n<\/tr>\n<tr style=\"height: 24px\">\n<td style=\"background-color: #ababab;height: 24px\"><span style=\"color: #000000\"><span style=\"color: #ff6600\">\u27a4<\/span>Giorno 3: Tiwanaku\u00a0 (3.855 m slm)<\/span><\/td>\n<\/tr>\n<tr class=\"alt\" style=\"height: auto\">\n<td style=\"height: auto\">Prima colazione.\u00a0 Parte della giornata\u00a0 dedicata alla visita del Complesso Archeologico Tiwanaku, antica citt\u00e0 del periodo preincaico dichiarata Patrimonio dell\u00b4Umanit\u00e0 dall\u00b4UNESCO. Si trova a 72 km da La Paz. Visita al Museo Cer\u00e1mico e a importanti templi come la Piramide di Akapana, il Tempietto Semisotterraneo, il Tempio di Kalasasay, il Monolito Ponce,\u00a0 la famosa Porta del Sole, uno dei pezzi archeologici pi\u00f9 importanti di questa enigmatica cultura preincaica. Pranzo tipico in corso di escursione. Rientro a La Paz. Tempo libero. Pernottamento.<\/td>\n<\/tr>\n<tr style=\"height: 24px\">\n<td style=\"background-color: #ababab;height: 24px\"><span style=\"color: #000000\"><span style=\"color: #ff6600\">\u27a4<\/span>Giorno 4: Copacabana (3.841 m slm)\u00a0 \u2013 Isla del Sol: Lago Titicaca (8.500 m2)<\/span><\/td>\n<\/tr>\n<tr class=\"alt\" style=\"height: auto\">\n<td style=\"height: auto\">Prima colazione in hotel. Munito da uno zaino per passare fuori due notti,\u00a0 trasferimento verso Copacabana che si trova a 154 km da La Paz. Dopo ca. 3 ore e mezza si arriva al porticello dove\u00a0 si prender\u00e0 una barca a motore per attraversare\u00a0 lo stretto di Tiquina, di ca. 20 minuti di durata. E\u2019 la zona pi\u00fa stretta del lago Titicaca, che lo divide in lago Minore (Wi\u00f1aymarka) e lago Maggiore (Chucuito). Arrivo a Copacabana e trasferimento al porto per salire in motoscafo verso l\u00b4Isola del Sole: l\u2019Isola sacra per gli Inca. Navigando il Lago Titicaca per ca. 45 minuti si arriva nella parte sud dell&#8217;Isola. All\u2019arrivo e sistemazione in hotel. Pranzo con piatto tipico chiamato Apthapi, fatto con prodotti della terra e carni: patate, \u201cchu\u00f1o\u201d, fagioli, mote, formaggio freddo, banane, uovo fritto, fra gli altri ingredienti. Al pomeriggio\u00a0 camminata per Isola, scalinata Inca, tempio Pilkokaina, fonte di \u201clas tres aguas\u201d. Cena e pernottamento a Yumani, parte sud all&#8217;Isola del Sole. Attenzione: per gli amanti del trekking si consiglia arrivare in mattinata\u00a0 nella parte nord dell&#8217;Isola da dove sar\u00e0 possibile fare una camminata, difficolt\u00e0 media\u00a0 di ca. 3 ore percorrendo un antico camino inca e osservando i pi\u00f9 begli squarci che offre il lago oltre al fatto di poter visitare delle rovine inca, culla dei figli del dio\u00a0 Viracocha: Manco Capac e Mama Ocllo: la tradizione tramanda che qui all&#8217;Isola del sole nacque il che poi divent\u00f2 il grande impero Inca. Il pernottamento \u00e8 comunque previsto a Yumani, la parte sud pi\u00f9 attrezzata per accogliere i viaggiatori. In caso di scegliere questa modalit\u00e0 prenotare con molto anticipo e munirsi di indumenti adatti al trekking a basse temperature. Infatti nei mesi di luglio ed agosto mesi invernali in questo emisfero la temperatura potrebbe arrivare a qualche grado sotto zero.<\/td>\n<\/tr>\n<tr class=\"alt\" style=\"height: 24px\">\n<td style=\"background-color: #ababab;height: 24px\"><span style=\"color: #000000\"><span style=\"color: #ff6600\">\u27a4<\/span> Giorno 5: Isla del Sol \u2013 La Paz<\/span><\/td>\n<\/tr>\n<tr class=\"alt\" style=\"height: auto\">\n<td style=\"height: auto\">Prima colazione. In mattinata rientro a Copacabana: tempo per una visita al\u00a0 suo colorito mercato, la Basilica rinascimentale ed eclettica della miracolosa Virgen Morena, protettrice della Bolivia. Pranzo libero Al pomeriggio\u00a0 rientro a La Paz in\u00a0 trasporto privato.<\/td>\n<\/tr>\n<tr class=\"alt\" style=\"height: 24px\">\n<td style=\"background-color: #ababab;height: 24px\"><span style=\"color: #000000\"><span style=\"color: #ff6600\">\u27a4<\/span>Giorno 6: La Paz \u2013 Uyuni \u2013 Deserto di Siloli (4.500m slm)<\/span><\/td>\n<\/tr>\n<tr class=\"alt\" style=\"height: auto\">\n<td style=\"height: auto\">A seconda dell&#8217;orario del primo volo per Uyuni, in genere ca, le ore 6.30 trasferimento all&#8217;aeroporto per partire verso la citt\u00e0 di Uyuni. Arrivo e incontro con il guida locale. In fuoristrada inizio della visita al Salar: partenza per Ojo de Perdiz, visitando nel percorso la chiesetta coloniale di San Cristobal, passando per Vila Alota, Villa Mar fino alla incredibile Laguna Colorada con bellissimi fenicotteri di tre specie differenti. Pernottamento a Ojo de Perdiz, nel deserto di Siloli.<\/td>\n<\/tr>\n<tr class=\"alt\" style=\"height: 24px\">\n<td style=\"background-color: #ababab;height: 24px\"><span style=\"color: #000000\"><span style=\"color: #ff6600\">\u27a4<\/span>Giorno 7: Deserto di Dal\u00ec(4.300m slm)<\/span><\/td>\n<\/tr>\n<tr class=\"alt\" style=\"height: auto\">\n<td style=\"height: auto\">Prima colazione. Ca. le ore 6.30 del mattino inizio della lunga bellissima giornata: Avvio verso il deserto di Dal\u00ec: visitando le fumarole Sol de ma\u00f1ana, le sorgenti termali di Polques dove si potr\u00e0 godere della natura ed de un energetico bagno in mezzo al deserto. Continuazione del viaggio fino all\u2019 incredibile laguna Verde la gemma di questo deserto sotto \u201clo sguardo\u201d del vulcano Licancabur. Pranzo al sacco. Partenza verso l\u2019hotel a Laguna Hedionda, visitando durante il percorso l\u2019Albero di Pietra (formazione geomorfologica dovuta all&#8217;erosione del vento, in un insieme di rocce vulcaniche). Arrivo in hotel. Sistemazione. Cena e pernottamento.<\/td>\n<\/tr>\n<tr class=\"alt\" style=\"height: 24px\">\n<td style=\"background-color: #ababab;height: 24px\"><span style=\"color: #000000\"><span style=\"color: #ff6600\">\u27a4<\/span>Giorno 8: Salar de Uyuni \u2013 Isla Incahuasi \u2013 Colchani (3.600m slm)<\/span><\/td>\n<\/tr>\n<tr class=\"alt\" style=\"height: auto\">\n<td style=\"height: auto\">Prima colazione. Partenza per il Salar di Uyuni, passando per Colchani, visita ad un centro di artigianato tradizionale tutto di sale. Arrivo all\u2019Isola di Incahuasi attraversando buche naturali di acqua chiamati \u201cocchi d\u2019acqua\u201d dove il lago Tauca bolle sotto la superficie. Camminata nell\u2019Isola Incahuasi, tempo per le foto e per godersi il paesaggio surreale dell\u2019immenso deserto del sale. Pranzo in corso della visita. Rientro a Colchani. Cena e pernottamento.<\/td>\n<\/tr>\n<tr class=\"alt\" style=\"height: 24px\">\n<td style=\"background-color: #ababab;height: 24px\"><span style=\"color: #000000\"><span style=\"color: #ff6600\">\u27a4<\/span>Giorno 9: Colchani \u2013 Potos\u00ec (4.067 m slm)<\/span><\/td>\n<\/tr>\n<tr class=\"alt\" style=\"height: auto\">\n<td style=\"height: auto\">Prima colazione. Trasferimento a Potos\u00ec a 205 km da Uyuni. Arrivo dopo ca. 3 ore di viaggio. Sistemazione in hotel. Nel pomeriggio visita guidata della citt\u00e0 patrimonio dell\u2019 Umanit\u00e0 con la famosa casa della moneta, dove ancora \u00e8 possibile intravedere il periodo di splendore della citt\u00e0 nel XVII secolo. Visita facoltativa alla miniera di Cerro Rico. Tempo libero. Pernottamento.<\/td>\n<\/tr>\n<tr class=\"alt\" style=\"height: 24px\">\n<td style=\"background-color: #ababab;height: 24px\"><span style=\"color: #000000\"><span style=\"color: #ff6600\">\u27a4<\/span>Giorno 10: Sucre (2.810 mslm)<\/span><\/td>\n<\/tr>\n<tr class=\"alt\" style=\"height: auto\">\n<td style=\"height: auto\">Prima colazione.\u00a0 Continuazione del viaggio verso Sucre a 155 km da Potosi. Sucre \u00e8\u00a0 la capitale costituzionale del Paese, patrimonio dell&#8217;Umanit\u00e0 Unesco dal 2012: dal punto di vista architettonico \u00e8 la citt\u00e0 pi\u00f9 bella della Bolivia. Dopo ca. 2 ore\u00a0 e mezzo di viaggio arrivo e trasferimento in hotel. Tempo libero\u00a0 per godersi in clima di relax la visita libera a questa piacevole citt\u00e0 bianca. Numerosi i punti d&#8217;interesse: Plaza 25 de Mayo, Casa de La Libertad, espl\u00e9ndido museo storico del paese, la Cattedrale, Oratorio San Felipe Neri, camminata per la calle Polanco fino al Mirador de la Recoleta. Imperdibile la visita al mercato.<\/td>\n<\/tr>\n<tr class=\"alt\" style=\"height: 24px\">\n<td style=\"background-color: #ababab;height: 24px\"><span style=\"color: #000000\"><span style=\"color: #ff6600\">\u27a4<\/span>Giorno 11: Sucre \u2013 Tarabuco (di domenica) &#8211; Santa Cruz (400 m slm)<\/span><\/td>\n<\/tr>\n<tr class=\"alt\" style=\"height: auto\">\n<td style=\"height: auto\">Prima colazione. Continuazione della visita libera di Sucre. Di domenica \u00e8 possibile visitare il bellissimo mercato indigena di Tarabuco (a 60 km da Sucre), una sinfonia di autenticit\u00e0 etnologica, accompagnata di svariate lingue le cui cadenze sono quasi impossibili da decifrare, un mondo di colori nell&#8217;artigianato come nei vestiti indossati da donne e uomini. Rientro a Sucre e proseguimento del viaggio verso Santa Cruz. Arrivo e trasferimento in hotel. Pernottamento.<\/td>\n<\/tr>\n<tr class=\"alt\" style=\"height: 24px\">\n<td style=\"background-color: #ababab;height: 24px\"><span style=\"color: #000000\"><span style=\"color: #ff6600\">\u27a4<\/span>Giorno 12: Misioni Gesuitiche: San Javier<\/span><\/td>\n<\/tr>\n<tr class=\"alt\" style=\"height: auto\">\n<td style=\"height: auto\">Trasferimento in macchina privata a San Javier a 238 chilometri da Santa Cruz, ca tre ore e mezzo di viaggio. Importante notare che diversamente dalle altre missioni dei gesuiti nel sud america che posseggono reperti di numerose edificazioni del XVI e XVII secolo, in Bolivia le chiese erano il centro delle attivit\u00e0 e sono quelle mantenute fino ad oggi con diversi restauri che hanno mantenuto il pi\u00f9 possibile il disegno originale. All&#8217;arrivo a San Javier visita della chiesa fondata nel 1691 con possibilit\u00e0 di assistere a un coro di bambini con musica barocca: un&#8217;occasione per osservare la perfetta acustica della chiesa. <span style=\"font-family: inherit;font-size: inherit\">\u00a0Trasferimento a Concepci\u00f3n. Pranzo e cena inclusi. Pernottamento presso l&#8217;Hotel Concepci\u00f3n.<\/span><\/td>\n<\/tr>\n<tr class=\"alt\" style=\"height: 24px\">\n<td style=\"background-color: #ababab;height: 24px\"><span style=\"color: #000000\"><span style=\"color: #ff6600\">\u27a4<\/span>Giorno 13: San Javier &#8211; Santa Cruz\u00a0<\/span><\/td>\n<\/tr>\n<tr class=\"alt\" style=\"height: auto\">\n<td style=\"height: auto\">Visita alla chiesa, un gioiello dell&#8217;architettura e dell&#8217;arte coloniale che mantiene ancora tutto lo splendore. Visita al Museo delle Orchidee e ai dintorni del paese. Colazione e pranzo inclusi. Ritorno a Santa Cruz e trasferimento in hotel. Tempo libero. Pernottamento.<\/td>\n<\/tr>\n<tr class=\"alt\" style=\"height: 24px\">\n<td style=\"background-color: #ababab;height: 24px\"><span style=\"color: #000000\"><span style=\"color: #ff6600\">\u27a4<\/span>Giorno 14: Santa Cruz\u00a0<\/span><\/td>\n<\/tr>\n<tr class=\"alt\" style=\"height: auto\">\n<td style=\"height: auto\">Prima colazione. Giornata a disposizione a Santa Cruz. Visita libera del centro storico i cui luoghi d&#8217;interesse sono tra i principale: la Piazza centrale, la Cattedrale, il Museo Guarani, la Plaza de la Recova ecc.<\/td>\n<\/tr>\n<tr class=\"alt\" style=\"height: 24px\">\n<td style=\"background-color: #ababab;height: 24px\"><span style=\"color: #000000\"><span style=\"color: #ff6600\">\u27a4<\/span>Giorno 15: Santa Cruz &#8211; Rerrunabaque<\/span><\/td>\n<\/tr>\n<tr class=\"alt\" style=\"height: auto\">\n<td style=\"height: auto\">Prima colazione. In mattinata, trasferimento in aeroporto per proseguire in volo verso la cittadina di Rurrenabaque, piccola cittadina sul fiume Beni, porta d&#8217;ingresso al\u00a0 Parco Nazionale Madidi: questo parco ha l&#8217;ecosistema pi\u00f9 pulito di tutto il sudamerica e ospita un&#8217;incredibile diversit\u00e0 di fauna e flora dell&#8217;amazzonia, le pi\u00f9 protette al mondo. Esteso su una superficie di 1,8 milioni di ettari va dalle pianure alle montagne andine fino a 5.500 m slm. questo Parco \u00e8 patrimonio dell&#8217;Umanit\u00e0 Unesco.\u00a0 Numerosi corsi d&#8217;acqua, villaggi pittoreschi i cui abitanti autoctoni hanno il permesso di usufruire le ricchezze del Parco fanno di questa foresta pluviale uno dei gioielli naturali pi\u00f9 preziosi al mondo.\u00a0\u00a0 Transfer in hotel. Sistemazione nelle camere riservate. Pernottamento.<\/td>\n<\/tr>\n<tr class=\"alt\" style=\"height: 24px\">\n<td style=\"background-color: #ababab;height: 24px\"><span style=\"color: #000000\"><span style=\"color: #ff6600\">\u27a4<\/span>Giorno 16: Eco lodge Parco Nazionale Madidi<\/span><\/td>\n<\/tr>\n<tr class=\"alt\" style=\"height: auto\">\n<td style=\"height: auto\">Prima\u00a0 colazione. La proposta \u00e8 alloggiare 2 notti nel Parco quindi\u00a0 la partenza \u00e8 prevista per le ore 7.30 am: inizio della navigazione del fiume Beni passando per lo spettacolare Canyon del Bala, continuando per il fiume Tuichi fino alla Laguna Chalal\u00e1n. Il viaggio sul fiume durer\u00e1 circa 5 ore e sar\u00e0 seguito da una camminata di 30 minuti fino all&#8217;albergo. Pranzo. Nel pomeriggio si avr\u00e0 l&#8217;opportunit\u00e0 di navigare in canoa nella laguna per apprezzare la fauna e, se la fortuna ci accompagna, godersi un bel tramonto. Dopo cena\u00a0 passeggiata notturna per i sentieri o lungo la laguna per osservare la vita della foresta tropicale. Pasti inclusi\u00a0 nell&#8217;albergo ecologico Chalal\u00e1n con camere con bagno privato (non matrimoniali).<\/td>\n<\/tr>\n<tr class=\"alt\" style=\"height: 24px\">\n<td style=\"background-color: #ababab;height: 24px\"><span style=\"color: #000000\"><span style=\"color: #ff6600\">\u27a4<\/span>Giorno 17: Eco lodge Parco Nazionale Madidi<\/span><\/td>\n<\/tr>\n<tr class=\"alt\" style=\"height: auto\">\n<td style=\"height: auto\">Alle 8 di mattina, dopo la colazione, camminata nella selva seguendo il sentiero fino ai fiumi Raymayo e Eslab\u00f3n. Tempo per osservare la pi\u00f9 svariata fauna locale: guacamayos, capuchinos casta\u00f1os, scimmie gialle o branchi di cinghiali-maiale. Le guide locali illustreranno le piante, la storia naturale e il comportamento della fauna durante tutto il percorso.\u00a0 Box-lunch in corso dell&#8217;escursione.\u00a0 Al rientro in albergo, nel primo pomeriggio, fermata al Mirador (belvedere) che offre viste spettacolari del Lago e del Parco Madidi. Rientro in hotel. Cena e pernottamento.<\/td>\n<\/tr>\n<tr class=\"alt\" style=\"height: 24px\">\n<td style=\"background-color: #ababab;height: 24px\"><span style=\"color: #000000\"><span style=\"color: #ff6600\">\u27a4<\/span>Giorno 18: Rurrenabaque &#8211; La Paz<\/span><\/td>\n<\/tr>\n<tr class=\"alt\" style=\"height: auto\">\n<td style=\"height: auto\">La mattina molto presto attraversata del fiume verso Tuichi e El Beni per ritornare a Rurrenabaque in tempo per prendere il volo di rientro a Santa Cruz. Arrivo e trasferimento in hotel. a Santa Cruz o La Paz in attesa del volo internazionale per il rientro in Italia. Pernottamento.<\/td>\n<\/tr>\n<tr class=\"alt\" style=\"height: 24px\">\n<td style=\"background-color: #ababab;height: 24px\"><span style=\"color: #000000\"><span style=\"color: #ff6600\">\u27a4<\/span>Giorno 19: Viaggio di rientro<\/span><\/td>\n<\/tr>\n<tr class=\"alt\" style=\"height: 48px\">\n<td style=\"height: 48px\">Prima colazione. Parte della giornata a disposizione. Trasferimento in aeroporto per proseguire in volo il rientro in Italia.<\/td>\n<\/tr>\n<\/tbody>\n<\/table>\n<\/div>\n","protected":false},"excerpt":{"rendered":"<p>Bolivia<br \/>\n19 giorni \/ 18 notti<\/p>\n","protected":false},"featured_media":2741,"comment_status":"closed","ping_status":"closed","template":"","meta":{"dwc-title":[""],"dwc-content":["<img class=\"alignnone size-full wp-image-2715\" src=\"http:\/\/www.lctouroperator.com\/it\/wp-content\/uploads\/2020\/08\/Bolivia-04-2008v01.jpg\" alt=\"\" width=\"274\" height=\"420\" \/>"]},"product_cat":[30],"product_tag":[],"class_list":{"0":"post-1598","1":"product","2":"type-product","3":"status-publish","4":"has-post-thumbnail","6":"product_cat-bolivia","8":"first","9":"instock","10":"shipping-taxable","11":"product-type-simple"},"_links":{"self":[{"href":"https:\/\/www.lctouroperator.com\/it\/wp-json\/wp\/v2\/product\/1598"}],"collection":[{"href":"https:\/\/www.lctouroperator.com\/it\/wp-json\/wp\/v2\/product"}],"about":[{"href":"https:\/\/www.lctouroperator.com\/it\/wp-json\/wp\/v2\/types\/product"}],"replies":[{"embeddable":true,"href":"https:\/\/www.lctouroperator.com\/it\/wp-json\/wp\/v2\/comments?post=1598"}],"wp:featuredmedia":[{"embeddable":true,"href":"https:\/\/www.lctouroperator.com\/it\/wp-json\/wp\/v2\/media\/2741"}],"wp:attachment":[{"href":"https:\/\/www.lctouroperator.com\/it\/wp-json\/wp\/v2\/media?parent=1598"}],"wp:term":[{"taxonomy":"product_cat","embeddable":true,"href":"https:\/\/www.lctouroperator.com\/it\/wp-json\/wp\/v2\/product_cat?post=1598"},{"taxonomy":"product_tag","embeddable":true,"href":"https:\/\/www.lctouroperator.com\/it\/wp-json\/wp\/v2\/product_tag?post=1598"}],"curies":[{"name":"wp","href":"https:\/\/api.w.org\/{rel}","templated":true}]}}