{"id":1596,"date":"2017-03-01T10:12:10","date_gmt":"2017-03-01T13:12:10","guid":{"rendered":"http:\/\/www.lctouroperator.com\/it\/prog\/salare-e-lagunas\/"},"modified":"2020-08-05T10:06:00","modified_gmt":"2020-08-05T13:06:00","slug":"deserto-salar","status":"publish","type":"product","link":"https:\/\/www.lctouroperator.com\/it\/producto\/deserto-salar\/","title":{"rendered":"Deserto &#038; Salar"},"content":{"rendered":"<div class=\"row\">\n<div class=\"nine columns\">\n<h2><span style=\"color: #262626; font-family: Oxygen;\">Deserto boliviano: \u00a0diversit\u00e0 di bellezze naturali attraversando il deserto di Dal\u00ec e Siloli fino al Gran Salar di Uyuni.. imperdibile nel periodo di pioggia per l&#8217;incredibile possibilit\u00e0 di immagini surreali<span class=\"gmail_default\">. Qui una proposta per un&#8217;estensione\u00a0 dal vicino deserto di Atacama.<\/span><\/span><\/h2>\n<h3>Programma<\/h3>\n<table>\n<tbody>\n<tr>\n<td style=\"background-color: #ababab;\"><span style=\"color: #000000;\"><span style=\"color: #ff6600;\">\u27a4<\/span>Giorno 1: \u00a0<span class=\"gmail_default\">Reserva Nacional de Fauna Andina\u00a0<\/span>\u00a0\u2013 Laguna Hedionda<\/span><\/td>\n<\/tr>\n<tr class=\"alt\">\n<td>Colazione in hotel.\u00a0Alle ore\u00a010\u00a0boliviane\u00a0incontro\u00a0con l&#8217;autista guida nella frontiera Cile-Bolivia. Breve tempo per sbrigare le pratiche doganali.\u00a0 Inizio del tour in\u00a0fuoristrada partendo verso\u00a0la Riserva Nazionale di fauna Andina Eduardo Avaroa nel\u00a0Deserto di Dali,\u00a0cos\u00ec chiamato per le vere opere d&#8217;arte naturali che vi si trova: Laguna\u00a0Bianca, Laguna\u00a0Verde, le terme de Polques\u00a0le fumarole di Sol de Ma\u00f1ana.\u00a0Pranzo al sacco e continuazione del viaggio verso Laguna Hedionda, visitando durante il percorso\u00a0la splendida Laguna Colorada, una laguna salata a ca. 4.000 m slm nel cuore della cordigliera andina che deve il colore alle alghe che la tingono di rosso,\u00a0 ocra e bianco per la presenza del borace. Migliaia di fenicotteri popolano la laguna e delle 6 specie che esistono nel mondo ben 3 se ne trovano proprio qui.\u00a0\u00a0\u00a0Arrivo e sistemazioni in hotel. Cena e pernottamento.<\/td>\n<\/tr>\n<tr>\n<td style=\"background-color: #ababab;\"><span style=\"color: #000000;\"><span style=\"color: #ff6600;\">\u27a4<\/span>Giorno 2: Deserto di Siloli: Arbol de Piedra &#8211; Uyuni<\/span><\/td>\n<\/tr>\n<tr class=\"alt\">\n<td>Colazione in albergo.Visita all&#8217;albero di pietra, sempre nel deserto di Siloli: una curiosa formazione rocciosa che prende forma grazie all&#8217;erosione del vento. Continuazione del viaggio verso il Salar di Uyuni. Fermata facoltativa a\u00a0 Uyuni per il pranzo libero. Visita ad una fabbrica di sale a Colchani.\u00a0 Arrivo e sistemazione in hotel. Tempo libero per ammirare un bel tramonto. Cena libera e pernottamento.<\/td>\n<\/tr>\n<tr>\n<td style=\"background-color: #ababab;\"><span style=\"color: #000000;\"><span style=\"color: #ff6600;\">\u27a4<\/span>Giorno 3:\u00a0 Salar de Uyuni<\/span><\/td>\n<\/tr>\n<tr class=\"alt\">\n<td>Prima colazione. Partenza per il Salar di Uyuni: uno spettacolo inimmaginabile di questa immensa distesa desertica con un cielo di un azzurro intenso che contrasta con il bianco del sale, uno spettacolo senza paragoni. Percorso fino al cuore del Salar per visitare la Isla Pescado, formazione rocciosa rivestita da giganteschi cactus candelabro. Arrivo in serata al villaggio di Uyuni. Cena e pernottamento.<\/td>\n<\/tr>\n<tr>\n<td style=\"background-color: #ababab;\"><span style=\"color: #000000;\"><span style=\"color: #ff6600;\">\u27a4<\/span>Giorno 4: Uyuni\u00a0<\/span><\/td>\n<\/tr>\n<tr class=\"alt\">\n<td>Prima colazione.\u00a0Continuazione del viaggio verso altre destinazioni in Bolivia o paesi limitrofi.<\/td>\n<\/tr>\n<\/tbody>\n<\/table>\n<\/div>\n<p><!--:--><\/p>\n<\/div>\n","protected":false},"excerpt":{"rendered":"<p>Bolivia<br \/>\n4 giorni \/ 3 notti<\/p>\n","protected":false},"featured_media":2716,"comment_status":"closed","ping_status":"closed","template":"","meta":{"dwc-title":[""],"dwc-content":["<img class=\"alignnone size-full wp-image-2714\" src=\"http:\/\/www.lctouroperator.com\/it\/wp-content\/uploads\/2020\/08\/Bolivia-03-2008v01.jpg\" alt=\"\" width=\"274\" height=\"420\" \/>"]},"product_cat":[30],"product_tag":[],"class_list":{"0":"post-1596","1":"product","2":"type-product","3":"status-publish","4":"has-post-thumbnail","6":"product_cat-bolivia","8":"first","9":"instock","10":"shipping-taxable","11":"product-type-simple"},"_links":{"self":[{"href":"https:\/\/www.lctouroperator.com\/it\/wp-json\/wp\/v2\/product\/1596"}],"collection":[{"href":"https:\/\/www.lctouroperator.com\/it\/wp-json\/wp\/v2\/product"}],"about":[{"href":"https:\/\/www.lctouroperator.com\/it\/wp-json\/wp\/v2\/types\/product"}],"replies":[{"embeddable":true,"href":"https:\/\/www.lctouroperator.com\/it\/wp-json\/wp\/v2\/comments?post=1596"}],"wp:featuredmedia":[{"embeddable":true,"href":"https:\/\/www.lctouroperator.com\/it\/wp-json\/wp\/v2\/media\/2716"}],"wp:attachment":[{"href":"https:\/\/www.lctouroperator.com\/it\/wp-json\/wp\/v2\/media?parent=1596"}],"wp:term":[{"taxonomy":"product_cat","embeddable":true,"href":"https:\/\/www.lctouroperator.com\/it\/wp-json\/wp\/v2\/product_cat?post=1596"},{"taxonomy":"product_tag","embeddable":true,"href":"https:\/\/www.lctouroperator.com\/it\/wp-json\/wp\/v2\/product_tag?post=1596"}],"curies":[{"name":"wp","href":"https:\/\/api.w.org\/{rel}","templated":true}]}}