{"id":1578,"date":"2017-03-01T00:49:52","date_gmt":"2017-03-01T03:49:52","guid":{"rendered":"http:\/\/www.lctouroperator.com\/it\/prog\/bolivia-spettacolare\/"},"modified":"2020-08-05T10:17:34","modified_gmt":"2020-08-05T13:17:34","slug":"due-perle-del-cofanetto","status":"publish","type":"product","link":"https:\/\/www.lctouroperator.com\/it\/producto\/due-perle-del-cofanetto\/","title":{"rendered":"Due perle del cofanetto"},"content":{"rendered":"<p><!--:es--><\/p>\n<div class=\"row\">\n<div class=\"nine columns\">\n<h2>Un tour di 8 giorni per vivere il meglio della Bolivia: La Paz e navigazione del lago Titicaca fino alla parte nord dell&#8217;Isola del Sole, culla dell&#8217;impero Inca, per un incredibile trekking lungo un\u2019antica strada Inca. Poi l&#8217; imperdibile Salar di Uyuni nel periodo di pioggia per catturare immagini al limite del surreale.<\/h2>\n<h2><span style=\"color: #ff6600;\">Programma<\/span><\/h2>\n<table>\n<tbody>\n<tr>\n<td style=\"background-color: #ababab;\"><span style=\"color: #000000;\"><span style=\"color: #ff6600;\">\u27a4<\/span>Giorno 1: La Paz (3.640 mslm)<\/span><\/td>\n<\/tr>\n<tr class=\"alt\">\n<td>Arrivo e trasferimento in hotel. Tempo per riposarsi dal viaggio.\u00a0Breve camminata nei dintorni dell&#8217;hotel per abituarsi alle altezze. Si raccomanda cena leggera senza bibite alcoliche. Pernottamento.<\/td>\n<\/tr>\n<tr>\n<td style=\"background-color: #ababab;\"><span style=\"color: #000000;\"><span style=\"color: #ff6600;\">\u27a4<\/span>Giorno 2:\u00a0 La Paz &#8211; Centro Storico<\/span><\/td>\n<\/tr>\n<tr class=\"alt\">\n<td>Colazione in hotel. Giornata\u00a0 dedicata alla visita di La Paz: immersa in un paesaggio di montagne innevate, La Paz ha un suo fascino particolare, un mondo di colori negli abbigliamenti soprattutto delle donne, negozietti di artigianato, coloratissimi mercatini in cui \u00e8 possibile perdere delle ore osservando il viavai della gente. Da non perdere il famoso\u00a0 Mercato delle Streghe, per comprendere gli aspetti mitici dei rituali e del pensiero andino. Sulla strada Jaen \u00e8 ancora evidente il passato coloniale della terza citt\u00e0 fondata dagli spagnoli nell&#8217;Alto Per\u00f9, come era chiamata la Bolivia nell&#8217;epoca della sua fondazione nel 1548. Altri posti da visitare\u00a0\u00a0solo la chiesa di San Francesco, la Cattedrale Metropolitana,\u00a0\u00a0PLaza\u00a0\u00a0Murillo e il Museo di metalli preziosi precolombiano.\u00a0\u00a0Infine con un giro in funivia si potr\u00e0 osservare un bel panorama della citt\u00e0 dall&#8217;alto.\u00a0\u00a0Rientro in hotel. Pernottamento.<\/td>\n<\/tr>\n<tr>\n<td style=\"background-color: #ababab;\"><span style=\"color: #000000;\"><span style=\"color: #ff6600;\">\u27a4<\/span>Giorno 3: Tiwanaku\u00a0\u00a0(3.855 m slm)<\/span><\/td>\n<\/tr>\n<tr class=\"alt\">\n<td>Prima colazione.\u00a0\u00a0Parte della giornata\u00a0\u00a0dedicata alla visita del Complesso Archeologico di Tiwanaku, antica citt\u00e0 del periodo preincaico dichiarata Patrimonio dell\u00b4Umanit\u00e0 dall\u00b4UNESCO. Si trova a 72 km da La Paz. Visita al Museo Cer\u00e1mico e a importanti templi come la Piramide di Akapana, il Tempietto Semisotterraneo, il Tempio di Kalasasay, il Monolito Ponce,\u00a0\u00a0la famosa Porta del Sole, uno dei pezzi archeologici pi\u00f9 importanti di questa enigmatica cultura preincaica.\u00a0Pranzo tipico in corso di escursione. Rientro a La Paz. Tempo libero. Pernottamento<\/td>\n<\/tr>\n<tr>\n<td style=\"background-color: #ababab;\"><span style=\"color: #000000;\"><span style=\"color: #ff6600;\">\u27a4<\/span>Giorno 4: Copacabana (3.841 m slm)\u00a0\u00a0\u2013 Isla del Sol: Lago Titicaca (8.500 mq)\u00a0<\/span><\/td>\n<\/tr>\n<tr class=\"alt\">\n<td>Prima colazione in hotel. Muniti di uno zaino per passare fuori due notti,\u00a0 trasferimento verso Copacabana che si trova a 154 km da La Paz. Dopo ca. 3 ore e mezza si arriva al porticciolo dove\u00a0\u00a0si prender\u00e0 una barca a motore per attraversare\u00a0\u00a0lo stretto di Tiquina &#8211; ca. 20 minuti di durata. E\u2019 la zona pi\u00f9 stretta del lago Titicaca, che lo divide in lago Minore (Wi\u00f1aymarka) e lago Maggiore (Chucuito). Arrivo a Copacabana e trasferimento al porto per salire in motoscafo verso l\u00b4Isola del Sole: l&#8217;Isola sacra per gli Inca. Navigando il Lago Titicaca per circa due ore e mezza\u00a0\u00a0\u00a0si arriva nella parte nord dell&#8217;Isola.\u00a0 Appena arrivati inizio della camminata\u00a0\u00a0per gli amanti del trekking di difficolt\u00e0 media-alta per l&#8217;altezza; il tragitto \u00e8 di circa 10 km e si impiegano in media 5 ore\u2026. (3.500 metri slm) percorrendo un antico camino inca e osservando i pi\u00f9 begli scorci che offre il lago. L\u2019importanza dell\u2019Isola del Sole \u00e8 enorme per gli Inca, se si pensa che qui la tradizione colloca la culla dei figli del dio\u00a0 Viracocha: Manco Capac e Mama Oclio. Qui nacque quello che poi si trasformo nel grande e potente Impero Inca.\u00a0\u00a0Munirsi di indumenti adatti al trekking a basse temperature, infatti nei mesi di luglio ed agosto, il miglior periodo per la visita, sono mesi invernali in questo emisfero e\u00a0\u00a0la temperatura potrebbe arrivare a qualche grado sotto zero.\u00a0\u00a0Arrivo in hotel a Yumani, la parte sud dell&#8217;Isola. Sistemazione nelle camere riservate. Cena e serata libera. Possibilit\u00e0 di ammirare un incredibile tramonto e poi un cielo\u00a0 carico di stelle con la via lattea che sembra illuminare tutto.\u00a0 Pernottamento in hotel.<\/td>\n<\/tr>\n<tr class=\"alt\">\n<td style=\"background-color: #ababab;\"><span style=\"color: #000000;\"><span style=\"color: #ff6600;\">\u27a4<\/span>Giorno 5: Isla del Sol: Lago Titicaca\u00a0(8.500 m2)<\/span><\/td>\n<\/tr>\n<tr class=\"alt\">\n<td>Prima colazione. Giornata\u00a0 libera per la visita alla parte sud dell&#8217;Isola dove si potranno visitare la scalinata Inca, il tempio Pilkokaina e la fonte di \u201clas tres aguas\u201d.\u00a0 \u00a0Pranzo\u00a0con\u00a0piatto tipico chiamato Apthapi, fatto con prodotti della terra e carni: patate, \u201cchu\u00f1o\u201d, fagioli, mote, formaggio freddo, banane, uovo fritto, fra gli altri ingredienti.\u00a0Al pomeriggio rientro per pernottare nella vicina Copacabana o possibilit\u00e0 di pernottare una seconda notte per godersi la totale pace dell&#8217;Isola.<\/td>\n<\/tr>\n<tr class=\"alt\">\n<td style=\"background-color: #ababab;\"><span style=\"color: #000000;\"><span style=\"color: #ff6600;\">\u27a4<\/span>Giorno 6: Isla del Sol \u2013 La Paz<\/span><\/td>\n<\/tr>\n<tr class=\"alt\">\n<td>Prima colazione.\u00a0In mattinata rientro a\u00a0Copacabana: tempo per una visita al\u00a0\u00a0suo colorito mercato, la Basilica rinascimentale ed eclettica della miracolosa Virgen Morena, protettrice della Bolivia.\u00a0Rientro\u00a0a La Paz in\u00a0\u00a0trasporto privato. Pernottamento.<\/td>\n<\/tr>\n<tr class=\"alt\">\n<td style=\"background-color: #ababab;\"><span style=\"color: #000000;\"><span style=\"color: #ff6600;\">\u27a4<\/span>Giorno 7 : La Paz &#8211; Uyuni<\/span><\/td>\n<\/tr>\n<tr class=\"alt\">\n<td>A seconda dell&#8217;orario del primo volo per Uyuni, in genere ca, le ore 6.30 trasferimento all&#8217;aeroporto per partire verso la citt\u00e0 di Uyuni. Arrivo e incontro con il guida locale. In fuoristrada inizio della visita al Salar: uno spettacolo inimmaginabile di questa immensa distesa desertica con un cielo di un azzurro intenso che contrasta con il bianco del sale, uno spettacolo senza paragoni. Percorso fino al cuore del Salar per visitare la Isla Pescado, formazione rocciosa rivestita da giganteschi cactus candelabro. Se visitato in periodo di pioggia tra i mesi di dicembre e marzo lo scenario diventa ancora pi\u00f9 spettacolare per le infinite possibilit\u00e0 di paesaggi\u00a0 davvero surreali. La pioggia potrebbe impedire la\u00a0 visita all&#8217;Isolotto di cactus per\u00f2 si viene ripagato pienamente per la bellezza diversa che offre il salar in questi mesi. Pasti liberi. Pernottamento nell&#8217;hotel di Sale.<\/td>\n<\/tr>\n<tr class=\"alt\">\n<td style=\"background-color: #ababab;\"><span style=\"color: #000000;\"><span style=\"color: #ff6600;\">\u27a4<\/span>Giorno 8 \/ Rientro a La Paz &#8211; Combinazioni<\/span><\/td>\n<\/tr>\n<tr class=\"alt\">\n<td>Prima colazione. In mattinata rientro a La Paz per proseguire il viaggio verso altre destinazioni in Sudamerica o rientro nel Paese di origine.<\/td>\n<\/tr>\n<\/tbody>\n<\/table>\n<\/div>\n<p>&nbsp;<\/p>\n<\/div>\n<p><!--:--><\/p>\n","protected":false},"excerpt":{"rendered":"<p>Bolivia<br \/>\n8 giorni \/ 7 notti<\/p>\n","protected":false},"featured_media":2730,"comment_status":"closed","ping_status":"closed","template":"","meta":{"dwc-title":[""],"dwc-content":["<img class=\"alignnone size-full wp-image-2713\" src=\"http:\/\/www.lctouroperator.com\/it\/wp-content\/uploads\/2020\/08\/Bolivia-02-2008v01.jpg\" alt=\"\" width=\"274\" height=\"420\" \/>"]},"product_cat":[30],"product_tag":[],"class_list":{"0":"post-1578","1":"product","2":"type-product","3":"status-publish","4":"has-post-thumbnail","6":"product_cat-bolivia","8":"first","9":"instock","10":"shipping-taxable","11":"product-type-simple"},"_links":{"self":[{"href":"https:\/\/www.lctouroperator.com\/it\/wp-json\/wp\/v2\/product\/1578"}],"collection":[{"href":"https:\/\/www.lctouroperator.com\/it\/wp-json\/wp\/v2\/product"}],"about":[{"href":"https:\/\/www.lctouroperator.com\/it\/wp-json\/wp\/v2\/types\/product"}],"replies":[{"embeddable":true,"href":"https:\/\/www.lctouroperator.com\/it\/wp-json\/wp\/v2\/comments?post=1578"}],"wp:featuredmedia":[{"embeddable":true,"href":"https:\/\/www.lctouroperator.com\/it\/wp-json\/wp\/v2\/media\/2730"}],"wp:attachment":[{"href":"https:\/\/www.lctouroperator.com\/it\/wp-json\/wp\/v2\/media?parent=1578"}],"wp:term":[{"taxonomy":"product_cat","embeddable":true,"href":"https:\/\/www.lctouroperator.com\/it\/wp-json\/wp\/v2\/product_cat?post=1578"},{"taxonomy":"product_tag","embeddable":true,"href":"https:\/\/www.lctouroperator.com\/it\/wp-json\/wp\/v2\/product_tag?post=1578"}],"curies":[{"name":"wp","href":"https:\/\/api.w.org\/{rel}","templated":true}]}}