{"id":1570,"date":"2017-02-28T13:31:38","date_gmt":"2017-02-28T16:31:38","guid":{"rendered":"http:\/\/www.lctouroperator.com\/it\/prog\/gioielli-del-brasile\/"},"modified":"2021-04-01T09:57:20","modified_gmt":"2021-04-01T12:57:20","slug":"nordest-da-scoprire","status":"publish","type":"product","link":"https:\/\/www.lctouroperator.com\/it\/producto\/nordest-da-scoprire\/","title":{"rendered":"Nordest da scoprire"},"content":{"rendered":"<h2>Nordest brasiliano ovvero i Caraibi sudamericani, una miriade di piccole e bellissime spiagge da scoprire durante un percorso dove si passa di sorpresa in sorpresa\u00a0 attraversando cittadine e spiagge di grande bellezza naturale a contatto con una popolazione allegra e accogliente, in costante impegno di sviluppo sociale ed economico, fino ad arrivare al gioiello pi\u00f9 pregiato del Brasile: l&#8217;Isola di Fernando di Noronha, l&#8217;arcipelago nell\u2019Oceano Atlantico scoperto da Amerigo Vespucci, oggi patrimonio Unesco, di inestimabile valore e bellezza.\u00a0 Giorni incredibili per amanti del mare, del sole e la natura splendidamente verde e rigogliosa.<\/h2>\n<div>\n<div class=\"gmail_quote\">\n<p>Validit\u00e0: Tutto l&#8217;anno.<\/p>\n<h3>Programma<\/h3>\n<\/div>\n<\/div>\n<table style=\"width: 733px;\">\n<tbody>\n<tr>\n<td style=\"background-color: #ababab; width: 733px;\"><span style=\"color: #000000;\"><span style=\"color: #ff6600;\">\u27a4<\/span>Giorno 1: Macei\u00f3<\/span><\/td>\n<\/tr>\n<tr class=\"alt\">\n<td style=\"width: 733px;\">Arrivo all&#8217;aeroporto internazionale di Macei\u00f2, capitale dello stato di Alagoas sin dal 1839. Trasferimento in hotel previa visita panoramica della citt\u00e0: il bel lungomare con breve passaggio per il piccolo centro storico e la spiaggia di Paju\u00e7ara. Sistemazione nelle camere riservate. Il lungomare di fronte all&#8217;hotel offre una piacevole passeggiata e anche molti locali dove poter gustare piatti e bevande tipiche come l&#8217;acqua di cocco, aperto al momento. Pernottamento.<\/td>\n<\/tr>\n<tr>\n<td style=\"background-color: #ababab; width: 733px;\"><span style=\"color: #000000;\"><span style=\"color: #ff6600;\">\u27a4<\/span>Giorno 2: Praia do Frances &#8211; Praia do Gunga<\/span><\/td>\n<\/tr>\n<tr class=\"alt\">\n<td style=\"width: 733px;\">Colazione. Giornata dedicata ad una bella escursioni nei dintorni della citt\u00e0 per conoscere le piccole spiagge pi\u00f9\u00a0amate dai brasiliani perch\u00e9 bello quanto i caraibi:\u00a0mare turchese, palme e cocco e solo il rumore del mare a Praia Do Franc\u00eas e Praia do Gunga circondata da grandi estensioni di piantagione di palme di cocco quindi a contatto con una splendida e rigogliosa natura mentre si assaggia la\u00a0casquinha\u00a0de Siri,\u00a0ossia squisita\u00a0polpa di granchio mangiata direttamente dentro la sua corazza.\u00a0 Rientro a Macei\u00f3.<\/td>\n<\/tr>\n<tr>\n<td style=\"background-color: #ababab; width: 733px;\"><span style=\"color: #000000;\"><span style=\"color: #ff6600;\">\u27a4<\/span>Giorno 3: S\u00e3o Miguel dos Milagres &#8211; Maragogi &#8211; Porto de Galinhas<\/span><\/td>\n<\/tr>\n<tr class=\"alt\">\n<td style=\"width: 733px;\">Colazione. A met\u00e0 mattina partenza per Porto de Galinhas, un percorso di\u00a0 ca. 275 chilometri con fermata in diverse spiagge rinomate per il turismo locale:\u00a0 Sao Miguel dos Milagres, Maragogi; un modo di conoscere la realt\u00e0 del paese addentrandosi in localit\u00e0 emblematiche per il nordest brasiliano, scoprendone la ricca gastronomia incentrata soprattutto in frutti di mare e altri squisiti piatti a base di pesce. <span style=\"color: #333333;\">Breve fermata a\u00a0 Maragogi dove, a seconda della marea \u00e8 possibile fare immersioni; questa zona \u00e8 particolarmente adatta per i principianti in quanto, in acque poco profonde, si trova una bella barriera corallina, anche se\u00a0 purtroppo recentemente \u00e8 sempre pi\u00f9 affollata per le molte escursioni. <\/span>Proseguimento fino a Porto de Galinhas.\u00a0 Qui la proposta \u00e8 alloggiare in un hotel di categoria superiore a Muro Alto, a 12 km da Porto de Galinhas, con spiaggia privata per poter godere fino in fondo la spiaggia e la barriera corallina della zona in quanto la spiaggia vicino alla citt\u00e0 \u00e8 molto pi\u00f9 affollata e non permette di apprezzare tutta la bellezza del luogo. Sistemazione nelle camere riservate in mezzo ad una splendida vegetazione. Pomeriggio libero per attivit\u00e0 sulla spiaggia. In serata imperdibile passeggiata per il piccolo e grazioso centro di Porto de Galinhas. Pernottamento.<\/td>\n<\/tr>\n<tr class=\"alt\">\n<td style=\"background-color: #ababab; width: 733px;\"><span style=\"color: #000000;\"><span style=\"color: #ff6600;\">\u27a4<\/span>Giorno 4: Porto de Galinhas<\/span><\/td>\n<\/tr>\n<tr class=\"alt\">\n<td style=\"width: 733px;\">Prima colazione.\u00a0 Giornata libera per attivit\u00e0 facoltative nella bella spiaggia davanti all&#8217;hotel: nuoto, snorkeling, camminate e possibilit\u00e0 di degustare i migliori piatti della cucina locale nel ricco buffet proposto dall&#8217;hotel. Pernottamento.<\/td>\n<\/tr>\n<tr class=\"alt\">\n<td style=\"background-color: #ababab; width: 733px;\"><span style=\"color: #000000;\"><span style=\"color: #ff6600;\">\u27a4<\/span>Giorno 5: Cabo Santo Agostinho &#8211; Recife \u2013 Olinda<\/span><\/td>\n<\/tr>\n<tr class=\"alt\">\n<td style=\"width: 733px;\">Prima colazione. Continuazione del viaggio verso Recife con breve fermata nella spiaggia Gaibu di Cabo\u00a0 Santo Agostinho. Arrivo a Recife\u00a0 e visita panoramica della\u00a0<span lang=\"ES\">quarta citt\u00e0 per importanza del paese, chiamata spesso la Venezia brasiliana per i numerosi canali, ponti e le strette vie a senso unico, fino alla storica Olinda, Patrimonio culturale dell&#8217;Umanit\u00e0 che rivive lo splendore del suo passato durante il famoso carnevale brasiliano. Arrivo in hotel e sistemazione. <\/span>Pernottamento.<\/td>\n<\/tr>\n<tr class=\"alt\">\n<td style=\"background-color: #ababab; width: 733px;\"><span style=\"color: #000000;\"><span style=\"color: #ff6600;\">\u27a4<\/span>Giorno 6: Fernando de Noronha<br \/>\n<\/span><\/td>\n<\/tr>\n<tr class=\"alt\">\n<td style=\"width: 733px;\">Colazione. Trasferimento all&#8217;aeroporto per continuare\u00a0 viaggio verso l&#8217;isola Patrimonio dell&#8217;UNESCO, Fernando de Noronha: un arcipelago formato da 21 piccole isole a 400 km dalla\u00a0 costa dello stato di Pernambuco, scoperta nel 1503 da Amerigo Vespucci.\u00a0 Tempo per compilare la scheda obbligatoria per l&#8217;ingresso all&#8217;Isola. Trasferimento alla Pousada prenotata. Sistemazione. Tempo libero per una passeggiata per \u201cVila Los Remedios\u201d cuore di quest&#8217;isola paradisiaca: diversi ristoranti e negozietti sono concentrati in questo quartiere. Cena libera e pernottamento.<\/td>\n<\/tr>\n<tr class=\"alt\">\n<td style=\"background-color: #ababab; width: 733px;\"><span style=\"color: #000000;\"><span style=\"color: #ff6600;\">\u27a4<\/span>Giorno 7: Tour dell&#8217;isola<\/span><\/td>\n<\/tr>\n<tr class=\"alt\">\n<td style=\"width: 733px;\">Colazione. Giornata dedicata ad un tour guidato per tutta l&#8217;Isola, importante per non perdere i suoi tesori con esperti locali: Baia dei Delfini, Baia de Sancho, la pi\u00f9 bella dell&#8217;Isola, Morro dois Irmaos -famosa \u201ccartolina\u201d di Fernando de Noronha-\u00a0 Zona sud dell&#8217;Isola, ecc. Pranzo nel corso dell\u2019escursione. Rientro all&#8217;alloggio non prima di aver vissuto una delle esperienze incredibili in quest\u2019Isola: contemplare il tramonto nel belvedere do Boldr\u00f3, in direzione del Morro do Dois Irm\u00e3os.\u00a0 Cena libera e pernottamento.<\/td>\n<\/tr>\n<tr class=\"alt\">\n<td style=\"background-color: #ababab; width: 733px;\"><span style=\"color: #000000;\"><span style=\"color: #ff6600;\">\u27a4<\/span>Giorno 8: Immersioni, snorkeling, nuoto con tartarughe<br \/>\n<\/span><\/td>\n<\/tr>\n<tr class=\"alt\">\n<td style=\"width: 733px;\">Colazione. Giornata libera per recarsi in diversi posti dell&#8217;Isola secondo il proprio interesse. Possibilit\u00e0 di realizzare diverse attivit\u00e0 acquatiche come\u00a0\u00a0immersioni subacquee incredibili per chi possiede il brevetto o \u201cbattesimo del mare\u201d per principianti, con esperte guide. Escursioni in barca con soste per fare il bagno e snorkeling. Tempo per amanti del birdwatching per osservare diverse specie endemiche o nuoto con le tartarughe nella parte sud dell&#8217;Isola. Sar\u00e0 possibile inoltre verso fine pomeriggio un romantico tour in barca con uno squisito \u201cchurrasco\u201d a bordo, a base di\u00a0pesce fresco\u2026mentre si ammira un tramonto impossibile da dimenticare.<\/td>\n<\/tr>\n<tr class=\"alt\">\n<td style=\"background-color: #ababab; width: 733px;\"><span style=\"color: #000000;\"><span style=\"color: #ff6600;\">\u27a4<\/span>Giorno 9: Giornata libera<br \/>\n<\/span><\/td>\n<\/tr>\n<tr class=\"alt\">\n<td style=\"width: 733px;\">Colazione. Giornata a disposizione per relax in spiaggia: Conceicao, la pi\u00f9 indicata per giorni di relax in spiaggia e per la possibilit\u00e0 di fare snorkeling e godersi un incredibile tramonto, Praia do \u201ccachorro\u201d dove, a seconda del periodo della visita, \u00e8 possibile anche praticare stand up paddle osservando incredibili branchi di pesci nelle acque limpide dell&#8217;oceano Atlantico. Pernottamento.<\/td>\n<\/tr>\n<\/tbody>\n<\/table>\n<table>\n<tbody>\n<tr class=\"alt\">\n<td style=\"background-color: #ababab;\"><span style=\"color: #000000;\"><span style=\"color: #ff6600;\">\u27a4<\/span>Giorno 10: Recife &#8211; Altre destinazioni<br \/>\n<\/span><\/td>\n<\/tr>\n<tr class=\"alt\">\n<td>Colazione. A secondo dell&#8217;orario trasferimento all&#8217;aeroporto per continuare viaggio verso Recife per il rientro in Italia o per continuare viaggio\u00a0verso altre destinazioni<\/td>\n<\/tr>\n<\/tbody>\n<\/table>\n<p>&nbsp;<\/p>\n<p><u>Per Fernando di Noronha<\/u>: informazioni sul clima:<\/p>\n<p>Da gennaio ad agosto, stagione della pioggia. Resto dell\u2019anno, stagione secca.<br \/>\nPer amanti del surf la visita all&#8217;Isola \u00e8 imperdibile tra dicembre e marzo. Gennaio e febbraio sono il periodo migliore.\u00a0Per amanti dello snorkeling, evitare questo periodo.\u00a0Per chi possiede il brevetto, le immersioni subacquee sono possibili tutto l\u2019anno.<\/p>\n","protected":false},"excerpt":{"rendered":"<p>Brasile<br \/>\n10 giorni \/ 9 notti<\/p>\n","protected":false},"featured_media":2932,"comment_status":"closed","ping_status":"closed","template":"","meta":{"dwc-title":[""],"dwc-content":["<img class=\"alignnone size-full wp-image-2930 aligncenter\" src=\"http:\/\/www.lctouroperator.com\/it\/wp-content\/uploads\/2017\/02\/Brasil-03-2011Cv31.jpg\" alt=\"\" width=\"274\" height=\"420\" \/>"]},"product_cat":[37],"product_tag":[],"class_list":{"0":"post-1570","1":"product","2":"type-product","3":"status-publish","4":"has-post-thumbnail","6":"product_cat-brasil","8":"first","9":"instock","10":"shipping-taxable","11":"product-type-simple"},"_links":{"self":[{"href":"https:\/\/www.lctouroperator.com\/it\/wp-json\/wp\/v2\/product\/1570"}],"collection":[{"href":"https:\/\/www.lctouroperator.com\/it\/wp-json\/wp\/v2\/product"}],"about":[{"href":"https:\/\/www.lctouroperator.com\/it\/wp-json\/wp\/v2\/types\/product"}],"replies":[{"embeddable":true,"href":"https:\/\/www.lctouroperator.com\/it\/wp-json\/wp\/v2\/comments?post=1570"}],"wp:featuredmedia":[{"embeddable":true,"href":"https:\/\/www.lctouroperator.com\/it\/wp-json\/wp\/v2\/media\/2932"}],"wp:attachment":[{"href":"https:\/\/www.lctouroperator.com\/it\/wp-json\/wp\/v2\/media?parent=1570"}],"wp:term":[{"taxonomy":"product_cat","embeddable":true,"href":"https:\/\/www.lctouroperator.com\/it\/wp-json\/wp\/v2\/product_cat?post=1570"},{"taxonomy":"product_tag","embeddable":true,"href":"https:\/\/www.lctouroperator.com\/it\/wp-json\/wp\/v2\/product_tag?post=1570"}],"curies":[{"name":"wp","href":"https:\/\/api.w.org\/{rel}","templated":true}]}}