{"id":1532,"date":"2017-02-26T17:49:13","date_gmt":"2017-02-26T20:49:13","guid":{"rendered":"http:\/\/www.lctouroperator.com\/it\/?post_type=product&#038;p=1532"},"modified":"2021-08-16T05:43:42","modified_gmt":"2021-08-16T08:43:42","slug":"deserto-bianco-e-mare-turchese","status":"publish","type":"product","link":"https:\/\/www.lctouroperator.com\/it\/producto\/deserto-bianco-e-mare-turchese\/","title":{"rendered":"Deserto bianco e mare turchese"},"content":{"rendered":"<h2>Paesaggio surreale nel nordest brasiliano,\u00a0 da contemplare mentre i piedi affondano in finissime sabbie bianche dei <i>Lencois\u00a0<\/i>maranhense fino a raggiungere qualche piscina naturale di origine piovana. -quasi miraggio sotto un cielo azzurro e un sole raggiante. Esperienze uniche proseguendo verso paesini cosmopoliti\u00a0con spiagge da sogno a Jericoacoara in Fortaleza e Pipa a Natal<\/h2>\n<p>Validit\u00e0: Da met\u00e0 marzo a settembre.<\/p>\n<h2><span style=\"color: #ff6600\">Programma:<\/span><\/h2>\n<table style=\"height: 864px\">\n<tbody>\n<tr style=\"height: 24px\">\n<td style=\"background-color: #ababab;height: 24px\"><span style=\"color: #000000\"><span style=\"color: #ff6600\">\u27a4<\/span>Giorno 1: Sao Luis de Maranhao\u00a0<\/span><\/td>\n<\/tr>\n<tr class=\"alt\" style=\"height: 120px\">\n<td style=\"height: 120px\">Arrivo all&#8217;aeroporto di Sao Luis. A seconda dell&#8217;ora d&#8217;arrivo tour panoramico per una prima scoperta della citt\u00e0 capoluogo dello stato di Maranhao, patrimonio Unesco dell&#8217;Umanit\u00e0. Arrivo in hotel. Sistemazione nelle camere riservate. Al pomeriggio walking tour per il bellissimo centro storico con migliaia di edifici coloniali perfettamente mantenuti, stilo francese e portoghese che si scoprono subito perch\u00e9\u00a0rivestiti dei tipici\u00a0<i>azulejos. <\/i>Tempo a disposizione. Pernottamento.<\/td>\n<\/tr>\n<tr style=\"height: 24px\">\n<td style=\"background-color: #ababab;height: 24px\"><span style=\"color: #000000\"><span style=\"color: #ff6600\">\u27a4<\/span>Giorno 2: Barreirinhas<\/span><\/td>\n<\/tr>\n<tr class=\"alt\" style=\"height: 144px\">\n<td style=\"height: 144px\">Colazione in hotel. Ben presto partenza per il Parco Lencois Maranhenses: paesaggi incredibili formati da dune di sabbia bianca che per ben 70 chilometri percorrono le coste in un susseguirsi di laghi arti\ufb01ciali, lagune di acque cristalline -soprattutto di acqua piovana- purissime e con dei colori splendidi. Possibilit\u00e0 di fare il bagno. Pranzo libero. A Barreirinhas porta d&#8217;ingresso ai\u00a0<i>Lencois<\/i>\u00a0(ovvero lenzuola per la somiglianza del deserto con tante\u00a0lenzuola bianche) \u00e8 possibile prenotare il sorvolo sul deserto per una splendida esperienza. Arrivo all&#8217;alloggio riservato. Cena. Pernottamento.<\/td>\n<\/tr>\n<tr style=\"height: 24px\">\n<td style=\"background-color: #ababab;height: 24px\"><span style=\"color: #000000\"><span style=\"color: #ff6600\">\u27a4<\/span>Giorno 3: Fiume Prejuica: Vassouras &#8211; Cabure &#8211; Parnaiba<\/span><\/td>\n<\/tr>\n<tr class=\"alt\" style=\"height: auto\">\n<td style=\"height: auto\">Prima colazione. Partenza verso Jericoacoara iniziando con un una navigazione del \ufb01ume Preguica in barca a motore e sostando durante il percorso sia per fare il bagno, sia per divertirsi a Vassouras con i numerosi \u201cmacacos\u201d ormai abituati alla numerosa presenza di visitatori. En Mandacaru sar\u00e0 possibile salire sul faro per ammirare l&#8217;incredibile vista, dopo 160 gradini che meritano di essere saliti. Dopo pranzo, continuazione del viaggio \ufb01no a Parnaiba, in fuoristrada, su percorsi meravigliosi. Arrivo nella pousada prescelta. Cena e pernottamento.<\/td>\n<\/tr>\n<tr class=\"alt\" style=\"height: 24px\">\n<td style=\"background-color: #ababab;height: 24px\"><span style=\"color: #000000\"><span style=\"color: #ff6600\">\u27a4<\/span>Giorno 4: Parnaiba &#8211; Jericoacoara<br \/>\n<\/span><\/td>\n<\/tr>\n<tr class=\"alt\" style=\"height: auto\">\n<td style=\"height: auto\">Dopo la prima colazione partenza per Jericoacoara, navigando il delta di Parnaiba e tratti in fuoristrada. Arrivo e sistemazione nelle camere riserate. A partire da questo momento e nei due giorni successivi la proposta \u00e8 rilassarsi e fare dei tour incredibili: Pedra furada, Laguna Azul, Laguna Paradiso etc. Cena. Pernottamento.<\/td>\n<\/tr>\n<tr class=\"alt\" style=\"height: 24px\">\n<td style=\"background-color: #ababab;height: 24px\"><span style=\"color: #000000\"><span style=\"color: #ff6600\">\u27a4<\/span>Giorno 5: Jericoacoara<\/span><\/td>\n<\/tr>\n<tr class=\"alt\" style=\"height: auto\">\n<td style=\"height: auto\">Giornata a disposizione per la visita libera di Jer\u00ec. Con programmi predeterminati o facoltativi. Pasti liberi.<\/td>\n<\/tr>\n<tr class=\"alt\" style=\"height: 24px\">\n<td style=\"background-color: #ababab;height: 24px\"><span style=\"color: #000000\"><span style=\"color: #ff6600\">\u27a4<\/span>Giorno 6: Fortaleza<\/span><\/td>\n<\/tr>\n<tr class=\"alt\" style=\"height: 24px\">\n<td style=\"height: 24px\">Prima colazione. Partenza in trasporto privato per Fortaleza (299 chilometri), capitale dello stato di Cear\u00e1, la citt\u00e0 vestita dal sole e baciata dall&#8217;Atlantico in tutta la sua estensione. Fortaleza \u00e8 famosa per la cordialit\u00e0 della sua gente nonch\u00e9 per le sue belle spiagge. L\u2019artigianato originale e la cucina sono altrettanto caratteristici. Tour panoramico fino all&#8217;arrivo in hotel. Tempo libero. Pernottamento<\/td>\n<\/tr>\n<tr class=\"alt\" style=\"height: 24px\">\n<td style=\"background-color: #ababab;height: 24px\"><span style=\"color: #000000\"><span style=\"color: #ff6600\">\u27a4<\/span>Giorno 7: Fortaleza &#8211; Natal &#8211; Pipa<\/span><\/td>\n<\/tr>\n<tr class=\"alt\" style=\"height: 24px\">\n<td style=\"height: 24px\">Prima colazione. In orario da confermare proseguimento del viaggio verso Natal. All&#8217;arrivo incontro con l&#8217;autista guida locale per una visita panoramica di Natal prima di proseguire viaggio verso Praia di Pipa(86 chilometri): un piccolo paradiso di spiagge da sogno\u00a0 dove rilassarsi\u00a0 al mare senza ombrelloni ingombranti. Arrivo e sistemazione in hotel. Cena libera nel piccolo centro dove una marea di piccoli ristoranti propongono piatti da tutto il mondo. Rientro in hotel. Pernottamento.<\/td>\n<\/tr>\n<\/tbody>\n<\/table>\n<table>\n<tbody>\n<tr class=\"alt\" style=\"height: 24px\">\n<td style=\"background-color: #ababab;height: 24px\"><span style=\"color: #000000\"><span style=\"color: #ff6600\">\u27a4<\/span>Giorno 8 e 9: Pipa<\/span><\/td>\n<\/tr>\n<tr class=\"alt\" style=\"height: 24px\">\n<td style=\"height: 24px\">Giornate libere per il relax: imperdibile la visita libera a Baia dos Golfinhos e Praia do Amor.\u00a0 Pasti liberi.<\/td>\n<\/tr>\n<\/tbody>\n<\/table>\n<table>\n<tbody>\n<tr class=\"alt\" style=\"height: 24px\">\n<td style=\"background-color: #ababab;height: 24px\"><span style=\"color: #000000\"><span style=\"color: #ff6600\">\u27a4<\/span>Giorno 10: Altre destinazioni<\/span><\/td>\n<\/tr>\n<tr class=\"alt\" style=\"height: 24px\">\n<td style=\"height: 24px\">Prima colazione. In orario da indicare continuazione del viaggio per il rientro in Italia o proseguimento verso altre destinazioni.<\/td>\n<\/tr>\n<\/tbody>\n<\/table>\n<p>*E` possibile visitare Jericoacoara tutto l\u2019 anno.<\/p>\n","protected":false},"excerpt":{"rendered":"<p>Brasile<br \/>\n10 giorni \/ 9 notti<\/p>\n","protected":false},"featured_media":2913,"comment_status":"closed","ping_status":"closed","template":"","meta":{"dwc-title":[""],"dwc-content":["<img class=\"size-full wp-image-2911 aligncenter\" src=\"http:\/\/www.lctouroperator.com\/it\/wp-content\/uploads\/2017\/02\/Brasil-02-2011Bv21.jpg\" alt=\"\" width=\"274\" height=\"420\" \/>"]},"product_cat":[37],"product_tag":[],"class_list":{"0":"post-1532","1":"product","2":"type-product","3":"status-publish","4":"has-post-thumbnail","6":"product_cat-brasil","8":"first","9":"instock","10":"shipping-taxable","11":"product-type-simple"},"_links":{"self":[{"href":"https:\/\/www.lctouroperator.com\/it\/wp-json\/wp\/v2\/product\/1532"}],"collection":[{"href":"https:\/\/www.lctouroperator.com\/it\/wp-json\/wp\/v2\/product"}],"about":[{"href":"https:\/\/www.lctouroperator.com\/it\/wp-json\/wp\/v2\/types\/product"}],"replies":[{"embeddable":true,"href":"https:\/\/www.lctouroperator.com\/it\/wp-json\/wp\/v2\/comments?post=1532"}],"wp:featuredmedia":[{"embeddable":true,"href":"https:\/\/www.lctouroperator.com\/it\/wp-json\/wp\/v2\/media\/2913"}],"wp:attachment":[{"href":"https:\/\/www.lctouroperator.com\/it\/wp-json\/wp\/v2\/media?parent=1532"}],"wp:term":[{"taxonomy":"product_cat","embeddable":true,"href":"https:\/\/www.lctouroperator.com\/it\/wp-json\/wp\/v2\/product_cat?post=1532"},{"taxonomy":"product_tag","embeddable":true,"href":"https:\/\/www.lctouroperator.com\/it\/wp-json\/wp\/v2\/product_tag?post=1532"}],"curies":[{"name":"wp","href":"https:\/\/api.w.org\/{rel}","templated":true}]}}